{"id":101201,"date":"2026-03-20T11:50:12","date_gmt":"2026-03-20T11:50:12","guid":{"rendered":"https:\/\/soydeaqui.ddns.net\/pachuca\/index.php\/producto\/fp21-camara-termografica-profesional-para-bomberos-lente-termico-3-6-mm-256-x-192-lente-optico-2-megapixel-wifi-ip65-hasta-6-horas-de-funcionamiento-continuo\/"},"modified":"2026-03-20T11:50:12","modified_gmt":"2026-03-20T11:50:12","slug":"fp21-camara-termografica-profesional-para-bomberos-lente-termico-3-6-mm-256-x-192-lente-optico-2-megapixel-wifi-ip65-hasta-6-horas-de-funcionamiento-continuo","status":"publish","type":"product","link":"https:\/\/soydeaqui.ddns.net\/pachuca\/index.php\/producto\/fp21-camara-termografica-profesional-para-bomberos-lente-termico-3-6-mm-256-x-192-lente-optico-2-megapixel-wifi-ip65-hasta-6-horas-de-funcionamiento-continuo\/","title":{"rendered":"FP21 &#8211; C\u00e1mara Termogr\u00e1fica Profesional para Bomberos\/ Lente T\u00e9rmico 3.6 mm (256 \u00d7 192) \/ Lente Optico 2 Megapixel \/ WiFi \/ IP65 \/ Hasta 6 Horas de Funcionamiento Continuo"},"content":{"rendered":"<div style='width: 100%; max-width: 1200px; margin: 0 auto; font-family: sans-serif; line-height: 1.6; color: inherit; background-color: transparent;'> <!-- Logo HIKMICRO --> <\/p>\n<div style='text-align: center; margin: 30px 0;'> <img style='width: 45%; height: auto; border: 1px solid rgba(150&comma;150&comma;150&comma;0.3); border-radius: 8px;' src='https:\/\/ftp3.syscom.mx\/usuarios\/fotos\/HMTP2310VF\/WM30\/200759-logo-hikmicro.png' alt='Logo HIKMICRO'> <\/div>\n<p> <!-- Im\u00e1genes del producto --> <\/p>\n<div style='display: grid; grid-template-columns: repeat(auto-fit&comma; minmax(280px&comma; 1fr)); gap: 20px; margin-bottom: 30px;'> <img style='width: 100%; height: auto; border: 1px solid rgba(150&comma;150&comma;150&comma;0.3); border-radius: 8px;' src='https:\/\/ftp3.syscom.mx\/usuarios\/smendoza\/smendozaro\/Hikmicro\/FP21\/FP21%203.png' alt='FP21 Imagen 1'> <img style='width: 100%; height: auto; border: 1px solid rgba(150&comma;150&comma;150&comma;0.3); border-radius: 8px;' src='https:\/\/ftp3.syscom.mx\/usuarios\/smendoza\/smendozaro\/Hikmicro\/FP21\/FP21%204.png' alt='FP21 Imagen 2'> <img style='width: 100%; height: auto; border: 1px solid rgba(150&comma;150&comma;150&comma;0.3); border-radius: 8px;' src='https:\/\/ftp3.syscom.mx\/usuarios\/smendoza\/smendozaro\/Hikmicro\/FP21\/FP21%205.png' alt='FP21 Imagen 3'> <img style='width: 100%; height: auto; border: 1px solid rgba(150&comma;150&comma;150&comma;0.3); border-radius: 8px;' src='https:\/\/ftp3.syscom.mx\/usuarios\/smendoza\/smendozaro\/Hikmicro\/FP21\/FP21%206.png' alt='FP21 Imagen 4'> <img style='width: 100%; height: auto; border: 1px solid rgba(150&comma;150&comma;150&comma;0.3); border-radius: 8px;' src='https:\/\/ftp3.syscom.mx\/usuarios\/smendoza\/smendozaro\/Hikmicro\/FP21\/FP21%207.png' alt='FP21 Imagen 5'> <img style='width: 100%; height: auto; border: 1px solid rgba(150&comma;150&comma;150&comma;0.3); border-radius: 8px;' src='https:\/\/ftp3.syscom.mx\/usuarios\/smendoza\/smendozaro\/Hikmicro\/FP21\/FP21%208.png' alt='FP21 Imagen 6'> <\/div>\n<p> <!-- Caracter\u00edsticas principales --> <\/p>\n<div style='display: flex; flex-wrap: wrap; gap: 30px; margin-bottom: 30px;'>\n<div style='flex: 1 1 300px; min-width: 280px;'>\n<h3 style='font-size: 22px; border-bottom: 2px solid currentColor; padding-bottom: 5px; margin-top: 0; color: inherit; opacity: 0.8;'>Caracter\u00edsticas principales<\/h3>\n<ul style='padding-left: 20px; font-size: 15px; color: inherit;'>\n<li style='margin-bottom: 5px;'>Resoluci\u00f3n t\u00e9rmica: 256 x 192 (49&comma;152 p\u00edxeles)<\/li>\n<li style='margin-bottom: 5px;'>Rango de medici\u00f3n de temperatura: -20\u00b0C a 550\u00b0C<\/li>\n<li style='margin-bottom: 5px;'>Frecuencia de imagen: 25 Hz<\/li>\n<li style='margin-bottom: 5px;'>Pantalla LCD de 3.2&#8221; con resoluci\u00f3n 640 x 480<\/li>\n<li style='margin-bottom: 5px;'>Tecnolog\u00edas ODE y SuperIR para mejora de imagen<\/li>\n<li style='margin-bottom: 5px;'>Modo de sue\u00f1o autom\u00e1tico y funci\u00f3n de bloqueo de pantalla<\/li>\n<li style='margin-bottom: 5px;'>Conectividad Wi-Fi y USB Tipo-C<\/li>\n<\/ul><\/div>\n<p> <!-- Caracter\u00edsticas F\u00edsicas y El\u00e9ctricas --> <\/p>\n<div style='flex: 1 1 300px; min-width: 280px;'>\n<h3 style='font-size: 22px; border-bottom: 2px solid currentColor; padding-bottom: 5px; margin-top: 0; color: inherit; opacity: 0.8;'>Caracter\u00edsticas F\u00edsicas y El\u00e9ctricas<\/h3>\n<ul style='padding-left: 20px; font-size: 15px; color: inherit;'>\n<li style='margin-bottom: 5px;'>Bater\u00eda recargable de iones de litio con autonom\u00eda de 6 horas<\/li>\n<li style='margin-bottom: 5px;'>Protecci\u00f3n IP67 contra polvo y agua<\/li>\n<li style='margin-bottom: 5px;'>NETD: < 30 mK (@ 25 \u00b0C&comma; F#=1.0)<\/li>\n<li style='margin-bottom: 5px;'>Rango espectral: 7.5 a 14 \u03bcm<\/li>\n<li style='margin-bottom: 5px;'>Distancia focal: 3.6 mm<\/li>\n<li style='margin-bottom: 5px;'>Campo de visi\u00f3n: 37.2\u00b0 \u00d7 50.0\u00b0<\/li>\n<li style='margin-bottom: 5px;'>Distancia m\u00ednima de enfoque: 0.3 m<\/li>\n<li style='margin-bottom: 5px;'>Memoria interna: 4 GB<\/li>\n<li style='margin-bottom: 5px;'>Capacidad de almacenamiento: 8400 im\u00e1genes \/ 26.5 horas de video<\/li>\n<\/ul><\/div>\n<\/p><\/div>\n<p> <!-- \u00daltimo Banner --> <\/p>\n<div style='margin-top: 30px;'> <img style='width: 100%; height: auto; border: 1px solid rgba(150&comma;150&comma;150&comma;0.3); border-radius: 8px;' src='https:\/\/ftp3.syscom.mx\/usuarios\/emendoza\/elesbanmch\/HikMicro\/HIKMICRO.png' alt='Banner Final HIKMICRO'> <\/div>\n<\/p><\/div>\n","protected":false},"excerpt":{"rendered":"<p>FP21 &#8211; C\u00e1mara Termogr\u00e1fica Profesional para Bomberos\/ Lente T\u00e9rmico 3.6 mm (256 \u00d7 192) \/ Lente Optico 2 Megapixel \/ WiFi \/ IP65 \/ Hasta 6 Horas de Funcionamiento Continuo<\/p>\n","protected":false},"featured_media":101200,"comment_status":"open","ping_status":"closed","template":"","meta":[],"product_brand":[],"product_cat":[1049],"product_tag":[122,158,1050],"class_list":{"0":"post-101201","1":"product","2":"type-product","3":"status-publish","4":"has-post-thumbnail","6":"product_cat-termicas","7":"product_tag-camaras-ip-y-nvrs","8":"product_tag-hikmicro","9":"product_tag-termicas","11":"first","12":"instock","13":"sale","14":"shipping-taxable","15":"purchasable","16":"product-type-simple"},"_links":{"self":[{"href":"https:\/\/soydeaqui.ddns.net\/pachuca\/index.php\/wp-json\/wp\/v2\/product\/101201","targetHints":{"allow":["GET"]}}],"collection":[{"href":"https:\/\/soydeaqui.ddns.net\/pachuca\/index.php\/wp-json\/wp\/v2\/product"}],"about":[{"href":"https:\/\/soydeaqui.ddns.net\/pachuca\/index.php\/wp-json\/wp\/v2\/types\/product"}],"replies":[{"embeddable":true,"href":"https:\/\/soydeaqui.ddns.net\/pachuca\/index.php\/wp-json\/wp\/v2\/comments?post=101201"}],"wp:featuredmedia":[{"embeddable":true,"href":"https:\/\/soydeaqui.ddns.net\/pachuca\/index.php\/wp-json\/wp\/v2\/media\/101200"}],"wp:attachment":[{"href":"https:\/\/soydeaqui.ddns.net\/pachuca\/index.php\/wp-json\/wp\/v2\/media?parent=101201"}],"wp:term":[{"taxonomy":"product_brand","embeddable":true,"href":"https:\/\/soydeaqui.ddns.net\/pachuca\/index.php\/wp-json\/wp\/v2\/product_brand?post=101201"},{"taxonomy":"product_cat","embeddable":true,"href":"https:\/\/soydeaqui.ddns.net\/pachuca\/index.php\/wp-json\/wp\/v2\/product_cat?post=101201"},{"taxonomy":"product_tag","embeddable":true,"href":"https:\/\/soydeaqui.ddns.net\/pachuca\/index.php\/wp-json\/wp\/v2\/product_tag?post=101201"}],"curies":[{"name":"wp","href":"https:\/\/api.w.org\/{rel}","templated":true}]}}