{"id":101173,"date":"2026-03-20T11:48:46","date_gmt":"2026-03-20T11:48:46","guid":{"rendered":"https:\/\/soydeaqui.ddns.net\/pachuca\/index.php\/producto\/colorvu-3-0-md-3-0-bala-ip-2-megapixel-lente-2-8-mm-30-mts-ir-30-mts-luz-blanca-microfono-integrado-acusense-lite-exterior-ip67-wdr-120-db-poe-micro-sd\/"},"modified":"2026-03-20T11:48:48","modified_gmt":"2026-03-20T11:48:48","slug":"colorvu-3-0-md-3-0-bala-ip-2-megapixel-lente-2-8-mm-30-mts-ir-30-mts-luz-blanca-microfono-integrado-acusense-lite-exterior-ip67-wdr-120-db-poe-micro-sd","status":"publish","type":"product","link":"https:\/\/soydeaqui.ddns.net\/pachuca\/index.php\/producto\/colorvu-3-0-md-3-0-bala-ip-2-megapixel-lente-2-8-mm-30-mts-ir-30-mts-luz-blanca-microfono-integrado-acusense-lite-exterior-ip67-wdr-120-db-poe-micro-sd\/","title":{"rendered":"[ColorVu 3.0 + MD 3.0] Bala IP 2 Megapixel \/ Lente 2.8 mm \/ 30 mts IR + 30 mts Luz Blanca \/ Micr\u00f3fono Integrado \/ ACUSENSE Lite \/ Exterior IP67 \/ WDR 120 dB \/ PoE \/ Micro SD"},"content":{"rendered":"<div style='width: 100%; max-width: 1200px; margin: 0 auto; font-family: sans-serif; line-height: 1.6; color: inherit; background-color: transparent;'>\n<p style='margin: 0; padding: 0;'><img style='width: 100%; height: auto; border: 1px solid rgba(150&comma;150&comma;150&comma;0.3); border-radius: 8px;' src='https:\/\/ftp3.syscom.mx\/usuarios\/ftp\/single_page\/HIKVISION\/vision-nocturna-V2.jpg' alt='Visi\u00f3n nocturna'><\/p>\n<div style='display: flex; flex-wrap: wrap; gap: 30px; margin-top: 30px;'>\n<div style='flex: 1 1 300px; min-width: 280px;'>\n<h3 style='font-size: 22px; border-bottom: 2px solid currentColor; padding-bottom: 5px; margin-top: 0; color: inherit; opacity: 0.8;'>Caracter\u00edsticas Principales<\/h3>\n<ul style='padding-left: 20px; font-size: 15px; color: inherit;'>\n<li style='margin-bottom: 5px;'>Resoluci\u00f3n m\u00e1xima: <strong>2 Megapixel (1920 x 1080)<\/strong><\/li>\n<li style='margin-bottom: 5px;'>Iluminaci\u00f3n m\u00ednima: <strong>color 0.001 Lux @ (F1.0&comma; AGC ON)<\/strong><\/li>\n<li style='margin-bottom: 5px;'>Iluminaci\u00f3n m\u00ednima: <strong>0 Lux con LUZ BLANCA<\/strong><\/li>\n<li style='margin-bottom: 5px;'>Distancia focal: <strong>2.8 mm (\u00e1ngulo de visi\u00f3n) 115\u00b0<\/strong><\/li>\n<li style='margin-bottom: 5px;'>Distancia de Luz Blanca: <strong>30 mts<\/strong><\/li>\n<li style='margin-bottom: 5px;'>Funciones normales: <strong>dWDR \/ 3D DNR \/ BLC<\/strong><\/li>\n<li style='margin-bottom: 5px;'>Funciones Avanzadas: <strong>Detecci\u00f3n de Movimiento<\/strong><\/li>\n<li style='margin-bottom: 5px;'>Compresi\u00f3n: <strong>H.265+ \/ H.265 \/ H.264+ \/ H.264<\/strong><\/li>\n<li style='margin-bottom: 5px;'>Compatible con la plataforma de Hik-Connect: <a style='color: inherit; text-decoration: underline;' href='https:\/\/appstore.hikvision.com\/' target='_blank' rel='noopener'>https:\/\/appstore.hikvision.com\/<\/a><\/li>\n<\/ul><\/div>\n<div style='flex: 1 1 300px; min-width: 280px;'>\n<h3 style='font-size: 22px; border-bottom: 2px solid currentColor; padding-bottom: 5px; margin-top: 0; color: inherit; opacity: 0.8;'>Entradas y Salidas<\/h3>\n<ul style='padding-left: 20px; font-size: 15px; color: inherit;'>\n<li style='margin-bottom: 5px;'>Entradas de alarma: <strong>N\/A<\/strong><\/li>\n<li style='margin-bottom: 5px;'>Salidas de alarma: <strong>N\/A<\/strong><\/li>\n<li style='margin-bottom: 5px;'>Entradas de audio: <strong>N\/A<\/strong><\/li>\n<li style='margin-bottom: 5px;'>Salidas de audio: <strong>N\/A<\/strong><\/li>\n<li style='margin-bottom: 5px;'>Puerto de red: <strong>1 (10 \/ 100 Mbps \/ PoE 802.3af)<\/strong><\/li>\n<li style='margin-bottom: 5px;'>Almacenamiento: <strong>Micro SD 512 GB (no incluida)<\/strong><\/li>\n<\/ul><\/div>\n<div style='flex: 1 1 300px; min-width: 280px;'>\n<h3 style='font-size: 22px; border-bottom: 2px solid currentColor; padding-bottom: 5px; margin-top: 0; color: inherit; opacity: 0.8;'>Caracter\u00edsticas F\u00edsicas y El\u00e9ctricas<\/h3>\n<ul style='padding-left: 20px; font-size: 15px; color: inherit;'>\n<li style='margin-bottom: 5px;'>Alimentaci\u00f3n: <strong>12 Vcc \/ 0.45 A \/ PoE 802.3 af \/ 6.5 W<\/strong><\/li>\n<li style='margin-bottom: 5px;'>Temperatura de operaci\u00f3n: <strong>-30\u00b0C a 60\u00b0C \/ Humedad al 95% m\u00e1ximo<\/strong><\/li>\n<li style='margin-bottom: 5px;'>Uso en exterior: <strong>IP67<\/strong><\/li>\n<li style='margin-bottom: 5px;'>Dimensiones: <strong>67.9 mm \u00d7 69.8 mm \u00d7 172.9 mm<\/strong><\/li>\n<li style='margin-bottom: 5px;'>Peso: <strong>550 grs<\/strong><\/li>\n<\/ul><\/div>\n<div style='flex: 1 1 300px; min-width: 280px;'>\n<h3 style='font-size: 22px; border-bottom: 2px solid currentColor; padding-bottom: 5px; margin-top: 0; color: inherit; opacity: 0.8;'>Caracter\u00edsticas Destacadas<\/h3>\n<ul style='padding-left: 20px; font-size: 15px; color: inherit;'>\n<li style='margin-bottom: 5px;'>Micr\u00f3fono integrado para enviar video y audio por el mismo cable de red<\/li>\n<li style='margin-bottom: 5px;'>Compatible con la plataforma de Hik-Connect para conexi\u00f3n r\u00e1pida y sencilla<\/li>\n<li style='margin-bottom: 5px;'>Soporta anal\u00edtico de ACUSENSE Lite para detecci\u00f3n de humanos y veh\u00edculos<\/li>\n<li style='margin-bottom: 5px;'>Tecnolog\u00eda Dual Light: imagen B\/N con IR y luz blanca para color cuando detecta movimiento<\/li>\n<\/ul><\/div>\n<\/p><\/div>\n<hr style='border: 0; border-top: 1px solid rgba(150&comma; 150&comma; 150&comma; 0.3); margin: 30px 0;'>\n<div style='display: flex; flex-wrap: wrap; gap: 30px; margin-bottom: 30px;'>\n<div style='flex: 1 1 300px; min-width: 280px;'>\n<h3 style='font-size: 22px; border-bottom: 2px solid currentColor; padding-bottom: 5px; margin-top: 0; color: inherit; opacity: 0.8;'>Distancias DORI<\/h3>\n<p style='font-size: 15px; color: inherit;'>DORI es un est\u00e1ndar utilizado para definir la distancia a la cual se puede detectar&comma; observar&comma; reconocer e identificar personas y objetos con claridad.<\/p>\n<div style='overflow-x: auto;'>\n<table style='width: 100%; border-collapse: collapse; color: inherit;'>\n<thead>\n<tr>\n<th style='border: 1px solid rgba(150&comma;150&comma;150&comma;0.3); padding: 10px; text-align: left; background-color: rgba(255&comma;255&comma;255&comma;0.05);'>Distancia Focal<\/th>\n<th style='border: 1px solid rgba(150&comma;150&comma;150&comma;0.3); padding: 10px; text-align: left; background-color: rgba(255&comma;255&comma;255&comma;0.05);'>Detectar<\/th>\n<th style='border: 1px solid rgba(150&comma;150&comma;150&comma;0.3); padding: 10px; text-align: left; background-color: rgba(255&comma;255&comma;255&comma;0.05);'>Observar<\/th>\n<th style='border: 1px solid rgba(150&comma;150&comma;150&comma;0.3); padding: 10px; text-align: left; background-color: rgba(255&comma;255&comma;255&comma;0.05);'>Reconocer<\/th>\n<th style='border: 1px solid rgba(150&comma;150&comma;150&comma;0.3); padding: 10px; text-align: left; background-color: rgba(255&comma;255&comma;255&comma;0.05);'>Identificar<\/th>\n<\/tr>\n<\/thead>\n<tbody>\n<tr>\n<td style='border: 1px solid rgba(150&comma;150&comma;150&comma;0.3); padding: 10px;'>2.8mm<\/td>\n<td style='border: 1px solid rgba(150&comma;150&comma;150&comma;0.3); padding: 10px;'>64 m<\/td>\n<td style='border: 1px solid rgba(150&comma;150&comma;150&comma;0.3); padding: 10px;'>25 m<\/td>\n<td style='border: 1px solid rgba(150&comma;150&comma;150&comma;0.3); padding: 10px;'>12 m<\/td>\n<td style='border: 1px solid rgba(150&comma;150&comma;150&comma;0.3); padding: 10px;'>6 m<\/td>\n<\/tr>\n<\/tbody>\n<\/table><\/div>\n<\/p><\/div>\n<div style='flex: 1 1 300px; min-width: 280px;'>\n<h3 style='font-size: 22px; border-bottom: 2px solid currentColor; padding-bottom: 5px; margin-top: 0; color: inherit; opacity: 0.8;'>Accesorios Compatibles<\/h3>\n<p style='font-size: 15px; color: inherit;'>Consulte la ficha t\u00e9cnica para validar los accesorios compatibles&comma; de clic <a style='color: inherit; text-decoration: underline;' href='https:\/\/ftp3.syscom.mx\/usuarios\/ftp\/single_page\/HIKVISION\/DS-2CD1027G3-LIUF_SLRB_Datasheet_20251009.pdf' target='_blank' rel='noopener'>Aqu\u00ed<\/a><\/p>\n<\/p><\/div>\n<\/p><\/div>\n<hr style='border: 0; border-top: 1px solid rgba(150&comma; 150&comma; 150&comma; 0.3); margin: 30px 0;'>\n<div style='position: relative; padding-bottom: 56.25%; height: 0; overflow: hidden; margin-bottom: 30px;'>   <\/div>\n<div style='display: flex; flex-wrap: wrap; gap: 20px; margin-bottom: 30px;'>\n<div style='flex: 1 1 300px; min-width: 280px;'> <img style='width: 100%; height: auto; border: 1px solid rgba(150&comma;150&comma;150&comma;0.3); border-radius: 8px;' src='https:\/\/ftp3.syscom.mx\/usuarios\/ftp\/single_page\/HIKVISION\/acusense-colorvu.png' alt='ACUSENSE ColorVu'> <\/div>\n<div style='flex: 1 1 300px; min-width: 280px; display: flex; align-items: center;'>\n<p style='font-size: 15px; color: inherit; margin: 0;'>Soporta anal\u00edtico de ACUSENSE Lite distingue personas y veh\u00edculos de otros objetos en el entorno&comma; enfoc\u00e1ndose en amenazas de seguridad reales con b\u00fasquedas de video eficientes.<\/p>\n<\/p><\/div>\n<\/p><\/div>\n<div style='display: flex; flex-wrap: wrap; gap: 20px; margin-bottom: 30px;'>\n<div style='flex: 1 1 300px; min-width: 280px;'> <img style='width: 100%; height: auto; border: 1px solid rgba(150&comma;150&comma;150&comma;0.3); border-radius: 8px;' src='https:\/\/ftp3.syscom.mx\/usuarios\/ftp\/single_page\/HIKVISION\/IR-PON-1.png' alt='Luz IR Encendida'> <\/p>\n<div style='padding: 15px; border: 1px solid rgba(150&comma;150&comma;150&comma;0.3); border-top: none; border-radius: 0 0 8px 8px;'>\n<h4 style='font-size: 18px; margin-top: 0; color: inherit;'>Luz IR Encendida<\/h4>\n<p style='font-size: 15px; color: inherit; margin: 0;'>En ausencia de veh\u00edculo o persona&comma; la c\u00e1mara utiliza s\u00f3lo luz IR.<\/p>\n<\/p><\/div>\n<\/p><\/div>\n<div style='flex: 1 1 300px; min-width: 280px;'> <img style='width: 100%; height: auto; border: 1px solid rgba(150&comma;150&comma;150&comma;0.3); border-radius: 8px;' src='https:\/\/ftp3.syscom.mx\/usuarios\/ftp\/single_page\/HIKVISION\/LED-ON-1.jpg' alt='Luz LED Encendida'> <\/p>\n<div style='padding: 15px; border: 1px solid rgba(150&comma;150&comma;150&comma;0.3); border-top: none; border-radius: 0 0 8px 8px;'>\n<h4 style='font-size: 18px; margin-top: 0; color: inherit;'>Luz LED Encendida<\/h4>\n<p style='font-size: 15px; color: inherit; margin: 0;'>Cuando se detecta un veh\u00edculo o una persona&comma; la luz blanca se activa autom\u00e1ticamente encendido&comma; lo que produce im\u00e1genes en colores vivos con detalles claros.<\/p>\n<\/p><\/div>\n<\/p><\/div>\n<div style='flex: 1 1 300px; min-width: 280px;'> <img style='width: 100%; height: auto; border: 1px solid rgba(150&comma;150&comma;150&comma;0.3); border-radius: 8px;' src='https:\/\/ftp3.syscom.mx\/usuarios\/ftp\/single_page\/HIKVISION\/IR-PON-2.png' alt='Luz IR Encendida'> <\/p>\n<div style='padding: 15px; border: 1px solid rgba(150&comma;150&comma;150&comma;0.3); border-top: none; border-radius: 0 0 8px 8px;'>\n<h4 style='font-size: 18px; margin-top: 0; color: inherit;'>Luz IR Encendida<\/h4>\n<p style='font-size: 15px; color: inherit; margin: 0;'>Una vez que el veh\u00edculo o la persona sale&comma; las c\u00e1maras vuelven a la luz IR autom\u00e1ticamente.<\/p>\n<\/p><\/div>\n<\/p><\/div>\n<\/p><\/div>\n<\/p><\/div>\n","protected":false},"excerpt":{"rendered":"<p>[ColorVu 3.0 + MD 3.0] Bala IP 2 Megapixel \/ Lente 2.8 mm \/ 30 mts IR + 30 mts Luz Blanca \/ Micr\u00f3fono Integrado \/ ACUSENSE Lite \/ Exterior IP67 \/ WDR 120 dB \/ PoE \/ Micro SD<\/p>\n","protected":false},"featured_media":101172,"comment_status":"open","ping_status":"closed","template":"","meta":[],"product_brand":[],"product_cat":[438],"product_tag":[439,122,54],"class_list":{"0":"post-101173","1":"product","2":"type-product","3":"status-publish","4":"has-post-thumbnail","6":"product_cat-bala","7":"product_tag-bala","8":"product_tag-camaras-ip-y-nvrs","9":"product_tag-hikvision","11":"first","12":"outofstock","13":"sale","14":"shipping-taxable","15":"purchasable","16":"product-type-simple"},"_links":{"self":[{"href":"https:\/\/soydeaqui.ddns.net\/pachuca\/index.php\/wp-json\/wp\/v2\/product\/101173","targetHints":{"allow":["GET"]}}],"collection":[{"href":"https:\/\/soydeaqui.ddns.net\/pachuca\/index.php\/wp-json\/wp\/v2\/product"}],"about":[{"href":"https:\/\/soydeaqui.ddns.net\/pachuca\/index.php\/wp-json\/wp\/v2\/types\/product"}],"replies":[{"embeddable":true,"href":"https:\/\/soydeaqui.ddns.net\/pachuca\/index.php\/wp-json\/wp\/v2\/comments?post=101173"}],"wp:featuredmedia":[{"embeddable":true,"href":"https:\/\/soydeaqui.ddns.net\/pachuca\/index.php\/wp-json\/wp\/v2\/media\/101172"}],"wp:attachment":[{"href":"https:\/\/soydeaqui.ddns.net\/pachuca\/index.php\/wp-json\/wp\/v2\/media?parent=101173"}],"wp:term":[{"taxonomy":"product_brand","embeddable":true,"href":"https:\/\/soydeaqui.ddns.net\/pachuca\/index.php\/wp-json\/wp\/v2\/product_brand?post=101173"},{"taxonomy":"product_cat","embeddable":true,"href":"https:\/\/soydeaqui.ddns.net\/pachuca\/index.php\/wp-json\/wp\/v2\/product_cat?post=101173"},{"taxonomy":"product_tag","embeddable":true,"href":"https:\/\/soydeaqui.ddns.net\/pachuca\/index.php\/wp-json\/wp\/v2\/product_tag?post=101173"}],"curies":[{"name":"wp","href":"https:\/\/api.w.org\/{rel}","templated":true}]}}