{"id":101152,"date":"2026-03-20T11:47:49","date_gmt":"2026-03-20T11:47:49","guid":{"rendered":"https:\/\/soydeaqui.ddns.net\/pachuca\/index.php\/producto\/unifi-g6-dome-camara-4k-antivandalica-y-todo-clima-con-sensor-de-8-mp-1-1-8-motor-de-ia-multi-tops-y-vision-nocturna-infrarroja-de-largo-alcance\/"},"modified":"2026-03-20T11:48:06","modified_gmt":"2026-03-20T11:48:06","slug":"unifi-g6-dome-camara-4k-antivandalica-y-todo-clima-con-sensor-de-8-mp-1-1-8-motor-de-ia-multi-tops-y-vision-nocturna-infrarroja-de-largo-alcance","status":"publish","type":"product","link":"https:\/\/soydeaqui.ddns.net\/pachuca\/index.php\/producto\/unifi-g6-dome-camara-4k-antivandalica-y-todo-clima-con-sensor-de-8-mp-1-1-8-motor-de-ia-multi-tops-y-vision-nocturna-infrarroja-de-largo-alcance\/","title":{"rendered":"UniFi G6 Dome \u2013 C\u00e1mara 4K Antivand\u00e1lica y Todo Clima con Sensor de 8 MP (1\/1.8\u201d), Motor de IA Multi-TOPS y Visi\u00f3n Nocturna Infrarroja de Largo Alcance"},"content":{"rendered":"<div style='width: 100%; max-width: 1200px; margin: 0 auto; font-family: sans-serif; line-height: 1.6; color: inherit; background-color: transparent;'> <!-- Secci\u00f3n de contenido con flex\/grid --> <\/p>\n<div style='display: flex; flex-wrap: wrap; gap: 30px; margin-bottom: 30px;'>\n<div style='flex: 1 1 300px; min-width: 280px;'>\n<div style='position: relative; padding-bottom: 56.25%; height: 0; overflow: hidden; margin-bottom: 30px;'> <video style='position: absolute; top: 0; left: 0; width: 100%; height: 100%; border: 1px solid rgba(150&comma;150&comma;150&comma;0.3); border-radius: 8px; display: block; background: transparent;' src='https:\/\/ftp3.syscom.mx\/usuarios\/adiaz\/Ubiquiti\/Imagenes\/G6DOME\/Dome.mp4' autoplay muted loop playsinline><\/video> <\/div>\n<\/p><\/div>\n<div style='flex: 1 1 300px; min-width: 280px;'>\n<h3 style='font-size: 22px; border-bottom: 2px solid currentColor; padding-bottom: 5px; margin-top: 0; color: inherit; opacity: 0.8;'>G6 Dome<\/h3>\n<p style='margin-top: 0; color: inherit;'>C\u00e1mara PoE 4K a prueba de vandalismo y para todo clima con un sensor de imagen de 8 MP de 1\/1.8&#8217;&comma; IA Multi-TOPS y visi\u00f3n nocturna por infrarrojos de largo alcance&comma; ideal para instalaciones discretas en \u00e1reas de mucho tr\u00e1fico.<\/p>\n<ul style='padding-left: 20px; font-size: 15px; color: inherit;'>\n<li style='margin-bottom: 5px;'><strong>Modelo:<\/strong> UVC-G6-Dome-W<\/li>\n<\/ul><\/div>\n<\/p><\/div>\n<p> <!-- Secci\u00f3n de cards con especificaciones --> <\/p>\n<div style='display: flex; flex-wrap: wrap; gap: 20px; margin-bottom: 30px;'>\n<div style='flex: 1 1 250px; border: 1px solid rgba(150&comma; 150&comma; 150&comma; 0.4); border-radius: 8px; overflow: hidden; display: flex; flex-direction: column;'>\n<div style='padding: 15px; border-bottom: 1px solid rgba(150&comma; 150&comma; 150&comma; 0.2); font-weight: bold; font-size: 18px; color: inherit;'>Caracter\u00edsticas principales<\/div>\n<div style='padding: 15px; color: inherit;'>\n<ul style='padding-left: 20px; margin: 0; font-size: 14px; list-style-type: disc;'>\n<li style='margin-bottom: 5px;'>Sensor de imagen <strong>4K<\/strong> de <strong>1\/1&comma;8<\/strong>\u201d y 8 <strong>MP<\/strong><\/li>\n<li style='margin-bottom: 5px;'>Clasificaci\u00f3n <strong>IK10<\/strong> a prueba de vandalismo<\/li>\n<li style='margin-bottom: 5px;'>Instalaci\u00f3n directa de <strong>Ethernet<\/strong> para una f\u00e1cil configuraci\u00f3n<\/li>\n<li style='margin-bottom: 5px;'>Velocidad m\u00e1xima de fotogramas de <strong>30 FPS<\/strong><\/li>\n<\/ul><\/div>\n<\/p><\/div>\n<div style='flex: 1 1 250px; border: 1px solid rgba(150&comma; 150&comma; 150&comma; 0.4); border-radius: 8px; overflow: hidden; display: flex; flex-direction: column;'>\n<div style='padding: 15px; border-bottom: 1px solid rgba(150&comma; 150&comma; 150&comma; 0.2); font-weight: bold; font-size: 18px; color: inherit;'>Caracter\u00edsticas f\u00edsicas y el\u00e9ctricas<\/div>\n<div style='padding: 15px; color: inherit;'>\n<ul style='padding-left: 20px; margin: 0; font-size: 14px; list-style-type: disc;'>\n<li style='margin-bottom: 5px;'><strong>Dimensiones:<\/strong> \u00d8144.7x 96.3 mm (\u00d85.7 x 3.8&#8242;)<\/li>\n<li style='margin-bottom: 5px;'><strong>Peso:<\/strong> 820 g (1.8 lb)<\/li>\n<li style='margin-bottom: 5px;'><strong>Procesador:<\/strong> Quad-core Arm\u00ae Cortex\u00ae-A53<\/li>\n<li style='margin-bottom: 5px;'><strong>Material de la carcasa:<\/strong> Aleaci\u00f3n de aluminio<\/li>\n<li style='margin-bottom: 5px;'><strong>Alimentaci\u00f3n:<\/strong> PoE 37-57 Vcc 9.25W<\/li>\n<li style='margin-bottom: 5px;'><strong>Temperatura de operaci\u00f3n:<\/strong> -20 a 50 \u00b0C (-4 a 122 \u00b0F)<\/li>\n<li style='margin-bottom: 5px;'><strong>Humedad de operaci\u00f3n:<\/strong> 0\u201390% sin condensaci\u00f3n<\/li>\n<\/ul><\/div>\n<\/p><\/div>\n<div style='flex: 1 1 250px; border: 1px solid rgba(150&comma; 150&comma; 150&comma; 0.4); border-radius: 8px; overflow: hidden; display: flex; flex-direction: column;'>\n<div style='padding: 15px; border-bottom: 1px solid rgba(150&comma; 150&comma; 150&comma; 0.2); font-weight: bold; font-size: 18px; color: inherit;'>Rendimiento<\/div>\n<div style='padding: 15px; color: inherit;'>\n<ul style='padding-left: 20px; margin: 0; font-size: 14px; list-style-type: disc;'>\n<li style='margin-bottom: 5px;'><strong>Visi\u00f3n Nocturna IR:<\/strong> Hasta 30 m (98 ft)<\/li>\n<li style='margin-bottom: 5px;'>Reconocimiento <strong>Facial<\/strong><\/li>\n<li style='margin-bottom: 5px;'>Reconocimiento de <strong>matr\u00edculas<\/strong><\/li>\n<li style='margin-bottom: 5px;'>Detecciones inteligentes (<strong>personas<\/strong>&comma; <strong>veh\u00edculos<\/strong>&comma; <strong>animales<\/strong>)<\/li>\n<li style='margin-bottom: 5px;'><strong>Resoluci\u00f3n 4K<\/strong> (8MP 3840 x 2160 (16:9))<\/li>\n<li style='margin-bottom: 5px;'><strong>Interfaz de Red:<\/strong> (1) Puerto 10\/100 MbE RJ45<\/li>\n<\/ul><\/div>\n<\/p><\/div>\n<\/p><\/div>\n<p> <!-- Contenido del paquete --> <\/p>\n<div style='margin-top: 30px; margin-bottom: 30px; text-align: center;'>\n<h3 style='font-size: 20px; border-bottom: 2px solid currentColor; padding-bottom: 5px; margin-top: 0; margin-bottom: 20px; color: inherit; opacity: 0.8;'>Contenido del Paquete<\/h3>\n<p> <img style='width: 100%; height: auto; border: 1px solid rgba(150&comma;150&comma;150&comma;0.3); border-radius: 8px; display: block; margin: 0 auto;' src='https:\/\/ftp3.syscom.mx\/usuarios\/adiaz\/Ubiquiti\/Imagenes\/G6DOME\/contenido.png' alt='Contenido del paquete UVC-G6-Dome-W'> <\/div>\n<p> <!-- Separador --> <\/p>\n<hr style='border: 0; border-top: 1px solid rgba(150&comma; 150&comma; 150&comma; 0.3); margin: 30px 0;'> <\/div>\n","protected":false},"excerpt":{"rendered":"<p>UniFi G6 Dome \u2013 C\u00e1mara 4K Antivand\u00e1lica y Todo Clima con Sensor de 8 MP (1\/1.8\u201d), Motor de IA Multi-TOPS y Visi\u00f3n Nocturna Infrarroja de Largo Alcance<\/p>\n","protected":false},"featured_media":101151,"comment_status":"open","ping_status":"closed","template":"","meta":[],"product_brand":[],"product_cat":[2056],"product_tag":[122,2057,166],"class_list":{"0":"post-101152","1":"product","2":"type-product","3":"status-publish","4":"has-post-thumbnail","6":"product_cat-domo-eyeball-turret","7":"product_tag-camaras-ip-y-nvrs","8":"product_tag-domo-eyeball-turret","9":"product_tag-ubiquiti","11":"first","12":"instock","13":"sale","14":"shipping-taxable","15":"purchasable","16":"product-type-simple"},"_links":{"self":[{"href":"https:\/\/soydeaqui.ddns.net\/pachuca\/index.php\/wp-json\/wp\/v2\/product\/101152","targetHints":{"allow":["GET"]}}],"collection":[{"href":"https:\/\/soydeaqui.ddns.net\/pachuca\/index.php\/wp-json\/wp\/v2\/product"}],"about":[{"href":"https:\/\/soydeaqui.ddns.net\/pachuca\/index.php\/wp-json\/wp\/v2\/types\/product"}],"replies":[{"embeddable":true,"href":"https:\/\/soydeaqui.ddns.net\/pachuca\/index.php\/wp-json\/wp\/v2\/comments?post=101152"}],"wp:featuredmedia":[{"embeddable":true,"href":"https:\/\/soydeaqui.ddns.net\/pachuca\/index.php\/wp-json\/wp\/v2\/media\/101151"}],"wp:attachment":[{"href":"https:\/\/soydeaqui.ddns.net\/pachuca\/index.php\/wp-json\/wp\/v2\/media?parent=101152"}],"wp:term":[{"taxonomy":"product_brand","embeddable":true,"href":"https:\/\/soydeaqui.ddns.net\/pachuca\/index.php\/wp-json\/wp\/v2\/product_brand?post=101152"},{"taxonomy":"product_cat","embeddable":true,"href":"https:\/\/soydeaqui.ddns.net\/pachuca\/index.php\/wp-json\/wp\/v2\/product_cat?post=101152"},{"taxonomy":"product_tag","embeddable":true,"href":"https:\/\/soydeaqui.ddns.net\/pachuca\/index.php\/wp-json\/wp\/v2\/product_tag?post=101152"}],"curies":[{"name":"wp","href":"https:\/\/api.w.org\/{rel}","templated":true}]}}