{"id":101137,"date":"2026-03-20T11:47:03","date_gmt":"2026-03-20T11:47:03","guid":{"rendered":"https:\/\/soydeaqui.ddns.net\/pachuca\/index.php\/producto\/licencia-de-dji-terra-standard-dji-modify-flighship-permanente-1-dispositivo\/"},"modified":"2026-03-20T11:47:04","modified_gmt":"2026-03-20T11:47:04","slug":"licencia-de-dji-terra-standard-dji-modify-flighship-permanente-1-dispositivo","status":"publish","type":"product","link":"https:\/\/soydeaqui.ddns.net\/pachuca\/index.php\/producto\/licencia-de-dji-terra-standard-dji-modify-flighship-permanente-1-dispositivo\/","title":{"rendered":"Licencia de DJI Terra Standard + DJI Modify Flighship  Permanente \/ 1 Dispositivo"},"content":{"rendered":"<div style='width: 100%; max-width: 1200px; margin: 0 auto; font-family: sans-serif; line-height: 1.6; color: inherit; background-color: transparent;'> <!-- Secci\u00f3n de caracter\u00edsticas --> <\/p>\n<div style='display: flex; flex-wrap: wrap; gap: 30px; margin-bottom: 30px;'>\n<div style='flex: 1 1 300px; min-width: 280px;'>\n<h3 style='font-size: 22px; border-bottom: 2px solid currentColor; padding-bottom: 5px; margin-top: 0; color: inherit; opacity: 0.8;'>Caracter\u00edsticas principales:<\/h3>\n<ul style='padding-left: 20px; font-size: 15px; color: inherit;'>\n<li style='margin-bottom: 5px;'>Licencia de DJITERRA STANDARD + MODIFY FLAGSHIP Permanente para 1 Dispositivo<\/li>\n<li style='margin-bottom: 5px;'>Captura&comma; analiza y visualiza tu entorno con DJI Terra<\/li>\n<li style='margin-bottom: 5px;'>Programa de cartograf\u00eda y mapeado 3D<\/li>\n<li style='margin-bottom: 5px;'>Planificaci\u00f3n de misiones<\/li>\n<li style='margin-bottom: 5px;'>Recolecci\u00f3n de datos<\/li>\n<li style='margin-bottom: 5px;'>Online<\/li>\n<li style='margin-bottom: 5px;'>Solo Licencia de software<\/li>\n<li style='margin-bottom: 5px;'>An\u00e1lisis de datos<\/li>\n<\/ul>\n<p style='font-size: 14px; margin-top: 15px;'>Notas: Solicitar informaci\u00f3n a Ingenier\u00eda por cualquier duda o compatibilidad.<\/p>\n<p style='font-size: 14px; margin-top: 5px;'>No hay cambios ni devoluciones en Licencias.<\/p>\n<\/p><\/div>\n<\/p><\/div>\n<p> <!-- Secci\u00f3n de descripci\u00f3n de DJI Modify --> <\/p>\n<div style='margin-bottom: 30px;'>\n<p style='text-align: center; font-weight: bold; font-size: 16px; color: inherit;'> DJI Modify es el primer software inteligente de edici\u00f3n de modelos 3D de DJI. Cuenta con una interfaz intuitiva y optimizada que facilita la edici\u00f3n de modelos de forma eficiente. Permite suavizar r\u00e1pidamente las nubes de puntos&comma; reducir el ruido y realizar un muestreo y una clasificaci\u00f3n con ajuste de categor\u00edas de nube de puntos con un solo clic y generaci\u00f3n autom\u00e1tica de resultados del terreno. <\/p>\n<\/p><\/div>\n<p> <!-- Secci\u00f3n de im\u00e1genes --> <\/p>\n<div style='display: flex; flex-wrap: wrap; gap: 20px; margin-bottom: 30px;'>\n<div style='flex: 1 1 100%; min-width: 300px;'> <img style='width: 100%; height: auto; border: 1px solid rgba(150&comma;150&comma;150&comma;0.3); border-radius: 8px;' src='https:\/\/ftp3.syscom.mx\/usuarios\/ivan.reyes\/DJI\/Software\/DJITERRA\/chrome_NuHq7pG018.png' alt='DJITERRA'> <\/div>\n<div style='flex: 1 1 100%; min-width: 300px;'> <img style='width: 100%; height: auto; border: 1px solid rgba(150&comma;150&comma;150&comma;0.3); border-radius: 8px;' src='https:\/\/ftp3.syscom.mx\/usuarios\/ialdama\/DJI\/modify-1.png' alt=''> <\/div>\n<div style='flex: 1 1 100%; min-width: 300px;'> <img style='width: 100%; height: auto; border: 1px solid rgba(150&comma;150&comma;150&comma;0.3); border-radius: 8px;' src='https:\/\/ftp3.syscom.mx\/usuarios\/ialdama\/DJI\/MODIFY-2.png' alt=''> <\/div>\n<div style='flex: 1 1 100%; min-width: 300px;'> <img style='width: 100%; height: auto; border: 1px solid rgba(150&comma;150&comma;150&comma;0.3); border-radius: 8px;' src='https:\/\/ftp3.syscom.mx\/usuarios\/ialdama\/DJI\/MODIFY-3.png' alt=''> <\/div>\n<\/p><\/div>\n<p> <!-- Separador --> <\/p>\n<hr style='border: 0; border-top: 1px solid rgba(150&comma; 150&comma; 150&comma; 0.3); margin: 30px 0;'> <\/div>\n","protected":false},"excerpt":{"rendered":"<p>Licencia de DJI Terra Standard + DJI Modify Flighship  Permanente \/ 1 Dispositivo<\/p>\n","protected":false},"featured_media":101136,"comment_status":"open","ping_status":"closed","template":"","meta":[],"product_brand":[],"product_cat":[2223,2225],"product_tag":[2228,2226,2227],"class_list":{"0":"post-101137","1":"product","2":"type-product","3":"status-publish","4":"has-post-thumbnail","6":"product_cat-drones","7":"product_cat-drones-robots-e-industrial","8":"product_tag-dji","9":"product_tag-drones","10":"product_tag-robots-e-industrial","12":"first","13":"outofstock","14":"sale","15":"shipping-taxable","16":"purchasable","17":"product-type-simple"},"_links":{"self":[{"href":"https:\/\/soydeaqui.ddns.net\/pachuca\/index.php\/wp-json\/wp\/v2\/product\/101137","targetHints":{"allow":["GET"]}}],"collection":[{"href":"https:\/\/soydeaqui.ddns.net\/pachuca\/index.php\/wp-json\/wp\/v2\/product"}],"about":[{"href":"https:\/\/soydeaqui.ddns.net\/pachuca\/index.php\/wp-json\/wp\/v2\/types\/product"}],"replies":[{"embeddable":true,"href":"https:\/\/soydeaqui.ddns.net\/pachuca\/index.php\/wp-json\/wp\/v2\/comments?post=101137"}],"wp:featuredmedia":[{"embeddable":true,"href":"https:\/\/soydeaqui.ddns.net\/pachuca\/index.php\/wp-json\/wp\/v2\/media\/101136"}],"wp:attachment":[{"href":"https:\/\/soydeaqui.ddns.net\/pachuca\/index.php\/wp-json\/wp\/v2\/media?parent=101137"}],"wp:term":[{"taxonomy":"product_brand","embeddable":true,"href":"https:\/\/soydeaqui.ddns.net\/pachuca\/index.php\/wp-json\/wp\/v2\/product_brand?post=101137"},{"taxonomy":"product_cat","embeddable":true,"href":"https:\/\/soydeaqui.ddns.net\/pachuca\/index.php\/wp-json\/wp\/v2\/product_cat?post=101137"},{"taxonomy":"product_tag","embeddable":true,"href":"https:\/\/soydeaqui.ddns.net\/pachuca\/index.php\/wp-json\/wp\/v2\/product_tag?post=101137"}],"curies":[{"name":"wp","href":"https:\/\/api.w.org\/{rel}","templated":true}]}}