{"id":101114,"date":"2026-03-20T11:45:54","date_gmt":"2026-03-20T11:45:54","guid":{"rendered":"https:\/\/soydeaqui.ddns.net\/pachuca\/index.php\/producto\/nas-synology-diskstation-ds725-2-bahias-expandible-hasta-7-unidades-2-ranuras-m-2-nvme-puerto-2-5gbe-rendimiento-276-mb-s-lectura-y-224-mb-s-escritura-compatible-con-unidad-de-expansion-d\/"},"modified":"2026-03-20T11:46:08","modified_gmt":"2026-03-20T11:46:08","slug":"nas-synology-diskstation-ds725-2-bahias-expandible-hasta-7-unidades-2-ranuras-m-2-nvme-puerto-2-5gbe-rendimiento-276-mb-s-lectura-y-224-mb-s-escritura-compatible-con-unidad-de-expansion-d","status":"publish","type":"product","link":"https:\/\/soydeaqui.ddns.net\/pachuca\/index.php\/producto\/nas-synology-diskstation-ds725-2-bahias-expandible-hasta-7-unidades-2-ranuras-m-2-nvme-puerto-2-5gbe-rendimiento-276-mb-s-lectura-y-224-mb-s-escritura-compatible-con-unidad-de-expansion-d\/","title":{"rendered":"NAS Synology DiskStation DS725+ | 2 Bah\u00edas | Expandible hasta 7 Unidades | 2 Ranuras M.2 NVMe | Puerto 2.5GbE | Rendimiento 276 MB\/s Lectura y 224 MB\/s Escritura | Compatible con Unidad de Expansi\u00f3n DX525."},"content":{"rendered":"<div style='width: 100%; max-width: 1200px; margin: 0 auto; font-family: sans-serif; line-height: 1.6; color: inherit; background-color: transparent;'> <!-- Secci\u00f3n de videos --> <\/p>\n<div style='display: flex; flex-wrap: wrap; gap: 30px; margin-bottom: 30px;'>\n<div style='flex: 1 1 300px; min-width: 280px;'>\n<div style='position: relative; padding-bottom: 56.25%; height: 0; overflow: hidden; margin-bottom: 30px;'>   <\/div>\n<p style='margin-top: 15px; font-weight: bold; font-size: 15px; color: inherit;'> Consulte la lista de compatibilidad en: <a href='https:\/\/www.synology.com\/es-mx\/compatibility' target='_blank' style='color: inherit; text-decoration: underline;'> https:\/\/www.synology.com\/es-mx\/compatibility <\/a> <\/p>\n<\/p><\/div>\n<div style='flex: 1 1 300px; min-width: 280px;'>\n<div style='position: relative; padding-bottom: 56.25%; height: 0; overflow: hidden; margin-bottom: 30px;'>   <\/div>\n<p style='margin-top: 15px; font-weight: bold; font-size: 15px; color: inherit;'> Consulte la lista de compatibilidad en: <a href='https:\/\/www.synology.com\/es-mx\/compatibility' target='_blank' style='color: inherit; text-decoration: underline;'> https:\/\/www.synology.com\/es-mx\/compatibility <\/a> <\/p>\n<\/p><\/div>\n<div style='flex: 1 1 300px; min-width: 280px;'>\n<div style='position: relative; padding-bottom: 56.25%; height: 0; overflow: hidden; margin-bottom: 30px;'>   <\/div>\n<p style='margin-top: 15px; font-weight: bold; font-size: 15px; color: inherit;'> Consulte la calculadora de RAID en: <a href='https:\/\/www.synology.com\/es-mx\/support\/RAID_calculator' target='_blank' style='color: inherit; text-decoration: underline;'> https:\/\/www.synology.com\/es-mx\/support\/RAID_calculator <\/a> <\/p>\n<\/p><\/div>\n<\/p><\/div>\n<p> <!-- Separador --> <\/p>\n<hr style='border: 0; border-top: 1px solid rgba(150&comma; 150&comma; 150&comma; 0.3); margin: 30px 0;'> <!-- Secci\u00f3n de descripci\u00f3n --> <\/p>\n<div style='margin-bottom: 30px;'>\n<h3 style='font-size: 22px; border-bottom: 2px solid currentColor; padding-bottom: 5px; margin-top: 0; color: inherit; opacity: 0.8;'> Descripci\u00f3n <\/h3>\n<p style='font-size: 15px; color: inherit;'> El Synology DiskStation DS725+ es una soluci\u00f3n NAS de 2 bah\u00edas dise\u00f1ada para adaptarse a las crecientes demandas de almacenamiento&#8230; <\/p>\n<\/p><\/div>\n<p> <!-- Secci\u00f3n de caracter\u00edsticas --> <\/p>\n<div style='margin-bottom: 30px;'>\n<h3 style='font-size: 22px; border-bottom: 2px solid currentColor; padding-bottom: 5px; margin-top: 0; color: inherit; opacity: 0.8;'> Caracter\u00edsticas Principales <\/h3>\n<ul style='padding-left: 20px; font-size: 15px; color: inherit; list-style-type: disc;'>\n<li style='margin-bottom: 5px;'>Rendimiento de hasta 276 MB\/s de lectura&#8230;<\/li>\n<li style='margin-bottom: 5px;'>Puerto 2.5GbE incorporado<\/li>\n<li style='margin-bottom: 5px;'>Ampliable a 7 unidades con DX525<\/li>\n<li style='margin-bottom: 5px;'>Dos ranuras M.2 NVMe para cach\u00e9<\/li>\n<\/ul><\/div>\n<p> <!-- Secci\u00f3n de especificaciones --> <\/p>\n<div style='display: flex; flex-wrap: wrap; gap: 30px; margin-bottom: 30px;'>\n<div style='flex: 1 1 300px; min-width: 280px;'>\n<h3 style='font-size: 20px; border-bottom: 2px solid currentColor; padding-bottom: 5px; margin-top: 0; color: inherit; opacity: 0.8;'> Especificaciones <\/h3>\n<ul style='padding-left: 20px; font-size: 15px; color: inherit; list-style-type: disc;'>\n<li style='margin-bottom: 5px;'><strong>CPU:<\/strong> AMD Ryzen R1600<\/li>\n<li style='margin-bottom: 5px;'><strong>Memoria:<\/strong> 4 GB DDR4 ECC<\/li>\n<li style='margin-bottom: 5px;'><strong>Bah\u00edas:<\/strong> 2 (hasta 7 con DX525)<\/li>\n<li style='margin-bottom: 5px;'><strong>Soporte:<\/strong> HDD\/SSD\/M.2 NVMe<\/li>\n<\/ul><\/div>\n<div style='flex: 1 1 300px; min-width: 280px;'>\n<h3 style='font-size: 20px; border-bottom: 2px solid currentColor; padding-bottom: 5px; margin-top: 0; color: inherit; opacity: 0.8;'> Interfaces y Conectividad <\/h3>\n<ul style='padding-left: 20px; font-size: 15px; color: inherit; list-style-type: disc;'>\n<li style='margin-bottom: 5px;'><strong>1\u00d7 LAN:<\/strong> 2.5GbE<\/li>\n<li style='margin-bottom: 5px;'><strong>1\u00d7 LAN:<\/strong> 1GbE<\/li>\n<li style='margin-bottom: 5px;'><strong>1\u00d7 USB:<\/strong> 3.2<\/li>\n<li style='margin-bottom: 5px;'><strong>Ranura:<\/strong> Kensington<\/li>\n<\/ul><\/div>\n<\/p><\/div>\n<p> <!-- Secci\u00f3n de casos de uso --> <\/p>\n<div style='display: flex; flex-wrap: wrap; gap: 30px; margin-bottom: 30px;'>\n<div style='flex: 1 1 300px; min-width: 280px;'>\n<h3 style='font-size: 20px; border-bottom: 2px solid currentColor; padding-bottom: 5px; margin-top: 0; color: inherit; opacity: 0.8;'> Almacenamiento en Red <\/h3>\n<p style='font-size: 15px; color: inherit; margin-top: 10px;'> Ideal para compartir archivos y sincronizaci\u00f3n. <\/p>\n<\/p><\/div>\n<div style='flex: 1 1 300px; min-width: 280px;'>\n<h3 style='font-size: 20px; border-bottom: 2px solid currentColor; padding-bottom: 5px; margin-top: 0; color: inherit; opacity: 0.8;'> Vigilancia de Video <\/h3>\n<p style='font-size: 15px; color: inherit; margin-top: 10px;'> Compatible con m\u00e1s de 8&comma;700 c\u00e1maras. <\/p>\n<\/p><\/div>\n<div style='flex: 1 1 300px; min-width: 280px;'>\n<h3 style='font-size: 20px; border-bottom: 2px solid currentColor; padding-bottom: 5px; margin-top: 0; color: inherit; opacity: 0.8;'> Colaboraci\u00f3n <\/h3>\n<p style='font-size: 15px; color: inherit; margin-top: 10px;'> Soluciones integradas para documentos y comunicaci\u00f3n. <\/p>\n<\/p><\/div>\n<\/p><\/div>\n<p> <!-- Secci\u00f3n de enlaces importantes --> <\/p>\n<div style='margin-bottom: 30px;'>\n<h3 style='font-size: 22px; border-bottom: 2px solid currentColor; padding-bottom: 5px; margin-top: 0; color: inherit; opacity: 0.8;'> Recursos Adicionales <\/h3>\n<ul style='padding-left: 20px; font-size: 15px; color: inherit; list-style-type: disc;'>\n<li style='margin-bottom: 5px;'><a href='https:\/\/www.synology.com\/es-mx\/compatibility' target='_blank' style='color: inherit; text-decoration: underline;'> Compatibilidad de Discos Duros <\/a><\/li>\n<li style='margin-bottom: 5px;'><a href='https:\/\/www.synology.com\/es-mx\/compatibility' target='_blank' style='color: inherit; text-decoration: underline;'> Accesorios Compatibles <\/a><\/li>\n<li style='margin-bottom: 5px;'><a href='https:\/\/www.synology.com\/es-mx\/support\/RAID_calculator' target='_blank' style='color: inherit; text-decoration: underline;'> Calculadora de Arreglo RAID <\/a><\/li>\n<\/ul><\/div>\n<\/p><\/div>\n","protected":false},"excerpt":{"rendered":"<p>NAS Synology DiskStation DS725+ | 2 Bah\u00edas | Expandible hasta 7 Unidades | 2 Ranuras M.2 NVMe | Puerto 2.5GbE | Rendimiento 276 MB\/s Lectura y 224 MB\/s Escritura | Compatible con Unidad de Expansi\u00f3n DX525.<\/p>\n","protected":false},"featured_media":101113,"comment_status":"open","ping_status":"closed","template":"","meta":[],"product_brand":[],"product_cat":[2103],"product_tag":[2022,2065,1976],"class_list":{"0":"post-101114","1":"product","2":"type-product","3":"status-publish","4":"has-post-thumbnail","6":"product_cat-discos-duros-mecanicos-hdd-servidores-almacenamiento","7":"product_tag-discos-duros-mecanicos-hdd","8":"product_tag-servidores-almacenamiento","9":"product_tag-synology","11":"first","12":"outofstock","13":"sale","14":"shipping-taxable","15":"purchasable","16":"product-type-simple"},"_links":{"self":[{"href":"https:\/\/soydeaqui.ddns.net\/pachuca\/index.php\/wp-json\/wp\/v2\/product\/101114","targetHints":{"allow":["GET"]}}],"collection":[{"href":"https:\/\/soydeaqui.ddns.net\/pachuca\/index.php\/wp-json\/wp\/v2\/product"}],"about":[{"href":"https:\/\/soydeaqui.ddns.net\/pachuca\/index.php\/wp-json\/wp\/v2\/types\/product"}],"replies":[{"embeddable":true,"href":"https:\/\/soydeaqui.ddns.net\/pachuca\/index.php\/wp-json\/wp\/v2\/comments?post=101114"}],"wp:featuredmedia":[{"embeddable":true,"href":"https:\/\/soydeaqui.ddns.net\/pachuca\/index.php\/wp-json\/wp\/v2\/media\/101113"}],"wp:attachment":[{"href":"https:\/\/soydeaqui.ddns.net\/pachuca\/index.php\/wp-json\/wp\/v2\/media?parent=101114"}],"wp:term":[{"taxonomy":"product_brand","embeddable":true,"href":"https:\/\/soydeaqui.ddns.net\/pachuca\/index.php\/wp-json\/wp\/v2\/product_brand?post=101114"},{"taxonomy":"product_cat","embeddable":true,"href":"https:\/\/soydeaqui.ddns.net\/pachuca\/index.php\/wp-json\/wp\/v2\/product_cat?post=101114"},{"taxonomy":"product_tag","embeddable":true,"href":"https:\/\/soydeaqui.ddns.net\/pachuca\/index.php\/wp-json\/wp\/v2\/product_tag?post=101114"}],"curies":[{"name":"wp","href":"https:\/\/api.w.org\/{rel}","templated":true}]}}