{"id":101103,"date":"2026-03-20T11:45:23","date_gmt":"2026-03-20T11:45:23","guid":{"rendered":"https:\/\/soydeaqui.ddns.net\/pachuca\/index.php\/producto\/modulo-inalambrico-movil-ae-mp1460-series-4g-y-wi-fi-integrado-compatible-con-grabadores-de-video-moviles-soporta-wi-fi-2-4g-y-5-8g-marcacion-4g-bajo-consumo-energetico\/"},"modified":"2026-03-20T11:45:25","modified_gmt":"2026-03-20T11:45:25","slug":"modulo-inalambrico-movil-ae-mp1460-series-4g-y-wi-fi-integrado-compatible-con-grabadores-de-video-moviles-soporta-wi-fi-2-4g-y-5-8g-marcacion-4g-bajo-consumo-energetico","status":"publish","type":"product","link":"https:\/\/soydeaqui.ddns.net\/pachuca\/index.php\/producto\/modulo-inalambrico-movil-ae-mp1460-series-4g-y-wi-fi-integrado-compatible-con-grabadores-de-video-moviles-soporta-wi-fi-2-4g-y-5-8g-marcacion-4g-bajo-consumo-energetico\/","title":{"rendered":"M\u00f3dulo Inal\u00e1mbrico M\u00f3vil AE-MP1460 Series \/ 4G y Wi-Fi Integrado \/ Compatible con Grabadores de Video M\u00f3viles \/ Soporta Wi-Fi 2.4G y 5.8G \/ Marcaci\u00f3n 4G \/ Bajo Consumo Energ\u00e9tico"},"content":{"rendered":"<div style='width: 100%; max-width: 1200px; margin: 0 auto; font-family: sans-serif; line-height: 1.6; color: inherit; background-color: transparent;'>\n<p style='text-align: center; margin: 0; padding: 20px 0;'><img style='width: 45%; height: auto; border: 1px solid rgba(150&comma;150&comma;150&comma;0.3); border-radius: 8px;' src='http:\/\/ftp3.syscom.mx\/usuarios\/jdelafuente\/HIKVISION\/hikvision%20logo%20complete.png' alt='Logo Hikvision' \/><\/p>\n<div style='display: flex; flex-wrap: wrap; gap: 30px; margin: 30px 0;'>\n<div style='flex: 1 1 300px; min-width: 280px;'>\n<h3 style='font-size: 22px; border-bottom: 2px solid currentColor; padding-bottom: 5px; margin-top: 0; color: inherit; opacity: 0.8;'>Caracter\u00edsticas principales<\/h3>\n<ul style='padding-left: 20px; font-size: 15px; color: inherit;'>\n<li style='margin-bottom: 5px;'>Modulo inal\u00e1mbrico WiFi (5G) y modulo 4G.<\/li>\n<li style='margin-bottom: 5px;'>Compatible con serie AE-MN5043 \/ AE-MD5043(1T\/SSD).<\/li>\n<li style='margin-bottom: 5px;'>Rango de frecuencia: 2400\uff5e2483MHz&comma; 5150-5850MHz<\/li>\n<li style='margin-bottom: 5px;'>Bandas FDD LTE: B1\/B3\/B5\/B7\/B8\/B20\/B28&comma; TDD LTE: B38\/B40\/B41&comma; WCDMA: B1\/B5\/B8.<\/li>\n<\/ul><\/div>\n<div style='flex: 1 1 300px; min-width: 280px;'>\n<h3 style='font-size: 22px; border-bottom: 2px solid currentColor; padding-bottom: 5px; margin-top: 0; color: inherit; opacity: 0.8;'>Caracter\u00edsticas F\u00edsicas y El\u00e9ctricas<\/h3>\n<ul style='padding-left: 20px; font-size: 15px; color: inherit;'>\n<li style='margin-bottom: 5px;'>Alimentaci\u00f3n: 5 Vcc \/ 5 Watts<\/li>\n<li style='margin-bottom: 5px;'>Temperatura de operaci\u00f3n: -10\u00b0C a 60\u00b0C<\/li>\n<li style='margin-bottom: 5px;'>Dimensiones: 45 x 96.5 x 25.5 mm<\/li>\n<li style='margin-bottom: 5px;'>Peso: 64 gramos<\/li>\n<li style='margin-bottom: 5px;'>Garant\u00eda: 5 a\u00f1os.<\/li>\n<\/ul><\/div>\n<\/p><\/div>\n<hr style='border: 0; border-top: 1px solid rgba(150&comma; 150&comma; 150&comma; 0.3); margin: 30px 0;'>\n<div style='width: 100%; margin: 30px 0;'> <img style='width: 100%; height: auto; border: 1px solid rgba(150&comma;150&comma;150&comma;0.3); border-radius: 8px;' src='http:\/\/ftp3.syscom.mx\/usuarios\/jdelafuente\/HIKVISION\/hikvision-solution%20banner.jpg' alt='Banner Hikvision' \/> <\/div>\n<\/p><\/div>\n","protected":false},"excerpt":{"rendered":"<p>M\u00f3dulo Inal\u00e1mbrico M\u00f3vil AE-MP1460 Series \/ 4G y Wi-Fi Integrado \/ Compatible con Grabadores de Video M\u00f3viles \/ Soporta Wi-Fi 2.4G y 5.8G \/ Marcaci\u00f3n 4G \/ Bajo Consumo Energ\u00e9tico<\/p>\n","protected":false},"featured_media":101102,"comment_status":"open","ping_status":"closed","template":"","meta":[],"product_brand":[],"product_cat":[1408,1406],"product_tag":[93,1409,54,1345],"class_list":{"0":"post-101103","1":"product","2":"type-product","3":"status-publish","4":"has-post-thumbnail","6":"product_cat-accesorios-dash-cams-y-body-cams","7":"product_cat-videograbadoras-moviles-videovigilancia","8":"product_tag-accesorios","9":"product_tag-dash-cams-y-body-cams","10":"product_tag-hikvision","11":"product_tag-videograbadoras-moviles","13":"first","14":"instock","15":"sale","16":"shipping-taxable","17":"purchasable","18":"product-type-simple"},"_links":{"self":[{"href":"https:\/\/soydeaqui.ddns.net\/pachuca\/index.php\/wp-json\/wp\/v2\/product\/101103","targetHints":{"allow":["GET"]}}],"collection":[{"href":"https:\/\/soydeaqui.ddns.net\/pachuca\/index.php\/wp-json\/wp\/v2\/product"}],"about":[{"href":"https:\/\/soydeaqui.ddns.net\/pachuca\/index.php\/wp-json\/wp\/v2\/types\/product"}],"replies":[{"embeddable":true,"href":"https:\/\/soydeaqui.ddns.net\/pachuca\/index.php\/wp-json\/wp\/v2\/comments?post=101103"}],"wp:featuredmedia":[{"embeddable":true,"href":"https:\/\/soydeaqui.ddns.net\/pachuca\/index.php\/wp-json\/wp\/v2\/media\/101102"}],"wp:attachment":[{"href":"https:\/\/soydeaqui.ddns.net\/pachuca\/index.php\/wp-json\/wp\/v2\/media?parent=101103"}],"wp:term":[{"taxonomy":"product_brand","embeddable":true,"href":"https:\/\/soydeaqui.ddns.net\/pachuca\/index.php\/wp-json\/wp\/v2\/product_brand?post=101103"},{"taxonomy":"product_cat","embeddable":true,"href":"https:\/\/soydeaqui.ddns.net\/pachuca\/index.php\/wp-json\/wp\/v2\/product_cat?post=101103"},{"taxonomy":"product_tag","embeddable":true,"href":"https:\/\/soydeaqui.ddns.net\/pachuca\/index.php\/wp-json\/wp\/v2\/product_tag?post=101103"}],"curies":[{"name":"wp","href":"https:\/\/api.w.org\/{rel}","templated":true}]}}