{"id":101097,"date":"2026-03-20T11:45:08","date_gmt":"2026-03-20T11:45:08","guid":{"rendered":"https:\/\/soydeaqui.ddns.net\/pachuca\/index.php\/producto\/bateria-de-litio-hierro-fosfato-lifepo4-de-5-12-kwh-51-2-vcc-100ah-3\/"},"modified":"2026-03-20T11:45:10","modified_gmt":"2026-03-20T11:45:10","slug":"bateria-de-litio-hierro-fosfato-lifepo4-de-5-12-kwh-51-2-vcc-100ah-3","status":"publish","type":"product","link":"https:\/\/soydeaqui.ddns.net\/pachuca\/index.php\/producto\/bateria-de-litio-hierro-fosfato-lifepo4-de-5-12-kwh-51-2-vcc-100ah-3\/","title":{"rendered":"Bater\u00eda de Litio Hierro Fosfato  (LiFePO4)  de 5.12 Kwh, 51.2 Vcc, 100Ah"},"content":{"rendered":"<div style='width: 100%; max-width: 1200px; margin: 0 auto; font-family: sans-serif; line-height: 1.6; color: inherit; background-color: transparent;'> <!-- Contenido multimedia --> <\/p>\n<div style='display: flex; flex-wrap: wrap; gap: 30px; margin-bottom: 30px;'>\n<div style='flex: 1 1 300px; min-width: 280px;'>\n<div style='position: relative; padding-bottom: 56.25%; height: 0; overflow: hidden; margin-bottom: 30px;'>   <\/div>\n<p> <img style='width: 100%; height: auto; border: 1px solid rgba(150&comma;150&comma;150&comma;0.3); border-radius: 8px;' src='https:\/\/www.pytesgroup.com\/profile\/upload\/2022\/07\/01\/3f590a5f-4ed4-4ea7-9744-bf79a24a36ca.png' alt=''> <img style='width: 100%; height: auto; border: 1px solid rgba(150&comma;150&comma;150&comma;0.3); border-radius: 8px; margin-top: 15px;' src='https:\/\/www.pytesgroup.com\/profile\/upload\/2022\/06\/09\/13d50ad1-59a7-4261-8eff-3e3a14bd894e.png' alt=''> <\/p>\n<p style='margin-top: 15px; font-size: 16px; color: #e99416;'>1 Especificaciones<\/p>\n<\/p><\/div>\n<\/p><\/div>\n<p> <!-- Especificaciones t\u00e9cnicas --> <\/p>\n<div style='display: flex; flex-wrap: wrap; gap: 20px; margin-bottom: 30px;'>\n<div style='flex: 1 1 250px; border: 1px solid rgba(150&comma; 150&comma; 150&comma; 0.4); border-radius: 8px; overflow: hidden; display: flex; flex-direction: column;'>\n<div style='padding: 15px; border-bottom: 1px solid rgba(150&comma; 150&comma; 150&comma; 0.2); font-weight: bold; font-size: 18px; color: inherit;'>Especificaciones del paquete de bater\u00eda<\/div>\n<div style='padding: 15px; color: inherit;'>\n<ul style='padding-left: 20px; margin: 0; font-size: 14px; list-style-type: disc;'>\n<li style='margin-bottom: 5px;'><strong>Modelo de Bater\u00eda:<\/strong> E-BOX-48100R<\/li>\n<li style='margin-bottom: 5px;'><strong>Qu\u00edmica:<\/strong> LFP<\/li>\n<li style='margin-bottom: 5px;'><strong>Voltaje Nominal:<\/strong> 51&comma;2V<\/li>\n<li style='margin-bottom: 5px;'><strong>Rango de Voltaje:<\/strong> 47&comma;5V-57&comma;6V<\/li>\n<li style='margin-bottom: 5px;'><strong>Capacidad Nominal:<\/strong> 100Ah<\/li>\n<li style='margin-bottom: 5px;'><strong>Energ\u00eda Nominal:<\/strong> 5&comma;12kWh<\/li>\n<li style='margin-bottom: 5px;'><strong>Dimensi\u00f3n de la unidad:<\/strong> L440mm*W620mm*H117mm(2.6U)<\/li>\n<li style='margin-bottom: 5px;'><strong>Peso unitario:<\/strong> 51kg<\/li>\n<li style='margin-bottom: 5px;'><strong>Corriente de Carga \/ Descarga Est\u00e1ndar:<\/strong> 50A<\/li>\n<li style='margin-bottom: 5px;'><strong>M\u00e1x. corriente de carga\/descarga:<\/strong> 100A<\/li>\n<li style='margin-bottom: 5px;'><strong>Pico de carga\/descarga:<\/strong> 102A@15s<\/li>\n<li style='margin-bottom: 5px;'><strong>Eficiencia de Ida y Vuelta:<\/strong> \u226595%<\/li>\n<li style='margin-bottom: 5px;'><strong>Protocolos de Comunicaci\u00f3n:<\/strong> RS232&comma; RS485&comma; CAN<\/li>\n<li style='margin-bottom: 5px;'><strong>Ciclo Vital:<\/strong> \u22656000ciclos@0&comma;5C\/0&comma;5C&comma; 25\u00b0C<\/li>\n<li style='margin-bottom: 5px;'><strong>Vida \u00fatil del Calendario:<\/strong> \u226510 a\u00f1os<\/li>\n<li style='margin-bottom: 5px;'><strong>Temperatura de funcionamiento:<\/strong> Carga: 0\u00b0C~45\u00b0C&comma; Descarga: -10\u00b0C~50\u00b0C<\/li>\n<li style='margin-bottom: 5px;'><strong>Certificados:<\/strong> UL1973&comma; CEI62619 \/ ONU38.3\/UL9540A\/UL9540<\/li>\n<\/ul><\/div>\n<\/p><\/div>\n<\/p><\/div>\n<p> <!-- Entorno operativo --> <\/p>\n<div style='display: flex; flex-wrap: wrap; gap: 30px; margin-bottom: 30px;'>\n<div style='flex: 1 1 300px; min-width: 280px;'>\n<h3 style='font-size: 22px; border-bottom: 2px solid currentColor; padding-bottom: 5px; margin-top: 0; color: inherit; opacity: 0.8;'>Entorno Operativo<\/h3>\n<ul style='padding-left: 20px; font-size: 15px; color: inherit;'>\n<li style='margin-bottom: 5px;'><strong>Temperatura de funcionamiento:<\/strong> -10\u00b0C~50\u00b0C<\/li>\n<li style='margin-bottom: 5px;'><strong>Humedad relativa:<\/strong> 20%-80%&comma; sin condensaci\u00f3n<\/li>\n<li style='margin-bottom: 5px;'><strong>Altitud:<\/strong> <4000m<\/li>\n<\/ul><\/div>\n<div style='flex: 1 1 300px; min-width: 280px;'>\n<h3 style='font-size: 22px; border-bottom: 2px solid currentColor; padding-bottom: 5px; margin-top: 0; color: inherit; opacity: 0.8;'>Requisitos ambientales<\/h3>\n<ul style='padding-left: 20px; font-size: 15px; color: inherit;'>\n<li style='margin-bottom: 5px;'>Mantener alejado de la fuente de calor<\/li>\n<li style='margin-bottom: 5px;'>Evitar la luz solar directa<\/li>\n<li style='margin-bottom: 5px;'>Sin gas corrosivo<\/li>\n<li style='margin-bottom: 5px;'>Sin gas explosivo<\/li>\n<li style='margin-bottom: 5px;'>Sin polvo conductor aislante<\/li>\n<\/ul><\/div>\n<\/p><\/div>\n<p> <!-- Compatibilidad --> <\/p>\n<div style='display: flex; flex-wrap: wrap; gap: 30px; margin-bottom: 30px;'>\n<div style='flex: 1 1 300px; min-width: 280px;'>\n<h3 style='font-size: 22px; border-bottom: 2px solid currentColor; padding-bottom: 5px; margin-top: 0; color: inherit; opacity: 0.8;'>Compatibilidad con inversores<\/h3>\n<ul style='padding-left: 20px; font-size: 15px; color: inherit;'>\n<li style='margin-bottom: 5px;'>Solis<\/li>\n<li style='margin-bottom: 5px;'>Victron<\/li>\n<li style='margin-bottom: 5px;'>Sol-Ark<\/li>\n<li style='margin-bottom: 5px;'>Phocos<\/li>\n<li style='margin-bottom: 5px;'>Schneider<\/li>\n<li style='margin-bottom: 5px;'>SMA<\/li>\n<li style='margin-bottom: 5px;'>Voltronic<\/li>\n<li style='margin-bottom: 5px;'>Growatt<\/li>\n<li style='margin-bottom: 5px;'>MPP Solar<\/li>\n<li style='margin-bottom: 5px;'>Y m\u00e1s de 20 marcas en total<\/li>\n<\/ul><\/div>\n<div style='flex: 1 1 300px; min-width: 280px;'>\n<h3 style='font-size: 22px; border-bottom: 2px solid currentColor; padding-bottom: 5px; margin-top: 0; color: inherit; opacity: 0.8;'>Carga sin comunicaci\u00f3n<\/h3>\n<ul style='padding-left: 20px; font-size: 15px; color: inherit;'>\n<li style='margin-bottom: 5px;'><strong>Voltaje de bulk:<\/strong> 56.8V<\/li>\n<li style='margin-bottom: 5px;'><strong>Voltaje de absorci\u00f3n:<\/strong> 56.8V<\/li>\n<li style='margin-bottom: 5px;'><strong>Voltaje de flotaci\u00f3n:<\/strong> 56V<\/li>\n<li style='margin-bottom: 5px;'><strong>Ecualizaci\u00f3n:<\/strong> Deshabilitada<\/li>\n<li style='margin-bottom: 5px;'><strong>Corriente m\u00e1xima de carga\/descarga:<\/strong> 75A\/pc (V5\u00b0)&comma; 50A\/pc<\/li>\n<li style='margin-bottom: 5px;'><strong>Voltaje de apagado:<\/strong> 49V<\/li>\n<li style='margin-bottom: 5px;'><strong>Voltaje bajo de bater\u00eda:<\/strong> 49.8V<\/li>\n<\/ul><\/div>\n<div style='flex: 1 1 300px; min-width: 280px;'>\n<h3 style='font-size: 22px; border-bottom: 2px solid currentColor; padding-bottom: 5px; margin-top: 0; color: inherit; opacity: 0.8;'>Garant\u00eda<\/h3>\n<ul style='padding-left: 20px; font-size: 15px; color: inherit;'>\n<li style='margin-bottom: 5px;'>Para los modelos V5\u00b0 e E-BOX 48100R: 6000 ciclos&comma; 90% de DOD a 77\u00b0F\/25\u00b0C con 70% de retenci\u00f3n<\/li>\n<li style='margin-bottom: 5px;'>Para otras bater\u00edas&comma; puede contactar a su distribuidor o a Pytes<\/li>\n<\/ul><\/div>\n<\/p><\/div>\n<p> <!-- Videos adicionales --> <\/p>\n<div style='display: flex; flex-wrap: wrap; gap: 30px; margin-bottom: 30px;'>\n<div style='flex: 1 1 300px; min-width: 280px;'>\n<div style='position: relative; padding-bottom: 56.25%; height: 0; overflow: hidden; margin-bottom: 30px;'>   <\/div>\n<\/p><\/div>\n<div style='flex: 1 1 300px; min-width: 280px;'>\n<div style='position: relative; padding-bottom: 56.25%; height: 0; overflow: hidden; margin-bottom: 30px;'>   <\/div>\n<\/p><\/div>\n<div style='flex: 1 1 300px; min-width: 280px;'>\n<div style='position: relative; padding-bottom: 56.25%; height: 0; overflow: hidden; margin-bottom: 30px;'>   <\/div>\n<\/p><\/div>\n<div style='flex: 1 1 300px; min-width: 280px;'>\n<div style='position: relative; padding-bottom: 56.25%; height: 0; overflow: hidden; margin-bottom: 30px;'>   <\/div>\n<\/p><\/div>\n<\/p><\/div>\n<p> <!-- Comunicaci\u00f3n de BMS --> <\/p>\n<div style='display: flex; flex-wrap: wrap; gap: 30px; margin-bottom: 30px;'>\n<div style='flex: 1 1 300px; min-width: 280px;'>\n<h3 style='font-size: 22px; border-bottom: 2px solid currentColor; padding-bottom: 5px; margin-top: 0; color: inherit; opacity: 0.8;'>Comunicaci\u00f3n de BMS con inversores<\/h3>\n<ul style='padding-left: 20px; font-size: 15px; color: inherit;'>\n<li style='margin-bottom: 5px;'><a style='color: inherit; text-decoration: none; font-weight: 600;' href='https:\/\/www.syscom.mx\/producto\/SPF3000TLLVM48P-GROWATT-201410.html'>SPF3000TLLVM48P (compatible con otras lineas de SPF TEMRINACION 48P)<\/a><\/li>\n<li style='margin-bottom: 5px;'><a style='color: inherit; text-decoration: none; font-weight: 600;' href='https:\/\/www.syscom.mx\/producto\/SPF6000TDVMG2-GROWATT-219023.html'>SPF6000TDVMG2 (no compatible en funcion con red electrica)<\/a><\/li>\n<li style='margin-bottom: 5px;'><a style='color: inherit; text-decoration: none; font-weight: 600;' href='https:\/\/www.syscom.mx\/producto\/SPF3000TLLVMES-GROWATT-220422.html'>SPF3000TLLVMES<\/a> <a style='color: inherit; text-decoration: none; font-weight: 600;' href='https:\/\/www.syscom.mx\/producto\/SPF6000TDVMG2-GROWATT-219023.html'>(no compatible en funcion con red electrica)<\/a><\/li>\n<li style='margin-bottom: 5px;'><strong>Compatibilidad con SOLARK:<\/strong> 8K2P<\/li>\n<li style='margin-bottom: 5px;'><strong>Compatibilidad con Victron:<\/strong> Toda la l\u00ednea de 48 Vcc<\/li>\n<li style='margin-bottom: 5px;'><strong>Modo de bater\u00eda sin comunicaci\u00f3n:<\/strong> Disponible<\/li>\n<\/ul><\/div>\n<\/p><\/div>\n<p> <!-- Suspensi\u00f3n de la bater\u00eda --> <\/p>\n<div style='display: flex; flex-wrap: wrap; gap: 30px; margin-bottom: 30px;'>\n<div style='flex: 1 1 300px; min-width: 280px;'>\n<h3 style='font-size: 22px; border-bottom: 2px solid currentColor; padding-bottom: 5px; margin-top: 0; color: inherit; opacity: 0.8;'>Suspensi\u00f3n de la bater\u00eda<\/h3>\n<p style='font-size: 15px; color: inherit;'>Despu\u00e9s de 72 horas sin carga ni descarga&comma; o 40 minutos despu\u00e9s de alcanzar el valor de subvoltaje&comma; en suspensi\u00f3n la bater\u00eda tiene una descarga de 3% de SOC por mes.<\/p>\n<\/p><\/div>\n<\/p><\/div>\n<p> <!-- Separador --> <\/p>\n<hr style='border: 0; border-top: 1px solid rgba(150&comma; 150&comma; 150&comma; 0.3); margin: 30px 0;'> <\/div>\n","protected":false},"excerpt":{"rendered":"<p>Bater\u00eda de Litio Hierro Fosfato  (LiFePO4)  de 5.12 Kwh, 51.2 Vcc, 100Ah<\/p>\n","protected":false},"featured_media":32,"comment_status":"open","ping_status":"closed","template":"","meta":[],"product_brand":[],"product_cat":[1160],"product_tag":[143,142,741],"class_list":{"0":"post-101097","1":"product","2":"type-product","3":"status-publish","4":"has-post-thumbnail","6":"product_cat-baterias-energia-videovigilancia","7":"product_tag-baterias","8":"product_tag-energia","9":"product_tag-pytes","11":"first","12":"outofstock","13":"sale","14":"shipping-taxable","15":"purchasable","16":"product-type-simple"},"_links":{"self":[{"href":"https:\/\/soydeaqui.ddns.net\/pachuca\/index.php\/wp-json\/wp\/v2\/product\/101097","targetHints":{"allow":["GET"]}}],"collection":[{"href":"https:\/\/soydeaqui.ddns.net\/pachuca\/index.php\/wp-json\/wp\/v2\/product"}],"about":[{"href":"https:\/\/soydeaqui.ddns.net\/pachuca\/index.php\/wp-json\/wp\/v2\/types\/product"}],"replies":[{"embeddable":true,"href":"https:\/\/soydeaqui.ddns.net\/pachuca\/index.php\/wp-json\/wp\/v2\/comments?post=101097"}],"wp:featuredmedia":[{"embeddable":true,"href":"https:\/\/soydeaqui.ddns.net\/pachuca\/index.php\/wp-json\/wp\/v2\/media\/32"}],"wp:attachment":[{"href":"https:\/\/soydeaqui.ddns.net\/pachuca\/index.php\/wp-json\/wp\/v2\/media?parent=101097"}],"wp:term":[{"taxonomy":"product_brand","embeddable":true,"href":"https:\/\/soydeaqui.ddns.net\/pachuca\/index.php\/wp-json\/wp\/v2\/product_brand?post=101097"},{"taxonomy":"product_cat","embeddable":true,"href":"https:\/\/soydeaqui.ddns.net\/pachuca\/index.php\/wp-json\/wp\/v2\/product_cat?post=101097"},{"taxonomy":"product_tag","embeddable":true,"href":"https:\/\/soydeaqui.ddns.net\/pachuca\/index.php\/wp-json\/wp\/v2\/product_tag?post=101097"}],"curies":[{"name":"wp","href":"https:\/\/api.w.org\/{rel}","templated":true}]}}