{"id":101094,"date":"2026-03-20T11:44:58","date_gmt":"2026-03-20T11:44:58","guid":{"rendered":"https:\/\/soydeaqui.ddns.net\/pachuca\/index.php\/producto\/bateria-de-litio-hierro-fosfato-lifepo4-de-5-12-kwh-51-2-vcc-100-ah-2\/"},"modified":"2026-03-20T11:45:00","modified_gmt":"2026-03-20T11:45:00","slug":"bateria-de-litio-hierro-fosfato-lifepo4-de-5-12-kwh-51-2-vcc-100-ah-2","status":"publish","type":"product","link":"https:\/\/soydeaqui.ddns.net\/pachuca\/index.php\/producto\/bateria-de-litio-hierro-fosfato-lifepo4-de-5-12-kwh-51-2-vcc-100-ah-2\/","title":{"rendered":"Bater\u00eda de Litio Hierro Fosfato (LiFePO4) de 5.12 Kwh, 51.2 Vcc ,100 Ah"},"content":{"rendered":"<div style='width: 100%; max-width: 1200px; margin: 0 auto; font-family: sans-serif; line-height: 1.6; color: inherit; background-color: transparent;'> <!-- Introducci\u00f3n --> <\/p>\n<div style='display: flex; flex-wrap: wrap; gap: 30px; margin-bottom: 30px;'>\n<div style='flex: 1 1 300px; min-width: 280px;'>\n<h3 style='font-size: 22px; border-bottom: 2px solid currentColor; padding-bottom: 5px; margin-top: 0; color: inherit; opacity: 0.8;'>Introducci\u00f3n<\/h3>\n<p style='font-size: 15px; color: inherit;'>V5\u00b0&comma; la bater\u00eda LFP de nueva generaci\u00f3n para el sistema de almacenamiento de energ\u00eda en el hogar. Proporciona un paquete de bater\u00edas LFP est\u00e1ndar seguro&comma; bien dise\u00f1ado y de alto rendimiento. El paquete de bater\u00edas es compacto&comma; f\u00e1cil de instalar&comma; libre de mantenimiento y se puede ensamblar en paralelo en componentes de un sistema de almacenamiento de energ\u00eda. Es ampliamente utilizado en aplicaciones dom\u00e9sticas&comma; peque\u00f1os sistemas de almacenamiento de energ\u00eda comerciales e industriales y estaciones de telecomunicaciones.<\/p>\n<\/p><\/div>\n<\/p><\/div>\n<p> <!-- Caracter\u00edsticas --> <\/p>\n<div style='display: flex; flex-wrap: wrap; gap: 30px; margin-bottom: 30px;'>\n<div style='flex: 1 1 300px; min-width: 280px;'>\n<h3 style='font-size: 22px; border-bottom: 2px solid currentColor; padding-bottom: 5px; margin-top: 0; color: inherit; opacity: 0.8;'>Caracter\u00edsticas<\/h3>\n<div style='display: flex; flex-direction: column; gap: 20px;'>\n<div>\n<h4 style='font-size: 18px; font-weight: bold; color: inherit;'>Funciones b\u00e1sicas<\/h4>\n<ul style='padding-left: 20px; font-size: 14px; list-style-type: disc; color: inherit;'>\n<li style='margin-bottom: 5px;'>Autoconsumo<\/li>\n<li style='margin-bottom: 5px;'>Sistema de bater\u00eda de reserva<\/li>\n<li style='margin-bottom: 5px;'>Reducci\u00f3n de Facturas de Electricidad<\/li>\n<li style='margin-bottom: 5px;'>Amplia Compatibilidad<\/li>\n<\/ul><\/div>\n<div>\n<h4 style='font-size: 18px; font-weight: bold; color: inherit;'>Carga\/descarga de corta duraci\u00f3n<\/h4>\n<p style='font-size: 14px; color: inherit; margin: 5px 0;'>corriente m\u00e1xima continua de carga\/descarga: 100A<\/p>\n<\/p><\/div>\n<div>\n<h4 style='font-size: 18px; font-weight: bold; color: inherit;'>Conexi\u00f3n f\u00e1cil<\/h4>\n<ul style='padding-left: 20px; font-size: 14px; list-style-type: disc; color: inherit;'>\n<li style='margin-bottom: 5px;'>los nuevos terminales son compatibles con la conexi\u00f3n de barras de cobre\/cables<\/li>\n<li style='margin-bottom: 5px;'>hasta 3 unidades conectadas en paralelo sin utilizar barras colectoras<\/li>\n<\/ul><\/div>\n<div>\n<h4 style='font-size: 18px; font-weight: bold; color: inherit;'>Gesti\u00f3n Inteligente de la Energ\u00eda<\/h4>\n<p style='font-size: 14px; color: inherit; margin: 5px 0;'>los sistemas de medici\u00f3n&comma; monitorizaci\u00f3n y gesti\u00f3n en tiempo real optimizan la vida \u00fatil del sistema a trav\u00e9s de algoritmos inteligentes<\/p>\n<\/p><\/div>\n<div>\n<h4 style='font-size: 18px; font-weight: bold; color: inherit;'>M\u00e1xima duraci\u00f3n y seguridad<\/h4>\n<p style='font-size: 14px; color: inherit; margin: 5px 0;'>m\u00e1s de 6000 ciclos @90%DOD<\/p>\n<\/p><\/div>\n<div>\n<h4 style='font-size: 18px; font-weight: bold; color: inherit;'>Sistema de autocalentamiento<\/h4>\n<p style='font-size: 14px; color: inherit; margin: 5px 0;'>resistencia a bajas temperaturas para garantizar una carga normal<\/p>\n<\/p><\/div>\n<div>\n<p style='font-size: 16px; font-weight: bold; color: inherit;'>Garant\u00eda de 10 A\u00f1os<\/p>\n<\/p><\/div>\n<\/p><\/div>\n<\/p><\/div>\n<\/p><\/div>\n<p> <!-- Especificaciones t\u00e9cnicas --> <\/p>\n<div style='display: flex; flex-wrap: wrap; gap: 20px; margin-bottom: 30px;'>\n<div style='flex: 1 1 250px; border: 1px solid rgba(150&comma; 150&comma; 150&comma; 0.4); border-radius: 8px; overflow: hidden; display: flex; flex-direction: column;'>\n<div style='padding: 15px; border-bottom: 1px solid rgba(150&comma; 150&comma; 150&comma; 0.2); font-weight: bold; font-size: 18px; color: inherit;'>Especificaciones T\u00e9cnicas<\/div>\n<div style='padding: 15px; color: inherit;'>\n<ul style='padding-left: 20px; margin: 0; font-size: 14px; list-style-type: disc;'>\n<li style='margin-bottom: 5px;'><strong>Qu\u00edmica:<\/strong> LFP<\/li>\n<li style='margin-bottom: 5px;'><strong>Voltaje Nominal:<\/strong> 51.2V<\/li>\n<li style='margin-bottom: 5px;'><strong>Rango de Voltaje:<\/strong> 44.8V-57.6V<\/li>\n<li style='margin-bottom: 5px;'><strong>Capacidad Nominal:<\/strong> 100Ah<\/li>\n<li style='margin-bottom: 5px;'><strong>Energ\u00eda Nominal:<\/strong> 5.12kWh<\/li>\n<li style='margin-bottom: 5px;'><strong>Dimensi\u00f3n de la unidad (L*W*H):<\/strong> L483mm* W530mm* H140mm (3.2U)<\/li>\n<li style='margin-bottom: 5px;'><strong>Peso unitario:<\/strong> 46.2kg<\/li>\n<li style='margin-bottom: 5px;'><strong>Carga\/Descarga Est\u00e1ndar:<\/strong> 75A<\/li>\n<li style='margin-bottom: 5px;'><strong>Carga\/descarga continua m\u00e1xima:<\/strong> 100A<\/li>\n<li style='margin-bottom: 5px;'><strong>Pico de carga\/descarga:<\/strong> 150A(15s)<\/li>\n<li style='margin-bottom: 5px;'><strong>Eficiencia de Ida y Vuelta:<\/strong> \u226595%<\/li>\n<li style='margin-bottom: 5px;'><strong>Protocolos de Comunicaci\u00f3n:<\/strong> CAN\/RS485\/RS232<\/li>\n<li style='margin-bottom: 5px;'><strong>Ciclo vital:<\/strong> \u22656000 ciclos<\/li>\n<li style='margin-bottom: 5px;'><strong>Vida \u00fatil del Calendario:<\/strong> \u226510 a\u00f1os<\/li>\n<li style='margin-bottom: 5px;'><strong>Temperatura de funcionamiento:<\/strong> -10\u00b0C~55\u00b0C<\/li>\n<li style='margin-bottom: 5px;'><strong>Conectar estilo:<\/strong> En paralelo<\/li>\n<li style='margin-bottom: 5px;'><strong>Sistema de Calefacci\u00f3n:<\/strong> 8~10\u00b0C\/h<\/li>\n<\/ul><\/div>\n<\/p><\/div>\n<p> <!-- Entorno Operativo --> <\/p>\n<div style='flex: 1 1 250px; border: 1px solid rgba(150&comma; 150&comma; 150&comma; 0.4); border-radius: 8px; overflow: hidden; display: flex; flex-direction: column;'>\n<div style='padding: 15px; border-bottom: 1px solid rgba(150&comma; 150&comma; 150&comma; 0.2); font-weight: bold; font-size: 18px; color: inherit;'>Entorno Operativo<\/div>\n<div style='padding: 15px; color: inherit;'>\n<ul style='padding-left: 20px; margin: 0; font-size: 14px; list-style-type: disc;'>\n<li style='margin-bottom: 5px;'>Temperatura de funcionamiento: -10\u00b0C~50\u00b0C (14\u00b0F~122\u00b0F)<\/li>\n<li style='margin-bottom: 5px;'>Humedad relativa: 20%-80%&comma; no condensation<\/li>\n<li style='margin-bottom: 5px;'>Altitud: <4000m<\/li>\n<li style='margin-bottom: 5px;'>Lejos de la fuente de calor&comma; evite la luz solar directa<\/li>\n<li style='margin-bottom: 5px;'>Sin gases corrosivos&comma; sin gases explosivos&comma; sin gases aislantes&comma; sin polvo conductor aislante<\/li>\n<li style='margin-bottom: 5px;'>Inst\u00e1lelo en un gabinete que no se abra sin herramientas dedicadas<\/li>\n<li style='margin-bottom: 5px;'>Instalar en un \u00e1rea de acceso restringido<\/li>\n<\/ul><\/div>\n<\/p><\/div>\n<\/p><\/div>\n<p> <!-- Compatibilidad --> <\/p>\n<div style='display: flex; flex-wrap: wrap; gap: 20px; margin-bottom: 30px;'>\n<div style='flex: 1 1 250px; border: 1px solid rgba(150&comma; 150&comma; 150&comma; 0.4); border-radius: 8px; overflow: hidden; display: flex; flex-direction: column;'>\n<div style='padding: 15px; border-bottom: 1px solid rgba(150&comma; 150&comma; 150&comma; 0.2); font-weight: bold; font-size: 18px; color: inherit;'>Compatibilidad con inversores<\/div>\n<div style='padding: 15px; color: inherit;'>\n<ul style='padding-left: 20px; margin: 0; font-size: 14px; list-style-type: disc;'>\n<li style='margin-bottom: 5px;'>Solis<\/li>\n<li style='margin-bottom: 5px;'>Victron<\/li>\n<li style='margin-bottom: 5px;'>Sol-Ark<\/li>\n<li style='margin-bottom: 5px;'>Phocos<\/li>\n<li style='margin-bottom: 5px;'>Schneider<\/li>\n<li style='margin-bottom: 5px;'>SMA<\/li>\n<li style='margin-bottom: 5px;'>Voltronic<\/li>\n<li style='margin-bottom: 5px;'>Growatt<\/li>\n<li style='margin-bottom: 5px;'>MPP Solar<\/li>\n<li style='margin-bottom: 5px;'>y m\u00e1s de 20 marcas en total<\/li>\n<\/ul><\/div>\n<\/p><\/div>\n<p> <!-- Carga sin comunicaci\u00f3n --> <\/p>\n<div style='flex: 1 1 250px; border: 1px solid rgba(150&comma; 150&comma; 150&comma; 0.4); border-radius: 8px; overflow: hidden; display: flex; flex-direction: column;'>\n<div style='padding: 15px; border-bottom: 1px solid rgba(150&comma; 150&comma; 150&comma; 0.2); font-weight: bold; font-size: 18px; color: inherit;'>Carga sin comunicaci\u00f3n<\/div>\n<div style='padding: 15px; color: inherit;'>\n<p style='font-size: 14px; margin-bottom: 10px;'>Puede usarlas en inversores o controladores sin comunicaci\u00f3n activa usando los siguientes par\u00e1metros:<\/p>\n<ul style='padding-left: 20px; margin: 0; font-size: 14px; list-style-type: disc;'>\n<li style='margin-bottom: 5px;'>Voltaje de bulk: 56.8V<\/li>\n<li style='margin-bottom: 5px;'>Voltaje de absorci\u00f3n: 56.8V<\/li>\n<li style='margin-bottom: 5px;'>Voltaje de flotaci\u00f3n: 56V<\/li>\n<li style='margin-bottom: 5px;'>Ecualizaci\u00f3n: Deshabilitada<\/li>\n<li style='margin-bottom: 5px;'>Corriente m\u00e1xima de carga\/descarga: 75A\/pc (V5\u00b0)&comma; 50A\/pc<\/li>\n<li style='margin-bottom: 5px;'>Voltaje de apagado: 49V<\/li>\n<li style='margin-bottom: 5px;'>Voltaje bajo de bater\u00eda: 49.8V<\/li>\n<\/ul><\/div>\n<\/p><\/div>\n<\/p><\/div>\n<p> <!-- Garant\u00eda --> <\/p>\n<div style='display: flex; flex-wrap: wrap; gap: 20px; margin-bottom: 30px;'>\n<div style='flex: 1 1 250px; border: 1px solid rgba(150&comma; 150&comma; 150&comma; 0.4); border-radius: 8px; overflow: hidden; display: flex; flex-direction: column;'>\n<div style='padding: 15px; border-bottom: 1px solid rgba(150&comma; 150&comma; 150&comma; 0.2); font-weight: bold; font-size: 18px; color: inherit;'>Garant\u00eda<\/div>\n<div style='padding: 15px; color: inherit;'>\n<ul style='padding-left: 20px; margin: 0; font-size: 14px; list-style-type: disc;'>\n<li style='margin-bottom: 5px;'>Para los modelos V5\u00b0 e E-BOX 48100R: 6000 ciclos&comma; 90% de DOD a 77\u2030\/25\u00b0C con 70% de retenci\u00f3n<\/li>\n<li style='margin-bottom: 5px;'>Para otras bater\u00edas&comma; puede contactar a su distribuidor o a Pytes<\/li>\n<\/ul><\/div>\n<\/p><\/div>\n<p> <!-- Suspensi\u00f3n de la bater\u00eda --> <\/p>\n<div style='flex: 1 1 250px; border: 1px solid rgba(150&comma; 150&comma; 150&comma; 0.4); border-radius: 8px; overflow: hidden; display: flex; flex-direction: column;'>\n<div style='padding: 15px; border-bottom: 1px solid rgba(150&comma; 150&comma; 150&comma; 0.2); font-weight: bold; font-size: 18px; color: inherit;'>Suspensi\u00f3n de la bater\u00eda<\/div>\n<div style='padding: 15px; color: inherit;'>\n<p style='font-size: 14px; margin: 0;'>Despu\u00e9s de 72 horas sin carga ni descarga&comma; o 40 minutos despu\u00e9s de alcanzar el valor de subvoltaje&comma; en suspensi\u00f3n la bater\u00eda tiene una descarga de 3% de SOC por mes.<\/p>\n<\/p><\/div>\n<\/p><\/div>\n<\/p><\/div>\n<p> <!-- Comunicaci\u00f3n de BMS --> <\/p>\n<div style='display: flex; flex-wrap: wrap; gap: 20px; margin-bottom: 30px;'>\n<div style='flex: 1 1 100%; border: 1px solid rgba(150&comma; 150&comma; 150&comma; 0.4); border-radius: 8px; overflow: hidden; display: flex; flex-direction: column;'>\n<div style='padding: 15px; border-bottom: 1px solid rgba(150&comma; 150&comma; 150&comma; 0.2); font-weight: bold; font-size: 18px; color: inherit;'>Comunicaci\u00f3n de BMS con inversores<\/div>\n<div style='padding: 15px; color: inherit;'>\n<ul style='padding-left: 20px; margin: 0; font-size: 14px; list-style-type: disc;'>\n<li style='margin-bottom: 5px;'><a style='color: inherit; text-decoration: underline;' href='https:\/\/www.syscom.mx\/producto\/SPF3000TLLVM48P-GROWATT-201410.html'>SPF3000TLLVM48P<\/a> (compatible con otras lineas de SPF TEMRINACION 48P)<\/li>\n<li style='margin-bottom: 5px;'> <a style='color: inherit; text-decoration: underline;' href='https:\/\/www.syscom.mx\/producto\/SPF6000TDVMG2-GROWATT-219023.html'>SPF6000TDVMG2<\/a> (no compatible en funcion con red electrica) <\/li>\n<li style='margin-bottom: 5px;'> <a style='color: inherit; text-decoration: underline;' href='https:\/\/www.syscom.mx\/producto\/SPF3000TLLVMES-GROWATT-220422.html'>SPF3000TLLVMES<\/a> (no compatible en funcion con red electrica) <\/li>\n<\/ul>\n<p style='font-size: 14px; margin: 10px 0 0 0;'>Compatibilidad con SOLARK&comma; 8K2P<\/p>\n<p style='font-size: 14px; margin: 10px 0 0 0;'>Compatibolidad con toda la linea de Victron 48 Vcc<\/p>\n<p style='font-size: 14px; margin: 10px 0 0 0;'>Modo de bateria sin comunicacion disponible<\/p>\n<\/p><\/div>\n<\/p><\/div>\n<\/p><\/div>\n<p> <!-- Separador final --> <\/p>\n<hr style='border: 0; border-top: 1px solid rgba(150&comma; 150&comma; 150&comma; 0.3); margin: 30px 0;'> <\/div>\n","protected":false},"excerpt":{"rendered":"<p>Bater\u00eda de Litio Hierro Fosfato (LiFePO4) de 5.12 Kwh, 51.2 Vcc ,100 Ah<\/p>\n","protected":false},"featured_media":32,"comment_status":"open","ping_status":"closed","template":"","meta":[],"product_brand":[],"product_cat":[1160],"product_tag":[143,142,741],"class_list":{"0":"post-101094","1":"product","2":"type-product","3":"status-publish","4":"has-post-thumbnail","6":"product_cat-baterias-energia-videovigilancia","7":"product_tag-baterias","8":"product_tag-energia","9":"product_tag-pytes","11":"first","12":"outofstock","13":"sale","14":"shipping-taxable","15":"purchasable","16":"product-type-simple"},"_links":{"self":[{"href":"https:\/\/soydeaqui.ddns.net\/pachuca\/index.php\/wp-json\/wp\/v2\/product\/101094","targetHints":{"allow":["GET"]}}],"collection":[{"href":"https:\/\/soydeaqui.ddns.net\/pachuca\/index.php\/wp-json\/wp\/v2\/product"}],"about":[{"href":"https:\/\/soydeaqui.ddns.net\/pachuca\/index.php\/wp-json\/wp\/v2\/types\/product"}],"replies":[{"embeddable":true,"href":"https:\/\/soydeaqui.ddns.net\/pachuca\/index.php\/wp-json\/wp\/v2\/comments?post=101094"}],"wp:featuredmedia":[{"embeddable":true,"href":"https:\/\/soydeaqui.ddns.net\/pachuca\/index.php\/wp-json\/wp\/v2\/media\/32"}],"wp:attachment":[{"href":"https:\/\/soydeaqui.ddns.net\/pachuca\/index.php\/wp-json\/wp\/v2\/media?parent=101094"}],"wp:term":[{"taxonomy":"product_brand","embeddable":true,"href":"https:\/\/soydeaqui.ddns.net\/pachuca\/index.php\/wp-json\/wp\/v2\/product_brand?post=101094"},{"taxonomy":"product_cat","embeddable":true,"href":"https:\/\/soydeaqui.ddns.net\/pachuca\/index.php\/wp-json\/wp\/v2\/product_cat?post=101094"},{"taxonomy":"product_tag","embeddable":true,"href":"https:\/\/soydeaqui.ddns.net\/pachuca\/index.php\/wp-json\/wp\/v2\/product_tag?post=101094"}],"curies":[{"name":"wp","href":"https:\/\/api.w.org\/{rel}","templated":true}]}}