{"id":101093,"date":"2026-03-20T11:44:53","date_gmt":"2026-03-20T11:44:53","guid":{"rendered":"https:\/\/soydeaqui.ddns.net\/pachuca\/index.php\/producto\/ssd-400-gb-nvme-m-2-serie-enterprise-ssd-400-gb-alto-rendimiento-hasta-660000-iops-lectura-resistencia-hasta-2900-tbw-proteccion-de-datos-integral-analisis-de-vida-util-disenada-para-siste\/"},"modified":"2026-03-20T11:44:54","modified_gmt":"2026-03-20T11:44:54","slug":"ssd-400-gb-nvme-m-2-serie-enterprise-ssd-400-gb-alto-rendimiento-hasta-660000-iops-lectura-resistencia-hasta-2900-tbw-proteccion-de-datos-integral-analisis-de-vida-util-disenada-para-siste","status":"publish","type":"product","link":"https:\/\/soydeaqui.ddns.net\/pachuca\/index.php\/producto\/ssd-400-gb-nvme-m-2-serie-enterprise-ssd-400-gb-alto-rendimiento-hasta-660000-iops-lectura-resistencia-hasta-2900-tbw-proteccion-de-datos-integral-analisis-de-vida-util-disenada-para-siste\/","title":{"rendered":"SSD 400 GB NVMe M.2 Serie Enterprise | SSD 400 GB | Alto Rendimiento Hasta 660000 IOPS Lectura | Resistencia Hasta 2900 TBW | Protecci\u00f3n de Datos Integral | An\u00e1lisis de Vida \u00datil | Dise\u00f1ada para Sistemas Synology."},"content":{"rendered":"<div style='width: 100%; max-width: 1200px; margin: 0 auto; font-family: sans-serif; line-height: 1.6; color: inherit; background-color: transparent;'>\n<div style='margin-bottom: 30px;'>\n<p style='font-size: 17px; line-height: 1.6; margin: 0 0 20px; color: inherit;'> Las SSD NVMe M.2 de la serie Enterprise de Synology est\u00e1n dise\u00f1adas para gestionar cargas de trabajo de almacenamiento en cach\u00e9 exigentes en situaciones de gran nivel de simultaneidad ininterrumpida. Con un s\u00f3lido rendimiento de E\/S sostenido&comma; estas unidades son ideales para servidores de archivos de alto rendimiento&comma; almacenamiento en bases de datos y entornos de virtualizaci\u00f3n. Incluyen avanzados an\u00e1lisis de vida \u00fatil y est\u00e1n respaldadas por una garant\u00eda limitada de 5 a\u00f1os. <\/p>\n<\/p><\/div>\n<div style='display: flex; flex-wrap: wrap; gap: 30px; margin-bottom: 30px;'>\n<div style='flex: 1 1 300px; min-width: 280px;'>\n<h3 style='font-size: 22px; border-bottom: 2px solid currentColor; padding-bottom: 5px; margin-top: 0; color: inherit; opacity: 0.8;'>Caracter\u00edsticas Principales<\/h3>\n<ul style='padding-left: 20px; font-size: 15px; color: inherit;'>\n<li style='margin-bottom: 5px;'>Alto rendimiento con hasta 660000\/120000 IOPS de lectura\/escritura aleatorias 4K sostenidas<\/li>\n<li style='margin-bottom: 5px;'>Resistencia de nivel empresarial con hasta 2900 TBW<\/li>\n<li style='margin-bottom: 5px;'>Protecci\u00f3n de datos integral que garantiza la integridad de los datos<\/li>\n<li style='margin-bottom: 5px;'>An\u00e1lisis de vida \u00fatil con notificaciones y an\u00e1lisis de desgaste<\/li>\n<li style='margin-bottom: 5px;'>Dise\u00f1ada para sistemas de Synology con validaci\u00f3n rigurosa y actualizaciones autom\u00e1ticas de firmware<\/li>\n<\/ul><\/div>\n<\/p><\/div>\n<div style='display: flex; flex-wrap: wrap; gap: 20px; margin-bottom: 30px;'>\n<div style='flex: 1 1 250px; border: 1px solid rgba(150&comma; 150&comma; 150&comma; 0.4); border-radius: 8px; overflow: hidden; display: flex; flex-direction: column; min-width: 250px;'>\n<div style='padding: 15px; border-bottom: 1px solid rgba(150&comma; 150&comma; 150&comma; 0.2); font-weight: bold; font-size: 18px; color: inherit;'>Especificaciones<\/div>\n<div style='padding: 15px; color: inherit;'>\n<ul style='padding-left: 20px; margin: 0; font-size: 14px; list-style-type: disc;'>\n<li style='margin-bottom: 5px;'><strong>Capacidad:<\/strong> 400 GB<\/li>\n<li style='margin-bottom: 5px;'><strong>Factor de forma:<\/strong> M.2 2280<\/li>\n<li style='margin-bottom: 5px;'><strong>Interfaz:<\/strong> NVMe PCIe 3.0 x4<\/li>\n<li style='margin-bottom: 5px;'><strong>Lectura secuencial:<\/strong> Hasta 3100 MB\/s<\/li>\n<li style='margin-bottom: 5px;'><strong>Escritura secuencial:<\/strong> Hasta 1000 MB\/s<\/li>\n<li style='margin-bottom: 5px;'><strong>Lectura aleatoria:<\/strong> Hasta 660000 IOPS<\/li>\n<li style='margin-bottom: 5px;'><strong>Escritura aleatoria:<\/strong> Hasta 120000 IOPS<\/li>\n<li style='margin-bottom: 5px;'><strong>Resistencia:<\/strong> Hasta 2900 TBW<\/li>\n<li style='margin-bottom: 5px;'><strong>MTBF:<\/strong> 1800000 horas (SNV3400)&comma; 3000000 horas (SNV5400)<\/li>\n<li style='margin-bottom: 5px;'><strong>UBER:<\/strong> &lt; 1 sector por cada 10^17 bits le\u00eddos<\/li>\n<\/ul><\/div>\n<\/p><\/div>\n<div style='flex: 1 1 250px; border: 1px solid rgba(150&comma; 150&comma; 150&comma; 0.4); border-radius: 8px; overflow: hidden; display: flex; flex-direction: column; min-width: 250px;'>\n<div style='padding: 15px; border-bottom: 1px solid rgba(150&comma; 150&comma; 150&comma; 0.2); font-weight: bold; font-size: 18px; color: inherit;'>Interfaces y Conectividad<\/div>\n<div style='padding: 15px; color: inherit;'>\n<ul style='padding-left: 20px; margin: 0; font-size: 14px; list-style-type: disc;'>\n<li style='margin-bottom: 5px;'>Interfaz NVMe PCIe 3.0 x4<\/li>\n<li style='margin-bottom: 5px;'>Protecci\u00f3n contra p\u00e9rdida de energ\u00eda (SNV5400)<\/li>\n<li style='margin-bottom: 5px;'>Actualizaciones de firmware a trav\u00e9s de Synology DSM<\/li>\n<\/ul><\/div>\n<\/p><\/div>\n<\/p><\/div>\n<div style='display: flex; flex-wrap: wrap; gap: 20px; margin-bottom: 30px;'>\n<div style='flex: 1 1 300px; border: 1px solid rgba(150&comma; 150&comma; 150&comma; 0.4); border-radius: 8px; overflow: hidden; display: flex; flex-direction: column; min-width: 250px;'>\n<div style='padding: 15px; border-bottom: 1px solid rgba(150&comma; 150&comma; 150&comma; 0.2); font-weight: bold; font-size: 18px; color: inherit;'>Servidores de Archivos de Alto Rendimiento<\/div>\n<div style='padding: 15px; color: inherit;'>\n<p style='margin: 0; font-size: 14px;'>Ideal para entornos que requieren un alto rendimiento de lectura\/escritura.<\/p>\n<\/p><\/div>\n<\/p><\/div>\n<div style='flex: 1 1 300px; border: 1px solid rgba(150&comma; 150&comma; 150&comma; 0.4); border-radius: 8px; overflow: hidden; display: flex; flex-direction: column; min-width: 250px;'>\n<div style='padding: 15px; border-bottom: 1px solid rgba(150&comma; 150&comma; 150&comma; 0.2); font-weight: bold; font-size: 18px; color: inherit;'>Almacenamiento en Bases de Datos<\/div>\n<div style='padding: 15px; color: inherit;'>\n<p style='margin: 0; font-size: 14px;'>Optimizado para cargas de trabajo intensivas en bases de datos.<\/p>\n<\/p><\/div>\n<\/p><\/div>\n<div style='flex: 1 1 300px; border: 1px solid rgba(150&comma; 150&comma; 150&comma; 0.4); border-radius: 8px; overflow: hidden; display: flex; flex-direction: column; min-width: 250px;'>\n<div style='padding: 15px; border-bottom: 1px solid rgba(150&comma; 150&comma; 150&comma; 0.2); font-weight: bold; font-size: 18px; color: inherit;'>Entornos de Virtualizaci\u00f3n<\/div>\n<div style='padding: 15px; color: inherit;'>\n<p style='margin: 0; font-size: 14px;'>Perfecto para entornos de virtualizaci\u00f3n con alta simultaneidad.<\/p>\n<\/p><\/div>\n<\/p><\/div>\n<\/p><\/div>\n<hr style='border: 0; border-top: 1px solid rgba(150&comma; 150&comma; 150&comma; 0.3); margin: 30px 0;'> <\/div>\n","protected":false},"excerpt":{"rendered":"<p>SSD 400 GB NVMe M.2 Serie Enterprise | SSD 400 GB | Alto Rendimiento Hasta 660000 IOPS Lectura | Resistencia Hasta 2900 TBW | Protecci\u00f3n de Datos Integral | An\u00e1lisis de Vida \u00datil | Dise\u00f1ada para Sistemas Synology.<\/p>\n","protected":false},"featured_media":101092,"comment_status":"open","ping_status":"closed","template":"","meta":[],"product_brand":[],"product_cat":[2199],"product_tag":[2065,1976,2139],"class_list":{"0":"post-101093","1":"product","2":"type-product","3":"status-publish","4":"has-post-thumbnail","6":"product_cat-unidades-de-estado-solido-ssd-servidores-almacenamiento","7":"product_tag-servidores-almacenamiento","8":"product_tag-synology","9":"product_tag-unidades-de-estado-solido-ssd","11":"first","12":"instock","13":"sale","14":"shipping-taxable","15":"purchasable","16":"product-type-simple"},"_links":{"self":[{"href":"https:\/\/soydeaqui.ddns.net\/pachuca\/index.php\/wp-json\/wp\/v2\/product\/101093","targetHints":{"allow":["GET"]}}],"collection":[{"href":"https:\/\/soydeaqui.ddns.net\/pachuca\/index.php\/wp-json\/wp\/v2\/product"}],"about":[{"href":"https:\/\/soydeaqui.ddns.net\/pachuca\/index.php\/wp-json\/wp\/v2\/types\/product"}],"replies":[{"embeddable":true,"href":"https:\/\/soydeaqui.ddns.net\/pachuca\/index.php\/wp-json\/wp\/v2\/comments?post=101093"}],"wp:featuredmedia":[{"embeddable":true,"href":"https:\/\/soydeaqui.ddns.net\/pachuca\/index.php\/wp-json\/wp\/v2\/media\/101092"}],"wp:attachment":[{"href":"https:\/\/soydeaqui.ddns.net\/pachuca\/index.php\/wp-json\/wp\/v2\/media?parent=101093"}],"wp:term":[{"taxonomy":"product_brand","embeddable":true,"href":"https:\/\/soydeaqui.ddns.net\/pachuca\/index.php\/wp-json\/wp\/v2\/product_brand?post=101093"},{"taxonomy":"product_cat","embeddable":true,"href":"https:\/\/soydeaqui.ddns.net\/pachuca\/index.php\/wp-json\/wp\/v2\/product_cat?post=101093"},{"taxonomy":"product_tag","embeddable":true,"href":"https:\/\/soydeaqui.ddns.net\/pachuca\/index.php\/wp-json\/wp\/v2\/product_tag?post=101093"}],"curies":[{"name":"wp","href":"https:\/\/api.w.org\/{rel}","templated":true}]}}