{"id":101076,"date":"2026-03-20T11:44:05","date_gmt":"2026-03-20T11:44:05","guid":{"rendered":"https:\/\/soydeaqui.ddns.net\/pachuca\/index.php\/producto\/ssd-nvme-m-2-serie-enterprise-ssd-1600gb-alto-rendimiento-660-000-iops-lectura-120-000-iops-escritura-hasta-2900-tbw-proteccion-de-datos-integral-compatibilidad-con-synology-dsm\/"},"modified":"2026-03-20T11:44:06","modified_gmt":"2026-03-20T11:44:06","slug":"ssd-nvme-m-2-serie-enterprise-ssd-1600gb-alto-rendimiento-660-000-iops-lectura-120-000-iops-escritura-hasta-2900-tbw-proteccion-de-datos-integral-compatibilidad-con-synology-dsm","status":"publish","type":"product","link":"https:\/\/soydeaqui.ddns.net\/pachuca\/index.php\/producto\/ssd-nvme-m-2-serie-enterprise-ssd-1600gb-alto-rendimiento-660-000-iops-lectura-120-000-iops-escritura-hasta-2900-tbw-proteccion-de-datos-integral-compatibilidad-con-synology-dsm\/","title":{"rendered":"SSD NVMe M.2 Serie Enterprise | SSD 1600GB | Alto Rendimiento 660.000 IOPS Lectura | 120.000 IOPS Escritura | Hasta 2900 TBW | Protecci\u00f3n de Datos Integral | Compatibilidad con Synology DSM."},"content":{"rendered":"<div style='width: 100%; max-width: 1200px; margin: 0 auto; font-family: sans-serif; line-height: 1.6; color: inherit; background-color: transparent;'> <!-- Secci\u00f3n de descripci\u00f3n general --> <\/p>\n<div style='margin-bottom: 30px;'>\n<p style='font-size: 17px; line-height: 1.6; margin: 0 0 20px; color: inherit;'> Las SSD NVMe M.2 de la serie Enterprise de Synology est\u00e1n dise\u00f1adas para gestionar cargas de trabajo de almacenamiento en cach\u00e9 exigentes en situaciones de gran nivel de simultaneidad ininterrumpida. Con un s\u00f3lido rendimiento de E\/S sostenido&comma; estas unidades son ideales para servidores de archivos de alto rendimiento&comma; almacenamiento en bases de datos y entornos de virtualizaci\u00f3n. Incluyen avanzados an\u00e1lisis de vida \u00fatil y est\u00e1n respaldadas por una garant\u00eda limitada de 5 a\u00f1os. <\/p>\n<\/p><\/div>\n<p> <!-- Secci\u00f3n de caracter\u00edsticas principales --> <\/p>\n<div style='margin-bottom: 30px;'>\n<h2 style='font-size: 24px; font-weight: 600; margin: 0 0 15px; color: inherit; border-bottom: 2px solid rgba(150&comma; 150&comma; 150&comma; 0.3); padding-bottom: 5px; opacity: 0.85;'>Caracter\u00edsticas Principales<\/h2>\n<div style='display: flex; flex-wrap: wrap; gap: 20px;'>\n<div style='flex: 1 1 300px; min-width: 280px; background-color: rgba(200&comma; 200&comma; 200&comma; 0.1); border-radius: 8px; padding: 15px;'>\n<ul style='padding-left: 20px; font-size: 15px; color: inherit; list-style-type: disc;'>\n<li style='margin-bottom: 8px;'>Alto rendimiento con hasta 660&comma;000 IOPS de lectura y 120&comma;000 IOPS de escritura aleatorias 4K sostenidas<\/li>\n<li style='margin-bottom: 8px;'>Resistencia de nivel empresarial con hasta 2900 TBW<\/li>\n<li style='margin-bottom: 8px;'>Protecci\u00f3n de datos integral que garantiza la integridad de los datos<\/li>\n<li style='margin-bottom: 8px;'>An\u00e1lisis de vida \u00fatil con notificaciones y an\u00e1lisis de desgaste<\/li>\n<li style='margin-bottom: 8px;'>Dise\u00f1ada para sistemas de Synology con interoperabilidad probada y actualizaciones autom\u00e1ticas de firmware<\/li>\n<\/ul><\/div>\n<\/p><\/div>\n<\/p><\/div>\n<p> <!-- Secci\u00f3n de especificaciones t\u00e9cnicas --> <\/p>\n<div style='margin-bottom: 30px;'>\n<h2 style='font-size: 24px; font-weight: 600; margin: 0 0 15px; color: inherit; border-bottom: 2px solid rgba(150&comma; 150&comma; 150&comma; 0.3); padding-bottom: 5px; opacity: 0.85;'>Detalles T\u00e9cnicos<\/h2>\n<div style='display: flex; flex-wrap: wrap; gap: 20px;'>\n<div style='flex: 1 1 250px; border: 1px solid rgba(150&comma; 150&comma; 150&comma; 0.2); border-radius: 8px; overflow: hidden; display: flex; flex-direction: column;'>\n<div style='padding: 15px; border-bottom: 1px solid rgba(150&comma; 150&comma; 150&comma; 0.2); font-weight: bold; font-size: 18px; color: inherit;'>Especificaciones<\/div>\n<div style='padding: 15px; color: inherit;'>\n<ul style='padding-left: 20px; margin: 0; font-size: 14px; list-style-type: disc;'>\n<li style='margin-bottom: 8px;'>Capacidades: 400 GB&comma; 800 GB&comma; 1600 GB<\/li>\n<li style='margin-bottom: 8px;'>Factor de forma: M.2 2280<\/li>\n<li style='margin-bottom: 8px;'>Interfaz: NVMe PCIe 3.0 x4<\/li>\n<li style='margin-bottom: 8px;'>Lectura secuencial: Hasta 3100 MB\/s<\/li>\n<li style='margin-bottom: 8px;'>Escritura secuencial: Hasta 1000 MB\/s<\/li>\n<li style='margin-bottom: 8px;'>Resistencia: Hasta 2900 TBW<\/li>\n<li style='margin-bottom: 8px;'>MTBF: 1&comma;800&comma;000 &#8211; 3&comma;000&comma;000 horas<\/li>\n<li style='margin-bottom: 8px;'>UBER: < 1 sector por cada 10^17 bits le\u00eddos<\/li>\n<\/ul><\/div>\n<\/p><\/div>\n<div style='flex: 1 1 250px; border: 1px solid rgba(150&comma; 150&comma; 150&comma; 0.2); border-radius: 8px; overflow: hidden; display: flex; flex-direction: column;'>\n<div style='padding: 15px; border-bottom: 1px solid rgba(150&comma; 150&comma; 150&comma; 0.2); font-weight: bold; font-size: 18px; color: inherit;'>Interfaces y Conectividad<\/div>\n<div style='padding: 15px; color: inherit;'>\n<ul style='padding-left: 20px; margin: 0; font-size: 14px; list-style-type: disc;'>\n<li style='margin-bottom: 8px;'>Interfaz NVMe PCIe 3.0 x4<\/li>\n<li style='margin-bottom: 8px;'>Protecci\u00f3n contra p\u00e9rdida de energ\u00eda (solo serie SNV5400)<\/li>\n<li style='margin-bottom: 8px;'>Compatibilidad con Synology DSM para actualizaciones de firmware<\/li>\n<\/ul><\/div>\n<\/p><\/div>\n<\/p><\/div>\n<\/p><\/div>\n<p> <!-- Secci\u00f3n de aplicaciones y casos de uso --> <\/p>\n<div style='margin-bottom: 30px;'>\n<h2 style='font-size: 24px; font-weight: 600; margin: 0 0 15px; color: inherit; border-bottom: 2px solid rgba(150&comma; 150&comma; 150&comma; 0.3); padding-bottom: 5px; opacity: 0.85;'>Aplicaciones y Casos de Uso<\/h2>\n<div style='display: flex; flex-wrap: wrap; gap: 20px;'>\n<div style='flex: 1 1 250px; border: 1px solid rgba(150&comma; 150&comma; 150&comma; 0.2); border-radius: 8px; overflow: hidden; display: flex; flex-direction: column;'>\n<div style='padding: 15px; border-bottom: 1px solid rgba(150&comma; 150&comma; 150&comma; 0.2); font-weight: bold; font-size: 18px; color: inherit;'>Servidores de Archivos de Alto Rendimiento<\/div>\n<div style='padding: 15px; color: inherit;'>\n<p style='margin: 0; font-size: 14px;'>Ideal para entornos que requieren un alto rendimiento de lectura\/escritura.<\/p>\n<\/p><\/div>\n<\/p><\/div>\n<div style='flex: 1 1 250px; border: 1px solid rgba(150&comma; 150&comma; 150&comma; 0.2); border-radius: 8px; overflow: hidden; display: flex; flex-direction: column;'>\n<div style='padding: 15px; border-bottom: 1px solid rgba(150&comma; 150&comma; 150&comma; 0.2); font-weight: bold; font-size: 18px; color: inherit;'>Almacenamiento en Bases de Datos<\/div>\n<div style='padding: 15px; color: inherit;'>\n<p style='margin: 0; font-size: 14px;'>Optimizado para cargas de trabajo intensivas en bases de datos.<\/p>\n<\/p><\/div>\n<\/p><\/div>\n<div style='flex: 1 1 250px; border: 1px solid rgba(150&comma; 150&comma; 150&comma; 0.2); border-radius: 8px; overflow: hidden; display: flex; flex-direction: column;'>\n<div style='padding: 15px; border-bottom: 1px solid rgba(150&comma; 150&comma; 150&comma; 0.2); font-weight: bold; font-size: 18px; color: inherit;'>Entornos de Virtualizaci\u00f3n<\/div>\n<div style='padding: 15px; color: inherit;'>\n<p style='margin: 0; font-size: 14px;'>Perfecto para entornos de virtualizaci\u00f3n con alta simultaneidad.<\/p>\n<\/p><\/div>\n<\/p><\/div>\n<\/p><\/div>\n<\/p><\/div>\n<p> <!-- Separador final --> <\/p>\n<hr style='border: 0; border-top: 1px solid rgba(150&comma; 150&comma; 150&comma; 0.3); margin: 30px 0;'> <\/div>\n","protected":false},"excerpt":{"rendered":"<p>SSD NVMe M.2 Serie Enterprise | SSD 1600GB | Alto Rendimiento 660.000 IOPS Lectura | 120.000 IOPS Escritura | Hasta 2900 TBW | Protecci\u00f3n de Datos Integral | Compatibilidad con Synology DSM.<\/p>\n","protected":false},"featured_media":101075,"comment_status":"open","ping_status":"closed","template":"","meta":[],"product_brand":[],"product_cat":[2199],"product_tag":[2065,1976,2139],"class_list":{"0":"post-101076","1":"product","2":"type-product","3":"status-publish","4":"has-post-thumbnail","6":"product_cat-unidades-de-estado-solido-ssd-servidores-almacenamiento","7":"product_tag-servidores-almacenamiento","8":"product_tag-synology","9":"product_tag-unidades-de-estado-solido-ssd","11":"first","12":"outofstock","13":"sale","14":"shipping-taxable","15":"purchasable","16":"product-type-simple"},"_links":{"self":[{"href":"https:\/\/soydeaqui.ddns.net\/pachuca\/index.php\/wp-json\/wp\/v2\/product\/101076","targetHints":{"allow":["GET"]}}],"collection":[{"href":"https:\/\/soydeaqui.ddns.net\/pachuca\/index.php\/wp-json\/wp\/v2\/product"}],"about":[{"href":"https:\/\/soydeaqui.ddns.net\/pachuca\/index.php\/wp-json\/wp\/v2\/types\/product"}],"replies":[{"embeddable":true,"href":"https:\/\/soydeaqui.ddns.net\/pachuca\/index.php\/wp-json\/wp\/v2\/comments?post=101076"}],"wp:featuredmedia":[{"embeddable":true,"href":"https:\/\/soydeaqui.ddns.net\/pachuca\/index.php\/wp-json\/wp\/v2\/media\/101075"}],"wp:attachment":[{"href":"https:\/\/soydeaqui.ddns.net\/pachuca\/index.php\/wp-json\/wp\/v2\/media?parent=101076"}],"wp:term":[{"taxonomy":"product_brand","embeddable":true,"href":"https:\/\/soydeaqui.ddns.net\/pachuca\/index.php\/wp-json\/wp\/v2\/product_brand?post=101076"},{"taxonomy":"product_cat","embeddable":true,"href":"https:\/\/soydeaqui.ddns.net\/pachuca\/index.php\/wp-json\/wp\/v2\/product_cat?post=101076"},{"taxonomy":"product_tag","embeddable":true,"href":"https:\/\/soydeaqui.ddns.net\/pachuca\/index.php\/wp-json\/wp\/v2\/product_tag?post=101076"}],"curies":[{"name":"wp","href":"https:\/\/api.w.org\/{rel}","templated":true}]}}