{"id":10107,"date":"2026-03-18T07:31:11","date_gmt":"2026-03-18T07:31:11","guid":{"rendered":"https:\/\/soydeaqui.ddns.net\/pachuca\/index.php\/producto\/distribuidor-de-fibra-ptica-para-144-empalmes-con-144-acopladores-sc-apc-y-144-pigtails-19-5-ur\/"},"modified":"2026-03-18T07:31:16","modified_gmt":"2026-03-18T07:31:16","slug":"distribuidor-de-fibra-ptica-para-144-empalmes-con-144-acopladores-sc-apc-y-144-pigtails-19-5-ur","status":"publish","type":"product","link":"https:\/\/soydeaqui.ddns.net\/pachuca\/index.php\/producto\/distribuidor-de-fibra-ptica-para-144-empalmes-con-144-acopladores-sc-apc-y-144-pigtails-19-5-ur\/","title":{"rendered":"Distribuidor de Fibra ?ptica para 144 Empalmes, con 144 Acopladores SC\/APC y 144 Pigtails, 19, 5 UR"},"content":{"rendered":"<div style='width: 100%; max-width: 1200px; margin: 0 auto; font-family: sans-serif; line-height: 1.6; color: inherit; background-color: transparent;'>\n<div style='display: flex; flex-direction: column; align-items: center; margin-bottom: 30px;'><img style='width: 100%; max-width: 472px; height: auto; border: 1px solid rgba(150&comma;150&comma;150&comma;0.3); border-radius: 8px;' src='https:\/\/ftp3.syscom.mx\/usuarios\/orobles\/FiberHome\/GPON\/fiberhome_logo.png' alt='Logo FiberHome'><\/div>\n<div style='margin-bottom: 30px;'>\n<p style='font-size: 15px; margin: 0 0 15px; color: inherit;'>La serie ODU de Distribuidores de Fibra \u00d3ptica de FiberHome pueden ser utilizados para fusi\u00f3n y terminaci\u00f3n de hasta 216 fibras. Cuenta con protecci\u00f3n de radio de curvatura para las fibras&comma; almacenamiento y charola para fusi\u00f3n.<\/p>\n<\/div>\n<div style='display: flex; flex-wrap: wrap; gap: 30px; margin-bottom: 30px;'>\n<div style='flex: 1 1 300px; min-width: 280px;'>\n<h3 style='font-size: 22px; border-bottom: 2px solid currentColor; padding-bottom: 5px; margin-top: 0; color: inherit; opacity: 0.8;'>Caracter\u00edsticas<\/h3>\n<ul style='padding-left: 20px; font-size: 15px; color: inherit; list-style-type: disc;'>\n<li style='margin-bottom: 5px; color: inherit;'><span style='color: inherit;'>Para fusi\u00f3n de 144 fibras<\/span><\/li>\n<li style='margin-bottom: 5px; color: inherit;'><span style='color: inherit;'>19&#8217;&comma; 5 UR&comma; 260 mm de profundidad<\/span><\/li>\n<li style='margin-bottom: 5px; color: inherit;'><span style='color: inherit;'>Incluye 144 acopladores SC\/APC<\/span><\/li>\n<li style='margin-bottom: 5px; color: inherit;'><span style='color: inherit;'>Incluye 12 kits de 12 pigtails SC\/APC<\/span><\/li>\n<\/ul>\n<\/div>\n<\/div>\n<div style='margin-bottom: 30px;'>\n<p style='font-size: 15px; margin: 0 0 15px; color: inherit;'>Video de instalaci\u00f3n:<\/p>\n<div style='position: relative; padding-bottom: 56.25%; height: 0; overflow: hidden; margin-bottom: 30px;'> <\/div>\n<\/div>\n<\/div>\n","protected":false},"excerpt":{"rendered":"<p>Distribuidor de Fibra ?ptica para 144 Empalmes, con 144 Acopladores SC\/APC y 144 Pigtails, 19, 5 UR<\/p>\n","protected":false},"featured_media":10106,"comment_status":"open","ping_status":"closed","template":"","meta":[],"product_brand":[],"product_cat":[621],"product_tag":[622,639,611],"class_list":{"0":"post-10107","1":"product","2":"type-product","3":"status-publish","4":"has-post-thumbnail","6":"product_cat-distribuidores-de-fibra-optica","7":"product_tag-distribuidores-de-fibra-optica","8":"product_tag-fiberhome","9":"product_tag-fibra-optica","11":"first","12":"instock","13":"sale","14":"shipping-taxable","15":"purchasable","16":"product-type-simple"},"_links":{"self":[{"href":"https:\/\/soydeaqui.ddns.net\/pachuca\/index.php\/wp-json\/wp\/v2\/product\/10107","targetHints":{"allow":["GET"]}}],"collection":[{"href":"https:\/\/soydeaqui.ddns.net\/pachuca\/index.php\/wp-json\/wp\/v2\/product"}],"about":[{"href":"https:\/\/soydeaqui.ddns.net\/pachuca\/index.php\/wp-json\/wp\/v2\/types\/product"}],"replies":[{"embeddable":true,"href":"https:\/\/soydeaqui.ddns.net\/pachuca\/index.php\/wp-json\/wp\/v2\/comments?post=10107"}],"wp:featuredmedia":[{"embeddable":true,"href":"https:\/\/soydeaqui.ddns.net\/pachuca\/index.php\/wp-json\/wp\/v2\/media\/10106"}],"wp:attachment":[{"href":"https:\/\/soydeaqui.ddns.net\/pachuca\/index.php\/wp-json\/wp\/v2\/media?parent=10107"}],"wp:term":[{"taxonomy":"product_brand","embeddable":true,"href":"https:\/\/soydeaqui.ddns.net\/pachuca\/index.php\/wp-json\/wp\/v2\/product_brand?post=10107"},{"taxonomy":"product_cat","embeddable":true,"href":"https:\/\/soydeaqui.ddns.net\/pachuca\/index.php\/wp-json\/wp\/v2\/product_cat?post=10107"},{"taxonomy":"product_tag","embeddable":true,"href":"https:\/\/soydeaqui.ddns.net\/pachuca\/index.php\/wp-json\/wp\/v2\/product_tag?post=10107"}],"curies":[{"name":"wp","href":"https:\/\/api.w.org\/{rel}","templated":true}]}}