{"id":101065,"date":"2026-03-20T11:43:33","date_gmt":"2026-03-20T11:43:33","guid":{"rendered":"https:\/\/soydeaqui.ddns.net\/pachuca\/index.php\/producto\/bala-ip-dual-termica-25-mm-384-x-288-optico-12-4-mm-4-megapixel-100-mts-ir-ip67-poe-vca-3-0-nema-4x-termometrica-deteccion-de-temperatura-y-fuego-micro-sd\/"},"modified":"2026-03-20T11:43:35","modified_gmt":"2026-03-20T11:43:35","slug":"bala-ip-dual-termica-25-mm-384-x-288-optico-12-4-mm-4-megapixel-100-mts-ir-ip67-poe-vca-3-0-nema-4x-termometrica-deteccion-de-temperatura-y-fuego-micro-sd","status":"publish","type":"product","link":"https:\/\/soydeaqui.ddns.net\/pachuca\/index.php\/producto\/bala-ip-dual-termica-25-mm-384-x-288-optico-12-4-mm-4-megapixel-100-mts-ir-ip67-poe-vca-3-0-nema-4x-termometrica-deteccion-de-temperatura-y-fuego-micro-sd\/","title":{"rendered":"Bala IP Dual \/ T\u00e9rmica 25 mm (384 X 288 ) \/ \u00d3ptico 12.4 mm (4 Megapixel) \/ 100 mts IR \/ IP67 \/ PoE \/ VCA 3.0 \/ NEMA 4X \/ Termom\u00e9trica \/ Detecci\u00f3n de Temperatura y Fuego \/ Micro SD"},"content":{"rendered":"<div style='width: 100%; max-width: 1200px; margin: 0 auto; font-family: sans-serif; line-height: 1.6; color: inherit; background-color: transparent;'> <!-- Logo --> <\/p>\n<p style='text-align: center; margin: 20px 0;'><img style='width: 100%; max-width: 300px; height: auto; border: 1px solid rgba(150&comma;150&comma;150&comma;0.3); border-radius: 8px;' src='https:\/\/ftp3.syscom.mx\/usuarios\/jsosa\/HIKVISION\/imagenes\/logo\/hikvision%20see%20far.png' alt='Logo Hikvision'><\/p>\n<p> <!-- Contenedor principal --> <\/p>\n<div style='display: flex; flex-wrap: wrap; gap: 30px; margin-top: 30px;'> <!-- Columna 1 --> <\/p>\n<div style='flex: 1 1 45%; min-width: 300px;'>\n<div style='border-left: 5px solid #ff0000; border-radius: 5px; padding: 15px; box-shadow: 2px 2px 10px rgba(216&comma;216&comma;216&comma;0.3); margin-bottom: 30px;'> <strong style='font-size: 18px; display: block; margin-bottom: 15px; color: inherit;'>Caracter\u00edsticas principales de la c\u00e1mara t\u00e9rmica:<\/strong> <\/p>\n<ul style='padding-left: 20px; font-size: 15px; color: inherit;'>\n<li style='margin-bottom: 8px;'>Lente fijo: 25 mm.<\/li>\n<li style='margin-bottom: 8px;'>Resoluci\u00f3n: 384 x 288.<\/li>\n<li style='margin-bottom: 8px;'>Sensor de imagen: oxido de vanadio&comma; detector de plano focal no refrigerado.<\/li>\n<li style='margin-bottom: 8px;'>Identificaci\u00f3n de personas: 129 mts aproximado.<\/li>\n<li style='margin-bottom: 8px;'>Identificaci\u00f3n de veh\u00edculos: 395 mts aproximado.<\/li>\n<\/ul>\n<p> <strong style='font-size: 18px; display: block; margin: 15px 0 10px; color: inherit;'>Caracter\u00edsticas principales de la c\u00e1mara \u00f3ptica:<\/strong> <\/p>\n<ul style='padding-left: 20px; font-size: 15px; color: inherit;'>\n<li style='margin-bottom: 8px;'>Lente fijo: 12.4 mm (20.59\u00ba de apertura).<\/li>\n<li style='margin-bottom: 8px;'>Resoluci\u00f3n: 4 Megapixel (2688 \u00d7 1520).<\/li>\n<li style='margin-bottom: 8px;'>Sensor de imagen: 1\/2.8 CMOS Scan Progresivo.<\/li>\n<li style='margin-bottom: 8px;'>Iluminaci\u00f3n m\u00ednima: Color: 0.001 Lux @ (F1.2&comma; AGC ON)&comma; B \/ W: 0&comma;0001 Lux @ (F1.2&comma; AGC ON)<\/li>\n<li style='margin-bottom: 8px;'>WDR 120 dB.<\/li>\n<li style='margin-bottom: 8px;'>100 mts IR (visi\u00f3n nocturna).<\/li>\n<li style='margin-bottom: 8px;'>Compresion: H.265 \/ H.265+ \/ H.264 \/ H.264+<\/li>\n<\/ul><\/div>\n<\/p><\/div>\n<p> <!-- Columna 2 --> <\/p>\n<div style='flex: 1 1 45%; min-width: 300px;'>\n<div style='border-left: 5px solid #ff0000; border-radius: 5px; padding: 15px; box-shadow: 2px 2px 10px rgba(216&comma;216&comma;216&comma;0.3); margin-bottom: 30px;'> <strong style='font-size: 18px; display: block; margin: 0 0 10px; color: inherit;'>Caracter\u00edsticas F\u00edsicas y El\u00e9ctricas:<\/strong> <\/p>\n<ul style='padding-left: 20px; font-size: 15px; color: inherit;'>\n<li style='margin-bottom: 8px;'>Alimentaci\u00f3n: 24VCA \/ PoE (802.3 at) \/ 15 watts.<\/li>\n<li style='margin-bottom: 8px;'>Temperatura de operaci\u00f3n: -40\u00baC a 60\u00baC.<\/li>\n<li style='margin-bottom: 8px;'>Protecci\u00f3n: IP66<\/li>\n<li style='margin-bottom: 8px;'>Dimensiones: 535 X 171 X 400 mm.<\/li>\n<\/ul>\n<p> <strong style='font-size: 18px; display: block; margin: 15px 0 10px; color: inherit;'>Integraci\u00f3n:<\/strong> <\/p>\n<ul style='padding-left: 20px; font-size: 15px; color: inherit;'>\n<li style='margin-bottom: 8px;'>2 entradas de alarma (0 &#8211; 5 Vcc).<\/li>\n<li style='margin-bottom: 8px;'>2 salidas de alarma.<\/li>\n<li style='margin-bottom: 8px;'>1 entrada de audio.<\/li>\n<li style='margin-bottom: 8px;'>1 salidas de audio.<\/li>\n<li style='margin-bottom: 8px;'>1 puerto de red (10 \/ 100 Mbps).<\/li>\n<li style='margin-bottom: 8px;'>Soporta memoria micro SD de hasta 128 Gb.<\/li>\n<li style='margin-bottom: 8px;'>Soporta salida de video anal\u00f3gica \/ 75 \u03a9.<\/li>\n<\/ul>\n<p> <strong style='font-size: 18px; display: block; margin: 15px 0 10px; color: inherit;'>Funciones avanzadas:<\/strong> <\/p>\n<ul style='padding-left: 20px; font-size: 15px; color: inherit;'>\n<li style='margin-bottom: 8px;'>4 Videoanaliticos integrados (Cruce de linea&comma; Intrusi\u00f3n de \u00e1rea&comma; Regi\u00f3n de entrada \/ Regi\u00f3n de salida).<\/li>\n<li style='margin-bottom: 8px;'>Rango de temperatura: -20\u00baC a 150\u00baC (-4\u00baF a 302\u00baF).<\/li>\n<li style='margin-bottom: 8px;'>Eficiencia de rango: 8\u00baC.<\/li>\n<li style='margin-bottom: 8px;'>Detecci\u00f3n de fuego: Detecci\u00f3n din\u00e1mico de incendio&comma; hasta 10 puntos de incendio detectables.<\/li>\n<li style='margin-bottom: 8px;'>Muestra la temperatura del escenario a visualizar.<\/li>\n<\/ul><\/div>\n<\/p><\/div>\n<\/p><\/div>\n<p> <!-- Banner --> <\/p>\n<p style='margin: 30px 0 0;'><img style='width: 100%; height: auto; border: 1px solid rgba(150&comma;150&comma;150&comma;0.3); border-radius: 8px;' src='https:\/\/ftp3.syscom.mx\/usuarios\/jsosa\/banners\/solucion-termica.jpg' alt='Soluci\u00f3n t\u00e9rmica'><\/p>\n<\/p><\/div>\n","protected":false},"excerpt":{"rendered":"<p>Bala IP Dual \/ T\u00e9rmica 25 mm (384 X 288 ) \/ \u00d3ptico 12.4 mm (4 Megapixel) \/ 100 mts IR \/ IP67 \/ PoE \/ VCA 3.0 \/ NEMA 4X \/ Termom\u00e9trica \/ Detecci\u00f3n de Temperatura y Fuego \/ Micro SD<\/p>\n","protected":false},"featured_media":101064,"comment_status":"open","ping_status":"closed","template":"","meta":[],"product_brand":[],"product_cat":[1049],"product_tag":[122,54,1050],"class_list":{"0":"post-101065","1":"product","2":"type-product","3":"status-publish","4":"has-post-thumbnail","6":"product_cat-termicas","7":"product_tag-camaras-ip-y-nvrs","8":"product_tag-hikvision","9":"product_tag-termicas","11":"first","12":"outofstock","13":"sale","14":"shipping-taxable","15":"purchasable","16":"product-type-simple"},"_links":{"self":[{"href":"https:\/\/soydeaqui.ddns.net\/pachuca\/index.php\/wp-json\/wp\/v2\/product\/101065","targetHints":{"allow":["GET"]}}],"collection":[{"href":"https:\/\/soydeaqui.ddns.net\/pachuca\/index.php\/wp-json\/wp\/v2\/product"}],"about":[{"href":"https:\/\/soydeaqui.ddns.net\/pachuca\/index.php\/wp-json\/wp\/v2\/types\/product"}],"replies":[{"embeddable":true,"href":"https:\/\/soydeaqui.ddns.net\/pachuca\/index.php\/wp-json\/wp\/v2\/comments?post=101065"}],"wp:featuredmedia":[{"embeddable":true,"href":"https:\/\/soydeaqui.ddns.net\/pachuca\/index.php\/wp-json\/wp\/v2\/media\/101064"}],"wp:attachment":[{"href":"https:\/\/soydeaqui.ddns.net\/pachuca\/index.php\/wp-json\/wp\/v2\/media?parent=101065"}],"wp:term":[{"taxonomy":"product_brand","embeddable":true,"href":"https:\/\/soydeaqui.ddns.net\/pachuca\/index.php\/wp-json\/wp\/v2\/product_brand?post=101065"},{"taxonomy":"product_cat","embeddable":true,"href":"https:\/\/soydeaqui.ddns.net\/pachuca\/index.php\/wp-json\/wp\/v2\/product_cat?post=101065"},{"taxonomy":"product_tag","embeddable":true,"href":"https:\/\/soydeaqui.ddns.net\/pachuca\/index.php\/wp-json\/wp\/v2\/product_tag?post=101065"}],"curies":[{"name":"wp","href":"https:\/\/api.w.org\/{rel}","templated":true}]}}