{"id":101054,"date":"2026-03-20T11:43:04","date_gmt":"2026-03-20T11:43:04","guid":{"rendered":"https:\/\/soydeaqui.ddns.net\/pachuca\/index.php\/producto\/pantalla-lcd-55-para-videowall-entrada-hdmi-vga-dvi-dp-monitor-robusto-bisel-delgado-3-5-mm-daisy-chain-conexion-en-cadena-sin-software-2\/"},"modified":"2026-03-20T11:43:05","modified_gmt":"2026-03-20T11:43:05","slug":"pantalla-lcd-55-para-videowall-entrada-hdmi-vga-dvi-dp-monitor-robusto-bisel-delgado-3-5-mm-daisy-chain-conexion-en-cadena-sin-software-2","status":"publish","type":"product","link":"https:\/\/soydeaqui.ddns.net\/pachuca\/index.php\/producto\/pantalla-lcd-55-para-videowall-entrada-hdmi-vga-dvi-dp-monitor-robusto-bisel-delgado-3-5-mm-daisy-chain-conexion-en-cadena-sin-software-2\/","title":{"rendered":"Pantalla LCD 55&#8243; para Videowall \/ Entrada HDMI &#8211; VGA &#8211; DVI &#8211; DP \/ Monitor Robusto \/ Bisel Delgado (3.5 mm) \/ Daisy Chain (Conexion en Cadena sin Software)"},"content":{"rendered":"<div style='width: 100%; max-width: 1200px; margin: 0 auto; font-family: sans-serif; line-height: 1.6; color: inherit; background-color: transparent;'>\n<div style='margin-bottom: 30px; font-size: 15px; color: inherit;'>\n<p>El monitor LCD DS-D2055UL-0A de Hikvision es una soluci\u00f3n de visualizaci\u00f3n profesional dise\u00f1ada para aplicaciones de monitoreo&comma; reuniones y entretenimiento. Con una pantalla IPS de 55 pulgadas y resoluci\u00f3n Full HD (1920&#215;1080)&comma; ofrece una calidad de imagen excepcional con un brillo uniforme de 500 cd\/m\u00b2 y un amplio \u00e1ngulo de visi\u00f3n de 178\u00b0. Su dise\u00f1o de bisel ultra estrecho de 3.5 mm permite una integraci\u00f3n perfecta en configuraciones de video wall. Adem\u00e1s&comma; cuenta con una carcasa met\u00e1lica que protege contra interferencias electromagn\u00e9ticas y permite un funcionamiento continuo las 24 horas.<\/p>\n<\/p><\/div>\n<div style='text-align: center; margin: 30px 0;'> <img style='width: 100%; max-width: 600px; height: auto; border: 1px solid rgba(150&comma;150&comma;150&comma;0.3); border-radius: 8px;' src='https:\/\/ftp3.syscom.mx\/usuarios\/nortega\/hikvision\/HPD.png' alt=''> <\/div>\n<div style='display: flex; flex-wrap: wrap; gap: 20px; margin-bottom: 30px;'>\n<div style='flex: 1 1 300px; min-width: 280px;'>\n<div style='border: 1px solid rgba(150&comma; 150&comma; 150&comma; 0.4); border-radius: 8px; overflow: hidden; display: flex; flex-direction: column;'>\n<div style='padding: 15px; border-bottom: 1px solid rgba(150&comma; 150&comma; 150&comma; 0.2); font-weight: bold; font-size: 18px; color: inherit;'>Caracter\u00edsticas principales<\/div>\n<div style='padding: 15px; color: inherit;'>\n<ul style='padding-left: 20px; margin: 0; font-size: 14px; list-style-type: disc;'>\n<li style='margin-bottom: 5px;'>Tama\u00f1o 55&#8242; (diagonal)<\/li>\n<li style='margin-bottom: 5px;'>Resolucion: 1920 x 1080 (Full HD) 60Hz<\/li>\n<li style='margin-bottom: 5px;'>Angulo de visi\u00f3n: Horizontal: 178\u00b0&comma; vertical: 178\u00b0<\/li>\n<li style='margin-bottom: 5px;'>Entradas de video: 1 puerto HDMI&comma; 1 puertos DVI&comma; 1 puerto VGA1 1 puerto Display Port<\/li>\n<li style='margin-bottom: 5px;'>Salida de video: 1 puerto HDMI (Loop)<\/li>\n<li style='margin-bottom: 5px;'>Puertos de control: 1 puerto RS232-IN&comma; 1 puerto RS232-OUT&comma; 1 puerto IR<\/li>\n<li style='margin-bottom: 5px;'>Antirreflejo&comma; Alta definici\u00f3n&comma; alto brillo&comma; alta gama de colores e im\u00e1genes vividas<\/li>\n<\/ul><\/div>\n<\/p><\/div>\n<\/p><\/div>\n<div style='flex: 1 1 300px; min-width: 280px;'>\n<div style='border: 1px solid rgba(150&comma; 150&comma; 150&comma; 0.4); border-radius: 8px; overflow: hidden; display: flex; flex-direction: column;'>\n<div style='padding: 15px; border-bottom: 1px solid rgba(150&comma; 150&comma; 150&comma; 0.2); font-weight: bold; font-size: 18px; color: inherit;'>Caracter\u00edsticas F\u00edsicas y El\u00e9ctricas<\/div>\n<div style='padding: 15px; color: inherit;'>\n<ul style='padding-left: 20px; margin: 0; font-size: 14px; list-style-type: disc;'>\n<li style='margin-bottom: 5px;'>Alimentacion: 100 &#8211; 240 Vca<\/li>\n<li style='margin-bottom: 5px;'>Consumo: 187 Watts<\/li>\n<li style='margin-bottom: 5px;'>Temperatura de operacion: 0\u00b0 a 40\u00b0<\/li>\n<li style='margin-bottom: 5px;'>Dimensiones: 1213.7 mm x 684 mm x 71.69 mm<\/li>\n<li style='margin-bottom: 5px;'>\u00c1rea de imagen: 1209.6 mm x 680.4 mm<\/li>\n<li style='margin-bottom: 5px;'>Ancho de bisel: 2.3 mm (superior\/izquierda)&comma; 1.2 mm (inferior\/derecha)<\/li>\n<li style='margin-bottom: 5px;'>Peso: 24.1 kg (\u00b1.5kg)<\/li>\n<li style='margin-bottom: 5px;'>Carcasa de metal para evitar la radiaci\u00f3n e interferencia de campos magn\u00e9ticos y el\u00e9ctricos<\/li>\n<li style='margin-bottom: 5px;'><strong>VESA: 600 x 400<\/strong><\/li>\n<li style='margin-bottom: 5px;'>Capacidad de trabajo 24\/7<\/li>\n<li style='margin-bottom: 5px;'>Tiempo de vida: 60&comma;000 horas<\/li>\n<\/ul><\/div>\n<\/p><\/div>\n<\/p><\/div>\n<div style='flex: 1 1 300px; min-width: 280px;'>\n<div style='border: 1px solid rgba(150&comma; 150&comma; 150&comma; 0.4); border-radius: 8px; overflow: hidden; display: flex; flex-direction: column;'>\n<div style='padding: 15px; border-bottom: 1px solid rgba(150&comma; 150&comma; 150&comma; 0.2); font-weight: bold; font-size: 18px; color: inherit;'>Accesorios incluidos (por pantalla)<\/div>\n<div style='padding: 15px; color: inherit;'>\n<ul style='padding-left: 20px; margin: 0; font-size: 14px; list-style-type: disc;'>\n<li style='margin-bottom: 5px;'>1 x Cable de corriente<\/li>\n<li style='margin-bottom: 5px;'>1 x Cable de red RJ45<\/li>\n<li style='margin-bottom: 5px;'>1 x Cable HDMI 2m<\/li>\n<li style='margin-bottom: 5px;'>1 x Control remoto<\/li>\n<li style='margin-bottom: 5px;'>1 x Receptor IR<\/li>\n<li style='margin-bottom: 5px;'>1 x Convertidor RS-232<\/li>\n<\/ul><\/div>\n<\/p><\/div>\n<\/p><\/div>\n<\/p><\/div>\n<div style='margin-bottom: 30px; font-size: 15px; color: inherit; text-align: center;'>\n<p>Cree un videowall de manera autonoma de hasta 30 pantallas mediante HDMI (Daisy Chain)&comma; sin necesidad de licencias adicionales&comma; controlador o decodificador.<\/p>\n<\/p><\/div>\n<div style='display: grid; grid-template-columns: repeat(auto-fill&comma; minmax(300px&comma; 1fr)); gap: 30px; margin-bottom: 30px;'>\n<div style='display: flex; flex-direction: column; align-items: center;'>\n<p style='margin: 0 0 5px; font-weight: bold;'>Videowall 2&#215;2<\/p>\n<p style='margin: 0 0 15px;'>(Vista Frontal)<\/p>\n<p> <img style='width: 100%; height: auto; border: 1px solid rgba(150&comma;150&comma;150&comma;0.3); border-radius: 8px;' src='https:\/\/ftp3.syscom.mx\/usuarios\/nortega\/hikvision\/pantallas%20vw\/2x2.png' alt=''> <\/div>\n<div style='display: flex; flex-direction: column; align-items: center;'>\n<p style='margin: 0 0 5px; font-weight: bold;'>Videowall 2&#215;2<\/p>\n<p style='margin: 0 0 15px;'>(Vista posterior)<\/p>\n<p> <img style='width: 100%; height: auto; border: 1px solid rgba(150&comma;150&comma;150&comma;0.3); border-radius: 8px;' src='https:\/\/ftp3.syscom.mx\/usuarios\/nortega\/hikvision\/pantallas%20vw\/2x2back1.png' alt=''> <\/div>\n<\/p><\/div>\n<div style='text-align: center; margin: 30px 0;'> <img style='width: 100%; max-width: 600px; height: auto; border: 1px solid rgba(150&comma;150&comma;150&comma;0.3); border-radius: 8px;' src='https:\/\/ftp3.syscom.mx\/usuarios\/nortega\/hikvision\/imagenes\/HIKVISION-VW-DS.png' alt=''> <\/div>\n<\/p><\/div>\n","protected":false},"excerpt":{"rendered":"<p>Pantalla LCD 55&#8243; para Videowall \/ Entrada HDMI &#8211; VGA &#8211; DVI &#8211; DP \/ Monitor Robusto \/ Bisel Delgado (3.5 mm) \/ Daisy Chain (Conexion en Cadena sin Software)<\/p>\n","protected":false},"featured_media":101053,"comment_status":"open","ping_status":"closed","template":"","meta":[],"product_brand":[],"product_cat":[2088],"product_tag":[54,2089,2090],"class_list":{"0":"post-101054","1":"product","2":"type-product","3":"status-publish","4":"has-post-thumbnail","6":"product_cat-videowall-seguridad","7":"product_tag-hikvision","8":"product_tag-monitores-pantallas-y-mobiliario","9":"product_tag-videowall-seguridad","11":"first","12":"instock","13":"sale","14":"shipping-taxable","15":"purchasable","16":"product-type-simple"},"_links":{"self":[{"href":"https:\/\/soydeaqui.ddns.net\/pachuca\/index.php\/wp-json\/wp\/v2\/product\/101054","targetHints":{"allow":["GET"]}}],"collection":[{"href":"https:\/\/soydeaqui.ddns.net\/pachuca\/index.php\/wp-json\/wp\/v2\/product"}],"about":[{"href":"https:\/\/soydeaqui.ddns.net\/pachuca\/index.php\/wp-json\/wp\/v2\/types\/product"}],"replies":[{"embeddable":true,"href":"https:\/\/soydeaqui.ddns.net\/pachuca\/index.php\/wp-json\/wp\/v2\/comments?post=101054"}],"wp:featuredmedia":[{"embeddable":true,"href":"https:\/\/soydeaqui.ddns.net\/pachuca\/index.php\/wp-json\/wp\/v2\/media\/101053"}],"wp:attachment":[{"href":"https:\/\/soydeaqui.ddns.net\/pachuca\/index.php\/wp-json\/wp\/v2\/media?parent=101054"}],"wp:term":[{"taxonomy":"product_brand","embeddable":true,"href":"https:\/\/soydeaqui.ddns.net\/pachuca\/index.php\/wp-json\/wp\/v2\/product_brand?post=101054"},{"taxonomy":"product_cat","embeddable":true,"href":"https:\/\/soydeaqui.ddns.net\/pachuca\/index.php\/wp-json\/wp\/v2\/product_cat?post=101054"},{"taxonomy":"product_tag","embeddable":true,"href":"https:\/\/soydeaqui.ddns.net\/pachuca\/index.php\/wp-json\/wp\/v2\/product_tag?post=101054"}],"curies":[{"name":"wp","href":"https:\/\/api.w.org\/{rel}","templated":true}]}}