{"id":101052,"date":"2026-03-20T11:42:59","date_gmt":"2026-03-20T11:42:59","guid":{"rendered":"https:\/\/soydeaqui.ddns.net\/pachuca\/index.php\/producto\/concentrador-usb-c-7-en-1-ugreen\/"},"modified":"2026-03-20T11:43:01","modified_gmt":"2026-03-20T11:43:01","slug":"concentrador-usb-c-7-en-1-ugreen","status":"publish","type":"product","link":"https:\/\/soydeaqui.ddns.net\/pachuca\/index.php\/producto\/concentrador-usb-c-7-en-1-ugreen\/","title":{"rendered":"Concentrador USB-C 7 en 1 UGREEN"},"content":{"rendered":"<div style='width: 100%; max-width: 1200px; margin: 0 auto; font-family: sans-serif; line-height: 1.6; color: inherit; background-color: transparent;'>\n<div style='display: flex; flex-wrap: wrap; gap: 30px; margin-bottom: 30px;'>\n<div style='flex: 1 1 300px; min-width: 280px;'>\n<h3 style='font-size: 22px; border-bottom: 2px solid currentColor; padding-bottom: 5px; margin-top: 0; color: inherit; opacity: 0.8;'>Caracter\u00edsticas Principales<\/h3>\n<ul style='padding-left: 20px; font-size: 15px; color: inherit;'>\n<li style='margin-bottom: 5px;'>Salida HDMI 4K a 60 Hz: Disfrute de im\u00e1genes ultra n\u00edtidas con resoluci\u00f3n 4K a 60 Hz&comma; perfecta para transmisi\u00f3n&comma; presentaciones y juegos<\/li>\n<li style='margin-bottom: 5px;'>Puertos USB 3.0 duales: Transfiera archivos r\u00e1pidamente con velocidades de transferencia de datos de alta velocidad de hasta 5 Gbps<\/li>\n<li style='margin-bottom: 5px;'>Puerto Ethernet de 1000 Mbps: Obtenga una conexi\u00f3n a Internet por cable estable y de alta velocidad para un rendimiento en l\u00ednea fluido<\/li>\n<li style='margin-bottom: 5px;'>Puerto de carga PD de 100 W: Cargue su computadora port\u00e1til y otros dispositivos con una carga de paso de hasta 100 W<\/li>\n<li style='margin-bottom: 5px;'>Dise\u00f1o compacto y port\u00e1til: Elegante y liviano&comma; perfecto para usar en el hogar&comma; la oficina o durante viajes<\/li>\n<li style='margin-bottom: 5px;'>Confiable y de alto rendimiento: Dise\u00f1ado para profesionales&comma; garantiza una multitarea fluida y una mayor productividad<\/li>\n<\/ul>\n<\/div>\n<\/div>\n<hr style='border: 0; border-top: 1px solid rgba(150&comma; 150&comma; 150&comma; 0.3); margin: 30px 0;'><\/div>\n","protected":false},"excerpt":{"rendered":"<p>Concentrador USB-C 7 en 1 UGREEN<\/p>\n","protected":false},"featured_media":101051,"comment_status":"open","ping_status":"closed","template":"","meta":[],"product_brand":[],"product_cat":[1235],"product_tag":[417,1236,650],"class_list":{"0":"post-101052","1":"product","2":"type-product","3":"status-publish","4":"has-post-thumbnail","6":"product_cat-accesorios-para-computadora-y-smartphones","7":"product_tag-accesorios-generales","8":"product_tag-accesorios-para-computadora-y-smartphones","9":"product_tag-ugreen","11":"first","12":"outofstock","13":"sale","14":"shipping-taxable","15":"purchasable","16":"product-type-simple"},"_links":{"self":[{"href":"https:\/\/soydeaqui.ddns.net\/pachuca\/index.php\/wp-json\/wp\/v2\/product\/101052","targetHints":{"allow":["GET"]}}],"collection":[{"href":"https:\/\/soydeaqui.ddns.net\/pachuca\/index.php\/wp-json\/wp\/v2\/product"}],"about":[{"href":"https:\/\/soydeaqui.ddns.net\/pachuca\/index.php\/wp-json\/wp\/v2\/types\/product"}],"replies":[{"embeddable":true,"href":"https:\/\/soydeaqui.ddns.net\/pachuca\/index.php\/wp-json\/wp\/v2\/comments?post=101052"}],"wp:featuredmedia":[{"embeddable":true,"href":"https:\/\/soydeaqui.ddns.net\/pachuca\/index.php\/wp-json\/wp\/v2\/media\/101051"}],"wp:attachment":[{"href":"https:\/\/soydeaqui.ddns.net\/pachuca\/index.php\/wp-json\/wp\/v2\/media?parent=101052"}],"wp:term":[{"taxonomy":"product_brand","embeddable":true,"href":"https:\/\/soydeaqui.ddns.net\/pachuca\/index.php\/wp-json\/wp\/v2\/product_brand?post=101052"},{"taxonomy":"product_cat","embeddable":true,"href":"https:\/\/soydeaqui.ddns.net\/pachuca\/index.php\/wp-json\/wp\/v2\/product_cat?post=101052"},{"taxonomy":"product_tag","embeddable":true,"href":"https:\/\/soydeaqui.ddns.net\/pachuca\/index.php\/wp-json\/wp\/v2\/product_tag?post=101052"}],"curies":[{"name":"wp","href":"https:\/\/api.w.org\/{rel}","templated":true}]}}