{"id":101020,"date":"2026-03-20T11:41:31","date_gmt":"2026-03-20T11:41:31","guid":{"rendered":"https:\/\/soydeaqui.ddns.net\/pachuca\/index.php\/producto\/caja-para-videovigilancia-para-exterior-uso-en-pared-o-poste-ip66-ik10-dimensiones-387-x-432-x-225-mm-soporta-3-dispositivos-ptz-bocinas-camaras-fijas\/"},"modified":"2026-03-20T11:41:32","modified_gmt":"2026-03-20T11:41:32","slug":"caja-para-videovigilancia-para-exterior-uso-en-pared-o-poste-ip66-ik10-dimensiones-387-x-432-x-225-mm-soporta-3-dispositivos-ptz-bocinas-camaras-fijas","status":"publish","type":"product","link":"https:\/\/soydeaqui.ddns.net\/pachuca\/index.php\/producto\/caja-para-videovigilancia-para-exterior-uso-en-pared-o-poste-ip66-ik10-dimensiones-387-x-432-x-225-mm-soporta-3-dispositivos-ptz-bocinas-camaras-fijas\/","title":{"rendered":"Caja para Videovigilancia para Exterior \/ Uso en Pared o Poste \/ IP66 \/ IK10 \/ Dimensiones: 387 X 432 X 225 mm \/ Soporta 3 Dispositivos (PTZ, Bocinas, C\u00e1maras Fijas)"},"content":{"rendered":"<div style='width: 100%; max-width: 1200px; margin: 0 auto; font-family: sans-serif; line-height: 1.6; color: inherit; background-color: transparent;'> <!-- Secci\u00f3n de im\u00e1genes y video --> <\/p>\n<div style='display: flex; flex-wrap: wrap; gap: 20px; justify-content: center; margin-bottom: 30px;'>\n<div style='flex: 1 1 300px; min-width: 280px;'> <img style='width: 100%; height: auto; border: 1px solid rgba(150&comma;150&comma;150&comma;0.3); border-radius: 8px; display: block; margin: 0 auto;' src='https:\/\/ftp3.syscom.mx\/usuarios\/marroyo\/Hikvision\/montajes.jpg' alt='Montaje en pared y poste'> <\/div>\n<div style='flex: 1 1 300px; min-width: 280px;'> <img style='width: 100%; height: auto; border: 1px solid rgba(150&comma;150&comma;150&comma;0.3); border-radius: 8px; display: block; margin: 0 auto;' src='https:\/\/mail.google.com\/mail\/u\/0?ui=2&#038;ik=c3a9a2c41d&#038;attid=0.0.2&#038;permmsgid=msg-f:1833463794278341850&#038;th=1971c59b56801cda&#038;view=fimg&#038;fur=ip&#038;permmsgid=msg-f:1833463794278341850&#038;sz=s0-l75-ft&#038;attbid=ANGjdJ8QUQ3-En4t9ULrxyu92NgCHgs2unMRD8fOh21vNXL0qIGrxooUH3joJC8L_Dx3NbrpNTOeGY_yQ78_xm359Ekq9W45wALrBWzflY8QcjpLTKXDREQs91EZpy0&#038;disp=emb&#038;realattid=ii_mb9fydmo1&#038;zw' alt='Detalles de instalaci\u00f3n'> <\/div>\n<div style='flex: 1 1 300px; min-width: 280px;'>\n<div style='position: relative; padding-bottom: 56.25%; height: 0; overflow: hidden; margin-bottom: 30px;'> <video style='position: absolute; top: 0; left: 0; width: 100%; height: 100%; border: none;' src='https:\/\/ftp3.syscom.mx\/usuarios\/marroyo\/Hikvision\/videohik.mp4' loop muted controls width='100%' height='100%'> <\/video> <\/div>\n<\/p><\/div>\n<\/p><\/div>\n<p> <!-- Secci\u00f3n de caracter\u00edsticas principales --> <\/p>\n<div style='margin-bottom: 30px;'>\n<h3 style='font-size: 22px; border-bottom: 2px solid currentColor; padding-bottom: 5px; margin-top: 0; color: inherit; opacity: 0.8;'>Caracter\u00edsticas Principales<\/h3>\n<ul style='padding-left: 20px; font-size: 15px; color: inherit;'>\n<li style='margin-bottom: 5px;'>Material de pol\u00edmero de alta resistencia (Ign\u00edfugo UL94-V0)<\/li>\n<li style='margin-bottom: 5px;'>Despliegue r\u00e1pido y f\u00e1cil instalaci\u00f3n para montaje en pared o poste<\/li>\n<li style='margin-bottom: 5px;'>Altamente compatible con c\u00e1maras de red Hikvision&comma; c\u00e1maras PTZ y altavoces tipo bocina de red<\/li>\n<li style='margin-bottom: 5px;'>Protecci\u00f3n IP66 &amp; IK10<\/li>\n<li style='margin-bottom: 5px;'>Soporta hasta 3 dispositivos (PTZ&comma; Bocinas&comma; C\u00e1maras Fijas)<\/li>\n<\/ul><\/div>\n<p> <!-- Secci\u00f3n de especificaciones --> <\/p>\n<div style='display: flex; flex-wrap: wrap; gap: 20px; margin-bottom: 30px;'>\n<div style='flex: 1 1 250px; border: 1px solid rgba(150&comma; 150&comma; 150&comma; 0.4); border-radius: 8px; overflow: hidden; display: flex; flex-direction: column;'>\n<div style='padding: 15px; border-bottom: 1px solid rgba(150&comma; 150&comma; 150&comma; 0.2); font-weight: bold; font-size: 18px; color: inherit;'>Especificaciones Generales<\/div>\n<div style='padding: 15px; color: inherit;'>\n<ul style='padding-left: 20px; margin: 0; font-size: 14px; list-style-type: disc;'>\n<li style='margin-bottom: 5px;'><strong>Dimensiones:<\/strong> 448.72 mm \u00d7 387.53 mm \u00d7 225.44 mm<\/li>\n<li style='margin-bottom: 5px;'><strong>Peso:<\/strong> 5.2 kg (11.46 lb.)<\/li>\n<li style='margin-bottom: 5px;'><strong>Temperatura de operaci\u00f3n:<\/strong> -40 \u00b0C a 60 \u00b0C (-40 \u00b0F a 140 \u00b0F)<\/li>\n<li style='margin-bottom: 5px;'><strong>Humedad:<\/strong> 95% o menos (no condensante)<\/li>\n<\/ul><\/div>\n<\/p><\/div>\n<div style='flex: 1 1 250px; border: 1px solid rgba(150&comma;150&comma;150&comma;0.4); border-radius: 8px; overflow: hidden; display: flex; flex-direction: column;'>\n<div style='padding: 15px; border-bottom: 1px solid rgba(150&comma;150&comma;150&comma;0.2); font-weight: bold; font-size: 18px; color: inherit;'>Capacidad de Carga<\/div>\n<div style='padding: 15px; color: inherit;'>\n<ul style='padding-left: 20px; margin: 0; font-size: 14px; list-style-type: disc;'>\n<li style='margin-bottom: 5px;'><strong>Panel frontal:<\/strong> 8 kg (17.64 lb.)<\/li>\n<li style='margin-bottom: 5px;'><strong>Panel lateral:<\/strong> 5 kg (11.02 lb.)<\/li>\n<\/ul><\/div>\n<\/p><\/div>\n<div style='flex: 1 1 250px; border: 1px solid rgba(150&comma;150&comma;150&comma;0.4); border-radius: 8px; overflow: hidden; display: flex; flex-direction: column;'>\n<div style='padding: 15px; border-bottom: 1px solid rgba(150&comma;150&comma;150&comma;0.2); font-weight: bold; font-size: 18px; color: inherit;'>Grado de Protecci\u00f3n<\/div>\n<div style='padding: 15px; color: inherit;'>\n<ul style='padding-left: 20px; margin: 0; font-size: 14px; list-style-type: disc;'>\n<li style='margin-bottom: 5px;'>IP66<\/li>\n<li style='margin-bottom: 5px;'>IK10<\/li>\n<\/ul><\/div>\n<\/p><\/div>\n<div style='flex: 1 1 250px; border: 1px solid rgba(150&comma;150&comma;150&comma;0.4); border-radius: 8px; overflow: hidden; display: flex; flex-direction: column;'>\n<div style='padding: 15px; border-bottom: 1px solid rgba(150&comma;150&comma;150&comma;0.2); font-weight: bold; font-size: 18px; color: inherit;'>Contenido del Paquete<\/div>\n<div style='padding: 15px; color: inherit;'>\n<ul style='padding-left: 20px; margin: 0; font-size: 14px; list-style-type: disc;'>\n<li style='margin-bottom: 5px;'>Caja de seguridad: \u00d71<\/li>\n<li style='margin-bottom: 5px;'>Placa posterior: \u00d71<\/li>\n<li style='margin-bottom: 5px;'>Tablero perforado: \u00d71<\/li>\n<li style='margin-bottom: 5px;'>Placa de estantes: \u00d71<\/li>\n<li style='margin-bottom: 5px;'>Riel DIN: \u00d72<\/li>\n<\/ul><\/div>\n<\/p><\/div>\n<div style='flex: 1 1 250px; border: 1px solid rgba(150&comma;150&comma;150&comma;0.4); border-radius: 8px; overflow: hidden; display: flex; flex-direction: column;'>\n<div style='padding: 15px; border-bottom: 1px solid rgba(150&comma;150&comma;150&comma;0.2); font-weight: bold; font-size: 18px; color: inherit;'>Tornillos y Accesorios<\/div>\n<div style='padding: 15px; color: inherit;'>\n<ul style='padding-left: 20px; margin: 0; font-size: 14px; list-style-type: disc;'>\n<li style='margin-bottom: 5px;'>Tornillo Phillips (M8 \u00d7 20): \u00d74<\/li>\n<li style='margin-bottom: 5px;'>Tornillo Phillips (M8 \u00d7 12): \u00d72<\/li>\n<li style='margin-bottom: 5px;'>Tornillo Phillips (M4 \u00d7 10): \u00d712<\/li>\n<li style='margin-bottom: 5px;'>Tornillo autorroscante (M3 \u00d7 10): \u00d710<\/li>\n<li style='margin-bottom: 5px;'>Tornillo hexagonal Phillips (M8 \u00d7 25): \u00d74<\/li>\n<li style='margin-bottom: 5px;'>Tornillo hexagonal (M6 \u00d7 25): \u00d74<\/li>\n<\/ul><\/div>\n<\/p><\/div>\n<div style='flex: 1 1 250px; border: 1px solid rgba(150&comma;150&comma;150&comma;0.4); border-radius: 8px; overflow: hidden; display: flex; flex-direction: column;'>\n<div style='padding: 15px; border-bottom: 1px solid rgba(150&comma;150&comma;150&comma;0.2); font-weight: bold; font-size: 18px; color: inherit;'>Herramientas<\/div>\n<div style='padding: 15px; color: inherit;'>\n<ul style='padding-left: 20px; margin: 0; font-size: 14px; list-style-type: disc;'>\n<li style='margin-bottom: 5px;'>Llave de vaso hexagonal: \u00d71<\/li>\n<li style='margin-bottom: 5px;'>Pasador cil\u00edndrico (M4 \u00d7 40): \u00d74<\/li>\n<\/ul><\/div>\n<\/p><\/div>\n<div style='flex: 1 1 250px; border: 1px solid rgba(150&comma;150&comma;150&comma;0.4); border-radius: 8px; overflow: hidden; display: flex; flex-direction: column;'>\n<div style='padding: 15px; border-bottom: 1px solid rgba(150&comma;150&comma;150&comma;0.2); font-weight: bold; font-size: 18px; color: inherit;'>Conectores y Sellos<\/div>\n<div style='padding: 15px; color: inherit;'>\n<ul style='padding-left: 20px; margin: 0; font-size: 14px; list-style-type: disc;'>\n<li style='margin-bottom: 5px;'>Conector impermeable 1 (5 a 6.5 mm): \u00d73<\/li>\n<li style='margin-bottom: 5px;'>Conector impermeable 2 (6.5 a 8 mm): \u00d73<\/li>\n<li style='margin-bottom: 5px;'>Accesorio para cable de red: \u00d71<\/li>\n<li style='margin-bottom: 5px;'>Tuerca de cable (G3\/4): \u00d71<\/li>\n<li style='margin-bottom: 5px;'>Tuerca de cable (M20): \u00d72<\/li>\n<\/ul><\/div>\n<\/p><\/div>\n<\/p><\/div>\n<p> <!-- Separador --> <\/p>\n<hr style='border: 0; border-top: 1px solid rgba(150&comma; 150&comma; 150&comma; 0.3); margin: 30px 0;'> <\/div>\n","protected":false},"excerpt":{"rendered":"<p>Caja para Videovigilancia para Exterior \/ Uso en Pared o Poste \/ IP66 \/ IK10 \/ Dimensiones: 387 X 432 X 225 mm \/ Soporta 3 Dispositivos (PTZ, Bocinas, C\u00e1maras Fijas)<\/p>\n","protected":false},"featured_media":101019,"comment_status":"open","ping_status":"closed","template":"","meta":[],"product_brand":[],"product_cat":[1272],"product_tag":[1273,417,54],"class_list":{"0":"post-101020","1":"product","2":"type-product","3":"status-publish","4":"has-post-thumbnail","6":"product_cat-accesorios-ethernet-y-fibra","7":"product_tag-accesorios-ethernet-y-fibra","8":"product_tag-accesorios-generales","9":"product_tag-hikvision","11":"first","12":"instock","13":"sale","14":"shipping-taxable","15":"purchasable","16":"product-type-simple"},"_links":{"self":[{"href":"https:\/\/soydeaqui.ddns.net\/pachuca\/index.php\/wp-json\/wp\/v2\/product\/101020","targetHints":{"allow":["GET"]}}],"collection":[{"href":"https:\/\/soydeaqui.ddns.net\/pachuca\/index.php\/wp-json\/wp\/v2\/product"}],"about":[{"href":"https:\/\/soydeaqui.ddns.net\/pachuca\/index.php\/wp-json\/wp\/v2\/types\/product"}],"replies":[{"embeddable":true,"href":"https:\/\/soydeaqui.ddns.net\/pachuca\/index.php\/wp-json\/wp\/v2\/comments?post=101020"}],"wp:featuredmedia":[{"embeddable":true,"href":"https:\/\/soydeaqui.ddns.net\/pachuca\/index.php\/wp-json\/wp\/v2\/media\/101019"}],"wp:attachment":[{"href":"https:\/\/soydeaqui.ddns.net\/pachuca\/index.php\/wp-json\/wp\/v2\/media?parent=101020"}],"wp:term":[{"taxonomy":"product_brand","embeddable":true,"href":"https:\/\/soydeaqui.ddns.net\/pachuca\/index.php\/wp-json\/wp\/v2\/product_brand?post=101020"},{"taxonomy":"product_cat","embeddable":true,"href":"https:\/\/soydeaqui.ddns.net\/pachuca\/index.php\/wp-json\/wp\/v2\/product_cat?post=101020"},{"taxonomy":"product_tag","embeddable":true,"href":"https:\/\/soydeaqui.ddns.net\/pachuca\/index.php\/wp-json\/wp\/v2\/product_tag?post=101020"}],"curies":[{"name":"wp","href":"https:\/\/api.w.org\/{rel}","templated":true}]}}