{"id":101018,"date":"2026-03-20T11:41:26","date_gmt":"2026-03-20T11:41:26","guid":{"rendered":"https:\/\/soydeaqui.ddns.net\/pachuca\/index.php\/producto\/caja-para-videovigilancia-para-exterior-uso-en-montaje-o-pared-ip66-ik10-dimensiones-306-x-220-x-130-mm-soporta-1-dispositivo-ptz-bocina-camara-fija\/"},"modified":"2026-03-20T11:41:27","modified_gmt":"2026-03-20T11:41:27","slug":"caja-para-videovigilancia-para-exterior-uso-en-montaje-o-pared-ip66-ik10-dimensiones-306-x-220-x-130-mm-soporta-1-dispositivo-ptz-bocina-camara-fija","status":"publish","type":"product","link":"https:\/\/soydeaqui.ddns.net\/pachuca\/index.php\/producto\/caja-para-videovigilancia-para-exterior-uso-en-montaje-o-pared-ip66-ik10-dimensiones-306-x-220-x-130-mm-soporta-1-dispositivo-ptz-bocina-camara-fija\/","title":{"rendered":"Caja para Videovigilancia para Exterior \/ Uso en Montaje o Pared \/ IP66 \/ IK10 \/ Dimensiones: 306 X 220 X 130 mm \/ Soporta 1 Dispositivo (PTZ, Bocina, C\u00e1mara Fija)"},"content":{"rendered":"<div style='width: 100%; max-width: 1200px; margin: 0 auto; font-family: sans-serif; line-height: 1.6; color: inherit; background-color: transparent;'>\n<div style='display: flex; flex-wrap: wrap; gap: 30px; margin-bottom: 30px;'>\n<div style='flex: 1 1 300px; min-width: 280px;'>\n<h3 style='font-size: 22px; border-bottom: 2px solid currentColor; padding-bottom: 5px; margin-top: 0; color: inherit; opacity: 0.8;'>Caracter\u00edsticas Principales<\/h3>\n<ul style='padding-left: 20px; font-size: 15px; color: inherit;'>\n<li style='margin-bottom: 5px;'>IP66 &amp; IK10 de protecci\u00f3n<\/li>\n<li style='margin-bottom: 5px;'>Material de alta resistencia (Ign\u00edfugo UL94-V0)<\/li>\n<li style='margin-bottom: 5px;'>Instalaci\u00f3n r\u00e1pida y f\u00e1cil para montaje en poste o pared<\/li>\n<li style='margin-bottom: 5px;'>Adaptable para c\u00e1maras IP&comma; PTZ y bocinas de red Hikvision<\/li>\n<li style='margin-bottom: 5px;'>Recomendado para uso con el soporte DS-1275ZJ-SUS cuando el di\u00e1metro del poste est\u00e1 entre 67 mm y 127 mm<\/li>\n<\/ul><\/div>\n<div style='flex: 1 1 300px; min-width: 280px;'>\n<h3 style='font-size: 22px; border-bottom: 2px solid currentColor; padding-bottom: 5px; margin-top: 0; color: inherit; opacity: 0.8;'>Especificaciones T\u00e9cnicas<\/h3>\n<ul style='padding-left: 20px; font-size: 15px; color: inherit;'>\n<li style='margin-bottom: 5px;'><strong>Material:<\/strong> PC\/ASA<\/li>\n<li style='margin-bottom: 5px;'><strong>Peso:<\/strong> 2.5 kg (5.51 lb.)<\/li>\n<li style='margin-bottom: 5px;'><strong>Temperatura de operaci\u00f3n:<\/strong> -40 \u00b0C a 60 \u00b0C (-40 \u00b0F a 140 \u00b0F)<\/li>\n<li style='margin-bottom: 5px;'><strong>Humedad:<\/strong> 95% o menos (no condensante)<\/li>\n<li style='margin-bottom: 5px;'><strong>Capacidad de carga:<\/strong> 8 kg (17.64 lb.) en la placa frontal<\/li>\n<li style='margin-bottom: 5px;'><strong>Protecci\u00f3n:<\/strong> IP66 &amp; IK10<\/li>\n<\/ul><\/div>\n<\/p><\/div>\n<div style='display: flex; flex-wrap: wrap; gap: 20px; margin-bottom: 30px;'>\n<div style='flex: 1 1 250px; border: 1px solid rgba(150&comma; 150&comma; 150&comma; 0.4); border-radius: 8px; overflow: hidden; display: flex; flex-direction: column;'>\n<div style='padding: 15px; border-bottom: 1px solid rgba(150&comma; 150&comma; 150&comma; 0.2); font-weight: bold; font-size: 18px; color: inherit;'>Contenido del Empaque<\/div>\n<div style='padding: 15px; color: inherit;'>\n<ul style='padding-left: 20px; margin: 0; font-size: 14px; list-style-type: disc;'>\n<li style='margin-bottom: 5px;'>Caja de seguridad: \u00d71<\/li>\n<li style='margin-bottom: 5px;'>Placa trasera: \u00d71<\/li>\n<li style='margin-bottom: 5px;'>Tablero perforado: \u00d71<\/li>\n<li style='margin-bottom: 5px;'>Placa de estante: \u00d71<\/li>\n<li style='margin-bottom: 5px;'>Carril DIN: \u00d72<\/li>\n<li style='margin-bottom: 5px;'>Tornillo Phillips (M8 \u00d7 20): \u00d78<\/li>\n<li style='margin-bottom: 5px;'>Tornillo Phillips (M8 \u00d7 12): \u00d72<\/li>\n<li style='margin-bottom: 5px;'>Tornillo Phillips (M4 \u00d7 10): \u00d74<\/li>\n<li style='margin-bottom: 5px;'>Tornillo autorroscante (M3 \u00d7 10): \u00d710<\/li>\n<li style='margin-bottom: 5px;'>Tornillo hexagonal Phillips (M8 \u00d7 25): \u00d74<\/li>\n<li style='margin-bottom: 5px;'>Tornillo hexagonal (M6 \u00d7 25): \u00d74<\/li>\n<li style='margin-bottom: 5px;'>Llave de vaso hexagonal: \u00d71<\/li>\n<li style='margin-bottom: 5px;'>Pasador cil\u00edndrico (M4 \u00d7 40): \u00d74<\/li>\n<li style='margin-bottom: 5px;'>Conector impermeable 1 (5 a 6.5 mm): \u00d71<\/li>\n<li style='margin-bottom: 5px;'>Conector impermeable 2 (6.5 a 8 mm): \u00d71<\/li>\n<li style='margin-bottom: 5px;'>Accesorios para cable de red: \u00d71<\/li>\n<li style='margin-bottom: 5px;'>Rosca para cable (G3\/4): \u00d71<\/li>\n<li style='margin-bottom: 5px;'>Rosca para cable (M20): \u00d72<\/li>\n<li style='margin-bottom: 5px;'>Banda de sujeci\u00f3n met\u00e1lica: \u00d73<\/li>\n<\/ul><\/div>\n<\/p><\/div>\n<div style='flex: 1 1 250px; border: 1px solid rgba(150&comma; 150&comma; 150&comma; 0.4); border-radius: 8px; overflow: hidden; display: flex; flex-direction: column;'>\n<div style='padding: 15px; border-bottom: 1px solid rgba(150&comma; 150&comma; 150&comma; 0.2); font-weight: bold; font-size: 18px; color: inherit;'>Modelos Compatibles<\/div>\n<div style='padding: 15px; color: inherit;'>\n<ul style='padding-left: 20px; margin: 0; font-size: 14px; list-style-type: disc;'>\n<li style='margin-bottom: 5px;'>DS-1602ZJ<\/li>\n<li style='margin-bottom: 5px;'>DS-1280ZJ-XS<\/li>\n<li style='margin-bottom: 5px;'>DS-1280ZJ-DM21<\/li>\n<li style='margin-bottom: 5px;'>DS-1618ZJ<\/li>\n<li style='margin-bottom: 5px;'>DS-1260ZJ<\/li>\n<li style='margin-bottom: 5px;'>DS-QAZ1307G1T-E(C)<\/li>\n<li style='margin-bottom: 5px;'>DS-1276ZJ-SUS<\/li>\n<li style='margin-bottom: 5px;'>DS-1280ZJ-DM8<\/li>\n<li style='margin-bottom: 5px;'>DS-1280ZJ-DM45<\/li>\n<li style='margin-bottom: 5px;'>DS-1275ZJ-SUS<\/li>\n<li style='margin-bottom: 5px;'>DS-1280ZJ-DM46<\/li>\n<li style='margin-bottom: 5px;'>DS-4603ZJ-WA<\/li>\n<\/ul><\/div>\n<\/p><\/div>\n<div style='flex: 1 1 250px; border: 1px solid rgba(150&comma; 150&comma; 150&comma; 0.4); border-radius: 8px; overflow: hidden; display: flex; flex-direction: column;'>\n<div style='padding: 15px; border-bottom: 1px solid rgba(150&comma; 150&comma; 150&comma; 0.2); font-weight: bold; font-size: 18px; color: inherit;'>Dimensiones<\/div>\n<div style='padding: 15px; color: inherit;'>\n<ul style='padding-left: 20px; margin: 0; font-size: 14px; list-style-type: disc;'>\n<li style='margin-bottom: 5px;'>306 X 220 X 130 mm<\/li>\n<\/ul><\/div>\n<\/p><\/div>\n<\/p><\/div>\n<div style='display: flex; flex-wrap: wrap; gap: 30px; margin-bottom: 30px;'>\n<div style='flex: 1 1 300px; min-width: 280px;'>\n<h3 style='font-size: 22px; border-bottom: 2px solid currentColor; padding-bottom: 5px; margin-top: 0; color: inherit; opacity: 0.8;'>Aplicaciones<\/h3>\n<ul style='padding-left: 20px; font-size: 15px; color: inherit;'>\n<li style='margin-bottom: 5px;'>Ideal para uso en exteriores con protecci\u00f3n contra polvo y agua (IP66)<\/li>\n<li style='margin-bottom: 5px;'>Resistente a impactos (IK10) para entornos exigentes<\/li>\n<li style='margin-bottom: 5px;'>Soporta hasta 1 dispositivo (PTZ&comma; bocina&comma; c\u00e1mara fija)<\/li>\n<li style='margin-bottom: 5px;'>Adecuada para instalaciones en postes o paredes<\/li>\n<\/ul><\/div>\n<\/p><\/div>\n<div style='display: flex; flex-wrap: wrap; gap: 30px; margin-bottom: 30px;'>\n<div style='flex: 1 1 300px; min-width: 280px;'>\n<h3 style='font-size: 22px; border-bottom: 2px solid currentColor; padding-bottom: 5px; margin-top: 0; color: inherit; opacity: 0.8;'>Im\u00e1genes<\/h3>\n<div style='margin-bottom: 15px;'> <img style='width: 100%; height: auto; border: 1px solid rgba(150&comma;150&comma;150&comma;0.3); border-radius: 8px;' src='https:\/\/ftp3.syscom.mx\/usuarios\/marroyo\/Hikvision\/montajes.jpg' alt=''> <\/div>\n<div style='margin-bottom: 15px;'> <img style='width: 100%; height: auto; border: 1px solid rgba(150&comma;150&comma;150&comma;0.3); border-radius: 8px;' src='https:\/\/mail.google.com\/mail\/u\/0?ui=2&#038;ik=c3a9a2c41d&#038;attid=0.0.2&#038;permmsgid=msg-f:1833463794278341850&#038;th=1971c59b56801cda&#038;view=fimg&#038;fur=ip&#038;permmsgid=msg-f:1833463794278341850&#038;sz=s0-l75-ft&#038;attbid=ANGjdJ8QUQ3-En4t9ULrxyu92NgCHgs2unMRD8fOh21vNXL0qIGrxooUH3joJC8L_Dx3NbrpNTOeGY_yQ78_xm359Ekq9W45wALrBWzflY8QcjpLTKXDREQs91EZpy0&#038;disp=emb&#038;realattid=ii_mb9fydmo1&#038;zw' alt=''> <\/div>\n<\/p><\/div>\n<div style='flex: 1 1 300px; min-width: 280px;'>\n<h3 style='font-size: 22px; border-bottom: 2px solid currentColor; padding-bottom: 5px; margin-top: 0; color: inherit; opacity: 0.8;'>Video<\/h3>\n<div style='position: relative; padding-bottom: 56.25%; height: 0; overflow: hidden; margin-bottom: 30px;'> <video style='position: absolute; top: 0; left: 0; width: 100%; height: 100%; border: none;' controls='controls' loop='loop' muted='muted'><source src='https:\/\/ftp3.syscom.mx\/usuarios\/marroyo\/Hikvision\/videohik.mp4' type='video\/mp4'>Tu navegador no soporta el elemento de video.<\/video> <\/div>\n<\/p><\/div>\n<\/p><\/div>\n<hr style='border: 0; border-top: 1px solid rgba(150&comma; 150&comma; 150&comma; 0.3); margin: 30px 0;'> <\/div>\n","protected":false},"excerpt":{"rendered":"<p>Caja para Videovigilancia para Exterior \/ Uso en Montaje o Pared \/ IP66 \/ IK10 \/ Dimensiones: 306 X 220 X 130 mm \/ Soporta 1 Dispositivo (PTZ, Bocina, C\u00e1mara Fija)<\/p>\n","protected":false},"featured_media":101017,"comment_status":"open","ping_status":"closed","template":"","meta":[],"product_brand":[],"product_cat":[416],"product_tag":[417,54,418],"class_list":{"0":"post-101018","1":"product","2":"type-product","3":"status-publish","4":"has-post-thumbnail","6":"product_cat-montajes-y-brackets-para-camaras","7":"product_tag-accesorios-generales","8":"product_tag-hikvision","9":"product_tag-montajes-y-brackets-para-camaras","11":"first","12":"instock","13":"sale","14":"shipping-taxable","15":"purchasable","16":"product-type-simple"},"_links":{"self":[{"href":"https:\/\/soydeaqui.ddns.net\/pachuca\/index.php\/wp-json\/wp\/v2\/product\/101018","targetHints":{"allow":["GET"]}}],"collection":[{"href":"https:\/\/soydeaqui.ddns.net\/pachuca\/index.php\/wp-json\/wp\/v2\/product"}],"about":[{"href":"https:\/\/soydeaqui.ddns.net\/pachuca\/index.php\/wp-json\/wp\/v2\/types\/product"}],"replies":[{"embeddable":true,"href":"https:\/\/soydeaqui.ddns.net\/pachuca\/index.php\/wp-json\/wp\/v2\/comments?post=101018"}],"wp:featuredmedia":[{"embeddable":true,"href":"https:\/\/soydeaqui.ddns.net\/pachuca\/index.php\/wp-json\/wp\/v2\/media\/101017"}],"wp:attachment":[{"href":"https:\/\/soydeaqui.ddns.net\/pachuca\/index.php\/wp-json\/wp\/v2\/media?parent=101018"}],"wp:term":[{"taxonomy":"product_brand","embeddable":true,"href":"https:\/\/soydeaqui.ddns.net\/pachuca\/index.php\/wp-json\/wp\/v2\/product_brand?post=101018"},{"taxonomy":"product_cat","embeddable":true,"href":"https:\/\/soydeaqui.ddns.net\/pachuca\/index.php\/wp-json\/wp\/v2\/product_cat?post=101018"},{"taxonomy":"product_tag","embeddable":true,"href":"https:\/\/soydeaqui.ddns.net\/pachuca\/index.php\/wp-json\/wp\/v2\/product_tag?post=101018"}],"curies":[{"name":"wp","href":"https:\/\/api.w.org\/{rel}","templated":true}]}}