{"id":101006,"date":"2026-03-20T11:40:50","date_gmt":"2026-03-20T11:40:50","guid":{"rendered":"https:\/\/soydeaqui.ddns.net\/pachuca\/index.php\/producto\/nvr-wisenet-wave-basada-en-windows-montable-en-rack-1u-470-mbps-throughput\/"},"modified":"2026-03-20T11:40:58","modified_gmt":"2026-03-20T11:40:58","slug":"nvr-wisenet-wave-basada-en-windows-montable-en-rack-1u-470-mbps-throughput","status":"publish","type":"product","link":"https:\/\/soydeaqui.ddns.net\/pachuca\/index.php\/producto\/nvr-wisenet-wave-basada-en-windows-montable-en-rack-1u-470-mbps-throughput\/","title":{"rendered":"NVR Wisenet WAVE basada en Windows \/ Montable en Rack 1U \/ 470 Mbps throughput"},"content":{"rendered":"<div style='width: 100%; max-width: 1200px; margin: 0 auto; font-family: sans-serif; line-height: 1.6; color: inherit; background-color: transparent;'>\n<div style='width: 100%; margin-bottom: 30px;'> <img style='width: 100%; height: auto; border: 1px solid rgba(150&comma;150&comma;150&comma;0.3); border-radius: 8px;' src='https:\/\/ftp3.syscom.mx\/usuarios\/gmagos\/Hanwha\/fotos\/plantilla-iconos-win.jpg' alt=''> <\/div>\n<h2 style='font-size: 20px; border-bottom: 2px solid currentColor; padding-bottom: 5px; margin-top: 0; color: inherit; opacity: 0.8; text-align: center;'>Caracter\u00edsticas t\u00e9cnicas<\/h2>\n<div style='display: flex; flex-wrap: wrap; gap: 30px; margin-top: 30px;'> <!-- Columna 1 --> <\/p>\n<div style='flex: 1 1 300px; min-width: 280px;'>\n<div style='border: 1px solid rgba(150&comma; 150&comma; 150&comma; 0.4); border-radius: 8px; padding: 15px; background-color: rgba(255&comma; 255&comma; 255&comma; 0.02);'>\n<h3 style='font-size: 18px; border-bottom: 1px solid rgba(150&comma;150&comma;150&comma;0.2); padding-bottom: 8px; margin-top: 0; margin-bottom: 15px; color: inherit; opacity: 0.9;'>Sistema<\/h3>\n<ul style='padding-left: 20px; font-size: 14px; color: inherit; list-style: disc;'>\n<li style='margin-bottom: 5px;'>Software VMS: Wisenet WAVE<\/li>\n<li style='margin-bottom: 5px;'>Ancho de banda para grabacion: 470 Mbps<\/li>\n<li style='margin-bottom: 5px;'>Disco duro sistema operativo: 1 x 480GB SSD<\/li>\n<li style='margin-bottom: 5px;'>Bahias para discos duros adicionales: 4 x 3.5 SATA Hot Swap (1 usado para SO)<\/li>\n<li style='margin-bottom: 5px;'>Capacidad maxima de disco duro: Hasta 42 TB en Crudo<\/li>\n<li style='margin-bottom: 5px;'>Procesador: 1x intel Xeon E-2224&comma; 3.3 a 4.30 Ghz (4 Nucleos)<\/li>\n<li style='margin-bottom: 5px;'>Memoria: 16 GB DDR4<\/li>\n<li style='margin-bottom: 5px;'>Windows 10 Profesional<\/li>\n<\/ul><\/div>\n<\/p><\/div>\n<p> <!-- Columna 2 --> <\/p>\n<div style='flex: 1 1 300px; min-width: 280px;'>\n<div style='border: 1px solid rgba(150&comma; 150&comma; 150&comma; 0.4); border-radius: 8px; padding: 15px; background-color: rgba(255&comma; 250&comma; 250&comma; 0.02);'>\n<h3 style='font-size: 18px; border-bottom: 1px solid rgba(150&comma;150&comma;150&comma;0.2); padding-bottom: 8px; margin-top: 0; margin-bottom: 15px; color: inherit; opacity: 0.9;'>Interfaces<\/h3>\n<ul style='padding-left: 20px; font-size: 14px; color: inherit; list-style: disc;'>\n<li style='margin-bottom: 5px;'>Interfaces de red: 2 x RJ45&comma; Gigabit Ethernet.<\/li>\n<li style='margin-bottom: 5px;'>Salidas de video: 1 VGA (Solo para configuracion&comma; no optimizada para visualizacion de camaras).<\/li>\n<li style='margin-bottom: 5px;'>Puertos USB: 2 USB 3.0 Traseros&comma; 1 USB 2.0 Frontal y 1 USB 3.0 Interno.<\/li>\n<li style='margin-bottom: 5px;'>Otros puertos: Serial.<\/li>\n<\/ul>\n<h3 style='font-size: 18px; border-bottom: 1px solid rgba(150&comma;150&comma;150&comma;0.2); padding-bottom: 8px; margin-top: 20px; margin-bottom: 15px; color: inherit; opacity: 0.9;'>Caracter\u00edsticas F\u00edsicas y El\u00e9ctricas<\/h3>\n<ul style='padding-left: 20px; font-size: 14px; color: inherit; list-style: disc;'>\n<li style='margin-bottom: 5px;'>Fuente de poder: 250 W Bronce<\/li>\n<li style='margin-bottom: 5px;'>Entrada de voltaje: 100 &#8211; 240 VCA<\/li>\n<li style='margin-bottom: 5px;'>Consumo maximo: 250 W<\/li>\n<\/ul><\/div>\n<\/p><\/div>\n<p> <!-- Columna 3 --> <\/p>\n<div style='flex: 1 1 300px; min-width: 280px;'>\n<div style='border: 1px solid rgba(150&comma; 150&comma; 150&comma; 0.4); border-radius: 8px; padding: 15px; background-color: rgba(255&comma; 255&comma; 255&comma; 0.02);'>\n<h3 style='font-size: 18px; border-bottom: 1px solid rgba(150&comma;150&comma;150&comma;0.2); padding-bottom: 8px; margin-top: 0; margin-bottom: 15px; color: inherit; opacity: 0.9;'>Mec\u00e1nico<\/h3>\n<ul style='padding-left: 20px; font-size: 14px; color: inherit; list-style: disc;'>\n<li style='margin-bottom: 5px;'>Forma del equipo: Chassis montable en Rack 1U<\/li>\n<li style='margin-bottom: 5px;'>Color \/ Material: Negro \/ Metal<\/li>\n<li style='margin-bottom: 5px;'>Dimensiones: 482.6 mm x 614.68 mm x 42.8mm<\/li>\n<li style='margin-bottom: 5px;'>Peso: 12.2 Kg maximo.<\/li>\n<\/ul>\n<h3 style='font-size: 18px; border-bottom: 1px solid rgba(150&comma;150&comma;150&comma;0.2); padding-bottom: 8px; margin-top: 20px; margin-bottom: 15px; color: inherit; opacity: 0.9;'>Ambiental<\/h3>\n<ul style='padding-left: 20px; font-size: 14px; color: inherit; list-style: disc;'>\n<li style='margin-bottom: 5px;'>Temperatura de operacion: 10 a 35 \u00baC<\/li>\n<li style='margin-bottom: 5px;'>Temperatura de almacenamiento: -40 a 65 \u00baC<\/li>\n<li style='margin-bottom: 5px;'>Humedad de operacion: 10% a 80% RH sin condensacion.<\/li>\n<\/ul>\n<h3 style='font-size: 18px; border-bottom: 1px solid rgba(150&comma;150&comma;150&comma;0.2); padding-bottom: 8px; margin-top: 20px; margin-bottom: 15px; color: inherit; opacity: 0.9;'>Certificaciones<\/h3>\n<ul style='padding-left: 20px; font-size: 14px; color: inherit; list-style: disc;'>\n<li style='margin-bottom: 5px;'>UL&comma; cUL&comma; CB&comma; FCC&comma; 80 Plus Gold<\/li>\n<\/ul><\/div>\n<\/p><\/div>\n<\/p><\/div>\n<\/p><\/div>\n","protected":false},"excerpt":{"rendered":"<p>NVR Wisenet WAVE basada en Windows \/ Montable en Rack 1U \/ 470 Mbps throughput<\/p>\n","protected":false},"featured_media":101005,"comment_status":"open","ping_status":"closed","template":"","meta":[],"product_brand":[],"product_cat":[2236],"product_tag":[1055,2065,2237],"class_list":{"0":"post-101006","1":"product","2":"type-product","3":"status-publish","4":"has-post-thumbnail","6":"product_cat-servidores-de-aplicacion","7":"product_tag-hanwha-vision","8":"product_tag-servidores-almacenamiento","9":"product_tag-servidores-de-aplicacion","11":"first","12":"outofstock","13":"sale","14":"shipping-taxable","15":"purchasable","16":"product-type-simple"},"_links":{"self":[{"href":"https:\/\/soydeaqui.ddns.net\/pachuca\/index.php\/wp-json\/wp\/v2\/product\/101006","targetHints":{"allow":["GET"]}}],"collection":[{"href":"https:\/\/soydeaqui.ddns.net\/pachuca\/index.php\/wp-json\/wp\/v2\/product"}],"about":[{"href":"https:\/\/soydeaqui.ddns.net\/pachuca\/index.php\/wp-json\/wp\/v2\/types\/product"}],"replies":[{"embeddable":true,"href":"https:\/\/soydeaqui.ddns.net\/pachuca\/index.php\/wp-json\/wp\/v2\/comments?post=101006"}],"wp:featuredmedia":[{"embeddable":true,"href":"https:\/\/soydeaqui.ddns.net\/pachuca\/index.php\/wp-json\/wp\/v2\/media\/101005"}],"wp:attachment":[{"href":"https:\/\/soydeaqui.ddns.net\/pachuca\/index.php\/wp-json\/wp\/v2\/media?parent=101006"}],"wp:term":[{"taxonomy":"product_brand","embeddable":true,"href":"https:\/\/soydeaqui.ddns.net\/pachuca\/index.php\/wp-json\/wp\/v2\/product_brand?post=101006"},{"taxonomy":"product_cat","embeddable":true,"href":"https:\/\/soydeaqui.ddns.net\/pachuca\/index.php\/wp-json\/wp\/v2\/product_cat?post=101006"},{"taxonomy":"product_tag","embeddable":true,"href":"https:\/\/soydeaqui.ddns.net\/pachuca\/index.php\/wp-json\/wp\/v2\/product_tag?post=101006"}],"curies":[{"name":"wp","href":"https:\/\/api.w.org\/{rel}","templated":true}]}}