{"id":101002,"date":"2026-03-20T11:40:40","date_gmt":"2026-03-20T11:40:40","guid":{"rendered":"https:\/\/soydeaqui.ddns.net\/pachuca\/index.php\/producto\/bobina-de-cable-siams-cat6-utp-100-cobre-2-cables-gruesos-18-awg-para-alimentar-cmaras-ms-lejos-152-metros-500-pies-instalacin-en-exterior-uso-industrial-para-climas-extremos\/"},"modified":"2026-03-20T11:40:47","modified_gmt":"2026-03-20T11:40:47","slug":"bobina-de-cable-siams-cat6-utp-100-cobre-2-cables-gruesos-18-awg-para-alimentar-cmaras-ms-lejos-152-metros-500-pies-instalacin-en-exterior-uso-industrial-para-climas-extremos","status":"publish","type":"product","link":"https:\/\/soydeaqui.ddns.net\/pachuca\/index.php\/producto\/bobina-de-cable-siams-cat6-utp-100-cobre-2-cables-gruesos-18-awg-para-alimentar-cmaras-ms-lejos-152-metros-500-pies-instalacin-en-exterior-uso-industrial-para-climas-extremos\/","title":{"rendered":"Bobina de Cable Siam?s Cat6 UTP 100% Cobre + 2 Cables Gruesos (18 AWG) para Alimentar C?maras M?s Lejos \/ 152 Metros (500 Pies) \/ Instalaci?n en Exterior \/ Uso Industrial para Climas Extremos"},"content":{"rendered":"<div style='width: 100%; max-width: 1200px; margin: 0 auto; font-family: sans-serif; line-height: 1.6; color: inherit; background-color: transparent;'>\n<div style='display: flex; flex-wrap: wrap; gap: 30px; margin-bottom: 30px;'>\n<div style='flex: 1 1 300px; min-width: 280px;'>\n<h3 style='font-size: 22px; border-bottom: 2px solid currentColor; padding-bottom: 5px; margin-top: 0; color: inherit; opacity: 0.8;'>Caracter\u00edsticas principales<\/h3>\n<ul style='padding-left: 20px; font-size: 15px; color: inherit;'>\n<li style='margin-bottom: 5px;'>Sistemas de video vigilancia IP<\/li>\n<li style='margin-bottom: 5px;'>Control de acceso y automatizaci\u00f3n<\/li>\n<li style='margin-bottom: 5px;'>Transmisi\u00f3n de datos y alimentaci\u00f3n en un solo tendido<\/li>\n<li style='margin-bottom: 5px;'>Para aplicaciones de alta velocidad de datos<\/li>\n<\/ul><\/div>\n<div style='flex: 1 1 300px; min-width: 280px;'>\n<h3 style='font-size: 22px; border-bottom: 2px solid currentColor; padding-bottom: 5px; margin-top: 0; color: inherit; opacity: 0.8;'>Caracter\u00edsticas F\u00edsicas y El\u00e9ctricas<\/h3>\n<ul style='padding-left: 20px; font-size: 15px; color: inherit;'>\n<li style='margin-bottom: 5px;'>Conductor: 100% Cobre.<\/li>\n<li style='margin-bottom: 5px;'>Para instalaciones en exterior (CMX&comma; UV Rated ).<\/li>\n<li style='margin-bottom: 5px;'>Dise\u00f1ado para Aplicaciones de datos de alta velocidad&comma; Fast Ethernet y Gigabit Ethernet.<\/li>\n<li style='margin-bottom: 5px;'>Color Exterior: Negro<\/li>\n<li style='margin-bottom: 5px;'>Calibre: 23 AWG<\/li>\n<li style='margin-bottom: 5px;'>Aislamiento: PVC.<\/li>\n<li style='margin-bottom: 5px;'>Cable de drenado a tierra 100% cobre.<\/li>\n<li style='margin-bottom: 5px;'>Con blindaje: (Poli\u00e9ster Aluminizado) Mayor protecci\u00f3n contra interferencias El\u00e9ctricas&comma; Contra Propagaci\u00f3n a la flama.<\/li>\n<li style='margin-bottom: 5px;'>Di\u00e1metro: (0.55 \u00b1 0.008 mm).<\/li>\n<li style='margin-bottom: 5px;'>Frecuencia: 250 MHz.<\/li>\n<\/ul><\/div>\n<div style='flex: 1 1 300px; min-width: 280px;'>\n<h3 style='font-size: 22px; border-bottom: 2px solid currentColor; padding-bottom: 5px; margin-top: 0; color: inherit; opacity: 0.8;'>Aplicaciones<\/h3>\n<ul style='padding-left: 20px; font-size: 15px; color: inherit;'>\n<li style='margin-bottom: 5px;'>Sistemas de video vigilancia IP<\/li>\n<li style='margin-bottom: 5px;'>Control de acceso y automatizaci\u00f3n<\/li>\n<li style='margin-bottom: 5px;'>Transmisi\u00f3n de datos y alimentaci\u00f3n en un solo tendido<\/li>\n<li style='margin-bottom: 5px;'><strong>Cable de red<\/strong>: 4 pares trenzados&comma; <strong>CAT6<\/strong> (23 AWG)<\/li>\n<li style='margin-bottom: 5px;'><strong>Cable de alimentaci\u00f3n<\/strong>: 2 conductores&comma; <strong>18 AWG<\/strong><\/li>\n<li style='margin-bottom: 5px;'><strong>Material del conductor<\/strong>: Cobre s\u00f3lido desnudo<\/li>\n<li style='margin-bottom: 5px;'><strong>Cubierta<\/strong>: PVC (UL CM)<\/li>\n<\/ul><\/div>\n<\/p><\/div>\n<div style='width: 100%; margin: 30px 0;'> <img style='width: 100%; height: auto; border: 1px solid rgba(150&comma;150&comma;150&comma;0.3); border-radius: 8px;' src='https:\/\/ftp3.syscom.mx\/usuarios\/ccasares\/CCTV\/Guia%20rapida%20de%20seleccion%20de%20cable.jpg' alt=''> <\/div>\n<hr style='border: 0; border-top: 1px solid rgba(150&comma; 150&comma; 150&comma; 0.3); margin: 30px 0;'> <\/div>\n","protected":false},"excerpt":{"rendered":"<p>Bobina de Cable Siam?s Cat6 UTP 100% Cobre + 2 Cables Gruesos (18 AWG) para Alimentar C?maras M?s Lejos \/ 152 Metros (500 Pies) \/ Instalaci?n en Exterior \/ Uso Industrial para Climas Extremos<\/p>\n","protected":false},"featured_media":101001,"comment_status":"open","ping_status":"closed","template":"","meta":[],"product_brand":[],"product_cat":[619],"product_tag":[488,620,435],"class_list":{"0":"post-101002","1":"product","2":"type-product","3":"status-publish","4":"has-post-thumbnail","6":"product_cat-categoria-5e","7":"product_tag-cables-y-conectores","8":"product_tag-categoria-5e","9":"product_tag-linkedpro-by-epcom","11":"first","12":"instock","13":"sale","14":"shipping-taxable","15":"purchasable","16":"product-type-simple"},"_links":{"self":[{"href":"https:\/\/soydeaqui.ddns.net\/pachuca\/index.php\/wp-json\/wp\/v2\/product\/101002","targetHints":{"allow":["GET"]}}],"collection":[{"href":"https:\/\/soydeaqui.ddns.net\/pachuca\/index.php\/wp-json\/wp\/v2\/product"}],"about":[{"href":"https:\/\/soydeaqui.ddns.net\/pachuca\/index.php\/wp-json\/wp\/v2\/types\/product"}],"replies":[{"embeddable":true,"href":"https:\/\/soydeaqui.ddns.net\/pachuca\/index.php\/wp-json\/wp\/v2\/comments?post=101002"}],"wp:featuredmedia":[{"embeddable":true,"href":"https:\/\/soydeaqui.ddns.net\/pachuca\/index.php\/wp-json\/wp\/v2\/media\/101001"}],"wp:attachment":[{"href":"https:\/\/soydeaqui.ddns.net\/pachuca\/index.php\/wp-json\/wp\/v2\/media?parent=101002"}],"wp:term":[{"taxonomy":"product_brand","embeddable":true,"href":"https:\/\/soydeaqui.ddns.net\/pachuca\/index.php\/wp-json\/wp\/v2\/product_brand?post=101002"},{"taxonomy":"product_cat","embeddable":true,"href":"https:\/\/soydeaqui.ddns.net\/pachuca\/index.php\/wp-json\/wp\/v2\/product_cat?post=101002"},{"taxonomy":"product_tag","embeddable":true,"href":"https:\/\/soydeaqui.ddns.net\/pachuca\/index.php\/wp-json\/wp\/v2\/product_tag?post=101002"}],"curies":[{"name":"wp","href":"https:\/\/api.w.org\/{rel}","templated":true}]}}