{"id":100959,"date":"2026-03-20T11:38:49","date_gmt":"2026-03-20T11:38:49","guid":{"rendered":"https:\/\/soydeaqui.ddns.net\/pachuca\/index.php\/producto\/disco-duro-sata-de-35-serie-enterprise-hat5300-capacidad-8tb-7200-rpm-cache-de-512-mb-mtbf-2-5-millones-de-horas-carga-de-trabajo-550-tb-ano-tecnologia-cmr-garantia-de-5-anos\/"},"modified":"2026-03-20T11:38:57","modified_gmt":"2026-03-20T11:38:57","slug":"disco-duro-sata-de-35-serie-enterprise-hat5300-capacidad-8tb-7200-rpm-cache-de-512-mb-mtbf-2-5-millones-de-horas-carga-de-trabajo-550-tb-ano-tecnologia-cmr-garantia-de-5-anos","status":"publish","type":"product","link":"https:\/\/soydeaqui.ddns.net\/pachuca\/index.php\/producto\/disco-duro-sata-de-35-serie-enterprise-hat5300-capacidad-8tb-7200-rpm-cache-de-512-mb-mtbf-2-5-millones-de-horas-carga-de-trabajo-550-tb-ano-tecnologia-cmr-garantia-de-5-anos\/","title":{"rendered":"Disco Duro SATA de 3,5&#8243; Serie Enterprise HAT5300 \/ Capacidad 8TB \/ 7200 RPM \/ Cach\u00e9 de 512 MB \/ MTBF 2.5 Millones de Horas \/ Carga de Trabajo 550 TB\/A\u00f1o \/ Tecnolog\u00eda CMR \/ Garant\u00eda de 5 A\u00f1os"},"content":{"rendered":"<div style='width: 100%; max-width: 1200px; margin: 0 auto; font-family: sans-serif; line-height: 1.6; color: inherit; background-color: transparent;'> <!-- Secci\u00f3n de descripci\u00f3n --> <\/p>\n<div style='margin-bottom: 30px;'>\n<div style='border: 1px solid rgba(150&comma;150&comma;150&comma;0.4); border-radius: 8px; overflow: hidden;'>\n<div style='background-color: rgba(0&comma;0&comma;0&comma;0.8); padding: 12px 16px; font-weight: bold; font-size: 16px; color: inherit; opacity: 0.9;'>Descripci\u00f3n<\/div>\n<div style='padding: 16px; background-color: rgba(250&comma;250&comma;250&comma;0.03); color: inherit;'>\n<p style='font-size: 15px; line-height: 1.6; margin: 0;'> El disco duro SATA de 3&comma;5&#8242; de la serie Enterprise HAT5300 de Synology est\u00e1 dise\u00f1ado para cargas de trabajo exigentes en entornos empresariales. Con capacidad de 8TB&comma; este disco duro ofrece una fiabilidad inquebrantable gracias a su tecnolog\u00eda CMR y cach\u00e9 de escritura persistente. Con un MTBF de hasta 2&comma;5 millones de horas y una garant\u00eda de 5 a\u00f1os&comma; es ideal para videovigilancia&comma; posproducci\u00f3n multimedia y servidores de archivos empresariales. <\/p>\n<\/p><\/div>\n<\/p><\/div>\n<\/p><\/div>\n<p> <!-- Secci\u00f3n de caracter\u00edsticas principales --> <\/p>\n<div style='margin-bottom: 30px;'>\n<div style='border: 1px solid rgba(150&comma;150&comma;150&comma;0.4); border-radius: 8px; overflow: hidden;'>\n<div style='background-color: rgba(0&comma;0&comma;0&comma;0.8); padding: 12px 16px; font-weight: bold; font-size: 16px; color: inherit; opacity: 0.9;'>Caracter\u00edsticas Principales<\/div>\n<div style='padding: 16px; background-color: rgba(250&comma;250&comma;250&comma;0.03); color: inherit;'>\n<ul style='padding-left: 20px; font-size: 14px; color: inherit; list-style-type: disc; margin: 0;'>\n<li style='margin-bottom: 5px;'>Tecnolog\u00eda CMR para mayor fiabilidad y durabilidad<\/li>\n<li style='margin-bottom: 5px;'>Cach\u00e9 de escritura persistente para minimizar la corrupci\u00f3n de datos<\/li>\n<li style='margin-bottom: 5px;'>MTBF de hasta 2&comma;5 millones de horas<\/li>\n<li style='margin-bottom: 5px;'>Garant\u00eda limitada de 5 a\u00f1os<\/li>\n<li style='margin-bottom: 5px;'>Compatibilidad con Synology DSM para actualizaciones de firmware con un solo clic<\/li>\n<li style='margin-bottom: 5px;'>Rendimiento de lectura secuencial mejorado en un 23%<\/li>\n<\/ul><\/div>\n<\/p><\/div>\n<\/p><\/div>\n<p> <!-- Secci\u00f3n de detalles t\u00e9cnicos --> <\/p>\n<div style='margin-bottom: 30px;'>\n<div style='border: 1px solid rgba(150&comma;150&comma;150&comma;0.4); border-radius: 8px; overflow: hidden;'>\n<div style='background-color: rgba(0&comma;0&comma;0&comma;0.8); padding: 12px 16px; font-weight: bold; font-size: 16px; color: inherit; opacity: 0.9;'>Detalles T\u00e9cnicos<\/div>\n<div style='padding: 16px; background-color: rgba(250&comma;250&comma;250&comma;0.03); color: inherit;'>\n<div style='display: flex; flex-wrap: wrap; gap: 20px;'>\n<div style='flex: 1 1 250px; min-width: 220px;'>\n<h3 style='font-size: 16px; font-weight: bold; margin: 0 0 10px 0; color: inherit; opacity: 0.8;'>Especificaciones<\/h3>\n<ul style='padding-left: 20px; font-size: 14px; color: inherit; list-style-type: disc; margin: 0;'>\n<li style='margin-bottom: 5px;'>Capacidades: 8TB<\/li>\n<li style='margin-bottom: 5px;'>Factor de forma: 3&comma;5&#8242;<\/li>\n<li style='margin-bottom: 5px;'>Interfaz: SATA<\/li>\n<li style='margin-bottom: 5px;'>Tama\u00f1o del sector: 512e<\/li>\n<li style='margin-bottom: 5px;'>Velocidad de rotaci\u00f3n: 7200 rpm<\/li>\n<li style='margin-bottom: 5px;'>Velocidad de interfaz: 6.0 Gb\/s&comma; 3.0 Gb\/s&comma; 1.5 Gb\/s<\/li>\n<li style='margin-bottom: 5px;'>Cach\u00e9: 256 MB&comma; 512 MB<\/li>\n<li style='margin-bottom: 5px;'>Velocidad m\u00e1xima de transferencia sostenida: 254 MB\/s a 281 MB\/s<\/li>\n<\/ul><\/div>\n<div style='flex: 1 1 250px; min-width: 220px;'>\n<h3 style='font-size: 16px; font-weight: bold; margin: 0 0 10px 0; color: inherit; opacity: 0.8;'>Interfaces y Conectividad<\/h3>\n<ul style='padding-left: 20px; font-size: 14px; color: inherit; list-style-type: disc; margin: 0;'>\n<li style='margin-bottom: 5px;'>Interfaz SATA compatible con m\u00faltiples velocidades<\/li>\n<li style='margin-bottom: 5px;'>Compatibilidad con Synology DSM para gesti\u00f3n simplificada<\/li>\n<\/ul><\/div>\n<\/p><\/div>\n<\/p><\/div>\n<\/p><\/div>\n<\/p><\/div>\n<p> <!-- Secci\u00f3n de aplicaciones y casos de uso --> <\/p>\n<div style='margin-bottom: 30px;'>\n<div style='border: 1px solid rgba(150&comma;150&comma;150&comma;0.4); border-radius: 8px; overflow: hidden;'>\n<div style='background-color: rgba(0&comma;0&comma;0&comma;0.8); padding: 12px 16px; font-weight: bold; font-size: 16px; color: inherit; opacity: 0.9;'>Aplicaciones y Casos de Uso<\/div>\n<div style='padding: 16px; background-color: rgba(250&comma;250&comma;250&comma;0.03); color: inherit;'>\n<div style='display: flex; flex-wrap: wrap; gap: 20px;'>\n<div style='flex: 1 1 250px; min-width: 220px;'>\n<h3 style='font-size: 16px; font-weight: bold; margin: 0 0 10px 0; color: inherit; opacity: 0.8;'>Videovigilancia<\/h3>\n<p style='font-size: 14px; margin: 0;'>Ideal para sistemas de videovigilancia a gran escala&comma; ofreciendo alta capacidad y fiabilidad.<\/p>\n<\/p><\/div>\n<div style='flex: 1 1 250px; min-width: 220px;'>\n<h3 style='font-size: 16px; font-weight: bold; margin: 0 0 10px 0; color: inherit; opacity: 0.8;'>Posproducci\u00f3n Multimedia<\/h3>\n<p style='font-size: 14px; margin: 0;'>Perfecto para entornos de posproducci\u00f3n que requieren alto rendimiento y capacidad de almacenamiento.<\/p>\n<\/p><\/div>\n<div style='flex: 1 1 250px; min-width: 220px;'>\n<h3 style='font-size: 16px; font-weight: bold; margin: 0 0 10px 0; color: inherit; opacity: 0.8;'>Servidores de Archivos Empresariales<\/h3>\n<p style='font-size: 14px; margin: 0;'>Dise\u00f1ado para servidores de archivos empresariales que necesitan alta capacidad y fiabilidad.<\/p>\n<\/p><\/div>\n<\/p><\/div>\n<\/p><\/div>\n<\/p><\/div>\n<\/p><\/div>\n<\/p><\/div>\n","protected":false},"excerpt":{"rendered":"<p>Disco Duro SATA de 3,5&#8243; Serie Enterprise HAT5300 \/ Capacidad 8TB \/ 7200 RPM \/ Cach\u00e9 de 512 MB \/ MTBF 2.5 Millones de Horas \/ Carga de Trabajo 550 TB\/A\u00f1o \/ Tecnolog\u00eda CMR \/ Garant\u00eda de 5 A\u00f1os<\/p>\n","protected":false},"featured_media":100958,"comment_status":"open","ping_status":"closed","template":"","meta":[],"product_brand":[],"product_cat":[2103],"product_tag":[2022,2065,1976],"class_list":{"0":"post-100959","1":"product","2":"type-product","3":"status-publish","4":"has-post-thumbnail","6":"product_cat-discos-duros-mecanicos-hdd-servidores-almacenamiento","7":"product_tag-discos-duros-mecanicos-hdd","8":"product_tag-servidores-almacenamiento","9":"product_tag-synology","11":"first","12":"outofstock","13":"sale","14":"shipping-taxable","15":"purchasable","16":"product-type-simple"},"_links":{"self":[{"href":"https:\/\/soydeaqui.ddns.net\/pachuca\/index.php\/wp-json\/wp\/v2\/product\/100959","targetHints":{"allow":["GET"]}}],"collection":[{"href":"https:\/\/soydeaqui.ddns.net\/pachuca\/index.php\/wp-json\/wp\/v2\/product"}],"about":[{"href":"https:\/\/soydeaqui.ddns.net\/pachuca\/index.php\/wp-json\/wp\/v2\/types\/product"}],"replies":[{"embeddable":true,"href":"https:\/\/soydeaqui.ddns.net\/pachuca\/index.php\/wp-json\/wp\/v2\/comments?post=100959"}],"wp:featuredmedia":[{"embeddable":true,"href":"https:\/\/soydeaqui.ddns.net\/pachuca\/index.php\/wp-json\/wp\/v2\/media\/100958"}],"wp:attachment":[{"href":"https:\/\/soydeaqui.ddns.net\/pachuca\/index.php\/wp-json\/wp\/v2\/media?parent=100959"}],"wp:term":[{"taxonomy":"product_brand","embeddable":true,"href":"https:\/\/soydeaqui.ddns.net\/pachuca\/index.php\/wp-json\/wp\/v2\/product_brand?post=100959"},{"taxonomy":"product_cat","embeddable":true,"href":"https:\/\/soydeaqui.ddns.net\/pachuca\/index.php\/wp-json\/wp\/v2\/product_cat?post=100959"},{"taxonomy":"product_tag","embeddable":true,"href":"https:\/\/soydeaqui.ddns.net\/pachuca\/index.php\/wp-json\/wp\/v2\/product_tag?post=100959"}],"curies":[{"name":"wp","href":"https:\/\/api.w.org\/{rel}","templated":true}]}}