{"id":10093,"date":"2026-03-18T07:31:00","date_gmt":"2026-03-18T07:31:00","guid":{"rendered":"https:\/\/soydeaqui.ddns.net\/pachuca\/index.php\/producto\/block-de-conexion-cat6-de-4-pares-de-impacto-color-marfil\/"},"modified":"2026-03-18T07:31:02","modified_gmt":"2026-03-18T07:31:02","slug":"block-de-conexion-cat6-de-4-pares-de-impacto-color-marfil","status":"publish","type":"product","link":"https:\/\/soydeaqui.ddns.net\/pachuca\/index.php\/producto\/block-de-conexion-cat6-de-4-pares-de-impacto-color-marfil\/","title":{"rendered":"Block de Conexi\u00f3n Cat6 de 4 Pares, de Impacto, Color Marfil"},"content":{"rendered":"<div style='width: 100%; max-width: 1200px; margin: 0 auto; font-family: sans-serif; line-height: 1.6; color: inherit; background-color: transparent;'> <!-- Secci\u00f3n de caracter\u00edsticas principales --> <\/p>\n<div style='display: flex; flex-wrap: wrap; gap: 30px; margin-bottom: 30px;'>\n<div style='flex: 1 1 300px; min-width: 280px;'>\n<h3 style='font-size: 22px; border-bottom: 2px solid currentColor; padding-bottom: 5px; margin-top: 0; color: inherit; opacity: 0.8;'>Caracter\u00edsticas Generales<\/h3>\n<ul style='padding-left: 20px; font-size: 15px; color: inherit;'>\n<li style='margin-bottom: 5px;'><strong>Tipo:<\/strong> Bloque de conexi\u00f3n de 4 pares<\/li>\n<li style='margin-bottom: 5px;'><strong>Color:<\/strong> Marfil el\u00e9ctrico<\/li>\n<li style='margin-bottom: 5px;'><strong>Material:<\/strong> Policarbonato \/ F\u00f3sforo<\/li>\n<li style='margin-bottom: 5px;'><strong>N\u00famero de pares:<\/strong> 4<\/li>\n<li style='margin-bottom: 5px;'><strong>Nivel de rendimiento:<\/strong> Categor\u00eda 6<\/li>\n<li style='margin-bottom: 5px;'><strong>Cumple con RoHS:<\/strong> S\u00ed<\/li>\n<\/ul><\/div>\n<div style='flex: 1 1 300px; min-width: 280px;'>\n<h3 style='font-size: 22px; border-bottom: 2px solid currentColor; padding-bottom: 5px; margin-top: 0; color: inherit; opacity: 0.8;'>Dimensiones<\/h3>\n<ul style='padding-left: 20px; font-size: 15px; color: inherit;'>\n<li style='margin-bottom: 5px;'><strong>Profundidad:<\/strong> 8.8 mm<\/li>\n<li style='margin-bottom: 5px;'><strong>Altura:<\/strong> 22.6 mm<\/li>\n<li style='margin-bottom: 5px;'><strong>Ancho:<\/strong> 22 mm<\/li>\n<\/ul><\/div>\n<\/p><\/div>\n<p> <!-- Secci\u00f3n de est\u00e1ndares y compatibilidad --> <\/p>\n<div style='margin-bottom: 30px;'>\n<h3 style='font-size: 22px; border-bottom: 2px solid currentColor; padding-bottom: 5px; margin-top: 0; color: inherit; opacity: 0.8;'>Est\u00e1ndares Cumplidos<\/h3>\n<ul style='padding-left: 20px; font-size: 15px; color: inherit;'>\n<li style='margin-bottom: 5px;'>Excede los requisitos de canales y componentes del est\u00e1ndar ANSI\/TIA-568-C.2 Categor\u00eda 6<\/li>\n<li style='margin-bottom: 5px;'>Soporta est\u00e1ndar ANSI\/TIA-568-C.2 Categor\u00eda 6A<\/li>\n<li style='margin-bottom: 5px;'>Cumple con los requisitos IEC 60352-4<\/li>\n<\/ul><\/div>\n<p> <!-- Secci\u00f3n de beneficios y caracter\u00edsticas --> <\/p>\n<div style='margin-bottom: 30px;'>\n<h3 style='font-size: 22px; border-bottom: 2px solid currentColor; padding-bottom: 5px; margin-top: 0; color: inherit; opacity: 0.8;'>Caracter\u00edsticas y Beneficios<\/h3>\n<ul style='padding-left: 20px; font-size: 15px; color: inherit;'>\n<li style='margin-bottom: 5px;'>Ranuras de cableado codificadas por colores de alta visibilidad para facilitar el cableado<\/li>\n<li style='margin-bottom: 5px;'>Dise\u00f1ado para terminar la mayor\u00eda de los cables UTP s\u00f3lidos o trenzados de 22-26 AWG<\/li>\n<li style='margin-bottom: 5px;'>Incluye acceso para pruebas de circuitos individuales sin remover los cables<\/li>\n<li style='margin-bottom: 5px;'>Bordes redondeados y ranuras de retenci\u00f3n de alambre para eliminar la fatiga de los dedos<\/li>\n<li style='margin-bottom: 5px;'>Dise\u00f1o compacto para aplicaciones de alta densidad<\/li>\n<\/ul><\/div>\n<p> <!-- Secci\u00f3n de aplicaciones --> <\/p>\n<div style='margin-bottom: 30px;'>\n<h3 style='font-size: 22px; border-bottom: 2px solid currentColor; padding-bottom: 5px; margin-top: 0; color: inherit; opacity: 0.8;'>Aplicaciones<\/h3>\n<ul style='padding-left: 20px; font-size: 15px; color: inherit;'>\n<li style='margin-bottom: 5px;'>Interconexi\u00f3n o cruce de cableado de estaciones de trabajo a equipos<\/li>\n<li style='margin-bottom: 5px;'>Punto de consolidaci\u00f3n en aplicaciones de cableado de zonas<\/li>\n<li style='margin-bottom: 5px;'>Compatible con instalaciones existentes de 110 pares<\/li>\n<li style='margin-bottom: 5px;'>Soporta aplicaciones de voz y datos<\/li>\n<\/ul><\/div>\n<p> <!-- Secci\u00f3n de especificaciones el\u00e9ctricas --> <\/p>\n<div style='margin-bottom: 30px;'>\n<h3 style='font-size: 22px; border-bottom: 2px solid currentColor; padding-bottom: 5px; margin-top: 0; color: inherit; opacity: 0.8;'>Especificaciones El\u00e9ctricas<\/h3>\n<ul style='padding-left: 20px; font-size: 15px; color: inherit;'>\n<li style='margin-bottom: 5px;'>Excede todos los requisitos de canal y componentes del est\u00e1ndar ANSI\/TIA-568-C.2 Categor\u00eda 6<\/li>\n<li style='margin-bottom: 5px;'>Soporta rendimiento de Categor\u00eda 6A en aplicaciones de densidad est\u00e1ndar<\/li>\n<\/ul><\/div>\n<p> <!-- Secci\u00f3n de especificaciones mec\u00e1nicas --> <\/p>\n<div style='margin-bottom: 30px;'>\n<h3 style='font-size: 22px; border-bottom: 2px solid currentColor; padding-bottom: 5px; margin-top: 0; color: inherit; opacity: 0.8;'>Especificaciones Mec\u00e1nicas<\/h3>\n<ul style='padding-left: 20px; font-size: 15px; color: inherit;'>\n<li style='margin-bottom: 5px;'>Cumple con los requisitos de IEC 60352-4<\/li>\n<li style='margin-bottom: 5px;'>Resiste ciclos repetidos de terminaci\u00f3n hasta 200 ciclos<\/li>\n<li style='margin-bottom: 5px;'>Incluye ranuras de retenci\u00f3n de alambre para mejorar la retenci\u00f3n y corte de alambre<\/li>\n<\/ul><\/div>\n<p> <!-- Secci\u00f3n de pruebas y certificaciones --> <\/p>\n<div style='margin-bottom: 30px;'>\n<h3 style='font-size: 22px; border-bottom: 2px solid currentColor; padding-bottom: 5px; margin-top: 0; color: inherit; opacity: 0.8;'>Pruebas y Certificaciones<\/h3>\n<ul style='padding-left: 20px; font-size: 15px; color: inherit;'>\n<li style='margin-bottom: 5px;'>Prueba de vibraci\u00f3n (IEC 512-6d): Cambio de resistencia < 1 m\u03a9<\/li>\n<li style='margin-bottom: 5px;'>Prueba de choque (IEC 512-6c): Perturbaci\u00f3n de contacto < 1 microsegundo<\/li>\n<li style='margin-bottom: 5px;'>Durabilidad (IEC 512-9a): Cambio de resistencia < 5 m\u03a9<\/li>\n<li style='margin-bottom: 5px;'>Resistencia de circuito bajo nivel (IEC 512-2a): < 5 m\u03a9<\/li>\n<li style='margin-bottom: 5px;'>Tensi\u00f3n de prueba diel\u00e9ctrica (IEC 512-4a): 1000 VAC&comma; 1 minuto<\/li>\n<li style='margin-bottom: 5px;'>Resistencia de aislamiento (IEC 512-3a): > 10&comma;000 m\u03a9<\/li>\n<\/ul><\/div>\n<p> <!-- Secci\u00f3n de compatibilidad --> <\/p>\n<div style='margin-bottom: 30px;'>\n<h3 style='font-size: 22px; border-bottom: 2px solid currentColor; padding-bottom: 5px; margin-top: 0; color: inherit; opacity: 0.8;'>Compatibilidad<\/h3>\n<ul style='padding-left: 20px; font-size: 15px; color: inherit;'>\n<li style='margin-bottom: 5px;'>Compatibilidad con cableado UTP de 22-26 AWG s\u00f3lido o trenzado<\/li>\n<li style='margin-bottom: 5px;'>Sustituye f\u00e1cilmente instalaciones existentes de 110 pares<\/li>\n<li style='margin-bottom: 5px;'>Compatible con sistemas de densidad est\u00e1ndar y alta densidad<\/li>\n<\/ul><\/div>\n<p> <!-- Separador --> <\/p>\n<hr style='border: 0; border-top: 1px solid rgba(150&comma; 150&comma; 150&comma; 0.3); margin: 30px 0;'> <\/div>\n","protected":false},"excerpt":{"rendered":"<p>Block de Conexi\u00f3n Cat6 de 4 Pares, de Impacto, Color Marfil<\/p>\n","protected":false},"featured_media":10092,"comment_status":"open","ping_status":"closed","template":"","meta":[],"product_brand":[],"product_cat":[595],"product_tag":[586,596,445],"class_list":{"0":"post-10093","1":"product","2":"type-product","3":"status-publish","4":"has-post-thumbnail","6":"product_cat-jacks-plugs","7":"product_tag-cableado-de-cobre","8":"product_tag-jacks-plugs","9":"product_tag-panduit","11":"first","12":"outofstock","13":"sale","14":"shipping-taxable","15":"purchasable","16":"product-type-simple"},"_links":{"self":[{"href":"https:\/\/soydeaqui.ddns.net\/pachuca\/index.php\/wp-json\/wp\/v2\/product\/10093","targetHints":{"allow":["GET"]}}],"collection":[{"href":"https:\/\/soydeaqui.ddns.net\/pachuca\/index.php\/wp-json\/wp\/v2\/product"}],"about":[{"href":"https:\/\/soydeaqui.ddns.net\/pachuca\/index.php\/wp-json\/wp\/v2\/types\/product"}],"replies":[{"embeddable":true,"href":"https:\/\/soydeaqui.ddns.net\/pachuca\/index.php\/wp-json\/wp\/v2\/comments?post=10093"}],"wp:featuredmedia":[{"embeddable":true,"href":"https:\/\/soydeaqui.ddns.net\/pachuca\/index.php\/wp-json\/wp\/v2\/media\/10092"}],"wp:attachment":[{"href":"https:\/\/soydeaqui.ddns.net\/pachuca\/index.php\/wp-json\/wp\/v2\/media?parent=10093"}],"wp:term":[{"taxonomy":"product_brand","embeddable":true,"href":"https:\/\/soydeaqui.ddns.net\/pachuca\/index.php\/wp-json\/wp\/v2\/product_brand?post=10093"},{"taxonomy":"product_cat","embeddable":true,"href":"https:\/\/soydeaqui.ddns.net\/pachuca\/index.php\/wp-json\/wp\/v2\/product_cat?post=10093"},{"taxonomy":"product_tag","embeddable":true,"href":"https:\/\/soydeaqui.ddns.net\/pachuca\/index.php\/wp-json\/wp\/v2\/product_tag?post=10093"}],"curies":[{"name":"wp","href":"https:\/\/api.w.org\/{rel}","templated":true}]}}