{"id":100919,"date":"2026-03-20T11:36:46","date_gmt":"2026-03-20T11:36:46","guid":{"rendered":"https:\/\/soydeaqui.ddns.net\/pachuca\/index.php\/producto\/m-2-ssd-tray-bandeja-opcional-para-cloud-gateway-fiber-que-admite-un-ssd-nvme-m-2-de-tamano-2230-2242-2260-2280-o-22110\/"},"modified":"2026-03-20T11:37:03","modified_gmt":"2026-03-20T11:37:03","slug":"m-2-ssd-tray-bandeja-opcional-para-cloud-gateway-fiber-que-admite-un-ssd-nvme-m-2-de-tamano-2230-2242-2260-2280-o-22110","status":"publish","type":"product","link":"https:\/\/soydeaqui.ddns.net\/pachuca\/index.php\/producto\/m-2-ssd-tray-bandeja-opcional-para-cloud-gateway-fiber-que-admite-un-ssd-nvme-m-2-de-tamano-2230-2242-2260-2280-o-22110\/","title":{"rendered":"M.2 SSD Tray Bandeja opcional para Cloud Gateway Fiber que admite un SSD NVMe M.2 de tama\u00f1o 2230, 2242, 2260, 2280 o 22110."},"content":{"rendered":"<div style='width: 100%; max-width: 1200px; margin: 0 auto; font-family: sans-serif; line-height: 1.6; color: inherit; background-color: transparent;'> <!-- Hero section --> <\/p>\n<div style='display: flex; flex-wrap: wrap; gap: 30px; align-items: center; border: 1px solid rgba(150&comma; 150&comma; 150&comma; 0.3); border-radius: 12px; padding: 20px; margin-bottom: 30px;'>\n<div style='flex: 1 1 320px; min-width: 280px;'> <!-- Video container --> <\/p>\n<div style='position: relative; padding-bottom: 56.25%; height: 0; overflow: hidden;'> <video style='position: absolute; top: 0; left: 0; width: 100%; height: 100%; border: 1px solid rgba(150&comma; 150&comma; 150&comma; 0.3); border-radius: 8px;' autoplay muted loop playsinline><source src='https:\/\/ftp3.syscom.mx\/usuarios\/adiaz\/Ubiquiti\/Imagenes\/UACCSSD\/UACCSSDloop.mp4' type='video\/mp4'><!-- Fallback image --> <img style='width: 100%; height: auto; border: 1px solid rgba(150&comma; 150&comma; 150&comma; 0.3); border-radius: 8px;' src='https:\/\/ftp3.syscom.mx\/usuarios\/adiaz\/Ubiquiti\/Imagenes\/UACCSSD\/fallback.avif' alt='Ubiquiti UACC-SSD-Tray'><\/video> <\/div>\n<\/p><\/div>\n<div style='flex: 1 1 360px; min-width: 280px;'>\n<h2 style='font-size: 24px; margin-top: 0; margin-bottom: 10px; color: inherit;'>M.2 SSD Tray<\/h2>\n<div style='margin-bottom: 15px; font-weight: 600; color: inherit; opacity: 0.8;'>Modelo: <span style='font-weight: 700;'>UACC-SSD-Tray<\/span><\/div>\n<p style='margin: 0; color: inherit;'>M.2 SSD Tray Bandeja opcional para <strong>Cloud Gateways<\/strong> y <strong>Modelos UNAS<\/strong> que admite un SSD NVMe M.2 de tama\u00f1o 2230&comma; 2242&comma; 2260&comma; 2280 o 22110.<\/p>\n<\/p><\/div>\n<\/p><\/div>\n<p> <!-- Specifications section --> <\/p>\n<div style='text-align: center; margin: 40px 0 20px;'> <span style='font-size: 22px; font-weight: 700; color: inherit;'>Especificaciones<\/span> <\/div>\n<p> <!-- Features grid --> <\/p>\n<div style='display: flex; flex-wrap: wrap; gap: 20px; margin-bottom: 30px;'> <!-- Physical features card --> <\/p>\n<div style='flex: 1 1 250px; border: 1px solid rgba(150&comma; 150&comma; 150&comma; 0.3); border-radius: 8px; overflow: hidden; display: flex; flex-direction: column;'>\n<div style='padding: 15px; border-bottom: 1px solid rgba(150&comma; 150&comma; 150&comma; 0.2); font-weight: bold; font-size: 18px; color: inherit;'>Caracter\u00edsticas f\u00edsicas y el\u00e9ctricas<\/div>\n<div style='padding: 15px; color: inherit;'>\n<ul style='padding-left: 20px; margin: 0; font-size: 14px; list-style-type: disc;'>\n<li style='margin-bottom: 5px;'>Dimensiones: 123.4 x 31.1 x 11.2 mm (4.9 x 1.2 x 0.4&#8242;)<\/li>\n<li style='margin-bottom: 5px;'>Peso: 53 g (1.9 lb)<\/li>\n<li style='margin-bottom: 5px;'>Material de la carcasa: Aleaci\u00f3n de aluminio&comma; policarbonato&comma; acero inoxidable.<\/li>\n<\/ul><\/div>\n<\/p><\/div>\n<p> <!-- Compatibility card --> <\/p>\n<div style='flex: 1 1 250px; border: 1px solid rgba(150&comma; 150&comma; 150&comma; 0.3); border-radius: 8px; overflow: hidden; display: flex; flex-direction: column;'>\n<div style='padding: 15px; border-bottom: 1px solid rgba(150&comma; 150&comma; 150&comma; 0.2); font-weight: bold; font-size: 18px; color: inherit;'>Compatibilidad<\/div>\n<div style='padding: 15px; color: inherit;'>\n<ul style='padding-left: 20px; margin: 0; font-size: 14px; list-style-type: disc;'>\n<li style='margin-bottom: 5px;'><strong>UCG-Fiber<\/strong><\/li>\n<li style='margin-bottom: 5px;'><strong>UCG-Max<\/strong><\/li>\n<li style='margin-bottom: 5px;'>M.2 NVMe con l\u00edneas PCIe Gen3 x2. Todos los SSD M.2 NVMe son compatibles&comma; pero su rendimiento se limitar\u00e1 al Gen3x2.<\/li>\n<\/ul><\/div>\n<\/p><\/div>\n<\/p><\/div>\n<p> <!-- Separator --> <\/p>\n<hr style='border: 0; border-top: 1px solid rgba(150&comma; 150&comma; 150&comma; 0.3); margin: 30px 0;'> <\/div>\n","protected":false},"excerpt":{"rendered":"<p>M.2 SSD Tray Bandeja opcional para Cloud Gateway Fiber que admite un SSD NVMe M.2 de tama\u00f1o 2230, 2242, 2260, 2280 o 22110.<\/p>\n","protected":false},"featured_media":100918,"comment_status":"open","ping_status":"closed","template":"","meta":[],"product_brand":[],"product_cat":[2199],"product_tag":[2065,166,2139],"class_list":{"0":"post-100919","1":"product","2":"type-product","3":"status-publish","4":"has-post-thumbnail","6":"product_cat-unidades-de-estado-solido-ssd-servidores-almacenamiento","7":"product_tag-servidores-almacenamiento","8":"product_tag-ubiquiti","9":"product_tag-unidades-de-estado-solido-ssd","11":"first","12":"instock","13":"sale","14":"shipping-taxable","15":"purchasable","16":"product-type-simple"},"_links":{"self":[{"href":"https:\/\/soydeaqui.ddns.net\/pachuca\/index.php\/wp-json\/wp\/v2\/product\/100919","targetHints":{"allow":["GET"]}}],"collection":[{"href":"https:\/\/soydeaqui.ddns.net\/pachuca\/index.php\/wp-json\/wp\/v2\/product"}],"about":[{"href":"https:\/\/soydeaqui.ddns.net\/pachuca\/index.php\/wp-json\/wp\/v2\/types\/product"}],"replies":[{"embeddable":true,"href":"https:\/\/soydeaqui.ddns.net\/pachuca\/index.php\/wp-json\/wp\/v2\/comments?post=100919"}],"wp:featuredmedia":[{"embeddable":true,"href":"https:\/\/soydeaqui.ddns.net\/pachuca\/index.php\/wp-json\/wp\/v2\/media\/100918"}],"wp:attachment":[{"href":"https:\/\/soydeaqui.ddns.net\/pachuca\/index.php\/wp-json\/wp\/v2\/media?parent=100919"}],"wp:term":[{"taxonomy":"product_brand","embeddable":true,"href":"https:\/\/soydeaqui.ddns.net\/pachuca\/index.php\/wp-json\/wp\/v2\/product_brand?post=100919"},{"taxonomy":"product_cat","embeddable":true,"href":"https:\/\/soydeaqui.ddns.net\/pachuca\/index.php\/wp-json\/wp\/v2\/product_cat?post=100919"},{"taxonomy":"product_tag","embeddable":true,"href":"https:\/\/soydeaqui.ddns.net\/pachuca\/index.php\/wp-json\/wp\/v2\/product_tag?post=100919"}],"curies":[{"name":"wp","href":"https:\/\/api.w.org\/{rel}","templated":true}]}}