{"id":100917,"date":"2026-03-20T11:36:41","date_gmt":"2026-03-20T11:36:41","guid":{"rendered":"https:\/\/soydeaqui.ddns.net\/pachuca\/index.php\/producto\/hikcentral-master-licencia-anade-administracion-de-cstor-hikcentral-vcs-cstor-bs\/"},"modified":"2026-03-20T11:36:43","modified_gmt":"2026-03-20T11:36:43","slug":"hikcentral-master-licencia-anade-administracion-de-cstor-hikcentral-vcs-cstor-bs","status":"publish","type":"product","link":"https:\/\/soydeaqui.ddns.net\/pachuca\/index.php\/producto\/hikcentral-master-licencia-anade-administracion-de-cstor-hikcentral-vcs-cstor-bs\/","title":{"rendered":"HikCentral Master \/ Licencia A\u00f1ade Administraci\u00f3n de CSTOR (HikCentral-VCS-CStor-BS)"},"content":{"rendered":"<div style='width: 100%; max-width: 1200px; margin: 0 auto; font-family: sans-serif; line-height: 1.6; color: inherit; background-color: transparent;'> <!-- Logo Hikvision --> <\/p>\n<p style='text-align: center; margin: 20px 0;'> <img style='width: 45%; height: auto; border: 1px solid rgba(150&comma;150&comma;150&comma;0.3); border-radius: 8px;' src='https:\/\/ftp3.syscom.mx\/usuarios\/jsosa\/HIKVISION\/imagenes\/logo\/hikvision%20see%20far.png' alt='Hikvision Logo'> <\/p>\n<p> <!-- Secci\u00f3n de cards --> <\/p>\n<div style='display: flex; flex-wrap: wrap; gap: 30px; margin-top: 30px;'> <!-- Caracter\u00edsticas Principales --> <\/p>\n<div style='flex: 1 1 300px; min-width: 280px; border: 1px solid rgba(150&comma; 150&comma; 150&comma; 0.4); border-radius: 8px; overflow: hidden; box-shadow: 0 2px 8px rgba(0&comma;0&comma;0&comma;0.05);'>\n<div style='padding: 15px; border-bottom: 1px solid rgba(150&comma; 150&comma; 150&comma; 0.2); font-weight: bold; font-size: 18px; color: #df001e; background-color: #fff0f2; border-left: 4px solid #df001e; padding-left: 12px;'> Caracter\u00edsticas Principales: <\/div>\n<div style='padding: 15px; color: inherit;'>\n<ul style='padding-left: 20px; margin: 0; font-size: 14px; list-style-type: disc;'>\n<li style='margin-bottom: 8px;'><span style='font-family: verdana&comma; geneva&comma; sans-serif;'>Esta licencia a\u00f1ade administraci\u00f3n de CSTOR al sistema de HikCentral Master.<\/span><\/li>\n<li style='margin-bottom: 8px;'><span style='font-family: verdana&comma; geneva&comma; sans-serif;'>Licencia Vitalicia (Permanente).<\/span><\/li>\n<\/ul><\/div>\n<\/p><\/div>\n<p> <!-- Consideraciones --> <\/p>\n<div style='flex: 1 1 300px; min-width: 280px; border: 1px solid rgba(150&comma; 150&comma; 150&comma; 0.4); border-radius: 8px; overflow: hidden; box-shadow: 0 2px 8px rgba(0&comma;0&comma;0&comma;0.05);'>\n<div style='padding: 15px; border-bottom: 1px solid rgba(150&comma; 150&comma; 150&comma; 0.2); font-weight: bold; font-size: 18px; color: #df001e; background-color: #fff0f2; border-left: 4px solid #df001e; padding-left: 12px;'> Consideraciones: <\/div>\n<div style='padding: 15px; color: inherit;'>\n<ul style='padding-left: 20px; margin: 0; font-size: 14px; list-style-type: disc;'>\n<li style='margin-bottom: 8px;'><span style='font-family: verdana&comma; geneva&comma; sans-serif;'>Al comprar cualquier licencia de HikCentral Master&comma; usted recibir\u00e1 un archivo PDF en donde obtendr\u00e1 un c\u00f3digo para poder activar \/ a\u00f1adir la licencia a la plataforma.<\/span><\/li>\n<li style='margin-bottom: 8px;'><span style='font-family: verdana&comma; geneva&comma; sans-serif;'>Todas las licencias de HikCentral Professional&comma; tiene un tiempo estimado de entrega de 8 a 10 d\u00edas h\u00e1biles despu\u00e9s de generar la orden de compra.<\/span><\/li>\n<li style='margin-bottom: 8px;'><span style='font-family: verdana&comma; geneva&comma; sans-serif;'>No hay devoluciones o reembolsos de la licencia adquirida. Tampoco aplica cancelaci\u00f3n si ya se dio un anticipo para poder procesar la compra.<\/span><\/li>\n<\/ul><\/div>\n<\/p><\/div>\n<\/p><\/div>\n<p> <!-- Separador final --> <\/p>\n<div style='margin: 40px 0; height: 1px; background: linear-gradient(to right&comma; rgba(150&comma;150&comma;150&comma;0.1)&comma; rgba(150&comma;150&comma;150&comma;0.3)&comma; rgba(150&comma;150&comma;150&comma;0.1));'><\/div>\n<\/p><\/div>\n","protected":false},"excerpt":{"rendered":"<p>HikCentral Master \/ Licencia A\u00f1ade Administraci\u00f3n de CSTOR (HikCentral-VCS-CStor-BS)<\/p>\n","protected":false},"featured_media":100916,"comment_status":"open","ping_status":"closed","template":"","meta":[],"product_brand":[],"product_cat":[2262],"product_tag":[54,2263],"class_list":{"0":"post-100917","1":"product","2":"type-product","3":"status-publish","4":"has-post-thumbnail","6":"product_cat-hikvision-software-vms-y-analiticas","7":"product_tag-hikvision","8":"product_tag-software-vms-y-analiticas","10":"first","11":"outofstock","12":"sale","13":"shipping-taxable","14":"purchasable","15":"product-type-simple"},"_links":{"self":[{"href":"https:\/\/soydeaqui.ddns.net\/pachuca\/index.php\/wp-json\/wp\/v2\/product\/100917","targetHints":{"allow":["GET"]}}],"collection":[{"href":"https:\/\/soydeaqui.ddns.net\/pachuca\/index.php\/wp-json\/wp\/v2\/product"}],"about":[{"href":"https:\/\/soydeaqui.ddns.net\/pachuca\/index.php\/wp-json\/wp\/v2\/types\/product"}],"replies":[{"embeddable":true,"href":"https:\/\/soydeaqui.ddns.net\/pachuca\/index.php\/wp-json\/wp\/v2\/comments?post=100917"}],"wp:featuredmedia":[{"embeddable":true,"href":"https:\/\/soydeaqui.ddns.net\/pachuca\/index.php\/wp-json\/wp\/v2\/media\/100916"}],"wp:attachment":[{"href":"https:\/\/soydeaqui.ddns.net\/pachuca\/index.php\/wp-json\/wp\/v2\/media?parent=100917"}],"wp:term":[{"taxonomy":"product_brand","embeddable":true,"href":"https:\/\/soydeaqui.ddns.net\/pachuca\/index.php\/wp-json\/wp\/v2\/product_brand?post=100917"},{"taxonomy":"product_cat","embeddable":true,"href":"https:\/\/soydeaqui.ddns.net\/pachuca\/index.php\/wp-json\/wp\/v2\/product_cat?post=100917"},{"taxonomy":"product_tag","embeddable":true,"href":"https:\/\/soydeaqui.ddns.net\/pachuca\/index.php\/wp-json\/wp\/v2\/product_tag?post=100917"}],"curies":[{"name":"wp","href":"https:\/\/api.w.org\/{rel}","templated":true}]}}