{"id":100905,"date":"2026-03-20T11:36:09","date_gmt":"2026-03-20T11:36:09","guid":{"rendered":"https:\/\/soydeaqui.ddns.net\/pachuca\/index.php\/producto\/licencia-de-dispositivos-de-vigilancia-synology-paquete-de-1-licencia-compatibilidad-con-camaras-ip-modulos-de-e-s-altavoces-ip-gestion-centralizada-cms-licencias-predeterminadas-incluidas\/"},"modified":"2026-03-20T11:36:11","modified_gmt":"2026-03-20T11:36:11","slug":"licencia-de-dispositivos-de-vigilancia-synology-paquete-de-1-licencia-compatibilidad-con-camaras-ip-modulos-de-e-s-altavoces-ip-gestion-centralizada-cms-licencias-predeterminadas-incluidas","status":"publish","type":"product","link":"https:\/\/soydeaqui.ddns.net\/pachuca\/index.php\/producto\/licencia-de-dispositivos-de-vigilancia-synology-paquete-de-1-licencia-compatibilidad-con-camaras-ip-modulos-de-e-s-altavoces-ip-gestion-centralizada-cms-licencias-predeterminadas-incluidas\/","title":{"rendered":"Licencia de Dispositivos de Vigilancia Synology | Paquete de 1 Licencia | Compatibilidad con C\u00e1maras IP, M\u00f3dulos de E\/S, Altavoces IP | Gesti\u00f3n Centralizada CMS | Licencias Predeterminadas Incluidas."},"content":{"rendered":"<div style='width: 100%; max-width: 1200px; margin: 0 auto; font-family: sans-serif; line-height: 1.6; color: inherit; background-color: transparent;'>\n<div style='margin-bottom: 30px;'>\n<p style='font-size: 18px; line-height: 1.6; margin: 0; color: inherit;'> Las licencias de dispositivos de vigilancia de Synology permiten la configuraci\u00f3n y administraci\u00f3n de c\u00e1maras IP&comma; m\u00f3dulos de E\/S&comma; altavoces IP&comma; intercomunicadores y controladores de acceso en Synology Surveillance Station. Incluyen licencias predeterminadas y opciones de expansi\u00f3n con paquetes de 1&comma; 4 u 8 licencias para adaptarse a las necesidades de su sistema de vigilancia. <\/p>\n<\/p><\/div>\n<div style='margin-bottom: 30px;'>\n<h3 style='font-size: 24px; font-weight: 600; margin-top: 0; margin-bottom: 20px; color: inherit; border-bottom: 2px solid currentColor; padding-bottom: 5px; opacity: 0.8;'>Caracter\u00edsticas Principales<\/h3>\n<div style='display: flex; flex-wrap: wrap; gap: 20px;'>\n<div style='flex: 1 1 300px; min-width: 280px;'>\n<ul style='padding-left: 20px; font-size: 15px; color: inherit; list-style-type: disc;'>\n<li style='margin-bottom: 8px;'>Paquetes de licencias disponibles en 1&comma; 4 u 8 dispositivos<\/li>\n<li style='margin-bottom: 8px;'>Compatibilidad con c\u00e1maras IP&comma; m\u00f3dulos de E\/S&comma; altavoces IP&comma; intercomunicadores y controladores de acceso<\/li>\n<li style='margin-bottom: 8px;'>Licencias predeterminadas incluidas en Synology NAS\/NVR<\/li>\n<li style='margin-bottom: 8px;'>Gesti\u00f3n centralizada de licencias con CMS<\/li>\n<li style='margin-bottom: 8px;'>Migraci\u00f3n de licencias adquiridas a otros dispositivos Synology<\/li>\n<\/ul><\/div>\n<\/p><\/div>\n<\/p><\/div>\n<div style='margin-bottom: 30px;'>\n<h3 style='font-size: 24px; font-weight: 600; margin-top: 0; margin-bottom: 20px; color: inherit; border-bottom: 2px solid currentColor; padding-bottom: 5px; opacity: 0.8;'>Detalles T\u00e9cnicos<\/h3>\n<div style='display: flex; flex-wrap: wrap; gap: 20px;'>\n<div style='flex: 1 1 300px; min-width: 280px;'>\n<div style='border: 1px solid rgba(150&comma; 150&comma; 150&comma; 0.4); border-radius: 8px; overflow: hidden; display: flex; flex-direction: column; height: 100%;'>\n<div style='padding: 15px; border-bottom: 1px solid rgba(150&comma; 150&comma; 150&comma; 0.2); font-weight: bold; font-size: 18px; color: inherit;'>Especificaciones<\/div>\n<div style='padding: 15px; color: inherit; flex: 1 1 auto;'>\n<ul style='padding-left: 20px; margin: 0; font-size: 14px; list-style-type: disc;'>\n<li style='margin-bottom: 8px;'>Licencias predeterminadas: Synology NAS (2)&comma; NVR (4)&comma; Deep Learning NVR (8)<\/li>\n<li style='margin-bottom: 8px;'>Unidad de licencia por dispositivo: 1 licencia por c\u00e1mara IP&comma; m\u00f3dulo de E\/S&comma; altavoz IP&comma; intercomunicador&comma; controlador de acceso<\/li>\n<li style='margin-bottom: 8px;'>Dispositivos de transacci\u00f3n: 2 licencias por dispositivo<\/li>\n<li style='margin-bottom: 8px;'>C\u00e1maras multiobjetivo y servidores de v\u00eddeo: licencias adicionales seg\u00fan el n\u00famero de canales<\/li>\n<\/ul><\/div>\n<\/p><\/div>\n<\/p><\/div>\n<div style='flex: 1 1 300px; min-width: 280px;'>\n<div style='border: 1px solid rgba(150&comma; 150&comma; 150&comma; 0.4); border-radius: 8px; overflow: hidden; display: flex; flex-direction: column; height: 100%;'>\n<div style='padding: 15px; border-bottom: 1px solid rgba(150&comma; 150&comma; 150&comma; 0.2); font-weight: bold; font-size: 18px; color: inherit;'>Interfaces y Conectividad<\/div>\n<div style='padding: 15px; color: inherit; flex: 1 1 auto;'>\n<ul style='padding-left: 20px; margin: 0; font-size: 14px; list-style-type: disc;'>\n<li style='margin-bottom: 8px;'>Activaci\u00f3n de licencias a trav\u00e9s de Surveillance Station<\/li>\n<li style='margin-bottom: 8px;'>Migraci\u00f3n de licencias entre dispositivos Synology<\/li>\n<li style='margin-bottom: 8px;'>Gesti\u00f3n de licencias en entornos sin conexi\u00f3n mediante DS cam<\/li>\n<\/ul><\/div>\n<\/p><\/div>\n<\/p><\/div>\n<\/p><\/div>\n<\/p><\/div>\n<div style='margin-bottom: 30px;'>\n<h3 style='font-size: 24px; font-weight: 600; margin-top: 0; margin-bottom: 20px; color: inherit; border-bottom: 2px solid currentColor; padding-bottom: 5px; opacity: 0.8;'>Aplicaciones y Casos de Uso<\/h3>\n<div style='display: grid; grid-template-columns: repeat(auto-fit&comma; minmax(280px&comma; 1fr)); gap: 20px;'>\n<div style='border: 1px solid rgba(150&comma; 150&comma; 150&comma; 0.4); border-radius: 8px; overflow: hidden; display: flex; flex-direction: column;'>\n<div style='padding: 15px; border-bottom: 1px solid rgba(150&comma; 150&comma; 150&comma; 0.2); font-weight: bold; font-size: 18px; color: inherit;'>Vigilancia Empresarial<\/div>\n<div style='padding: 15px; color: inherit; flex: 1 1 auto;'>\n<p style='margin: 0; font-size: 14px;'>Ampliaci\u00f3n de sistemas de vigilancia en empresas con m\u00faltiples c\u00e1maras y dispositivos de seguridad.<\/p>\n<\/p><\/div>\n<\/p><\/div>\n<div style='border: 1px solid rgba(150&comma; 150&comma; 150&comma; 0.4); border-radius: 8px; overflow: hidden; display: flex; flex-direction: column;'>\n<div style='padding: 15px; border-bottom: 1px solid rgba(150&comma; 150&comma; 150&comma; 0.2); font-weight: bold; font-size: 18px; color: inherit;'>Control de Acceso<\/div>\n<div style='padding: 15px; color: inherit; flex: 1 1 auto;'>\n<p style='margin: 0; font-size: 14px;'>Integraci\u00f3n de controladores de acceso y m\u00f3dulos de E\/S para sistemas de seguridad avanzados.<\/p>\n<\/p><\/div>\n<\/p><\/div>\n<div style='border: 1px solid rgba(150&comma; 150&comma; 150&comma; 0.4); border-radius: 8px; overflow: hidden; display: flex; flex-direction: column;'>\n<div style='padding: 15px; border-bottom: 1px solid rgba(150&comma; 150&comma; 150&comma; 0.2); font-weight: bold; font-size: 18px; color: inherit;'>Vigilancia Residencial<\/div>\n<div style='padding: 15px; color: inherit; flex: 1 1 auto;'>\n<p style='margin: 0; font-size: 14px;'>Configuraci\u00f3n de sistemas de vigilancia dom\u00e9sticos con c\u00e1maras IP y altavoces para monitoreo remoto.<\/p>\n<\/p><\/div>\n<\/p><\/div>\n<\/p><\/div>\n<\/p><\/div>\n<hr style='border: 0; border-top: 1px solid rgba(150&comma; 150&comma; 150&comma; 0.3); margin: 30px 0;'> <\/div>\n","protected":false},"excerpt":{"rendered":"<p>Licencia de Dispositivos de Vigilancia Synology | Paquete de 1 Licencia | Compatibilidad con C\u00e1maras IP, M\u00f3dulos de E\/S, Altavoces IP | Gesti\u00f3n Centralizada CMS | Licencias Predeterminadas Incluidas.<\/p>\n","protected":false},"featured_media":100904,"comment_status":"open","ping_status":"closed","template":"","meta":[],"product_brand":[],"product_cat":[2337],"product_tag":[2263,1976],"class_list":{"0":"post-100905","1":"product","2":"type-product","3":"status-publish","4":"has-post-thumbnail","6":"product_cat-synology","7":"product_tag-software-vms-y-analiticas","8":"product_tag-synology","10":"first","11":"outofstock","12":"sale","13":"shipping-taxable","14":"purchasable","15":"product-type-simple"},"_links":{"self":[{"href":"https:\/\/soydeaqui.ddns.net\/pachuca\/index.php\/wp-json\/wp\/v2\/product\/100905","targetHints":{"allow":["GET"]}}],"collection":[{"href":"https:\/\/soydeaqui.ddns.net\/pachuca\/index.php\/wp-json\/wp\/v2\/product"}],"about":[{"href":"https:\/\/soydeaqui.ddns.net\/pachuca\/index.php\/wp-json\/wp\/v2\/types\/product"}],"replies":[{"embeddable":true,"href":"https:\/\/soydeaqui.ddns.net\/pachuca\/index.php\/wp-json\/wp\/v2\/comments?post=100905"}],"wp:featuredmedia":[{"embeddable":true,"href":"https:\/\/soydeaqui.ddns.net\/pachuca\/index.php\/wp-json\/wp\/v2\/media\/100904"}],"wp:attachment":[{"href":"https:\/\/soydeaqui.ddns.net\/pachuca\/index.php\/wp-json\/wp\/v2\/media?parent=100905"}],"wp:term":[{"taxonomy":"product_brand","embeddable":true,"href":"https:\/\/soydeaqui.ddns.net\/pachuca\/index.php\/wp-json\/wp\/v2\/product_brand?post=100905"},{"taxonomy":"product_cat","embeddable":true,"href":"https:\/\/soydeaqui.ddns.net\/pachuca\/index.php\/wp-json\/wp\/v2\/product_cat?post=100905"},{"taxonomy":"product_tag","embeddable":true,"href":"https:\/\/soydeaqui.ddns.net\/pachuca\/index.php\/wp-json\/wp\/v2\/product_tag?post=100905"}],"curies":[{"name":"wp","href":"https:\/\/api.w.org\/{rel}","templated":true}]}}