{"id":100879,"date":"2026-03-20T11:34:55","date_gmt":"2026-03-20T11:34:55","guid":{"rendered":"https:\/\/soydeaqui.ddns.net\/pachuca\/index.php\/producto\/licencia-virtual-machine-manager-pro-paquetes-de-3-nodos-validez-de-5-anos-compatible-con-windows-linux-y-virtual-dsm-migracion-y-escalabilidad-flexible-maximo-de-4096-conmutadores-virtuale\/"},"modified":"2026-03-20T11:34:57","modified_gmt":"2026-03-20T11:34:57","slug":"licencia-virtual-machine-manager-pro-paquetes-de-3-nodos-validez-de-5-anos-compatible-con-windows-linux-y-virtual-dsm-migracion-y-escalabilidad-flexible-maximo-de-4096-conmutadores-virtuale","status":"publish","type":"product","link":"https:\/\/soydeaqui.ddns.net\/pachuca\/index.php\/producto\/licencia-virtual-machine-manager-pro-paquetes-de-3-nodos-validez-de-5-anos-compatible-con-windows-linux-y-virtual-dsm-migracion-y-escalabilidad-flexible-maximo-de-4096-conmutadores-virtuale\/","title":{"rendered":"Licencia Virtual Machine Manager Pro | Paquetes de 3-Nodos | Validez de 5 A\u00f1os | Compatible con Windows, Linux y Virtual DSM | Migraci\u00f3n y Escalabilidad Flexible | M\u00e1ximo de 4096 Conmutadores Virtuales | High Availability | Migraci&#038;am"},"content":{"rendered":"<div style='width: 100%; max-width: 1200px; margin: 0 auto; font-family: sans-serif; line-height: 1.6; color: inherit; background-color: transparent;'>\n<div style='margin-bottom: 30px;'>\n<p style='font-size: 18px; line-height: 1.6; margin-bottom: 0; color: inherit;'> La licencia de Synology Virtual Machine Manager Pro permite gestionar toda la infraestructura de un cl\u00faster VMM&comma; ofreciendo migraci\u00f3n y escalabilidad flexible para equilibrar la carga y asignar recursos. Compatible con Windows&comma; Linux y Virtual DSM&comma; esta licencia est\u00e1 disponible en paquetes de 3-Node y 7-Node con validez de uno&comma; tres o cinco a\u00f1os. <\/p>\n<\/p><\/div>\n<div style='margin-bottom: 30px;'>\n<h2 style='font-size: 24px; font-weight: 600; margin-bottom: 20px; color: inherit; border-bottom: 2px solid currentColor; padding-bottom: 8px; opacity: 0.85;'>Caracter\u00edsticas Principales<\/h2>\n<div style='display: flex; flex-wrap: wrap; gap: 20px;'>\n<div style='flex: 1 1 100%; min-width: 280px;'>\n<div style='border: 1px solid rgba(150&comma; 150&comma; 150&comma; 0.4); border-radius: 8px; overflow: hidden; display: flex; flex-direction: column;'>\n<div style='padding: 15px; border-bottom: 1px solid rgba(150&comma; 150&comma; 150&comma; 0.2); font-weight: bold; font-size: 18px; color: inherit;'>Caracter\u00edsticas<\/div>\n<div style='padding: 15px; color: inherit;'>\n<ul style='padding-left: 20px; margin: 0; font-size: 14px; list-style-type: disc;'>\n<li style='margin-bottom: 8px;'>Migraci\u00f3n y escalabilidad flexible para equilibrar la carga<\/li>\n<li style='margin-bottom: 8px;'>Compatibilidad con Windows&comma; Linux y Virtual DSM<\/li>\n<li style='margin-bottom: 8px;'>M\u00e1ximo de 4096 conmutadores virtuales<\/li>\n<li style='margin-bottom: 8px;'>High Availability para garantizar la continuidad del servicio<\/li>\n<li style='margin-bottom: 8px;'>Migraci\u00f3n en vivo de m\u00e1quinas virtuales<\/li>\n<li style='margin-bottom: 8px;'>Plan de replicaci\u00f3n remota y migraci\u00f3n de almacenamiento remoto<\/li>\n<li style='margin-bottom: 8px;'>Ejecuci\u00f3n de VM en host remoto<\/li>\n<\/ul><\/div>\n<\/p><\/div>\n<\/p><\/div>\n<\/p><\/div>\n<\/p><\/div>\n<div style='margin-bottom: 30px;'>\n<h2 style='font-size: 24px; font-weight: 600; margin-bottom: 20px; color: inherit; border-bottom: 2px solid currentColor; padding-bottom: 8px; opacity: 0.85;'>Detalles T\u00e9cnicos<\/h2>\n<div style='display: flex; flex-wrap: wrap; gap: 20px;'>\n<div style='flex: 1 1 45%; min-width: 280px;'>\n<div style='border: 1px solid rgba(150&comma; 150&comma; 150&comma; 0.4); border-radius: 8px; overflow: hidden; display: flex; flex-direction: column;'>\n<div style='padding: 15px; border-bottom: 1px solid rgba(150&comma; 150&comma; 150&comma; 0.2); font-weight: bold; font-size: 18px; color: inherit;'>Especificaciones<\/div>\n<div style='padding: 15px; color: inherit;'>\n<ul style='padding-left: 20px; margin: 0; font-size: 14px; list-style-type: disc;'>\n<li style='margin-bottom: 8px;'>Paquetes disponibles: 3-Node y 7-Node<\/li>\n<li style='margin-bottom: 8px;'>Validez: 1&comma; 3 o 5 a\u00f1os<\/li>\n<li style='margin-bottom: 8px;'>M\u00e1ximo de instant\u00e1neas por VM: 255<\/li>\n<li style='margin-bottom: 8px;'>Enlaces de compartir VM por host: 16<\/li>\n<li style='margin-bottom: 8px;'>Sobreasignaci\u00f3n de CPU: 4 subprocesos f\u00edsicos de CPU<\/li>\n<\/ul><\/div>\n<\/p><\/div>\n<\/p><\/div>\n<div style='flex: 1 1 45%; min-width: 280px;'>\n<div style='border: 1px solid rgba(150&comma; 150&comma; 150&comma; 0.4); border-radius: 8px; overflow: hidden; display: flex; flex-direction: column;'>\n<div style='padding: 15px; border-bottom: 1px solid rgba(150&comma; 150&comma; 150&comma; 0.2); font-weight: bold; font-size: 18px; color: inherit;'>Interfaces y Conectividad<\/div>\n<div style='padding: 15px; color: inherit;'>\n<ul style='padding-left: 20px; margin: 0; font-size: 14px; list-style-type: disc;'>\n<li style='margin-bottom: 8px;'>Compatibilidad con m\u00faltiples sistemas operativos: Windows&comma; Linux&comma; Virtual DSM<\/li>\n<li style='margin-bottom: 8px;'>Migraci\u00f3n de almacenamiento remoto<\/li>\n<li style='margin-bottom: 8px;'>Ejecuci\u00f3n de VM en host remoto<\/li>\n<li style='margin-bottom: 8px;'>Plan de replicaci\u00f3n remota<\/li>\n<\/ul><\/div>\n<\/p><\/div>\n<\/p><\/div>\n<\/p><\/div>\n<\/p><\/div>\n<div style='margin-bottom: 30px;'>\n<h2 style='font-size: 24px; font-weight: 600; margin-bottom: 20px; color: inherit; border-bottom: 2px solid currentColor; padding-bottom: 8px; opacity: 0.85;'>Aplicaciones y Casos de Uso<\/h2>\n<div style='display: flex; flex-wrap: wrap; gap: 20px;'>\n<div style='flex: 1 1 30%; min-width: 280px;'>\n<div style='border: 1px solid rgba(150&comma; 150&comma; 150&comma; 0.4); border-radius: 8px; overflow: hidden; display: flex; flex-direction: column; height: 100%;'>\n<div style='padding: 15px; border-bottom: 1px solid rgba(150&comma; 150&comma; 150&comma; 0.2); font-weight: bold; font-size: 18px; color: inherit;'>Empresas Peque\u00f1as y Medianas<\/div>\n<div style='padding: 15px; color: inherit; flex-grow: 1;'>\n<p style='margin: 0; font-size: 14px;'> Ideal para empresas que necesitan gestionar m\u00faltiples m\u00e1quinas virtuales con alta disponibilidad y escalabilidad. <\/p>\n<\/p><\/div>\n<\/p><\/div>\n<\/p><\/div>\n<div style='flex: 1 1 30%; min-width: 280px;'>\n<div style='border: 1px solid rgba(150&comma; 150&comma; 150&comma; 0.4); border-radius: 8px; overflow: hidden; display: flex; flex-direction: column; height: 100%;'>\n<div style='padding: 15px; border-bottom: 1px solid rgba(150&comma; 150&comma; 150&comma; 0.2); font-weight: bold; font-size: 18px; color: inherit;'>Centros de Datos<\/div>\n<div style='padding: 15px; color: inherit; flex-grow: 1;'>\n<p style='margin: 0; font-size: 14px;'> Perfecto para centros de datos que requieren migraci\u00f3n en vivo y replicaci\u00f3n remota para garantizar la continuidad del servicio. <\/p>\n<\/p><\/div>\n<\/p><\/div>\n<\/p><\/div>\n<div style='flex: 1 1 30%; min-width: 280px;'>\n<div style='border: 1px solid rgba(150&comma; 150&comma; 150&comma; 0.4); border-radius: 8px; overflow: hidden; display: flex; flex-direction: column; height: 100%;'>\n<div style='padding: 15px; border-bottom: 1px solid rgba(150&comma; 150&comma; 150&comma; 0.2); font-weight: bold; font-size: 18px; color: inherit;'>Desarrollo y Pruebas<\/div>\n<div style='padding: 15px; color: inherit; flex-grow: 1;'>\n<p style='margin: 0; font-size: 14px;'> Excelente para entornos de desarrollo y pruebas que necesitan ejecutar m\u00faltiples instancias de VM en diferentes sistemas operativos. <\/p>\n<\/p><\/div>\n<\/p><\/div>\n<\/p><\/div>\n<\/p><\/div>\n<\/p><\/div>\n<\/p><\/div>\n","protected":false},"excerpt":{"rendered":"<p>Licencia Virtual Machine Manager Pro | Paquetes de 3-Nodos | Validez de 5 A\u00f1os | Compatible con Windows, Linux y Virtual DSM | Migraci\u00f3n y Escalabilidad Flexible | M\u00e1ximo de 4096 Conmutadores Virtuales | High Availability | Migraci&#038;am<\/p>\n","protected":false},"featured_media":100878,"comment_status":"open","ping_status":"closed","template":"","meta":[],"product_brand":[],"product_cat":[2337],"product_tag":[2263,1976],"class_list":{"0":"post-100879","1":"product","2":"type-product","3":"status-publish","4":"has-post-thumbnail","6":"product_cat-synology","7":"product_tag-software-vms-y-analiticas","8":"product_tag-synology","10":"first","11":"outofstock","12":"sale","13":"shipping-taxable","14":"purchasable","15":"product-type-simple"},"_links":{"self":[{"href":"https:\/\/soydeaqui.ddns.net\/pachuca\/index.php\/wp-json\/wp\/v2\/product\/100879","targetHints":{"allow":["GET"]}}],"collection":[{"href":"https:\/\/soydeaqui.ddns.net\/pachuca\/index.php\/wp-json\/wp\/v2\/product"}],"about":[{"href":"https:\/\/soydeaqui.ddns.net\/pachuca\/index.php\/wp-json\/wp\/v2\/types\/product"}],"replies":[{"embeddable":true,"href":"https:\/\/soydeaqui.ddns.net\/pachuca\/index.php\/wp-json\/wp\/v2\/comments?post=100879"}],"wp:featuredmedia":[{"embeddable":true,"href":"https:\/\/soydeaqui.ddns.net\/pachuca\/index.php\/wp-json\/wp\/v2\/media\/100878"}],"wp:attachment":[{"href":"https:\/\/soydeaqui.ddns.net\/pachuca\/index.php\/wp-json\/wp\/v2\/media?parent=100879"}],"wp:term":[{"taxonomy":"product_brand","embeddable":true,"href":"https:\/\/soydeaqui.ddns.net\/pachuca\/index.php\/wp-json\/wp\/v2\/product_brand?post=100879"},{"taxonomy":"product_cat","embeddable":true,"href":"https:\/\/soydeaqui.ddns.net\/pachuca\/index.php\/wp-json\/wp\/v2\/product_cat?post=100879"},{"taxonomy":"product_tag","embeddable":true,"href":"https:\/\/soydeaqui.ddns.net\/pachuca\/index.php\/wp-json\/wp\/v2\/product_tag?post=100879"}],"curies":[{"name":"wp","href":"https:\/\/api.w.org\/{rel}","templated":true}]}}