{"id":100865,"date":"2026-03-20T11:34:14","date_gmt":"2026-03-20T11:34:14","guid":{"rendered":"https:\/\/soydeaqui.ddns.net\/pachuca\/index.php\/producto\/paquete-de-licencias-activeprotect-manager-gestion-centralizada-de-copias-de-seguridad-hasta-3-servidores-incluidos-licencia-basada-en-terminos-renovacion-anual\/"},"modified":"2026-03-20T11:34:16","modified_gmt":"2026-03-20T11:34:16","slug":"paquete-de-licencias-activeprotect-manager-gestion-centralizada-de-copias-de-seguridad-hasta-3-servidores-incluidos-licencia-basada-en-terminos-renovacion-anual","status":"publish","type":"product","link":"https:\/\/soydeaqui.ddns.net\/pachuca\/index.php\/producto\/paquete-de-licencias-activeprotect-manager-gestion-centralizada-de-copias-de-seguridad-hasta-3-servidores-incluidos-licencia-basada-en-terminos-renovacion-anual\/","title":{"rendered":"Paquete de Licencias ActiveProtect Manager | Gesti\u00f3n Centralizada de Copias de Seguridad | Hasta 3 Servidores Incluidos | Licencia Basada en T\u00e9rminos | Renovaci\u00f3n Anual."},"content":{"rendered":"<div style='width: 100%; max-width: 1200px; margin: 0 auto; font-family: sans-serif; line-height: 1.6; color: inherit; background-color: transparent;'> <!-- Secci\u00f3n de descripci\u00f3n general --> <\/p>\n<div style='margin-bottom: 30px;'>\n<p style='font-size: 17px; line-height: 1.6; margin: 0 0 20px; color: inherit;'>El Paquete de Licencias ActiveProtect Manager de Synology permite la gesti\u00f3n centralizada de m\u00faltiples servidores de copia de seguridad en un cl\u00faster&comma; conocido como sitio. Este paquete incluye una clave de licencia que puede ser activada en una cuenta de Synology y asignada a un solo sitio. Por defecto&comma; cada sitio admite hasta tres servidores de copia de seguridad&comma; incluido el servidor de administraci\u00f3n&comma; sin necesidad de licencias adicionales. Para a\u00f1adir m\u00e1s servidores&comma; se requiere la compra de paquetes de licencias adicionales.<\/p>\n<\/p><\/div>\n<p> <!-- Secci\u00f3n de caracter\u00edsticas principales --> <\/p>\n<div style='margin-bottom: 30px;'>\n<h2 style='font-size: 24px; font-weight: 600; margin: 0 0 15px; color: inherit; border-bottom: 2px solid currentColor; padding-bottom: 5px; opacity: 0.8;'>Caracter\u00edsticas Principales<\/h2>\n<div style='display: flex; flex-wrap: wrap; gap: 20px; margin-top: 15px;'>\n<div style='flex: 1 1 300px; min-width: 280px;'>\n<ul style='padding-left: 20px; font-size: 15px; color: inherit; list-style-type: disc;'>\n<li style='margin-bottom: 5px;'>Gesti\u00f3n centralizada de m\u00faltiples servidores de copia de seguridad<\/li>\n<li style='margin-bottom: 5px;'>Hasta 3 servidores incluidos sin licencias adicionales<\/li>\n<li style='margin-bottom: 5px;'>Licencia basada en t\u00e9rminos con renovaci\u00f3n anual<\/li>\n<li style='margin-bottom: 5px;'>Activaci\u00f3n y gesti\u00f3n a trav\u00e9s de la Cuenta Synology<\/li>\n<li style='margin-bottom: 5px;'>Modo de aplicaci\u00f3n que proh\u00edbe nuevas copias de seguridad al caducar la licencia<\/li>\n<\/ul><\/div>\n<\/p><\/div>\n<\/p><\/div>\n<p> <!-- Secci\u00f3n de especificaciones t\u00e9cnicas --> <\/p>\n<div style='margin-bottom: 30px;'>\n<h2 style='font-size: 24px; font-weight: 600; margin: 0 0 15px; color: inherit; border-bottom: 2px solid currentColor; padding-bottom: 5px; opacity: 0.8;'>Detalles T\u00e9cnicos<\/h2>\n<div style='display: flex; flex-wrap: wrap; gap: 20px; margin-top: 15px;'>\n<div style='flex: 1 1 250px; min-width: 220px; border: 1px solid rgba(150&comma; 150&comma; 150&comma; 0.4); border-radius: 8px; overflow: hidden; display: flex; flex-direction: column;'>\n<div style='padding: 15px; border-bottom: 1px solid rgba(150&comma; 150&comma; 150&comma; 0.2); font-weight: bold; font-size: 18px; color: inherit;'>Especificaciones<\/div>\n<div style='padding: 15px; color: inherit;'>\n<ul style='padding-left: 20px; margin: 0; font-size: 14px; list-style-type: disc;'>\n<li style='margin-bottom: 5px;'>Licencia basada en t\u00e9rminos<\/li>\n<li style='margin-bottom: 5px;'>Renovaci\u00f3n anual requerida<\/li>\n<li style='margin-bottom: 5px;'>Hasta 3 servidores incluidos por defecto<\/li>\n<li style='margin-bottom: 5px;'>Clave de licencia \u00fanica por sitio<\/li>\n<\/ul><\/div>\n<\/p><\/div>\n<div style='flex: 1 1 250px; min-width: 220px; border: 1px solid rgba(150&comma; 150&comma; 150&comma; 0.4); border-radius: 8px; overflow: hidden; display: flex; flex-direction: column;'>\n<div style='padding: 15px; border-bottom: 1px solid rgba(150&comma; 150&comma; 150&comma; 0.2); font-weight: bold; font-size: 18px; color: inherit;'>Interfaces y Conectividad<\/div>\n<div style='padding: 15px; color: inherit;'>\n<ul style='padding-left: 20px; margin: 0; font-size: 14px; list-style-type: disc;'>\n<li style='margin-bottom: 5px;'>Activaci\u00f3n y gesti\u00f3n a trav\u00e9s de la Cuenta Synology<\/li>\n<li style='margin-bottom: 5px;'>Acceso a internet requerido para la informaci\u00f3n de la licencia<\/li>\n<\/ul><\/div>\n<\/p><\/div>\n<\/p><\/div>\n<\/p><\/div>\n<p> <!-- Secci\u00f3n de aplicaciones y casos de uso --> <\/p>\n<div style='margin-bottom: 30px;'>\n<h2 style='font-size: 24px; font-weight: 600; margin: 0 0 15px; color: inherit; border-bottom: 2px solid currentColor; padding-bottom: 5px; opacity: 0.8;'>Aplicaciones y Casos de Uso<\/h2>\n<div style='display: flex; flex-wrap: wrap; gap: 20px; margin-top: 15px;'>\n<div style='flex: 1 1 250px; min-width: 220px; border: 1px solid rgba(150&comma; 150&comma; 150&comma; 0.4); border-radius: 8px; overflow: hidden; display: flex; flex-direction: column;'>\n<div style='padding: 15px; border-bottom: 1px solid rgba(150&comma; 150&comma; 150&comma; 0.2); font-weight: bold; font-size: 18px; color: inherit;'>Empresas Peque\u00f1as y Medianas<\/div>\n<div style='padding: 15px; color: inherit;'>\n<p style='margin: 0; font-size: 14px;'>Ideal para empresas que necesitan gestionar m\u00faltiples servidores de copia de seguridad de manera centralizada.<\/p>\n<\/p><\/div>\n<\/p><\/div>\n<div style='flex: 1 1 250px; min-width: 220px; border: 1px solid rgba(150&comma; 150&comma; 150&comma; 0.4); border-radius: 8px; overflow: hidden; display: flex; flex-direction: column;'>\n<div style='padding: 15px; border-bottom: 1px solid rgba(150&comma; 150&comma; 150&comma; 0.2); font-weight: bold; font-size: 18px; color: inherit;'>Protecci\u00f3n de Datos<\/div>\n<div style='padding: 15px; color: inherit;'>\n<p style='margin: 0; font-size: 14px;'>Garantiza la protecci\u00f3n y gesti\u00f3n de datos empresariales y la infraestructura de respaldo.<\/p>\n<\/p><\/div>\n<\/p><\/div>\n<div style='flex: 1 1 250px; min-width: 220px; border: 1px solid rgba(150&comma; 150&comma; 150&comma; 0.4); border-radius: 8px; overflow: hidden; display: flex; flex-direction: column;'>\n<div style='padding: 15px; border-bottom: 1px solid rgba(150&comma; 150&comma; 150&comma; 0.2); font-weight: bold; font-size: 18px; color: inherit;'>Expansi\u00f3n de Cl\u00fasteres<\/div>\n<div style='padding: 15px; color: inherit;'>\n<p style='margin: 0; font-size: 14px;'>Permite la expansi\u00f3n de cl\u00fasteres de copia de seguridad con la compra de paquetes de licencias adicionales.<\/p>\n<\/p><\/div>\n<\/p><\/div>\n<\/p><\/div>\n<\/p><\/div>\n<p> <!-- Separador final --> <\/p>\n<hr style='border: 0; border-top: 1px solid rgba(150&comma; 150&comma; 150&comma; 0.3); margin: 30px 0;'> <\/div>\n","protected":false},"excerpt":{"rendered":"<p>Paquete de Licencias ActiveProtect Manager | Gesti\u00f3n Centralizada de Copias de Seguridad | Hasta 3 Servidores Incluidos | Licencia Basada en T\u00e9rminos | Renovaci\u00f3n Anual.<\/p>\n","protected":false},"featured_media":100864,"comment_status":"open","ping_status":"closed","template":"","meta":[],"product_brand":[],"product_cat":[2337],"product_tag":[2263,1976],"class_list":{"0":"post-100865","1":"product","2":"type-product","3":"status-publish","4":"has-post-thumbnail","6":"product_cat-synology","7":"product_tag-software-vms-y-analiticas","8":"product_tag-synology","10":"first","11":"outofstock","12":"sale","13":"shipping-taxable","14":"purchasable","15":"product-type-simple"},"_links":{"self":[{"href":"https:\/\/soydeaqui.ddns.net\/pachuca\/index.php\/wp-json\/wp\/v2\/product\/100865","targetHints":{"allow":["GET"]}}],"collection":[{"href":"https:\/\/soydeaqui.ddns.net\/pachuca\/index.php\/wp-json\/wp\/v2\/product"}],"about":[{"href":"https:\/\/soydeaqui.ddns.net\/pachuca\/index.php\/wp-json\/wp\/v2\/types\/product"}],"replies":[{"embeddable":true,"href":"https:\/\/soydeaqui.ddns.net\/pachuca\/index.php\/wp-json\/wp\/v2\/comments?post=100865"}],"wp:featuredmedia":[{"embeddable":true,"href":"https:\/\/soydeaqui.ddns.net\/pachuca\/index.php\/wp-json\/wp\/v2\/media\/100864"}],"wp:attachment":[{"href":"https:\/\/soydeaqui.ddns.net\/pachuca\/index.php\/wp-json\/wp\/v2\/media?parent=100865"}],"wp:term":[{"taxonomy":"product_brand","embeddable":true,"href":"https:\/\/soydeaqui.ddns.net\/pachuca\/index.php\/wp-json\/wp\/v2\/product_brand?post=100865"},{"taxonomy":"product_cat","embeddable":true,"href":"https:\/\/soydeaqui.ddns.net\/pachuca\/index.php\/wp-json\/wp\/v2\/product_cat?post=100865"},{"taxonomy":"product_tag","embeddable":true,"href":"https:\/\/soydeaqui.ddns.net\/pachuca\/index.php\/wp-json\/wp\/v2\/product_tag?post=100865"}],"curies":[{"name":"wp","href":"https:\/\/api.w.org\/{rel}","templated":true}]}}