{"id":100861,"date":"2026-03-20T11:34:03","date_gmt":"2026-03-20T11:34:03","guid":{"rendered":"https:\/\/soydeaqui.ddns.net\/pachuca\/index.php\/producto\/licencia-virtual-machine-manager-pro-paquete-de-7-nodos-validez-de-1-ano-compatible-con-windows-linux-y-virtual-dsm-migracion-y-escalabilidad-flexible-maximo-de-4096-conmutadores-virtuales\/"},"modified":"2026-03-20T11:34:04","modified_gmt":"2026-03-20T11:34:04","slug":"licencia-virtual-machine-manager-pro-paquete-de-7-nodos-validez-de-1-ano-compatible-con-windows-linux-y-virtual-dsm-migracion-y-escalabilidad-flexible-maximo-de-4096-conmutadores-virtuales","status":"publish","type":"product","link":"https:\/\/soydeaqui.ddns.net\/pachuca\/index.php\/producto\/licencia-virtual-machine-manager-pro-paquete-de-7-nodos-validez-de-1-ano-compatible-con-windows-linux-y-virtual-dsm-migracion-y-escalabilidad-flexible-maximo-de-4096-conmutadores-virtuales\/","title":{"rendered":"Licencia Virtual Machine Manager Pro | Paquete de 7-Nodos | Validez de 1 A\u00f1o | Compatible con Windows, Linux y Virtual DSM | Migraci\u00f3n y Escalabilidad Flexible | M\u00e1ximo de 4096 Conmutadores Virtuales | High Availability | Migraci&#038;"},"content":{"rendered":"<div style='width: 100%; max-width: 1200px; margin: 0 auto; font-family: sans-serif; line-height: 1.6; color: inherit; background-color: transparent;'> <!-- Secci\u00f3n de overview --> <\/p>\n<div style='margin-bottom: 30px;'>\n<p style='font-size: 17px; line-height: 1.6; margin: 0; color: inherit;'> La licencia de Synology Virtual Machine Manager Pro permite gestionar toda la infraestructura de un cl\u00faster VMM&comma; ofreciendo migraci\u00f3n y escalabilidad flexible para equilibrar la carga y asignar recursos. Compatible con Windows&comma; Linux y Virtual DSM&comma; esta licencia est\u00e1 disponible en paquetes de 3-Node y 7-Node con validez de uno&comma; tres o cinco a\u00f1os. <\/p>\n<\/p><\/div>\n<p> <!-- Secci\u00f3n de caracter\u00edsticas principales --> <\/p>\n<div style='margin-bottom: 30px;'>\n<h2 style='font-size: 24px; font-weight: 600; margin-bottom: 20px; border-bottom: 2px solid currentColor; padding-bottom: 5px; color: inherit; opacity: 0.8;'>Caracter\u00edsticas Principales<\/h2>\n<div style='display: flex; flex-wrap: wrap; gap: 20px;'>\n<div style='flex: 1 1 300px; min-width: 280px;'>\n<div style='border: 1px solid rgba(150&comma; 150&comma; 150&comma; 0.4); border-radius: 8px; overflow: hidden; display: flex; flex-direction: column; height: 100%;'>\n<div style='padding: 15px; border-bottom: 1px solid rgba(150&comma; 150&comma; 150&comma; 0.2); font-weight: bold; font-size: 18px; color: inherit;'>Caracter\u00edsticas<\/div>\n<div style='padding: 15px; color: inherit; flex: 1 1 auto;'>\n<ul style='padding-left: 20px; margin: 0; font-size: 14px; list-style-type: disc;'>\n<li style='margin-bottom: 5px;'>Administraci\u00f3n de cl\u00fasteres y configuraci\u00f3n de QoS<\/li>\n<li style='margin-bottom: 5px;'>Sobreasignaci\u00f3n de CPU: 4 subprocesos f\u00edsicos<\/li>\n<li style='margin-bottom: 5px;'>M\u00e1ximo de 4096 conmutadores virtuales<\/li>\n<li style='margin-bottom: 5px;'>Plan de replicaci\u00f3n remota y migraci\u00f3n de almacenamiento remoto<\/li>\n<li style='margin-bottom: 5px;'>Ejecuci\u00f3n de VM en host remoto y High Availability<\/li>\n<li style='margin-bottom: 5px;'>Migraci\u00f3n en vivo y m\u00e1ximo de 255 instant\u00e1neas por VM<\/li>\n<li style='margin-bottom: 5px;'>16 enlaces de compartir VM por host<\/li>\n<\/ul><\/div>\n<\/p><\/div>\n<\/p><\/div>\n<\/p><\/div>\n<\/p><\/div>\n<p> <!-- Secci\u00f3n de detalles t\u00e9cnicos --> <\/p>\n<div style='margin-bottom: 30px;'>\n<h2 style='font-size: 24px; font-weight: 600; margin-bottom: 20px; border-bottom: 2px solid currentColor; padding-bottom: 5px; color: inherit; opacity: 0.8;'>Detalles T\u00e9cnicos<\/h2>\n<div style='display: flex; flex-wrap: wrap; gap: 20px;'>\n<div style='flex: 1 1 300px; min-width: 280px;'>\n<div style='border: 1px solid rgba(150&comma; 150&comma; 150&comma; 0.4); border-radius: 8px; overflow: hidden; display: flex; flex-direction: column; height: 100%;'>\n<div style='padding: 15px; border-bottom: 1px solid rgba(150&comma; 150&comma; 150&comma; 0.2); font-weight: bold; font-size: 18px; color: inherit;'>Especificaciones<\/div>\n<div style='padding: 15px; color: inherit; flex: 1 1 auto;'>\n<ul style='padding-left: 20px; margin: 0; font-size: 14px; list-style-type: disc;'>\n<li style='margin-bottom: 5px;'>Paquetes disponibles: 3-Node y 7-Node<\/li>\n<li style='margin-bottom: 5px;'>Validez: 1&comma; 3 o 5 a\u00f1os<\/li>\n<li style='margin-bottom: 5px;'>Sobreasignaci\u00f3n de CPU: 4 subprocesos f\u00edsicos<\/li>\n<li style='margin-bottom: 5px;'>M\u00e1ximo de 4096 conmutadores virtuales<\/li>\n<li style='margin-bottom: 5px;'>M\u00e1ximo de 255 instant\u00e1neas por VM<\/li>\n<li style='margin-bottom: 5px;'>16 enlaces de compartir VM por host<\/li>\n<\/ul><\/div>\n<\/p><\/div>\n<\/p><\/div>\n<div style='flex: 1 1 300px; min-width: 280px;'>\n<div style='border: 1px solid rgba(150&comma; 150&comma; 150&comma; 0.4); border-radius: 8px; overflow: hidden; display: flex; flex-direction: column; height: 100%;'>\n<div style='padding: 15px; border-bottom: 1px solid rgba(150&comma; 150&comma; 150&comma; 0.2); font-weight: bold; font-size: 18px; color: inherit;'>Compatibilidad<\/div>\n<div style='padding: 15px; color: inherit; flex: 1 1 auto;'>\n<ul style='padding-left: 20px; margin: 0; font-size: 14px; list-style-type: disc;'>\n<li style='margin-bottom: 5px;'>Sistemas operativos compatibles: Windows&comma; Linux y Virtual DSM<\/li>\n<li style='margin-bottom: 5px;'>Modelos compatibles: FS6400&comma; FS3600&comma; FS3410&comma; FS2500&comma; HD6500&comma; SA6400&comma; SA3610&comma; SA3410&comma; SA3400D&comma; SA3200D&comma; RS4021xs+&comma; RS3621xs+&comma; RS3621RPxs&comma; RS3618xs&comma; RS2825RP+&comma; RS2423RP+&comma; RS2423+&comma; RS1619xs+&comma; RS1221RP+&comma; RS1221+&comma; RS822RP+&comma; RS822+&comma; DS3622xs+&comma; DS2422+&comma; DS1825+&comma; DS1823xs+&comma; DS1621+&comma; DS1525+&comma; DS925+&comma; DS725+&comma; DS620slim&comma; DS425+&comma; DS225+&comma; DS224+<\/li>\n<\/ul><\/div>\n<\/p><\/div>\n<\/p><\/div>\n<\/p><\/div>\n<\/p><\/div>\n<p> <!-- Secci\u00f3n de aplicaciones y casos de uso --> <\/p>\n<div style='margin-bottom: 30px;'>\n<h2 style='font-size: 24px; font-weight: 600; margin-bottom: 20px; border-bottom: 2px solid currentColor; padding-bottom: 5px; color: inherit; opacity: 0.8;'>Aplicaciones y Casos de Uso<\/h2>\n<div style='display: flex; flex-wrap: wrap; gap: 20px;'>\n<div style='flex: 1 1 300px; min-width: 280px;'>\n<div style='border: 1px solid rgba(150&comma; 150&comma; 150&comma; 0.4); border-radius: 8px; overflow: hidden; display: flex; flex-direction: column; height: 100%;'>\n<div style='padding: 15px; border-bottom: 1px solid rgba(150&comma; 150&comma; 150&comma; 0.2); font-weight: bold; font-size: 18px; color: inherit;'>Empresas Peque\u00f1as y Medianas<\/div>\n<div style='padding: 15px; color: inherit; flex: 1 1 auto;'>\n<p style='margin: 0; font-size: 14px; color: inherit;'> Gesti\u00f3n eficiente de recursos y migraci\u00f3n en vivo para optimizar el rendimiento. <\/p>\n<\/p><\/div>\n<\/p><\/div>\n<\/p><\/div>\n<div style='flex: 1 1 300px; min-width: 280px;'>\n<div style='border: 1px solid rgba(150&comma; 150&comma; 150&comma; 0.4); border-radius: 8px; overflow: hidden; display: flex; flex-direction: column; height: 100%;'>\n<div style='padding: 15px; border-bottom: 1px solid rgba(150&comma; 150&comma; 150&comma; 0.2); font-weight: bold; font-size: 18px; color: inherit;'>Centros de Datos<\/div>\n<div style='padding: 15px; color: inherit; flex: 1 1 auto;'>\n<p style='margin: 0; font-size: 14px; color: inherit;'> High Availability y replicaci\u00f3n remota para garantizar la continuidad del negocio. <\/p>\n<\/p><\/div>\n<\/p><\/div>\n<\/p><\/div>\n<div style='flex: 1 1 300px; min-width: 280px;'>\n<div style='border: 1px solid rgba(150&comma; 150&comma; 150&comma; 0.4); border-radius: 8px; overflow: hidden; display: flex; flex-direction: column; height: 100%;'>\n<div style='padding: 15px; border-bottom: 1px solid rgba(150&comma; 150&comma; 150&comma; 0.2); font-weight: bold; font-size: 18px; color: inherit;'>Desarrollo y Pruebas<\/div>\n<div style='padding: 15px; color: inherit; flex: 1 1 auto;'>\n<p style='margin: 0; font-size: 14px; color: inherit;'> Creaci\u00f3n y gesti\u00f3n de m\u00faltiples VM para entornos de desarrollo y pruebas. <\/p>\n<\/p><\/div>\n<\/p><\/div>\n<\/p><\/div>\n<\/p><\/div>\n<\/p><\/div>\n<p> <!-- Separador final --> <\/p>\n<hr style='border: 0; border-top: 1px solid rgba(150&comma; 150&comma; 150&comma; 0.3); margin: 30px 0;'> <\/div>\n","protected":false},"excerpt":{"rendered":"<p>Licencia Virtual Machine Manager Pro | Paquete de 7-Nodos | Validez de 1 A\u00f1o | Compatible con Windows, Linux y Virtual DSM | Migraci\u00f3n y Escalabilidad Flexible | M\u00e1ximo de 4096 Conmutadores Virtuales | High Availability | Migraci&#038;<\/p>\n","protected":false},"featured_media":100860,"comment_status":"open","ping_status":"closed","template":"","meta":[],"product_brand":[],"product_cat":[2337],"product_tag":[2263,1976],"class_list":{"0":"post-100861","1":"product","2":"type-product","3":"status-publish","4":"has-post-thumbnail","6":"product_cat-synology","7":"product_tag-software-vms-y-analiticas","8":"product_tag-synology","10":"first","11":"outofstock","12":"sale","13":"shipping-taxable","14":"purchasable","15":"product-type-simple"},"_links":{"self":[{"href":"https:\/\/soydeaqui.ddns.net\/pachuca\/index.php\/wp-json\/wp\/v2\/product\/100861","targetHints":{"allow":["GET"]}}],"collection":[{"href":"https:\/\/soydeaqui.ddns.net\/pachuca\/index.php\/wp-json\/wp\/v2\/product"}],"about":[{"href":"https:\/\/soydeaqui.ddns.net\/pachuca\/index.php\/wp-json\/wp\/v2\/types\/product"}],"replies":[{"embeddable":true,"href":"https:\/\/soydeaqui.ddns.net\/pachuca\/index.php\/wp-json\/wp\/v2\/comments?post=100861"}],"wp:featuredmedia":[{"embeddable":true,"href":"https:\/\/soydeaqui.ddns.net\/pachuca\/index.php\/wp-json\/wp\/v2\/media\/100860"}],"wp:attachment":[{"href":"https:\/\/soydeaqui.ddns.net\/pachuca\/index.php\/wp-json\/wp\/v2\/media?parent=100861"}],"wp:term":[{"taxonomy":"product_brand","embeddable":true,"href":"https:\/\/soydeaqui.ddns.net\/pachuca\/index.php\/wp-json\/wp\/v2\/product_brand?post=100861"},{"taxonomy":"product_cat","embeddable":true,"href":"https:\/\/soydeaqui.ddns.net\/pachuca\/index.php\/wp-json\/wp\/v2\/product_cat?post=100861"},{"taxonomy":"product_tag","embeddable":true,"href":"https:\/\/soydeaqui.ddns.net\/pachuca\/index.php\/wp-json\/wp\/v2\/product_tag?post=100861"}],"curies":[{"name":"wp","href":"https:\/\/api.w.org\/{rel}","templated":true}]}}