{"id":100859,"date":"2026-03-20T11:33:58","date_gmt":"2026-03-20T11:33:58","guid":{"rendered":"https:\/\/soydeaqui.ddns.net\/pachuca\/index.php\/producto\/licencia-virtual-machine-manager-pro-paquete-de-7-nodos-validez-de-3-anos-compatible-con-windows-linux-y-virtual-dsm-migracion-y-escalabilidad-flexible-maximo-de-4096-conmutadores-virtuales\/"},"modified":"2026-03-20T11:34:00","modified_gmt":"2026-03-20T11:34:00","slug":"licencia-virtual-machine-manager-pro-paquete-de-7-nodos-validez-de-3-anos-compatible-con-windows-linux-y-virtual-dsm-migracion-y-escalabilidad-flexible-maximo-de-4096-conmutadores-virtuales","status":"publish","type":"product","link":"https:\/\/soydeaqui.ddns.net\/pachuca\/index.php\/producto\/licencia-virtual-machine-manager-pro-paquete-de-7-nodos-validez-de-3-anos-compatible-con-windows-linux-y-virtual-dsm-migracion-y-escalabilidad-flexible-maximo-de-4096-conmutadores-virtuales\/","title":{"rendered":"Licencia Virtual Machine Manager Pro | Paquete de 7-Nodos | Validez de 3 A\u00f1os | Compatible con Windows, Linux y Virtual DSM | Migraci\u00f3n y Escalabilidad Flexible | M\u00e1ximo de 4096 Conmutadores Virtuales | High Availability | Migraci&#038;amp"},"content":{"rendered":"<div style='width: 100%; max-width: 1200px; margin: 0 auto; font-family: sans-serif; line-height: 1.6; color: inherit; background-color: transparent;'>\n<div style='margin-bottom: 30px;'>\n<p style='font-size: 18px; line-height: 1.6; margin: 0 0 20px 0; color: inherit;'>La licencia de Synology Virtual Machine Manager Pro permite gestionar toda la infraestructura de un cl\u00faster VMM&comma; ofreciendo migraci\u00f3n y escalabilidad flexible para equilibrar la carga y asignar recursos. Compatible con sistemas operativos Windows&comma; Linux y Virtual DSM&comma; esta licencia est\u00e1 disponible en paquetes de 3-Node y 7-Node con validez de uno&comma; tres o cinco a\u00f1os.<\/p>\n<\/p><\/div>\n<div style='margin-bottom: 30px;'>\n<h2 style='font-size: 24px; font-weight: 600; margin: 0 0 20px 0; color: inherit; border-bottom: 2px solid rgba(150&comma;150&comma;150&comma;0.3); padding-bottom: 10px;'>Caracter\u00edsticas Principales<\/h2>\n<div style='display: flex; flex-wrap: wrap; gap: 20px; margin-top: 20px;'>\n<div style='flex: 1 1 100%;'>\n<ul style='padding-left: 20px; font-size: 15px; color: inherit;'>\n<li style='margin-bottom: 10px;'>Administraci\u00f3n de cl\u00fasteres y configuraci\u00f3n de QoS<\/li>\n<li style='margin-bottom: 10px;'>Sobreasignaci\u00f3n de CPU: 4 subprocesos f\u00edsicos de CPU<\/li>\n<li style='margin-bottom: 10px;'>M\u00e1ximo de 4096 conmutadores virtuales<\/li>\n<li style='margin-bottom: 10px;'>M\u00e1ximo de 255 instant\u00e1neas por VM<\/li>\n<li style='margin-bottom: 10px;'>16 enlaces de compartir VM por host<\/li>\n<li style='margin-bottom: 10px;'>Plan de replicaci\u00f3n remota y migraci\u00f3n de almacenamiento remoto<\/li>\n<li style='margin-bottom: 10px;'>Ejecuci\u00f3n de VM en host remoto y High Availability<\/li>\n<li style='margin-bottom: 10px;'>Migraci\u00f3n en vivo para una gesti\u00f3n eficiente de recursos<\/li>\n<\/ul><\/div>\n<\/p><\/div>\n<\/p><\/div>\n<div style='margin-bottom: 30px;'>\n<h2 style='font-size: 24px; font-weight: 600; margin: 0 0 20px 0; color: inherit; border-bottom: 2px solid rgba(150&comma;150&comma;150&comma;0.3); padding-bottom: 10px;'>Detalles T\u00e9cnicos<\/h2>\n<div style='display: flex; flex-wrap: wrap; gap: 20px; margin-top: 20px;'>\n<div style='flex: 1 1 45%; min-width: 280px; border: 1px solid rgba(150&comma; 150&comma; 150&comma; 0.4); border-radius: 8px; overflow: hidden; display: flex; flex-direction: column;'>\n<div style='padding: 15px; border-bottom: 1px solid rgba(150&comma; 150&comma; 150&comma; 0.2); font-weight: bold; font-size: 18px; color: inherit;'>Especificaciones<\/div>\n<div style='padding: 15px; color: inherit;'>\n<ul style='padding-left: 20px; margin: 0; font-size: 14px; list-style-type: disc;'>\n<li style='margin-bottom: 5px;'>Paquetes disponibles: 3-Node y 7-Node<\/li>\n<li style='margin-bottom: 5px;'>Validez de licencia: 1&comma; 3 o 5 a\u00f1os<\/li>\n<li style='margin-bottom: 5px;'>M\u00e1ximo de 7 dispositivos NAS por cl\u00faster<\/li>\n<li style='margin-bottom: 5px;'>Compatibilidad con Windows&comma; Linux y Virtual DSM<\/li>\n<li style='margin-bottom: 5px;'>Prueba gratuita de 30 d\u00edas disponible<\/li>\n<\/ul><\/div>\n<\/p><\/div>\n<div style='flex: 1 1 45%; min-width: 280px; border: 1px solid rgba(150&comma; 150&comma; 150&comma; 0.4); border-radius: 8px; overflow: hidden; display: flex; flex-direction: column;'>\n<div style='padding: 15px; border-bottom: 1px solid rgba(150&comma; 150&comma; 150&comma; 0.2); font-weight: bold; font-size: 18px; color: inherit;'>Interfaces y Conectividad<\/div>\n<div style='padding: 15px; color: inherit;'>\n<ul style='padding-left: 20px; margin: 0; font-size: 14px; list-style-type: disc;'>\n<li style='margin-bottom: 5px;'>Migraci\u00f3n de licencias entre cl\u00fasteres<\/li>\n<li style='margin-bottom: 5px;'>Requisito de conexi\u00f3n a Internet para activaci\u00f3n<\/li>\n<li style='margin-bottom: 5px;'>Compatibilidad con m\u00faltiples modelos de Synology NAS<\/li>\n<\/ul><\/div>\n<\/p><\/div>\n<\/p><\/div>\n<\/p><\/div>\n<div style='margin-bottom: 30px;'>\n<h2 style='font-size: 24px; font-weight: 600; margin: 0 0 20px 0; color: inherit; border-bottom: 2px solid rgba(150&comma;150&comma;150&comma;0.3); padding-bottom: 10px;'>Aplicaciones y Casos de Uso<\/h2>\n<div style='display: flex; flex-wrap: wrap; gap: 20px; margin-top: 20px;'>\n<div style='flex: 1 1 30%; min-width: 280px; border: 1px solid rgba(150&comma; 150&comma; 150&comma; 0.4); border-radius: 8px; overflow: hidden; display: flex; flex-direction: column;'>\n<div style='padding: 15px; border-bottom: 1px solid rgba(150&comma; 150&comma; 150&comma; 0.2); font-weight: bold; font-size: 18px; color: inherit;'>Empresas Peque\u00f1as y Medianas<\/div>\n<div style='padding: 15px; color: inherit;'>\n<p style='margin: 0; font-size: 14px;'>Gesti\u00f3n eficiente de recursos y alta disponibilidad para entornos empresariales.<\/p>\n<\/p><\/div>\n<\/p><\/div>\n<div style='flex: 1 1 30%; min-width: 280px; border: 1px solid rgba(150&comma; 150&comma; 150&comma; 0.4); border-radius: 8px; overflow: hidden; display: flex; flex-direction: column;'>\n<div style='padding: 15px; border-bottom: 1px solid rgba(150&comma; 150&comma; 150&comma; 0.2); font-weight: bold; font-size: 18px; color: inherit;'>Centros de Datos<\/div>\n<div style='padding: 15px; color: inherit;'>\n<p style='margin: 0; font-size: 14px;'>Escalabilidad flexible y migraci\u00f3n en vivo para optimizar la carga de trabajo.<\/p>\n<\/p><\/div>\n<\/p><\/div>\n<div style='flex: 1 1 30%; min-width: 280px; border: 1px solid rgba(150&comma; 150&comma; 150&comma; 0.4); border-radius: 8px; overflow: hidden; display: flex; flex-direction: column;'>\n<div style='padding: 15px; border-bottom: 1px solid rgba(150&comma; 150&comma; 150&comma; 0.2); font-weight: bold; font-size: 18px; color: inherit;'>Desarrollo y Pruebas<\/div>\n<div style='padding: 15px; color: inherit;'>\n<p style='margin: 0; font-size: 14px;'>Compatibilidad con m\u00faltiples sistemas operativos para entornos de desarrollo y pruebas.<\/p>\n<\/p><\/div>\n<\/p><\/div>\n<\/p><\/div>\n<\/p><\/div>\n<hr style='border: 0; border-top: 1px solid rgba(150&comma; 150&comma; 150&comma; 0.3); margin: 30px 0;'> <\/div>\n","protected":false},"excerpt":{"rendered":"<p>Licencia Virtual Machine Manager Pro | Paquete de 7-Nodos | Validez de 3 A\u00f1os | Compatible con Windows, Linux y Virtual DSM | Migraci\u00f3n y Escalabilidad Flexible | M\u00e1ximo de 4096 Conmutadores Virtuales | High Availability | Migraci&#038;amp<\/p>\n","protected":false},"featured_media":100858,"comment_status":"open","ping_status":"closed","template":"","meta":[],"product_brand":[],"product_cat":[2337],"product_tag":[2263,1976],"class_list":{"0":"post-100859","1":"product","2":"type-product","3":"status-publish","4":"has-post-thumbnail","6":"product_cat-synology","7":"product_tag-software-vms-y-analiticas","8":"product_tag-synology","10":"first","11":"outofstock","12":"sale","13":"shipping-taxable","14":"purchasable","15":"product-type-simple"},"_links":{"self":[{"href":"https:\/\/soydeaqui.ddns.net\/pachuca\/index.php\/wp-json\/wp\/v2\/product\/100859","targetHints":{"allow":["GET"]}}],"collection":[{"href":"https:\/\/soydeaqui.ddns.net\/pachuca\/index.php\/wp-json\/wp\/v2\/product"}],"about":[{"href":"https:\/\/soydeaqui.ddns.net\/pachuca\/index.php\/wp-json\/wp\/v2\/types\/product"}],"replies":[{"embeddable":true,"href":"https:\/\/soydeaqui.ddns.net\/pachuca\/index.php\/wp-json\/wp\/v2\/comments?post=100859"}],"wp:featuredmedia":[{"embeddable":true,"href":"https:\/\/soydeaqui.ddns.net\/pachuca\/index.php\/wp-json\/wp\/v2\/media\/100858"}],"wp:attachment":[{"href":"https:\/\/soydeaqui.ddns.net\/pachuca\/index.php\/wp-json\/wp\/v2\/media?parent=100859"}],"wp:term":[{"taxonomy":"product_brand","embeddable":true,"href":"https:\/\/soydeaqui.ddns.net\/pachuca\/index.php\/wp-json\/wp\/v2\/product_brand?post=100859"},{"taxonomy":"product_cat","embeddable":true,"href":"https:\/\/soydeaqui.ddns.net\/pachuca\/index.php\/wp-json\/wp\/v2\/product_cat?post=100859"},{"taxonomy":"product_tag","embeddable":true,"href":"https:\/\/soydeaqui.ddns.net\/pachuca\/index.php\/wp-json\/wp\/v2\/product_tag?post=100859"}],"curies":[{"name":"wp","href":"https:\/\/api.w.org\/{rel}","templated":true}]}}