{"id":100849,"date":"2026-03-20T11:33:31","date_gmt":"2026-03-20T11:33:31","guid":{"rendered":"https:\/\/soydeaqui.ddns.net\/pachuca\/index.php\/producto\/bala-ip-4-megapixel-lente-2-8-mm-dual-light-30-mts-ir-30-mts-luz-blanca-wi-fi-acusense-audio-bidireccional-microfono-y-bocina-ip66-dwdr-micro-sd-3\/"},"modified":"2026-03-20T11:33:33","modified_gmt":"2026-03-20T11:33:33","slug":"bala-ip-4-megapixel-lente-2-8-mm-dual-light-30-mts-ir-30-mts-luz-blanca-wi-fi-acusense-audio-bidireccional-microfono-y-bocina-ip66-dwdr-micro-sd-3","status":"publish","type":"product","link":"https:\/\/soydeaqui.ddns.net\/pachuca\/index.php\/producto\/bala-ip-4-megapixel-lente-2-8-mm-dual-light-30-mts-ir-30-mts-luz-blanca-wi-fi-acusense-audio-bidireccional-microfono-y-bocina-ip66-dwdr-micro-sd-3\/","title":{"rendered":"Bala IP 4 Megapixel \/ Lente 2.8 mm \/ Dual Light (30 mts IR + 30 mts Luz Blanca) \/ Wi-Fi \/ ACUSENSE \/  Audio Bidireccional (Micr\u00f3fono y Bocina) \/ IP66 \/ dWDR \/ Micro SD"},"content":{"rendered":"<div style='width: 100%; max-width: 1200px; margin: 0 auto; font-family: sans-serif; line-height: 1.6; color: inherit; background-color: transparent;'>\n<p style='text-align: center; margin: 20px 0;'> <img style='width: 100%; max-width: 400px; height: auto; border: 1px solid rgba(150&comma;150&comma;150&comma;0.3); border-radius: 8px;' src='https:\/\/ftp3.syscom.mx\/usuarios\/jsosa\/HIKVISION\/imagenes\/logo\/hikvision%20see%20far.png' alt='Logo Hikvision'> <\/p>\n<p> <!-- Secci\u00f3n principal con grid --> <\/p>\n<div style='display: grid; grid-template-columns: 1fr; gap: 30px; margin-top: 30px;'> <!-- Secci\u00f3n de caracter\u00edsticas --> <\/p>\n<div style='display: flex; flex-direction: column; gap: 20px;'> <!-- Caracter\u00edsticas Principales --> <\/p>\n<div style='border: 1px solid rgba(150&comma; 150&comma; 150&comma; 0.4); border-radius: 8px; overflow: hidden; display: flex; flex-direction: column;'>\n<div style='padding: 15px; background: #df001e; border-bottom: 1px solid #a80000; font-weight: bold; font-size: 18px; color: white;'>Caracter\u00edsticas Principales<\/div>\n<div style='padding: 15px; color: inherit;'>\n<ul style='padding-left: 20px; margin: 0; font-size: 14px; list-style-type: disc;'>\n<li style='margin-bottom: 5px;'><strong>Resoluci\u00f3n m\u00e1xima:<\/strong> 4 Megapixel (2560 x 1440)<\/li>\n<li style='margin-bottom: 5px;'><strong>Iluminaci\u00f3n m\u00ednima:<\/strong> color 0.005 lux @ (F1.6; AGC ON)<\/li>\n<li style='margin-bottom: 5px;'>Dia \/ Noche Real (filtro ICR)<\/li>\n<li style='margin-bottom: 5px;'>Lente 2.8 mm (angulo de apertura 94\u00b0)<\/li>\n<li style='margin-bottom: 5px;'>Cuenta con antena WiFi<\/li>\n<li style='margin-bottom: 5px;'>Distancia de infrarrojos: 30 mts IR EXIR<\/li>\n<li style='margin-bottom: 5px;'>Distancia de Luz Blanca: 30 mts<\/li>\n<li style='margin-bottom: 5px;'>Funciones normales: dWDR \/ BLC \/ HLC \/ 3D DNR<\/li>\n<li style='margin-bottom: 5px;'>Compresi\u00f3n: H.265 \/ H.264<\/li>\n<\/ul><\/div>\n<\/p><\/div>\n<p> <!-- Entradas y Salidas --> <\/p>\n<div style='border: 1px solid rgba(150&comma; 150&comma; 150&comma; 0.4); border-radius: 8px; overflow: hidden; display: flex; flex-direction: column;'>\n<div style='padding: 15px; background: #df001e; border-bottom: 1px solid #a80000; font-weight: bold; font-size: 18px; color: white;'>Entradas y Salidas de Audio \/ Alarmas \/ Red \/ Almacenamiento<\/div>\n<div style='padding: 15px; color: inherit;'>\n<ul style='padding-left: 20px; margin: 0; font-size: 14px; list-style-type: disc;'>\n<li style='margin-bottom: 5px;'>Entradas de alarma: N\/A<\/li>\n<li style='margin-bottom: 5px;'>Salidas de alarma: N\/A<\/li>\n<li style='margin-bottom: 5px;'>Entradas de audio: N\/A<\/li>\n<li style='margin-bottom: 5px;'>Salidas de audio: N\/A<\/li>\n<li style='margin-bottom: 5px; font-weight: bold;'>Micr\u00f3fono y altavoz integrado: (audio de 2 V\u00edas)<\/li>\n<li style='margin-bottom: 5px;'>Puerto de red: 1 (10 \/ 100 Mbps)<\/li>\n<li style='margin-bottom: 5px;'>Almacenamiento micro SD de hasta 512 GB (memoria no incluida)<\/li>\n<li style='margin-bottom: 5px;'>Soporta ONVIF \/ ISAPI \/ CGI<\/li>\n<\/ul><\/div>\n<\/p><\/div>\n<p> <!-- Caracter\u00edsticas F\u00edsicas --> <\/p>\n<div style='border: 1px solid rgba(150&comma; 150&comma; 150&comma; 0.4); border-radius: 8px; overflow: hidden; display: flex; flex-direction: column;'>\n<div style='padding: 15px; background: #df001e; border-bottom: 1px solid #a80000; font-weight: bold; font-size: 18px; color: white;'>Caracter\u00edsticas F\u00edsicas y El\u00e9ctricas<\/div>\n<div style='padding: 15px; color: inherit;'>\n<ul style='padding-left: 20px; margin: 0; font-size: 14px; list-style-type: disc;'>\n<li style='margin-bottom: 5px;'>Alimentaci\u00f3n: 12 Vcc \/ 7.2 W (No soporta PoE)<\/li>\n<li style='margin-bottom: 5px;'>Incluye fuente de alimentaci\u00f3n (12 VCD a 1 Amp)<\/li>\n<li style='margin-bottom: 5px;'>Temperatura de operaci\u00f3n: -30\u00b0C a 60\u00b0C<\/li>\n<li style='margin-bottom: 5px;'>Uso en exterior IP66<\/li>\n<li style='margin-bottom: 5px;'>Dimensiones: 175.6 x 73.0 x 89.1mm<\/li>\n<li style='margin-bottom: 5px;'>Peso: 450 gramos<\/li>\n<\/ul><\/div>\n<\/p><\/div>\n<p> <!-- Acesorios Compatibles --> <\/p>\n<div style='border: 1px solid rgba(150&comma; 150&comma; 150&comma; 0.4); border-radius: 8px; overflow: hidden; display: flex; flex-direction: column;'>\n<div style='padding: 15px; background: #df001e; border-bottom: 1px solid #a80000; font-weight: bold; font-size: 18px; color: white;'>Acesorios Compatibles<\/div>\n<div style='padding: 15px; color: inherit;'>\n<ul style='padding-left: 20px; margin: 0; font-size: 14px; list-style-type: disc;'>\n<li style='margin-bottom: 5px;'> <strong> <a style='color: #2880b9; text-decoration: none;' href='https:\/\/ftp3.syscom.mx\/usuarios\/alexh\/Hikvision\/Specsheet\/DS-2CV1043G2-LIDW%28F%29%28B%29_Datasheet_20240719.pdf?_gl=1*1q6rvsc*_gcl_au*MTc3NjMxMDk4MS4xNzUwMTgxMDMx' target='_blank' rel='noopener'>Consulte la ficha t\u00e9cnica para validar los accesorios compatibles<\/a> <\/strong> <\/li>\n<\/ul><\/div>\n<\/p><\/div>\n<p> <!-- Caracter\u00edsticas Destacadas --> <\/p>\n<div style='border: 1px solid rgba(150&comma; 150&comma; 150&comma; 0.4); border-radius: 8px; overflow: hidden; display: flex; flex-direction: column;'>\n<div style='padding: 15px; background: #df001e; border-bottom: 1px solid #a80000; font-weight: bold; font-size: 18px; color: white;'>Caracter\u00edsticas Destacadas<\/div>\n<div style='padding: 15px; color: inherit;'>\n<ul style='padding-left: 20px; margin: 0; font-size: 14px; list-style-type: disc;'>\n<li style='margin-bottom: 5px;'>No se puede agregar directamente a la plataforma de Hik-Connect (P2P) de manera WiFi&comma; requiere un NVS. Se puede agregar de manera directa a Hik-Connect de manera cableada (LAN)<\/li>\n<li style='margin-bottom: 5px;'>Para agregarse de manera WiFi a Hik-Connect (P2P) se tiene que usar el modelo <a style='color: #2880b9; text-decoration: none;' href='https:\/\/www.syscom.mx\/producto\/DS-7104NI-S1\/W-HIKVISION-230191.html'>DS-7104NI-S1\/W<\/a> que sirve como modo AP (intermediario entre la c\u00e1mara WiFi y el modem) para que se pueda ver desde la App de Hik-Connect<\/li>\n<li style='margin-bottom: 5px;'>Es posible agregarse a un DVR\/NVR tambien para poder verse por Hik-Connect<\/li>\n<li style='margin-bottom: 5px;'>Para poder tener audio bidireccional es recomendable usar <a style='color: #2880b9; text-decoration: none;' href='https:\/\/www.syscom.mx\/producto\/DS-7104NI-S1\/W-HIKVISION-230191.html'>DS-7104NI-S1\/W<\/a>. Tambien es posible usar NVR serie NI-Q&comma; NXI-K&comma; NXI-M para audio bidireccional<\/li>\n<\/ul><\/div>\n<\/p><\/div>\n<p> <!-- Banner final --> <\/p>\n<p style='text-align: center; margin: 30px 0 0 0;'> <img style='width: 100%; height: auto; border: 1px solid rgba(150&comma;150&comma;150&comma;0.3); border-radius: 8px;' src='https:\/\/ftp3.syscom.mx\/usuarios\/jsosa\/HIKVISION\/imagenes\/banners\/solution%20complete.png' alt='Banner Solution Complete'> <\/p>\n<\/p><\/div>\n<\/p><\/div>\n<\/p><\/div>\n","protected":false},"excerpt":{"rendered":"<p>Bala IP 4 Megapixel \/ Lente 2.8 mm \/ Dual Light (30 mts IR + 30 mts Luz Blanca) \/ Wi-Fi \/ ACUSENSE \/  Audio Bidireccional (Micr\u00f3fono y Bocina) \/ IP66 \/ dWDR \/ Micro SD<\/p>\n","protected":false},"featured_media":32,"comment_status":"open","ping_status":"closed","template":"","meta":[],"product_brand":[],"product_cat":[121],"product_tag":[122,54,123],"class_list":{"0":"post-100849","1":"product","2":"type-product","3":"status-publish","4":"has-post-thumbnail","6":"product_cat-wifi-4g-inalambricas","7":"product_tag-camaras-ip-y-nvrs","8":"product_tag-hikvision","9":"product_tag-wifi-4g-inalambricas","11":"first","12":"outofstock","13":"sale","14":"shipping-taxable","15":"purchasable","16":"product-type-simple"},"_links":{"self":[{"href":"https:\/\/soydeaqui.ddns.net\/pachuca\/index.php\/wp-json\/wp\/v2\/product\/100849","targetHints":{"allow":["GET"]}}],"collection":[{"href":"https:\/\/soydeaqui.ddns.net\/pachuca\/index.php\/wp-json\/wp\/v2\/product"}],"about":[{"href":"https:\/\/soydeaqui.ddns.net\/pachuca\/index.php\/wp-json\/wp\/v2\/types\/product"}],"replies":[{"embeddable":true,"href":"https:\/\/soydeaqui.ddns.net\/pachuca\/index.php\/wp-json\/wp\/v2\/comments?post=100849"}],"wp:featuredmedia":[{"embeddable":true,"href":"https:\/\/soydeaqui.ddns.net\/pachuca\/index.php\/wp-json\/wp\/v2\/media\/32"}],"wp:attachment":[{"href":"https:\/\/soydeaqui.ddns.net\/pachuca\/index.php\/wp-json\/wp\/v2\/media?parent=100849"}],"wp:term":[{"taxonomy":"product_brand","embeddable":true,"href":"https:\/\/soydeaqui.ddns.net\/pachuca\/index.php\/wp-json\/wp\/v2\/product_brand?post=100849"},{"taxonomy":"product_cat","embeddable":true,"href":"https:\/\/soydeaqui.ddns.net\/pachuca\/index.php\/wp-json\/wp\/v2\/product_cat?post=100849"},{"taxonomy":"product_tag","embeddable":true,"href":"https:\/\/soydeaqui.ddns.net\/pachuca\/index.php\/wp-json\/wp\/v2\/product_tag?post=100849"}],"curies":[{"name":"wp","href":"https:\/\/api.w.org\/{rel}","templated":true}]}}