{"id":100837,"date":"2026-03-20T11:32:54","date_gmt":"2026-03-20T11:32:54","guid":{"rendered":"https:\/\/soydeaqui.ddns.net\/pachuca\/index.php\/producto\/bateria-12-vcc-26-ah-tecnologia-agm-vrla-para-ups-trifasico-cyberpower\/"},"modified":"2026-03-20T11:32:55","modified_gmt":"2026-03-20T11:32:55","slug":"bateria-12-vcc-26-ah-tecnologia-agm-vrla-para-ups-trifasico-cyberpower","status":"publish","type":"product","link":"https:\/\/soydeaqui.ddns.net\/pachuca\/index.php\/producto\/bateria-12-vcc-26-ah-tecnologia-agm-vrla-para-ups-trifasico-cyberpower\/","title":{"rendered":"Bater\u00eda 12 Vcc \/ 26 Ah \/ Tecnolog\u00eda AGM-VRLA \/ para UPS Trif\u00e1sico Cyberpower"},"content":{"rendered":"<div style='width: 100%; max-width: 1200px; margin: 0 auto; font-family: sans-serif; line-height: 1.6; color: inherit; background-color: transparent;'>\n<div style='display: flex; flex-direction: column; align-items: center; margin-bottom: 30px;'>\n<h1 style='font-size: 2.5rem; margin: 0; text-align: center; color: inherit; opacity: 0.9;'>RT12260<\/h1>\n<h2 style='font-size: 1.75rem; margin: 0; text-align: center; color: inherit; opacity: 0.8;'>Bater\u00eda AGM-VRLA de 12 Vcc \/ 26 Amper Hora<\/h2>\n<\/p><\/div>\n<div style='margin-bottom: 30px;'>\n<p style='font-size: 15px; color: inherit; text-align: justify; margin: 0 0 15px 0;'>Las bater\u00edas RITAR est\u00e1n dise\u00f1adas con tecnolog\u00eda <strong style='color: inherit;'>AGM-VRLA (Fibra de vidrio absorbente&comma; con v\u00e1lvulas de regulaci\u00f3n)<\/strong>&comma; placas de alto rendimiento y electr\u00f3lito para proporcionar una salida de energ\u00eda adicional. <strong style='color: inherit;'>Sistemas de alimentaci\u00f3n de emergencia<\/strong>.<\/p>\n<\/p><\/div>\n<div style='display: flex; flex-wrap: wrap; gap: 30px; margin-bottom: 30px;'>\n<div style='flex: 1 1 300px; min-width: 280px;'>\n<h3 style='font-size: 22px; border-bottom: 2px solid currentColor; padding-bottom: 5px; margin-top: 0; color: inherit; opacity: 0.8;'>Caracter\u00edsticas<\/h3>\n<ul style='padding-left: 20px; font-size: 15px; color: inherit; list-style-type: disc;'>\n<li style='margin-bottom: 5px;'><strong style='color: inherit;'>Tecnolog\u00eda:<\/strong> AGM-VRLA<\/li>\n<li style='margin-bottom: 5px;'><strong style='color: inherit;'>Voltaje:<\/strong> 12 Vcc<\/li>\n<li style='margin-bottom: 5px;'><strong style='color: inherit;'>Capacidad:<\/strong> 26 Ah<\/li>\n<li style='margin-bottom: 5px;'>Dise\u00f1adas para aplicaciones de alta confiabilidad<\/li>\n<li style='margin-bottom: 5px;'>Fabricadas bajo los m\u00e1s altos est\u00e1ndares de calidad<\/li>\n<li style='margin-bottom: 5px;'>Sellado y libre de mantenimiento<\/li>\n<li style='margin-bottom: 5px;'><strong style='color: inherit;'>Certificaci\u00f3n:<\/strong> MH28539<\/li>\n<li style='margin-bottom: 5px;'><strong style='color: inherit;'>Certificaci\u00f3n:<\/strong> Seguridad y Calidad<\/li>\n<li style='margin-bottom: 5px;'>Dise\u00f1o de mayor vida \u00fatil y baja autodescarga<\/li>\n<\/ul><\/div>\n<\/p><\/div>\n<div style='display: flex; flex-wrap: wrap; gap: 30px; margin-bottom: 30px;'>\n<div style='flex: 1 1 300px; min-width: 280px;'>\n<h3 style='font-size: 22px; border-bottom: 2px solid currentColor; padding-bottom: 5px; margin-top: 0; color: inherit; opacity: 0.8;'>Especificaciones F\u00edsicas<\/h3>\n<ul style='padding-left: 20px; font-size: 15px; color: inherit; list-style-type: disc;'>\n<li style='margin-bottom: 5px;'><strong style='color: inherit;'>Tipo de terminales:<\/strong> M5<\/li>\n<li style='margin-bottom: 5px;'><strong style='color: inherit;'>Placa positiva:<\/strong> Di\u00f3xido de plomo<\/li>\n<li style='margin-bottom: 5px;'><strong style='color: inherit;'>Placa negativa:<\/strong> Plomo<\/li>\n<li style='margin-bottom: 5px;'><strong style='color: inherit;'>Electr\u00f3lito:<\/strong> Gel de \u00e1cido sulf\u00farico<\/li>\n<li style='margin-bottom: 5px;'><strong style='color: inherit;'>V\u00e1lvula de seguridad:<\/strong> EPDR<\/li>\n<li style='margin-bottom: 5px;'><strong style='color: inherit;'>Terminal:<\/strong> Cobre<\/li>\n<li style='margin-bottom: 5px;'><strong style='color: inherit;'>Material:<\/strong> Pl\u00e1stico ABS<\/li>\n<li style='margin-bottom: 5px;'><strong style='color: inherit;'>Color:<\/strong> Negro<\/li>\n<li style='margin-bottom: 5px;'><strong style='color: inherit;'>Temperatura de funcionamiento:<\/strong> 25 \u00b0C<\/li>\n<li style='margin-bottom: 5px;'><strong style='color: inherit;'>Dimensiones:<\/strong> 178 x 166 x 125 mm<\/li>\n<li style='margin-bottom: 5px;'><strong style='color: inherit;'>Peso:<\/strong> 8.1 kg<\/li>\n<\/ul><\/div>\n<\/p><\/div>\n<div style='display: flex; flex-wrap: wrap; gap: 30px; margin-bottom: 30px;'>\n<div style='flex: 1 1 300px; min-width: 280px;'>\n<h3 style='font-size: 22px; border-bottom: 2px solid currentColor; padding-bottom: 5px; margin-top: 0; color: inherit; opacity: 0.8;'>Especificaciones Adicionales<\/h3>\n<p style='font-size: 15px; color: inherit; margin: 0;'>La serie RT es una bater\u00eda de uso general con una vida \u00fatil de dise\u00f1o de 6 a 8 a\u00f1os en servicio de flotaci\u00f3n. Cumple con las normas IEC&comma; JIS&comma; BS e YDT. Gracias a la avanzada tecnolog\u00eda de regulaci\u00f3n por v\u00e1lvula AGM y a la materia prima de alta pureza&comma; la bater\u00eda de la serie RT mantiene una alta consistencia para un mejor rendimiento y una vida \u00fatil en espera confiable. Es adecuada para aplicaciones de SAI\/EPS&comma; telecomunicaciones&comma; redes el\u00e9ctricas&comma; equipos m\u00e9dicos&comma; iluminaci\u00f3n de emergencia y sistemas de seguridad.<\/p>\n<\/p><\/div>\n<\/p><\/div>\n<\/p><\/div>\n","protected":false},"excerpt":{"rendered":"<p>Bater\u00eda 12 Vcc \/ 26 Ah \/ Tecnolog\u00eda AGM-VRLA \/ para UPS Trif\u00e1sico Cyberpower<\/p>\n","protected":false},"featured_media":100836,"comment_status":"open","ping_status":"closed","template":"","meta":[],"product_brand":[],"product_cat":[1160],"product_tag":[143,142,1331],"class_list":{"0":"post-100837","1":"product","2":"type-product","3":"status-publish","4":"has-post-thumbnail","6":"product_cat-baterias-energia-videovigilancia","7":"product_tag-baterias","8":"product_tag-energia","9":"product_tag-ritar","11":"first","12":"outofstock","13":"sale","14":"shipping-taxable","15":"purchasable","16":"product-type-simple"},"_links":{"self":[{"href":"https:\/\/soydeaqui.ddns.net\/pachuca\/index.php\/wp-json\/wp\/v2\/product\/100837","targetHints":{"allow":["GET"]}}],"collection":[{"href":"https:\/\/soydeaqui.ddns.net\/pachuca\/index.php\/wp-json\/wp\/v2\/product"}],"about":[{"href":"https:\/\/soydeaqui.ddns.net\/pachuca\/index.php\/wp-json\/wp\/v2\/types\/product"}],"replies":[{"embeddable":true,"href":"https:\/\/soydeaqui.ddns.net\/pachuca\/index.php\/wp-json\/wp\/v2\/comments?post=100837"}],"wp:featuredmedia":[{"embeddable":true,"href":"https:\/\/soydeaqui.ddns.net\/pachuca\/index.php\/wp-json\/wp\/v2\/media\/100836"}],"wp:attachment":[{"href":"https:\/\/soydeaqui.ddns.net\/pachuca\/index.php\/wp-json\/wp\/v2\/media?parent=100837"}],"wp:term":[{"taxonomy":"product_brand","embeddable":true,"href":"https:\/\/soydeaqui.ddns.net\/pachuca\/index.php\/wp-json\/wp\/v2\/product_brand?post=100837"},{"taxonomy":"product_cat","embeddable":true,"href":"https:\/\/soydeaqui.ddns.net\/pachuca\/index.php\/wp-json\/wp\/v2\/product_cat?post=100837"},{"taxonomy":"product_tag","embeddable":true,"href":"https:\/\/soydeaqui.ddns.net\/pachuca\/index.php\/wp-json\/wp\/v2\/product_tag?post=100837"}],"curies":[{"name":"wp","href":"https:\/\/api.w.org\/{rel}","templated":true}]}}