{"id":100810,"date":"2026-03-20T11:31:36","date_gmt":"2026-03-20T11:31:36","guid":{"rendered":"https:\/\/soydeaqui.ddns.net\/pachuca\/index.php\/producto\/camara-bullet-motorizada-ai-de-red-resolucion-4k-compresion-h-265-tasa-de-fotogramas-alta-100fps-wdr-pro-140db-almacenamiento-hasta-256gb-proteccion-ip67-ik10-lente-motorizada-2\/"},"modified":"2026-03-20T11:32:01","modified_gmt":"2026-03-20T11:32:01","slug":"camara-bullet-motorizada-ai-de-red-resolucion-4k-compresion-h-265-tasa-de-fotogramas-alta-100fps-wdr-pro-140db-almacenamiento-hasta-256gb-proteccion-ip67-ik10-lente-motorizada-2","status":"publish","type":"product","link":"https:\/\/soydeaqui.ddns.net\/pachuca\/index.php\/producto\/camara-bullet-motorizada-ai-de-red-resolucion-4k-compresion-h-265-tasa-de-fotogramas-alta-100fps-wdr-pro-140db-almacenamiento-hasta-256gb-proteccion-ip67-ik10-lente-motorizada-2\/","title":{"rendered":"C\u00e1mara Bullet Motorizada AI de Red \/ Resoluci\u00f3n 4K \/ Compresi\u00f3n H.265+ \/ Tasa de Fotogramas Alta 100fps \/ WDR Pro 140dB \/ Almacenamiento hasta 256GB \/ Protecci\u00f3n IP67 IK10 \/ Lente Motorizada"},"content":{"rendered":"<div style='width: 100%; max-width: 1200px; margin: 0 auto; font-family: sans-serif; line-height: 1.6; color: inherit; background-color: transparent;'>\n<div style='width: 100%; margin-bottom: 30px;'> <img style='width: 100%; height: auto; border: 1px solid rgba(150&comma;150&comma;150&comma;0.3); border-radius: 8px;' src='https:\/\/ftp3.syscom.mx\/usuarios\/fotos\/MSC5364FPE\/240094-img1.png' alt='C\u00e1mara Milesight MSC5364FPE'> <\/div>\n<div style='width: 100%; margin-bottom: 30px;'>\n<h2 style='font-size: 24px; text-align: center; margin: 0 0 20px; color: inherit; opacity: 0.9;'>Protecci\u00f3n confiable con la c\u00e1mara Milesight<\/h2>\n<\/p><\/div>\n<div style='width: 100%; margin-bottom: 30px;'>\n<div style='position: relative; padding-bottom: 56.25%; height: 0; overflow: hidden; margin-bottom: 30px;'>   <\/div>\n<\/p><\/div>\n<div style='display: flex; flex-wrap: wrap; gap: 30px; margin-bottom: 30px;'>\n<div style='flex: 1 1 300px; min-width: 280px;'>\n<h3 style='font-size: 22px; border-bottom: 2px solid currentColor; padding-bottom: 5px; margin-top: 0; color: inherit; opacity: 0.8;'>La IA potencia la seguridad<\/h3>\n<p style='font-size: 15px; color: inherit;'>La c\u00e1mara Milesight AI con algoritmos de IA de aprendizaje profundo puede filtrar objetos de forma inteligente para centrarse en la detecci\u00f3n de personas y veh\u00edculos&comma; adapt\u00e1ndose a diversas situaciones para ayudar a mejorar la eficiencia y la seguridad del monitoreo.<\/p>\n<\/p><\/div>\n<div style='flex: 1 1 300px; min-width: 280px;'> <img style='width: 100%; height: auto; border: 1px solid rgba(150&comma;150&comma;150&comma;0.3); border-radius: 8px;' src='https:\/\/ftp3.syscom.mx\/usuarios\/fotos\/MSC5364FPE\/240094-img2.jpg' alt='C\u00e1mara Milesight MSC5364FPE'> <\/div>\n<\/p><\/div>\n<div style='width: 100%; margin-bottom: 30px; background-color: #ffffff;'>\n<h2 style='font-size: 24px; text-align: center; margin: 0 0 20px; color: inherit; opacity: 0.9;'>Calidad de imagen superior<\/h2>\n<p style='text-align: center; font-size: 15px; color: inherit;'>Gracias a sus avanzados algoritmos de procesamiento de imagen y al sensor SONY STARVIS&comma; logra un excelente rendimiento de imagen&comma; incluso en condiciones de iluminaci\u00f3n dif\u00edciles. Su resoluci\u00f3n de 0&comma;005 lux en condiciones de luz ultrabaja&comma; Super WDR de 140 dB&comma; alta velocidad de fotogramas de hasta 90 fps y una experiencia de visualizaci\u00f3n de v\u00eddeo de hasta 4K la hacen ideal para diversas situaciones especiales.<\/p>\n<div style='width: 100%; margin-top: 20px;'> <img style='width: 100%; height: auto; border: 1px solid rgba(150&comma;150&comma;150&comma;0.3); border-radius: 8px;' src='https:\/\/ftp3.syscom.mx\/usuarios\/fotos\/MSC5364FPE\/240094-intento1.gif' alt='C\u00e1mara Milesight MSC5364FPE'> <\/div>\n<\/p><\/div>\n<div style='display: flex; flex-wrap: wrap; gap: 30px; margin-bottom: 30px;'>\n<div style='flex: 1 1 300px; min-width: 280px;'> <img style='width: 100%; height: auto; border: 1px solid rgba(150&comma;150&comma;150&comma;0.3); border-radius: 8px;' src='https:\/\/ftp3.syscom.mx\/usuarios\/fotos\/MSC5364FPE\/240094-img3.png' alt='C\u00e1mara Milesight MSC5364FPE'> <\/div>\n<div style='flex: 1 1 300px; min-width: 280px;'>\n<h3 style='font-size: 22px; border-bottom: 2px solid currentColor; padding-bottom: 5px; margin-top: 0; color: inherit; opacity: 0.8;'>Lente con zoom motorizado<\/h3>\n<p style='font-size: 15px; color: inherit;'>Equipada con lente de enfoque y zoom motorizado&comma; la c\u00e1mara permite el control remoto de la distancia focal&comma; el iris y el enfoque a trav\u00e9s de un controlador de lente&comma; lo que es perfecto para vigilancia de larga distancia.<\/p>\n<\/p><\/div>\n<\/p><\/div>\n<div style='width: 100%; margin-bottom: 30px; background-color: #ffffff;'>\n<h2 style='font-size: 24px; text-align: center; margin: 0 0 20px; color: inherit; opacity: 0.9;'>Control del iris P<\/h2>\n<p style='text-align: center; font-size: 15px; color: inherit;'>Al adoptar la tecnolog\u00eda de control P-Iris&comma; la c\u00e1mara puede optimizar la apertura del iris en todas las condiciones de iluminaci\u00f3n&comma; ofreciendo im\u00e1genes con mejor contraste&comma; claridad&comma; resoluci\u00f3n y profundidad de campo.<\/p>\n<div style='width: 100%; margin-top: 20px;'> <img style='width: 100%; height: auto; border: 1px solid rgba(150&comma;150&comma;150&comma;0.3); border-radius: 8px;' src='https:\/\/ftp3.syscom.mx\/usuarios\/fotos\/MSC5364FPE\/240094-img4.png' alt='C\u00e1mara Milesight MSC5364FPE'> <\/div>\n<\/p><\/div>\n<div style='width: 100%; margin-bottom: 30px; background-color: #000000; color: #ffffff; padding: 20px;'>\n<div style='max-width: 800px; margin: 0 auto;'>\n<h2 style='font-size: 24px; margin: 0 0 20px; color: #ffffff; opacity: 0.9;'>IP67 y IK10<\/h2>\n<p style='font-size: 15px; color: #ffffff;'>Equipada con resistencia a la intemperie con clasificaci\u00f3n IP67 l\u00edder en la industria y resistencia al vandalismo con clasificaci\u00f3n IK10&comma; la c\u00e1mara est\u00e1 bien protegida contra impactos adversos para garantizar un rendimiento s\u00f3lido.<\/p>\n<div style='width: 100%; margin-top: 20px;'> <img style='width: 90%; max-width: 800px; height: auto; border: 1px solid rgba(150&comma;150&comma;150&comma;0.3); border-radius: 8px;' src='https:\/\/ftp3.syscom.mx\/usuarios\/fotos\/MSC5364FPE\/240094-img5.jpg' alt='C\u00e1mara Milesight MSC5364FPE'> <\/div>\n<\/p><\/div>\n<\/p><\/div>\n<div style='display: flex; flex-wrap: wrap; gap: 30px; margin-bottom: 30px;'>\n<div style='flex: 1 1 300px; min-width: 280px;'> <img style='width: 100%; height: auto; border: 1px solid rgba(150&comma;150&comma;150&comma;0.3); border-radius: 8px;' src='https:\/\/ftp3.syscom.mx\/usuarios\/fotos\/MSC5364FPE\/240094-img6.png' alt='C\u00e1mara Milesight MSC5364FPE'> <\/div>\n<div style='flex: 1 1 300px; min-width: 280px;'>\n<h3 style='font-size: 22px; border-bottom: 2px solid currentColor; padding-bottom: 5px; margin-top: 0; color: inherit; opacity: 0.8;'>Dise\u00f1o de estructura \u00fanica<\/h3>\n<p style='font-size: 15px; color: inherit;'>La c\u00e1mara cuenta con un dise\u00f1o mec\u00e1nico de 3 ejes que permite ajustar el \u00e1ngulo de visi\u00f3n de forma r\u00e1pida y sencilla&comma; lo que permite posicionarla con precisi\u00f3n. Otra caracter\u00edstica estructural destacada es el soporte de montaje&comma; que oculta los cables y ofrece protecci\u00f3n total contra agua&comma; polvo y golpes.<\/p>\n<\/p><\/div>\n<\/p><\/div>\n<div style='display: flex; flex-wrap: wrap; gap: 30px; margin-bottom: 30px;'>\n<div style='flex: 1 1 300px; min-width: 280px;'>\n<h3 style='font-size: 22px; border-bottom: 2px solid currentColor; padding-bottom: 5px; margin-top: 0; color: inherit; opacity: 0.8;'>Interfaces vers\u00e1tiles (opcional)<\/h3>\n<p style='font-size: 15px; color: inherit;'>Varias interfaces como PoE&comma; DC&comma; E\/S de audio y E\/S de alarma est\u00e1n disponibles en la versi\u00f3n multiinterfaz&comma; lo que ofrece m\u00e1s opciones para una f\u00e1cil administraci\u00f3n y diversas necesidades.<\/p>\n<\/p><\/div>\n<div style='flex: 1 1 300px; min-width: 280px;'> <img style='width: 100%; height: auto; border: 1px solid rgba(150&comma;150&comma;150&comma;0.3); border-radius: 8px;' src='https:\/\/ftp3.syscom.mx\/usuarios\/fotos\/MSC5364FPE\/240094-img7.png' alt='C\u00e1mara Milesight MSC5364FPE'> <\/div>\n<\/p><\/div>\n<div style='display: flex; flex-wrap: wrap; gap: 30px; margin-bottom: 30px;'>\n<div style='flex: 1 1 300px; min-width: 280px;'> <img style='width: 100%; height: auto; border: 1px solid rgba(150&comma;150&comma;150&comma;0.3); border-radius: 8px;' src='https:\/\/ftp3.syscom.mx\/usuarios\/fotos\/MSC5364FPE\/240094-img8.png' alt='C\u00e1mara Milesight MSC5364FPE'> <\/div>\n<div style='flex: 1 1 300px; min-width: 280px;'>\n<h3 style='font-size: 22px; border-bottom: 2px solid currentColor; padding-bottom: 5px; margin-top: 0; color: inherit; opacity: 0.8;'>Caja de conexiones integrada (opcional)<\/h3>\n<p style='font-size: 15px; color: inherit;'>El dise\u00f1o creativo de concha minimiza los problemas de instalaci\u00f3n y ampl\u00eda el espacio para que la conexi\u00f3n de cables sea muy sencilla.<\/p>\n<\/p><\/div>\n<\/p><\/div>\n<div style='width: 100%; margin-bottom: 30px; background-image: url('https:\/\/ftp3.syscom.mx\/usuarios\/fotos\/MSC5364FPE\/240094-img9.jpg'); background-size: cover; background-position: center; min-height: 400px; color: #ffffff; position: relative;'>\n<div style='position: absolute; top: 0; left: 0; width: 100%; height: 100%; background-color: rgba(0&comma;0&comma;0&comma;0.5); z-index: 1;'><\/div>\n<div style='position: relative; z-index: 2; padding: 2rem; max-width: 1200px; margin: 0 auto;'>\n<div style='display: flex; flex-wrap: wrap; gap: 30px;'>\n<div style='flex: 1 1 300px; min-width: 280px;'>\n<h3 style='font-size: 22px; margin-top: 0; color: #ffffff; opacity: 0.9;'>Soporte SIP\/VoIP<\/h3>\n<p style='font-size: 15px; color: #ffffff;'>La c\u00e1mara Milesight AI cuenta con una funci\u00f3n SIP\/VoIP l\u00edder en la industria y transmisi\u00f3n de video para tel\u00e9fonos m\u00f3viles y videotel\u00e9fonos.<\/p>\n<\/p><\/div>\n<div style='flex: 1 1 300px; min-width: 280px;'> <!-- Espacio para contenido adicional si se requiere --> <\/div>\n<\/p><\/div>\n<\/p><\/div>\n<\/p><\/div>\n<\/p><\/div>\n","protected":false},"excerpt":{"rendered":"<p>C\u00e1mara Bullet Motorizada AI de Red \/ Resoluci\u00f3n 4K \/ Compresi\u00f3n H.265+ \/ Tasa de Fotogramas Alta 100fps \/ WDR Pro 140dB \/ Almacenamiento hasta 256GB \/ Protecci\u00f3n IP67 IK10 \/ Lente Motorizada<\/p>\n","protected":false},"featured_media":100809,"comment_status":"open","ping_status":"closed","template":"","meta":[],"product_brand":[],"product_cat":[2056],"product_tag":[122,2057,1455],"class_list":{"0":"post-100810","1":"product","2":"type-product","3":"status-publish","4":"has-post-thumbnail","6":"product_cat-domo-eyeball-turret","7":"product_tag-camaras-ip-y-nvrs","8":"product_tag-domo-eyeball-turret","9":"product_tag-milesight","11":"first","12":"outofstock","13":"sale","14":"shipping-taxable","15":"purchasable","16":"product-type-simple"},"_links":{"self":[{"href":"https:\/\/soydeaqui.ddns.net\/pachuca\/index.php\/wp-json\/wp\/v2\/product\/100810","targetHints":{"allow":["GET"]}}],"collection":[{"href":"https:\/\/soydeaqui.ddns.net\/pachuca\/index.php\/wp-json\/wp\/v2\/product"}],"about":[{"href":"https:\/\/soydeaqui.ddns.net\/pachuca\/index.php\/wp-json\/wp\/v2\/types\/product"}],"replies":[{"embeddable":true,"href":"https:\/\/soydeaqui.ddns.net\/pachuca\/index.php\/wp-json\/wp\/v2\/comments?post=100810"}],"wp:featuredmedia":[{"embeddable":true,"href":"https:\/\/soydeaqui.ddns.net\/pachuca\/index.php\/wp-json\/wp\/v2\/media\/100809"}],"wp:attachment":[{"href":"https:\/\/soydeaqui.ddns.net\/pachuca\/index.php\/wp-json\/wp\/v2\/media?parent=100810"}],"wp:term":[{"taxonomy":"product_brand","embeddable":true,"href":"https:\/\/soydeaqui.ddns.net\/pachuca\/index.php\/wp-json\/wp\/v2\/product_brand?post=100810"},{"taxonomy":"product_cat","embeddable":true,"href":"https:\/\/soydeaqui.ddns.net\/pachuca\/index.php\/wp-json\/wp\/v2\/product_cat?post=100810"},{"taxonomy":"product_tag","embeddable":true,"href":"https:\/\/soydeaqui.ddns.net\/pachuca\/index.php\/wp-json\/wp\/v2\/product_tag?post=100810"}],"curies":[{"name":"wp","href":"https:\/\/api.w.org\/{rel}","templated":true}]}}