{"id":100786,"date":"2026-03-20T11:30:25","date_gmt":"2026-03-20T11:30:25","guid":{"rendered":"https:\/\/soydeaqui.ddns.net\/pachuca\/index.php\/producto\/dual-light-colorvu-3-0-hikai-bala-ip-4-megapixel-lente-mot-2-8-a-12-mm-60-mts-ir-luz-blanca-exterior-ip67-wdr-130-db-acusense-3-0-microfono-integrado-metal-nema-4x-acusearc\/"},"modified":"2026-03-20T11:30:31","modified_gmt":"2026-03-20T11:30:31","slug":"dual-light-colorvu-3-0-hikai-bala-ip-4-megapixel-lente-mot-2-8-a-12-mm-60-mts-ir-luz-blanca-exterior-ip67-wdr-130-db-acusense-3-0-microfono-integrado-metal-nema-4x-acusearc","status":"publish","type":"product","link":"https:\/\/soydeaqui.ddns.net\/pachuca\/index.php\/producto\/dual-light-colorvu-3-0-hikai-bala-ip-4-megapixel-lente-mot-2-8-a-12-mm-60-mts-ir-luz-blanca-exterior-ip67-wdr-130-db-acusense-3-0-microfono-integrado-metal-nema-4x-acusearc\/","title":{"rendered":"[Dual Light + ColorVu 3.0 + HikAI] Bala IP  4 Megapixel \/ Lente Mot. 2.8 a 12 mm \/ 60 mts IR + Luz Blanca \/ Exterior IP67 \/ WDR 130 dB \/ ACUSENSE 3.0 \/ Microfono Integrado \/ Metal \/ NEMA 4X \/ ACUSEARCH"},"content":{"rendered":"<div style='width: 100%; max-width: 1200px; margin: 0 auto; font-family: sans-serif; line-height: 1.6; color: inherit; background-color: transparent;'> <!-- Encabezado Principal --> <\/p>\n<section style='width: 100%; margin-bottom: 30px;'> <img style='width: 100%; height: auto; border: 1px solid rgba(150&comma;150&comma;150&comma;0.3); border-radius: 8px;' src='https:\/\/ftp3.syscom.mx\/usuarios\/ftp\/landingpage\/colorvu\/header.jpg' alt='Serie Pro con ColorVu 3.0'> <\/section>\n<p> <!-- Imagen Audio 2.0 --> <\/p>\n<div style='width: 100%; margin-bottom: 30px;'> <img style='width: 100%; height: auto; border: 1px solid rgba(150&comma;150&comma;150&comma;0.3); border-radius: 8px;' src='https:\/\/ftp3.syscom.mx\/usuarios\/alexh\/Hikvision\/imagen\/image%20%2819%29.png' alt='Audio 2.0 Adicional'> <\/div>\n<p> <!-- Secci\u00f3n de Especificaciones --> <\/p>\n<div style='display: flex; flex-wrap: wrap; gap: 30px; margin-bottom: 30px;'>\n<div style='flex: 1 1 300px; min-width: 280px;'>\n<h3 style='font-size: 22px; border-bottom: 2px solid currentColor; padding-bottom: 5px; margin-top: 0; color: inherit; opacity: 0.8;'>Caracter\u00edsticas Principales<\/h3>\n<ul style='padding-left: 20px; font-size: 15px; color: inherit;'>\n<li style='margin-bottom: 5px;'>Resoluci\u00f3n M\u00e1xima: 4 Megapixel (2688 x 1520)<\/li>\n<li style='margin-bottom: 5px;'>Iluminaci\u00f3n m\u00ednima: 0.0005 Lux @ (F1.0&comma; AGC ON)<\/li>\n<li style='margin-bottom: 5px;'>Lente varifocal motorizado: 2.8 a 12 mm (\u00c1ngulo de apertura 112.3\u00b0 a 41.2\u00ba)<\/li>\n<li style='margin-bottom: 5px;'>60 m de IR EXIR (visi\u00f3n nocturna)<\/li>\n<li style='margin-bottom: 5px;'>60 m de luz blanca (ayuda a iluminar el sitio para mantener la imagen siempre a color)<\/li>\n<li style='margin-bottom: 5px;'>WDR de 130 dB<\/li>\n<li style='margin-bottom: 5px;'>Detecci\u00f3n de movimiento \/ Cruce de l\u00ednea \/ Detecci\u00f3n de intrusi\u00f3n<\/li>\n<li style='margin-bottom: 5px;'>Compatible con plataforma Hik-Connect P2P <a style='color: inherit; text-decoration: underline;' href='https:\/\/appstore.hikvision.com\/' target='_blank' rel='noopener'>https:\/\/appstore.hikvision.com\/<\/a><\/li>\n<\/ul><\/div>\n<div style='flex: 1 1 300px; min-width: 280px;'>\n<h3 style='font-size: 22px; border-bottom: 2px solid currentColor; padding-bottom: 5px; margin-top: 0; color: inherit; opacity: 0.8;'>Entradas y Salidas de Audio \/ Alarmas \/ Red \/ Almacenamiento<\/h3>\n<ul style='padding-left: 20px; font-size: 15px; color: inherit;'>\n<li style='margin-bottom: 5px;'>Entradas de alarma: 1<\/li>\n<li style='margin-bottom: 5px;'>Salidas de alarma: 1 (max. 24 VAC\/VDC&comma; 1A)<\/li>\n<li style='margin-bottom: 5px;'>Entradas de audio: 1<\/li>\n<li style='margin-bottom: 5px;'>Salidas de audio: 1<\/li>\n<li style='margin-bottom: 5px;'>Micr\u00f3fono Integrado<\/li>\n<li style='margin-bottom: 5px;'>Soporta memoria micro SD 512 GB (no incluida)<\/li>\n<li style='margin-bottom: 5px;'>Puerto de red: 1 (10 \/ 100 Mbps \/ PoE 802.3af)<\/li>\n<li style='margin-bottom: 5px;'>Soporta ONVIF (PROFILE S y G) \/ ISAPI<\/li>\n<\/ul><\/div>\n<div style='flex: 1 1 300px; min-width: 280px;'>\n<h3 style='font-size: 22px; border-bottom: 2px solid currentColor; padding-bottom: 5px; margin-top: 0; color: inherit; opacity: 0.8;'>Caracter\u00edsticas F\u00edsicas y El\u00e9ctricas<\/h3>\n<ul style='padding-left: 20px; font-size: 15px; color: inherit;'>\n<li style='margin-bottom: 5px;'>Temperatura de Operaci\u00f3n: -30\u00b0C a 60\u00b0C<\/li>\n<li style='margin-bottom: 5px;'>Alimentaci\u00f3n: 12Vcc \/ 13 Watts<\/li>\n<li style='margin-bottom: 5px;'>Soporta PoE 802.3af \/ 15 Watts<\/li>\n<li style='margin-bottom: 5px;'>Protecci\u00f3n: Interior \/ Exterior IP67<\/li>\n<li style='margin-bottom: 5px;'>Fabricado en material de metal<\/li>\n<li style='margin-bottom: 5px;'>Dimensiones: 298 x 97.9 x 95.7 mm<\/li>\n<li style='margin-bottom: 5px;'>Peso: 1520 gramos<\/li>\n<\/ul><\/div>\n<div style='flex: 1 1 300px; min-width: 280px;'>\n<h3 style='font-size: 22px; border-bottom: 2px solid currentColor; padding-bottom: 5px; margin-top: 0; color: inherit; opacity: 0.8;'>Accesorios Opcionales<\/h3>\n<ul style='padding-left: 20px; font-size: 15px; color: inherit;'>\n<li style='margin-bottom: 5px;'>Montaje para Poste \/ Acero Inoxidable: <a style='color: inherit; text-decoration: underline;' href='https:\/\/www.syscom.mx\/producto\/DS-1275ZJ-SUS-HIKVISION-156172.html' target='_blank' rel='noopener'>DS-1275ZJ-SUS<\/a><\/li>\n<li style='margin-bottom: 5px;'>Montaje de Esquina: <a style='color: inherit; text-decoration: underline;' href='https:\/\/www.syscom.mx\/producto\/DS-1276ZJ-SUS-HIKVISION-156173.html' target='_blank' rel='noopener'>DS-1276ZJ-SUS<\/a><\/li>\n<li style='margin-bottom: 5px;'>Caja de Conexiones modelo: <a style='color: inherit; text-decoration: underline;' href='https:\/\/www.syscom.mx\/producto\/DS-1260ZJ-HIKVISION-72308.html' target='_blank' rel='noopener'>DS-1260ZJ<\/a><\/li>\n<\/ul><\/div>\n<\/p><\/div>\n<p> <!-- Secci\u00f3n Caracter\u00edsticas Destacadas --> <\/p>\n<div style='width: 100%; margin-bottom: 30px;'>\n<h3 style='font-size: 22px; border-bottom: 2px solid currentColor; padding-bottom: 5px; margin-top: 0; color: inherit; opacity: 0.8;'>Caracter\u00edsticas Destacadas<\/h3>\n<ul style='padding-left: 20px; font-size: 15px; color: inherit;'>\n<li style='margin-bottom: 5px;'>Compatible con la plataforma de Hik-Connect para una conexi\u00f3n m\u00e1s r\u00e1pida y sencilla<\/li>\n<li style='margin-bottom: 5px;'>Soporta anal\u00edtico de ACUSENSE para con anal\u00edticos como filtro de humano y veh\u00edculos para eventos inteligentes como cruce de linea&comma; intrusi\u00f3n&comma; entrada y salida de \u00e1rea<\/li>\n<li style='margin-bottom: 5px;'>Soporta la tecnolog\u00eda Dual Light&comma; podemos tener en la noche la imagen de B\/N con los IR encendidos y cuando detecte movimiento por medio del anal\u00edtico de ACUSENSE (filtro de humanos y veh\u00edculos) encender\u00e1 la luz blanca para poder tener el evento a color&comma; cuando pase el evento se vuelve a colocar la imagen en B\/N<\/li>\n<li style='margin-bottom: 5px;'>Soporta anal\u00edtico cruce de l\u00ednea o intrusi\u00f3n de \u00e1rea<\/li>\n<li style='margin-bottom: 5px;'>Soporta anal\u00edtico de cambio de escena (cuando mueven la c\u00e1mara f\u00edsicamente hacia otro lado o la giran)<\/li>\n<\/ul><\/div>\n<p> <!-- Secci\u00f3n Introducci\u00f3n --> <\/p>\n<div style='width: 100%; margin-bottom: 30px;'>\n<div style='display: flex; flex-wrap: wrap; gap: 30px; align-items: center;'>\n<div style='flex: 1 1 300px; min-width: 280px;'> <img style='width: 100%; height: auto; border: 1px solid rgba(150&comma;150&comma;150&comma;0.3); border-radius: 8px;' src='https:\/\/ftp3.syscom.mx\/usuarios\/ftp\/landingpage\/syscomexpo\/2024\/colorvu\/turnthepage.png' alt='ColorVu 3.0'> <\/div>\n<div style='flex: 2 1 400px;'>\n<p style='font-size: 16px; margin: 0; color: inherit;'>Hikvision presenta las nuevas C\u00e1maras de Red ColorVu 3.0&comma; con tecnolog\u00eda mejorada para un rendimiento visual excepcional. Incorpora AcuSense 3.0 con funciones inteligentes y Audio 2.0 para una comunicaci\u00f3n clara y eficiente.<\/p>\n<\/p><\/div>\n<\/p><\/div>\n<\/p><\/div>\n<p> <!-- Secci\u00f3n HikAI-ISP --> <\/p>\n<div style='width: 100%; margin-bottom: 30px;'>\n<h3 style='font-size: 22px; border-bottom: 2px solid currentColor; padding-bottom: 5px; margin-top: 0; margin-bottom: 20px; color: inherit; opacity: 0.8;'>HikAI-ISP<\/h3>\n<ul style='padding-left: 20px; font-size: 15px; color: inherit;'>\n<li style='margin-bottom: 5px;'>La reducci\u00f3n de ruido por IA brinda la ventaja de un aumento en el brillo est\u00e1tico<\/li>\n<li style='margin-bottom: 5px;'>Potente soporte de ajuste de par\u00e1metros y proceso profesional de prueba de efectos para garantizar la estabilidad del algoritmo<\/li>\n<li style='margin-bottom: 5px;'>La reducci\u00f3n din\u00e1mica de rastros de movimiento permite una calidad de imagen cristalina incluso en condiciones de poca luz<\/li>\n<\/ul><\/div>\n<p> <!-- Video HikAI-ISP --> <\/p>\n<div style='width: 100%; margin-bottom: 30px;'>\n<div style='position: relative; padding-bottom: 56.25%; height: 0; overflow: hidden;'> <video style='position: absolute; top: 0; left: 0; width: 100%; height: 100%; border: 1px solid rgba(150&comma;150&comma;150&comma;0.3); border-radius: 8px;' muted controls><source src='https:\/\/ftp3.syscom.mx\/usuarios\/ftp\/landingpage\/hikvision\/colorvu30\/aiisp.mp4' type='video\/mp4'>Tu navegador no soporta el elemento de video.<\/video> <\/div>\n<\/p><\/div>\n<p> <!-- Secci\u00f3n F1CERO --> <\/p>\n<div style='width: 100%; margin-bottom: 30px;'> <img style='width: 100%; height: auto; border: 1px solid rgba(150&comma;150&comma;150&comma;0.3); border-radius: 8px;' src='https:\/\/ftp3.syscom.mx\/usuarios\/ftp\/landingpage\/hikvision\/colorvu30\/F1.0-Super-Confocal-LenS.jpg' alt='F1CERO'> <\/div>\n<p> <!-- Secci\u00f3n F1.0 Super Confocal Lens --> <\/p>\n<div style='width: 100%; margin-bottom: 30px;'>\n<div style='display: flex; flex-wrap: wrap; gap: 30px; align-items: center;'>\n<div style='flex: 1 1 300px; min-width: 280px;'>\n<div style='position: relative; padding-bottom: 56.25%; height: 0; overflow: hidden;'>   <\/div>\n<\/p><\/div>\n<div style='flex: 2 1 400px;'>\n<div style='border: 1px solid rgba(150&comma;150&comma;150&comma;0.3); border-radius: 8px; padding: 20px;'>\n<h4 style='font-size: 18px; margin-top: 0; margin-bottom: 15px; color: inherit;'>F1.0 Super Confocal Lens<\/h4>\n<p style='margin: 0; color: inherit;'>Hikvision lidera la industria al lograr un efecto confocal delicado y complejo con un lente de gran apertura F1.0&comma; que garantiza im\u00e1genes igualmente n\u00edtidas tanto en luz IR como visible. El lente Super Confocal F1.0 est\u00e1 dise\u00f1ado con precisi\u00f3n a nivel de micras&comma; permitiendo un enfoque de nivel maestro e im\u00e1genes de alta definici\u00f3n duraderas.<\/p>\n<\/p><\/div>\n<\/p><\/div>\n<\/p><\/div>\n<\/p><\/div>\n<p> <!-- Secci\u00f3n Smart Hybrid Light --> <\/p>\n<div style='width: 100%; margin-bottom: 30px;'>\n<div style='display: flex; flex-wrap: wrap; gap: 30px; align-items: center;'>\n<div style='flex: 1 1 300px; min-width: 280px;'>\n<div style='border: 1px solid rgba(150&comma;150&comma;150&comma;0.3); border-radius: 8px; padding: 20px;'>\n<h4 style='font-size: 18px; margin-top: 0; margin-bottom: 15px; color: inherit;'>Smart Hybrid Light<\/h4>\n<ul style='padding-left: 20px; font-size: 15px; color: inherit; margin: 0;'>\n<li style='margin-bottom: 5px;'>La iluminaci\u00f3n h\u00edbrida inteligente de Hikvision permite a los usuarios seleccionar el modo de iluminaci\u00f3n que mejor se adapte a sus necesidades: IR&comma; luz blanca o modo inteligente<\/li>\n<li style='margin-bottom: 5px;'>En el modo inteligente&comma; las c\u00e1maras de red mantienen la iluminaci\u00f3n infrarroja hasta que un evento activa la imagen a color para capturar detalles cr\u00edticos<\/li>\n<\/ul><\/div>\n<\/p><\/div>\n<div style='flex: 2 1 400px;'> <img style='width: 100%; height: auto; border: 1px solid rgba(150&comma;150&comma;150&comma;0.3); border-radius: 8px;' src='https:\/\/ftp3.syscom.mx\/usuarios\/ftp\/landingpage\/hikvision\/colorvu30\/smart-hybrid-light02.jpg' alt='Smart Hybrid Light'> <\/div>\n<\/p><\/div>\n<\/p><\/div>\n<p> <!-- Secci\u00f3n 3D LUT Color Correction --> <\/p>\n<div style='width: 100%; margin-bottom: 30px;'>\n<div style='border: 1px solid rgba(150&comma;150&comma;150&comma;0.3); border-radius: 8px; padding: 20px;'>\n<h4 style='font-size: 18px; margin-top: 0; margin-bottom: 15px; color: inherit;'>Correcci\u00f3n de Color 3D LUT y WDR con IA<\/h4>\n<p style='margin-bottom: 15px; color: inherit;'>La calibraci\u00f3n precisa del color y la delicada combinaci\u00f3n de colores mejoran el brillo de la imagen con poca luz y restauran el color verdadero de las cosas&comma; haciendo que las im\u00e1genes nocturnas capturadas por las c\u00e1maras de seguridad EasyIP sean tan brillantes como durante el d\u00eda<\/p>\n<h4 style='font-size: 18px; margin-top: 0; margin-bottom: 15px; color: inherit;'>AI WDR<\/h4>\n<p style='margin: 0; color: inherit;'>El WDR mejorado con IA permite que las \u00e1reas brillantes de una imagen no est\u00e9n sobreexpuestas&comma; mientras que los detalles en las \u00e1reas oscuras no se pierdan. El WDR con IA permite que las c\u00e1maras de seguridad determinen si activar o desactivar la funci\u00f3n WDR seg\u00fan el brillo del escenario&comma; sin necesidad de ajustes manuales<\/p>\n<\/p><\/div>\n<\/p><\/div>\n<p> <!-- Imagen 3D LUT Color Correction --> <\/p>\n<div style='width: 100%; margin-bottom: 30px;'> <img style='width: 100%; height: auto; border: 1px solid rgba(150&comma;150&comma;150&comma;0.3); border-radius: 8px;' src='https:\/\/ftp3.syscom.mx\/usuarios\/ftp\/landingpage\/hikvision\/colorvu30\/3D-LUT-Color-Correction2.jpg' alt='Correcci\u00f3n de Color 3D LUT'> <\/div>\n<p> <!-- Secci\u00f3n AcuSense 3.0 --> <\/p>\n<div style='width: 100%; margin-bottom: 30px;'> <img style='width: 100%; height: auto; border: 1px solid rgba(150&comma;150&comma;150&comma;0.3); border-radius: 8px;' src='https:\/\/www.hikvision.com\/content\/dam\/hikvision\/en\/marketing\/image\/products\/ip-products\/pro-series-with-colorvu-3-0\/acusense.jpg' alt='AcuSense 3.0'> <\/div>\n<p> <!-- Videos AcuSense 3.0 --> <\/p>\n<div style='width: 100%; margin-bottom: 30px;'>\n<div style='position: relative; padding-bottom: 56.25%; height: 0; overflow: hidden; margin-bottom: 30px;'> <video style='position: absolute; top: 0; left: 0; width: 100%; height: 100%; border: 1px solid rgba(150&comma;150&comma;150&comma;0.3); border-radius: 8px;' muted controls><source src='https:\/\/ftp3.syscom.mx\/usuarios\/ftp\/landingpage\/hikvision\/colorvu30\/acusense.mp4' type='video\/mp4'>Tu navegador no soporta el elemento de video.<\/video> <\/div>\n<div style='position: relative; padding-bottom: 56.25%; height: 0; overflow: hidden;'> <video style='position: absolute; top: 0; left: 0; width: 100%; height: 100%; border: 1px solid rgba(150&comma;150&comma;150&comma;0.3); border-radius: 8px;' muted controls><source src='https:\/\/ftp3.syscom.mx\/usuarios\/ftp\/landingpage\/hikvision\/colorvu30\/AcuSense-960px.mp4' type='video\/mp4'>Tu navegador no soporta el elemento de video.<\/video> <\/div>\n<\/p><\/div>\n<p> <!-- Secci\u00f3n Audio 2.0 --> <\/p>\n<div style='width: 100%; margin-bottom: 30px;'> <img style='width: 100%; height: auto; border: 1px solid rgba(150&comma;150&comma;150&comma;0.3); border-radius: 8px;' src='https:\/\/ftp3.syscom.mx\/usuarios\/ftp\/landingpage\/hikvision\/colorvu30\/audio-top.png' alt='Audio 2.0'> <\/div>\n<p> <!-- Caracter\u00edsticas Audio 2.0 --> <\/p>\n<div style='width: 100%; margin-bottom: 30px;'>\n<div style='border: 1px solid rgba(150&comma;150&comma;150&comma;0.3); border-radius: 8px; padding: 20px;'>\n<h4 style='font-size: 18px; margin-top: 0; margin-bottom: 15px; color: inherit;'>Voz Clara y M\u00e1s Potente<\/h4>\n<ul style='padding-left: 20px; font-size: 15px; color: inherit; margin: 0; list-style-type: disc;'>\n<li style='margin-bottom: 5px;'>Integra un sistema de altavoces de mayor potencia con Smart PA (Amplificador de Potencia Inteligente)&comma; que ampl\u00eda la cobertura de sonido del altavoz<\/li>\n<li style='margin-bottom: 5px;'>Mejor efecto de advertencia para mejorar la disuasi\u00f3n de intrusos<\/li>\n<li style='margin-bottom: 5px;'>Audio bidireccional optimizado para lograr un efecto de comunicaci\u00f3n m\u00e1s eficiente<\/li>\n<\/ul><\/div>\n<\/p><\/div>\n<p> <!-- Secci\u00f3n Audio 2.0 Adicional --> <\/p>\n<div style='width: 100%; margin-bottom: 30px;'>\n<div style='border: 1px solid rgba(150&comma;150&comma;150&comma;0.3); border-radius: 8px; padding: 20px;'>\n<h4 style='font-size: 18px; margin-top: 0; margin-bottom: 15px; color: inherit;'>Calidad de Audio Superior<\/h4>\n<ul style='padding-left: 20px; font-size: 15px; color: inherit; margin: 0; list-style-type: disc;'>\n<li style='margin-bottom: 5px;'>Sistema de reducci\u00f3n de ruido avanzado para una comunicaci\u00f3n m\u00e1s clara<\/li>\n<li style='margin-bottom: 5px;'>Mayor rango de cobertura de audio para una vigilancia m\u00e1s efectiva<\/li>\n<li style='margin-bottom: 5px;'>Integraci\u00f3n perfecta con sistemas de seguridad existentes<\/li>\n<\/ul><\/div>\n<\/p><\/div>\n<p> <!-- Imagen Audio 2.0 Adicional --> <\/p>\n<div style='width: 100%; margin-bottom: 30px;'> <img style='width: 100%; height: auto; border: 1px solid rgba(150&comma;150&comma;150&comma;0.3); border-radius: 8px;' src='https:\/\/ftp3.syscom.mx\/usuarios\/ftp\/landingpage\/hikvision\/colorvu30\/audiobottom2.png' alt='Audio 2.0 Adicional'> <\/div>\n<\/p><\/div>\n","protected":false},"excerpt":{"rendered":"<p>[Dual Light + ColorVu 3.0 + HikAI] Bala IP  4 Megapixel \/ Lente Mot. 2.8 a 12 mm \/ 60 mts IR + Luz Blanca \/ Exterior IP67 \/ WDR 130 dB \/ ACUSENSE 3.0 \/ Microfono Integrado \/ Metal \/ NEMA 4X \/ ACUSEARCH<\/p>\n","protected":false},"featured_media":100785,"comment_status":"open","ping_status":"closed","template":"","meta":[],"product_brand":[],"product_cat":[438],"product_tag":[439,122,54],"class_list":{"0":"post-100786","1":"product","2":"type-product","3":"status-publish","4":"has-post-thumbnail","6":"product_cat-bala","7":"product_tag-bala","8":"product_tag-camaras-ip-y-nvrs","9":"product_tag-hikvision","11":"first","12":"instock","13":"sale","14":"shipping-taxable","15":"purchasable","16":"product-type-simple"},"_links":{"self":[{"href":"https:\/\/soydeaqui.ddns.net\/pachuca\/index.php\/wp-json\/wp\/v2\/product\/100786","targetHints":{"allow":["GET"]}}],"collection":[{"href":"https:\/\/soydeaqui.ddns.net\/pachuca\/index.php\/wp-json\/wp\/v2\/product"}],"about":[{"href":"https:\/\/soydeaqui.ddns.net\/pachuca\/index.php\/wp-json\/wp\/v2\/types\/product"}],"replies":[{"embeddable":true,"href":"https:\/\/soydeaqui.ddns.net\/pachuca\/index.php\/wp-json\/wp\/v2\/comments?post=100786"}],"wp:featuredmedia":[{"embeddable":true,"href":"https:\/\/soydeaqui.ddns.net\/pachuca\/index.php\/wp-json\/wp\/v2\/media\/100785"}],"wp:attachment":[{"href":"https:\/\/soydeaqui.ddns.net\/pachuca\/index.php\/wp-json\/wp\/v2\/media?parent=100786"}],"wp:term":[{"taxonomy":"product_brand","embeddable":true,"href":"https:\/\/soydeaqui.ddns.net\/pachuca\/index.php\/wp-json\/wp\/v2\/product_brand?post=100786"},{"taxonomy":"product_cat","embeddable":true,"href":"https:\/\/soydeaqui.ddns.net\/pachuca\/index.php\/wp-json\/wp\/v2\/product_cat?post=100786"},{"taxonomy":"product_tag","embeddable":true,"href":"https:\/\/soydeaqui.ddns.net\/pachuca\/index.php\/wp-json\/wp\/v2\/product_tag?post=100786"}],"curies":[{"name":"wp","href":"https:\/\/api.w.org\/{rel}","templated":true}]}}