{"id":100764,"date":"2026-03-20T11:29:28","date_gmt":"2026-03-20T11:29:28","guid":{"rendered":"https:\/\/soydeaqui.ddns.net\/pachuca\/index.php\/producto\/pantalla-profesional-para-marketing-en-ventana-led-46-full-hd-1080p-hdmi-lan-brillo-4000-nits-compatible-con-vesa\/"},"modified":"2026-03-20T11:29:41","modified_gmt":"2026-03-20T11:29:41","slug":"pantalla-profesional-para-marketing-en-ventana-led-46-full-hd-1080p-hdmi-lan-brillo-4000-nits-compatible-con-vesa","status":"publish","type":"product","link":"https:\/\/soydeaqui.ddns.net\/pachuca\/index.php\/producto\/pantalla-profesional-para-marketing-en-ventana-led-46-full-hd-1080p-hdmi-lan-brillo-4000-nits-compatible-con-vesa\/","title":{"rendered":"Pantalla Profesional para marketing en Ventana LED 46&#8243; Full HD (1080p), HDMI \/ LAN \/ Brillo 4000 nits \/ Compatible con VESA"},"content":{"rendered":"<div style='width: 100%; max-width: 1200px; margin: 0 auto; font-family: sans-serif; line-height: 1.6; color: inherit; background-color: transparent;'> <!-- T\u00edtulo principal --> <\/p>\n<h2 style='font-size: 48px; line-height: 1.2; margin: 0 auto 30px; text-align: center; color: inherit; font-family: 'SamsungSharpSans'&comma; sans-serif;'> Promueva contenido en cualquier ventana de la tienda <\/h2>\n<p> <!-- Im\u00e1genes --> <\/p>\n<div style='display: flex; flex-wrap: wrap; gap: 15px; margin-bottom: 30px;'> <img style='width: 100%; height: auto; border: 1px solid rgba(150&comma;150&comma;150&comma;0.3); border-radius: 8px;' src='https:\/\/images.samsung.com\/is\/image\/samsung\/p6pim\/latin\/feature\/165250542\/latin-feature-promote-content-in-any-storefront-window-541345804?$FB_TYPE_A_JPG$' alt=''> <img style='width: 100%; height: auto; border: 1px solid rgba(150&comma;150&comma;150&comma;0.3); border-radius: 8px;' src='https:\/\/images.samsung.com\/is\/image\/samsung\/p6pim\/latin\/feature\/165250544\/latin-feature-foster-brilliant-presentation-for-al-541345810?$FB_TYPE_A_JPG$' alt=''> <\/div>\n<p> <!-- T\u00edtulo caracteristicas --> <\/p>\n<h2 style='font-size: 48px; line-height: 1.2; margin: 0 auto 30px; text-align: center; color: inherit; font-family: 'SamsungSharpSans'&comma; sans-serif;'> Marav\u00edllese con la expresi\u00f3n de color realista <\/h2>\n<p> <!-- Imagen caracteristicas --> <img style='width: 100%; height: auto; border: 1px solid rgba(150&comma;150&comma;150&comma;0.3); border-radius: 8px; margin-bottom: 30px;' src='https:\/\/images.samsung.com\/is\/image\/samsung\/p6pim\/latin\/feature\/165246074\/latin-feature-marvel-at-the-lifelike-color-expression-541315312?$FB_TYPE_A_JPG$' alt=''> <!-- Secci\u00f3n de caracter\u00edsticas en grid --> <\/p>\n<div style='display: flex; flex-wrap: wrap; gap: 20px; margin-bottom: 30px;'> <!-- Caracter\u00edsticas principales --> <\/p>\n<div style='flex: 1 1 300px; min-width: 280px;'>\n<div style='border: 1px solid rgba(150&comma; 150&comma; 150&comma; 0.4); border-radius: 8px; overflow: hidden;'>\n<div style='padding: 15px; border-bottom: 1px solid rgba(150&comma; 150&comma; 150&comma; 0.2); font-weight: bold; font-size: 18px; color: inherit; background-color: rgba(4&comma; 17&comma; 250&comma; 0.1);'>Caracter\u00edsticas principales<\/div>\n<div style='padding: 15px; color: inherit;'>\n<ul style='padding-left: 20px; margin: 0; font-size: 14px; list-style-type: disc; color: inherit;'>\n<li style='margin-bottom: 5px;'><span style='color: inherit;'>Tama\u00f1o diagonal 46&#8242;<\/span><\/li>\n<li style='margin-bottom: 5px;'><span style='color: inherit;'>Resoluci\u00f3n 1920 x 1080 pix.<\/span><\/li>\n<li style='margin-bottom: 5px;'><span style='color: inherit;'>Relaci\u00f3n de aspecto 16:9<\/span><\/li>\n<li style='margin-bottom: 5px;'><span style='color: inherit;'>Brillo 4000 nit.<\/span><\/li>\n<li style='margin-bottom: 5px;'><span style='color: inherit;'>Bisel 24.9 (arriba&comma; lados&comma; abajo) mm<\/span><\/li>\n<li style='margin-bottom: 5px;'><span style='color: inherit;'>Relaci\u00f3n de contraste 6000:1<\/span><\/li>\n<li style='margin-bottom: 5px;'><span style='color: inherit;'>16.7 M de colores<\/span><\/li>\n<li style='margin-bottom: 5px;'><span style='color: inherit;'>Aplicable para video y texto<\/span><\/li>\n<li style='margin-bottom: 5px;'><span style='color: inherit;'>Compatible con SAMSUNG VXT<\/span><\/li>\n<li style='margin-bottom: 5px;'><span style='color: inherit;'>Operaci\u00f3n 24\/7<\/span><\/li>\n<\/ul><\/div>\n<\/p><\/div>\n<\/p><\/div>\n<p> <!-- Conectividad --> <\/p>\n<div style='flex: 1 1 300px; min-width: 280px;'>\n<div style='border: 1px solid rgba(150&comma; 150&comma; 150&comma; 0.4); border-radius: 8px; overflow: hidden;'>\n<div style='padding: 15px; border-bottom: 1px solid rgba(150&comma; 150&comma; 150&comma; 0.2); font-weight: bold; font-size: 18px; color: inherit; background-color: rgba(4&comma; 17&comma; 250&comma; 0.1);'>Conectividad<\/div>\n<div style='padding: 15px; color: inherit;'>\n<ul style='padding-left: 20px; margin: 0; font-size: 14px; list-style-type: disc; color: inherit;'>\n<li style='margin-bottom: 5px;'><span style='color: inherit;'>Entradas de Video 2x HDMI&comma; HDBaseT<\/span><\/li>\n<li style='margin-bottom: 5px;'><span style='color: inherit;'>HDCP 2.2<\/span><\/li>\n<li style='margin-bottom: 5px;'><span style='color: inherit;'>Puerto USB 2.0<\/span><\/li>\n<li style='margin-bottom: 5px;'><span style='color: inherit;'>Salidas de Audio mini Jack Estereo<\/span><\/li>\n<\/ul>\n<h3 style='margin-top: 20px; margin-bottom: 10px; font-size: 16px; color: inherit;'>Control externo<\/h3>\n<ul style='padding-left: 20px; margin: 0; font-size: 14px; list-style-type: disc; color: inherit;'>\n<li style='margin-bottom: 5px;'><span style='color: inherit;'>Puerto RS-232C<\/span><\/li>\n<li style='margin-bottom: 5px;'><span style='color: inherit;'>Puerto RJ45<\/span><\/li>\n<\/ul><\/div>\n<\/p><\/div>\n<\/p><\/div>\n<p> <!-- Caracter\u00edsticas f\u00edsicas y el\u00e9ctricas --> <\/p>\n<div style='flex: 1 1 300px; min-width: 280px;'>\n<div style='border: 1px solid rgba(150&comma; 150&comma; 150&comma; 0.4); border-radius: 8px; overflow: hidden;'>\n<div style='padding: 15px; border-bottom: 1px solid rgba(150&comma; 150&comma; 150&comma; 0.2); font-weight: bold; font-size: 18px; color: inherit; background-color: rgba(4&comma; 17&comma; 250&comma; 0.1);'>Caracter\u00edsticas f\u00edsicas y el\u00e9ctricas<\/div>\n<div style='padding: 15px; color: inherit;'>\n<ul style='padding-left: 20px; margin: 0; font-size: 14px; list-style-type: disc; color: inherit;'>\n<li style='margin-bottom: 5px;'><span style='color: inherit;'>Temperatura de operaci\u00f3n: -30 a 50 \u00b0C<\/span><\/li>\n<li style='margin-bottom: 5px;'><span style='color: inherit;'>Alimentaci\u00f3n: 100-240 Vca&comma; 350 W.<\/span><\/li>\n<li style='margin-bottom: 5px;'><span style='color: inherit;'>Compatible con VESA 400 x 400 mm.<\/span><\/li>\n<li style='margin-bottom: 5px;'><span style='color: inherit;'>Dimensiones: 1062 x 616.6 x 54.5 mm.<\/span><\/li>\n<li style='margin-bottom: 5px;'><span style='color: inherit;'>Peso: 18.2 Kg.<\/span><\/li>\n<li style='margin-bottom: 5px;'><span style='color: inherit;'>No incluye montajes de pared&comma; ni de escritorio<\/span><\/li>\n<\/ul><\/div>\n<\/p><\/div>\n<\/p><\/div>\n<\/p><\/div>\n<p> <!-- Informaci\u00f3n de garant\u00eda --> <\/p>\n<div style='margin-top: 30px; padding: 20px; border-left: 5px solid rgba(4&comma; 17&comma; 250&comma; 0.8); background-color: rgba(4&comma; 17&comma; 250&comma; 0.05); border-radius: 8px;'>\n<p style='margin: 0 0 15px; font-weight: bold; font-size: 16px; color: inherit;'>3 A\u00f1os de garant\u00eda con fabricante<\/p>\n<p style='margin: 0; font-weight: bold; font-size: 16px; color: inherit;'> Informaci\u00f3n de soporte y garant\u00eda: <a href='https:\/\/www.samsung.com\/mx\/support\/warranty\/' style='color: #0d6efd; text-decoration: none; font-weight: bold;'>GARANT\u00cdA<\/a> <\/p>\n<\/p><\/div>\n<\/p><\/div>\n","protected":false},"excerpt":{"rendered":"<p>Pantalla Profesional para marketing en Ventana LED 46&#8243; Full HD (1080p), HDMI \/ LAN \/ Brillo 4000 nits \/ Compatible con VESA<\/p>\n","protected":false},"featured_media":100763,"comment_status":"open","ping_status":"closed","template":"","meta":[],"product_brand":[],"product_cat":[2191],"product_tag":[2089,2192,2193],"class_list":{"0":"post-100764","1":"product","2":"type-product","3":"status-publish","4":"has-post-thumbnail","6":"product_cat-pantallas-monitores-monitores-pantallas-y-mobiliario","7":"product_tag-monitores-pantallas-y-mobiliario","8":"product_tag-pantallas-monitores-2","9":"product_tag-samsung-electronics","11":"first","12":"outofstock","13":"sale","14":"shipping-taxable","15":"purchasable","16":"product-type-simple"},"_links":{"self":[{"href":"https:\/\/soydeaqui.ddns.net\/pachuca\/index.php\/wp-json\/wp\/v2\/product\/100764","targetHints":{"allow":["GET"]}}],"collection":[{"href":"https:\/\/soydeaqui.ddns.net\/pachuca\/index.php\/wp-json\/wp\/v2\/product"}],"about":[{"href":"https:\/\/soydeaqui.ddns.net\/pachuca\/index.php\/wp-json\/wp\/v2\/types\/product"}],"replies":[{"embeddable":true,"href":"https:\/\/soydeaqui.ddns.net\/pachuca\/index.php\/wp-json\/wp\/v2\/comments?post=100764"}],"wp:featuredmedia":[{"embeddable":true,"href":"https:\/\/soydeaqui.ddns.net\/pachuca\/index.php\/wp-json\/wp\/v2\/media\/100763"}],"wp:attachment":[{"href":"https:\/\/soydeaqui.ddns.net\/pachuca\/index.php\/wp-json\/wp\/v2\/media?parent=100764"}],"wp:term":[{"taxonomy":"product_brand","embeddable":true,"href":"https:\/\/soydeaqui.ddns.net\/pachuca\/index.php\/wp-json\/wp\/v2\/product_brand?post=100764"},{"taxonomy":"product_cat","embeddable":true,"href":"https:\/\/soydeaqui.ddns.net\/pachuca\/index.php\/wp-json\/wp\/v2\/product_cat?post=100764"},{"taxonomy":"product_tag","embeddable":true,"href":"https:\/\/soydeaqui.ddns.net\/pachuca\/index.php\/wp-json\/wp\/v2\/product_tag?post=100764"}],"curies":[{"name":"wp","href":"https:\/\/api.w.org\/{rel}","templated":true}]}}