{"id":100745,"date":"2026-03-20T11:28:39","date_gmt":"2026-03-20T11:28:39","guid":{"rendered":"https:\/\/soydeaqui.ddns.net\/pachuca\/index.php\/producto\/dual-light-colorvu-3-0-hikai-domo-ip-4-megapixel-lente-2-8-mm-30-mts-ir-luz-blanca-2-microfonos-integrados-exterior-ip67-wdr-130-db-acusense-3-0-metal-nema-4x-acusearch-2\/"},"modified":"2026-03-20T11:28:40","modified_gmt":"2026-03-20T11:28:40","slug":"dual-light-colorvu-3-0-hikai-domo-ip-4-megapixel-lente-2-8-mm-30-mts-ir-luz-blanca-2-microfonos-integrados-exterior-ip67-wdr-130-db-acusense-3-0-metal-nema-4x-acusearch-2","status":"publish","type":"product","link":"https:\/\/soydeaqui.ddns.net\/pachuca\/index.php\/producto\/dual-light-colorvu-3-0-hikai-domo-ip-4-megapixel-lente-2-8-mm-30-mts-ir-luz-blanca-2-microfonos-integrados-exterior-ip67-wdr-130-db-acusense-3-0-metal-nema-4x-acusearch-2\/","title":{"rendered":"[Dual Light + ColorVu 3.0 + HikAI] Domo IP 4 Megapixel \/ Lente 2.8 mm \/ 30 mts IR + Luz Blanca \/ 2 Microfonos Integrados \/ Exterior IP67 \/ WDR 130 dB \/ ACUSENSE 3.0 \/ Metal \/ NEMA 4X \/ ACUSEARCH"},"content":{"rendered":"<div style='width: 100%; max-width: 1200px; margin: 0 auto; font-family: sans-serif; line-height: 1.6; color: inherit; background-color: transparent;'>\n<div style='width: 100%; margin-bottom: 30px;'><img style='width: 100%; height: auto; border: 1px solid rgba(150&comma;150&comma;150&comma;0.3); border-radius: 8px;' src='https:\/\/ftp3.syscom.mx\/usuarios\/ftp\/landingpage\/colorvu\/header.jpg' alt='Serie Pro con ColorVu 3.0'><\/div>\n<div style='display: flex; flex-wrap: wrap; gap: 30px; margin-bottom: 30px;'>\n<div style='flex: 1 1 300px; min-width: 280px;'>\n<h3 style='font-size: 22px; border-bottom: 2px solid currentColor; padding-bottom: 5px; margin-top: 0; color: inherit; opacity: 0.8;'>Caracter\u00edsticas Principales<\/h3>\n<ul style='padding-left: 20px; font-size: 15px; color: inherit;'>\n<li style='margin-bottom: 5px;'><strong>Resoluci\u00f3n M\u00e1xima:<\/strong> 4 Megapixel (2688 x 1520)<\/li>\n<li style='margin-bottom: 5px;'><strong>Iluminaci\u00f3n m\u00ednima:<\/strong> 0.0001 Lux @ (F1.0&comma; AGC ON)<\/li>\n<li style='margin-bottom: 5px;'><strong>Lente fijo:<\/strong> 2.8mm (\u00c1ngulo de apertura 111\u00b0)<\/li>\n<li style='margin-bottom: 5px;'><strong>30 m de IR EXIR:<\/strong> (visi\u00f3n nocturna)<\/li>\n<li style='margin-bottom: 5px;'><strong>30 m de luz blanca:<\/strong> (ayuda a iluminar el sitio para mantener la imagen siempre a color)<\/li>\n<li style='margin-bottom: 5px;'><strong>WDR:<\/strong> 130 dB<\/li>\n<li style='margin-bottom: 5px;'><strong>Detecci\u00f3n:<\/strong> de movimiento \/ Cruce de l\u00ednea \/ Detecci\u00f3n de intrusi\u00f3n<\/li>\n<li style='margin-bottom: 5px;'><strong>Compatible con plataforma:<\/strong> Hik-Connect P2P <a href='https:\/\/appstore.hikvision.com\/' style='color: inherit; text-decoration: underline;'>(https:\/\/appstore.hikvision.com\/)<\/a><\/li>\n<\/ul>\n<\/div>\n<div style='flex: 1 1 300px; min-width: 280px;'>\n<h3 style='font-size: 22px; border-bottom: 2px solid currentColor; padding-bottom: 5px; margin-top: 0; color: inherit; opacity: 0.8;'>Entradas y Salidas<\/h3>\n<ul style='padding-left: 20px; font-size: 15px; color: inherit;'>\n<li style='margin-bottom: 5px;'><strong>Entradas de alarma:<\/strong> 1<\/li>\n<li style='margin-bottom: 5px;'><strong>Salidas de alarma:<\/strong> 1 (max. 24 VAC\/VDC&comma; 1A)<\/li>\n<li style='margin-bottom: 5px;'><strong>Entradas de audio:<\/strong> 1<\/li>\n<li style='margin-bottom: 5px;'><strong>Salidas de audio:<\/strong> 1<\/li>\n<li style='margin-bottom: 5px;'><strong>Micr\u00f3fono:<\/strong> Dual Integrado<\/li>\n<li style='margin-bottom: 5px;'><strong>Almacenamiento:<\/strong> Soporta micro SD 512 GB (no incluida)<\/li>\n<li style='margin-bottom: 5px;'><strong>Puerto de red:<\/strong> 1 (10 \/ 100 Mbps \/ PoE 802.3af)<\/li>\n<li style='margin-bottom: 5px;'><strong>Protocolos:<\/strong> ONVIF (PROFILE S&comma; G y T ) \/ ISAPI&comma; SDK&comma; ISUP<\/li>\n<\/ul>\n<\/div>\n<div style='flex: 1 1 300px; min-width: 280px;'>\n<h3 style='font-size: 22px; border-bottom: 2px solid currentColor; padding-bottom: 5px; margin-top: 0; color: inherit; opacity: 0.8;'>Caracter\u00edsticas F\u00edsicas<\/h3>\n<ul style='padding-left: 20px; font-size: 15px; color: inherit;'>\n<li style='margin-bottom: 5px;'><strong>Temperatura de Operaci\u00f3n:<\/strong> -30\u00b0C a 60\u00b0C<\/li>\n<li style='margin-bottom: 5px;'><strong>Alimentaci\u00f3n:<\/strong> 12Vcc \/ 7.2 Watts<\/li>\n<li style='margin-bottom: 5px;'><strong>PoE:<\/strong> 802.3af \/ 9 Watts<\/li>\n<li style='margin-bottom: 5px;'><strong>Protecci\u00f3n:<\/strong> Interior \/ Exterior IP67<\/li>\n<li style='margin-bottom: 5px;'><strong>Material:<\/strong> Aluminio<\/li>\n<li style='margin-bottom: 5px;'><strong>Dimensiones:<\/strong> 121.5 x 97.6 mm<\/li>\n<li style='margin-bottom: 5px;'><strong>Peso:<\/strong> 600 gramos<\/li>\n<\/ul>\n<\/div>\n<div style='flex: 1 1 300px; min-width: 280px;'>\n<h3 style='font-size: 22px; border-bottom: 2px solid currentColor; padding-bottom: 5px; margin-top: 0; color: inherit; opacity: 0.8;'>Accesorios Compatibles<\/h3>\n<ul style='padding-left: 20px; font-size: 15px; color: inherit;'>\n<li style='margin-bottom: 5px;'><strong>Consulte:<\/strong> <a href='https:\/\/ftp3.syscom.mx\/usuarios\/alexh\/Hikvision\/Specsheet\/DS-2CD2147G3-LI%28S2U%29Y_Datasheet_20250414.pdf?_gl=1*1ontuzg*_gcl_au*NzQwMzE1MDc1LjE3NTAxMTM5OTU.' target='_blank' rel='noopener' style='color: inherit; text-decoration: underline;'>Ficha t\u00e9cnica para validar accesorios compatibles<\/a><\/li>\n<\/ul>\n<\/div>\n<\/div>\n<div style='display: flex; flex-wrap: wrap; gap: 30px; margin-bottom: 30px;'>\n<div style='flex: 1 1 100%; min-width: 280px;'>\n<h3 style='font-size: 22px; border-bottom: 2px solid currentColor; padding-bottom: 5px; margin-top: 0; color: inherit; opacity: 0.8;'>Caracter\u00edsticas Destacadas<\/h3>\n<ul style='padding-left: 20px; font-size: 15px; color: inherit;'>\n<li style='margin-bottom: 5px;'>Compatible con la plataforma de Hik-Connect para una conexi\u00f3n m\u00e1s r\u00e1pida y sencilla<\/li>\n<li style='margin-bottom: 5px;'>Soporta anal\u00edtico de ACUSENSE para con anal\u00edticos como filtro de humano y veh\u00edculos para eventos inteligentes como cruce de l\u00ednea&comma; intrusi\u00f3n&comma; entrada y salida de \u00e1rea<\/li>\n<li style='margin-bottom: 5px;'>Soporta la tecnolog\u00eda Dual Light&comma; podemos tener en la noche la imagen de B\/N con los IR encendidos y cuando detecte movimiento por medio del anal\u00edtico de ACUSENSE (filtro de humanos y veh\u00edculos) encender\u00e1 la luz blanca para poder tener el evento a color&comma; cuando pase el evento se vuelve a colocar la imagen en B\/N<\/li>\n<li style='margin-bottom: 5px;'>Soporta anal\u00edtico cruce de l\u00ednea o intrusi\u00f3n de \u00e1rea<\/li>\n<li style='margin-bottom: 5px;'>Soporta anal\u00edtico de cambio de escena (cuando mueven la c\u00e1mara f\u00edsicamente hacia otro lado o la giran)<\/li>\n<\/ul>\n<\/div>\n<\/div>\n<div style='width: 100%; margin-bottom: 30px;'><img style='width: 100%; height: auto; border: 1px solid rgba(150&comma;150&comma;150&comma;0.3); border-radius: 8px;' src='https:\/\/ftp3.syscom.mx\/usuarios\/ftp\/landingpage\/syscomexpo\/2024\/colorvu\/turnthepage.png' alt='ColorVu 3.0'><\/div>\n<div style='width: 100%; margin-bottom: 30px;'>\n<p style='font-size: 16px; color: inherit; line-height: 1.6;'>Hikvision presenta las nuevas C\u00e1maras de Red ColorVu 3.0&comma; con tecnolog\u00eda mejorada para un rendimiento visual excepcional. Incorpora AcuSense 3.0 con funciones inteligentes y Audio 2.0 para una comunicaci\u00f3n clara y eficiente.<\/p>\n<\/div>\n<div style='display: flex; flex-wrap: wrap; gap: 30px; margin-bottom: 30px;'>\n<div style='flex: 1 1 100%; min-width: 280px;'>\n<h3 style='font-size: 22px; border-bottom: 2px solid currentColor; padding-bottom: 5px; margin-top: 0; color: inherit; opacity: 0.8;'>HikAI-ISP<\/h3>\n<ul style='padding-left: 20px; font-size: 15px; color: inherit;'>\n<li style='margin-bottom: 5px;'>La reducci\u00f3n de ruido por IA brinda la ventaja de un aumento en el brillo est\u00e1tico<\/li>\n<li style='margin-bottom: 5px;'>Potente soporte de ajuste de par\u00e1metros y proceso profesional de prueba para garantizar la estabilidad del algoritmo<\/li>\n<li style='margin-bottom: 5px;'>La reducci\u00f3n din\u00e1mica de rastros de movimiento permite una calidad de imagen cristalina incluso en condiciones de poca luz<\/li>\n<\/ul>\n<\/div>\n<\/div>\n<div style='width: 100%; margin-bottom: 30px;'>\n<div style='position: relative; padding-bottom: 56.25%; height: 0; overflow: hidden; margin-bottom: 30px;'> <\/div>\n<\/div>\n<div style='width: 100%; margin-bottom: 30px;'><img style='width: 100%; height: auto; border: 1px solid rgba(150&comma;150&comma;150&comma;0.3); border-radius: 8px;' src='https:\/\/ftp3.syscom.mx\/usuarios\/ftp\/landingpage\/hikvision\/colorvu30\/F1CERO.jpg' alt='F1CERO'><\/div>\n<div style='display: flex; flex-wrap: wrap; gap: 30px; margin-bottom: 30px;'>\n<div style='flex: 1 1 100%; min-width: 280px;'>\n<h3 style='font-size: 22px; border-bottom: 2px solid currentColor; padding-bottom: 5px; margin-top: 0; color: inherit; opacity: 0.8;'>F1.0 Super Confocal Lens<\/h3>\n<p style='font-size: 15px; color: inherit; line-height: 1.6;'>Hikvision lidera la industria al lograr un efecto confocal delicado y complejo con un lente de gran apertura F1.0&comma; que garantiza im\u00e1genes igualmente n\u00edtidas tanto en luz IR como visible. El lente Super Confocal F1.0 est\u00e1 dise\u00f1ado con precisi\u00f3n a nivel de micras&comma; permitiendo un enfoque de nivel maestro e im\u00e1genes de alta definici\u00f3n duraderas.<\/p>\n<\/div>\n<\/div>\n<div style='display: flex; flex-wrap: wrap; gap: 30px; margin-bottom: 30px;'>\n<div style='flex: 1 1 100%; min-width: 280px;'>\n<h3 style='font-size: 22px; border-bottom: 2px solid currentColor; padding-bottom: 5px; margin-top: 0; color: inherit; opacity: 0.8;'>Smart Hybrid Light<\/h3>\n<p style='font-size: 15px; color: inherit; line-height: 1.6;'>La iluminaci\u00f3n h\u00edbrida inteligente de Hikvision permite a los usuarios seleccionar el modo de iluminaci\u00f3n que mejor se adapte a sus necesidades: IR&comma; luz blanca o modo inteligente. En el modo inteligente&comma; las c\u00e1maras de red mantienen la iluminaci\u00f3n infrarroja hasta que un evento activa la imagen a color para capturar detalles cr\u00edticos.<\/p>\n<ul style='padding-left: 20px; font-size: 15px; color: inherit;'>\n<li style='margin-bottom: 5px;'>Modo inteligente para activaci\u00f3n autom\u00e1tica de imagen a color<\/li>\n<li style='margin-bottom: 5px;'>Soporta detecci\u00f3n de movimiento para activar iluminaci\u00f3n<\/li>\n<li style='margin-bottom: 5px;'>Combinaci\u00f3n \u00f3ptima de IR y luz blanca para diferentes escenarios<\/li>\n<\/ul>\n<\/div>\n<\/div>\n<div style='width: 100%; margin-bottom: 30px;'><img style='width: 100%; height: auto; border: 1px solid rgba(150&comma;150&comma;150&comma;0.3); border-radius: 8px;' src='https:\/\/ftp3.syscom.mx\/usuarios\/ftp\/landingpage\/hikvision\/colorvu30\/smart-hybrid-light02.jpg' alt='Smart Hybrid Light'><\/div>\n<div style='display: flex; flex-wrap: wrap; gap: 30px; margin-bottom: 30px;'>\n<div style='flex: 1 1 100%; min-width: 280px;'>\n<h3 style='font-size: 22px; border-bottom: 2px solid currentColor; padding-bottom: 5px; margin-top: 0; color: inherit; opacity: 0.8;'>Correcci\u00f3n de Color 3D LUT y WDR con IA<\/h3>\n<p style='font-size: 15px; color: inherit; line-height: 1.6;'>La calibraci\u00f3n precisa del color y la delicada combinaci\u00f3n de colores mejoran el brillo de la imagen con poca luz y restauran el color verdadero de las cosas&comma; haciendo que las im\u00e1genes nocturnas capturadas por las c\u00e1maras de seguridad EasyIP sean tan brillantes como durante el d\u00eda<\/p>\n<\/div>\n<\/div>\n<div style='display: flex; flex-wrap: wrap; gap: 30px; margin-bottom: 30px;'>\n<div style='flex: 1 1 100%; min-width: 280px;'>\n<h3 style='font-size: 22px; border-bottom: 2px solid currentColor; padding-bottom: 5px; margin-top: 0; color: inherit; opacity: 0.8;'>AI WDR<\/h3>\n<p style='font-size: 15px; color: inherit; line-height: 1.6;'>El WDR mejorado con IA permite que las \u00e1reas brillantes de una imagen no est\u00e9n sobreexpuestas&comma; mientras que los detalles en las \u00e1reas oscuras no se pierdan. El WDR con IA permite que las c\u00e1maras de seguridad determinen si activar o desactivar la funci\u00f3n WDR seg\u00fan el brillo del escenario&comma; sin necesidad de ajustes manuales<\/p>\n<\/div>\n<\/div>\n<div style='width: 100%; margin-bottom: 30px;'><img style='width: 100%; height: auto; border: 1px solid rgba(150&comma;150&comma;150&comma;0.3); border-radius: 8px;' src='https:\/\/ftp3.syscom.mx\/usuarios\/ftp\/landingpage\/hikvision\/colorvu30\/3D-LUT-Color-Correction2.jpg' alt='Correcci\u00f3n de Color 3D LUT'><\/div>\n<div style='width: 100%; margin-bottom: 30px;'><img style='width: 100%; height: auto; border: 1px solid rgba(150&comma;150&comma;150&comma;0.3); border-radius: 8px;' src='https:\/\/www.hikvision.com\/content\/dam\/hikvision\/en\/marketing\/image\/products\/ip-products\/pro-series-with-colorvu-3-0\/acusense.jpg' alt='AcuSense 3.0'><\/div>\n<div style='width: 100%; margin-bottom: 30px;'>\n<div style='position: relative; padding-bottom: 56.25%; height: 0; overflow: hidden; margin-bottom: 30px;'><video style='position: absolute; top: 0; left: 0; width: 100%; height: 100%; border: 1px solid rgba(150&comma;150&comma;150&comma;0.3); border-radius: 8px;' muted controls><source src='https:\/\/ftp3.syscom.mx\/usuarios\/ftp\/landingpage\/hikvision\/colorvu30\/acusense.mp4' type='video\/mp4'><\/video><\/div>\n<\/div>\n<div style='width: 100%; margin-bottom: 30px;'>\n<div style='position: relative; padding-bottom: 56.25%; height: 0; overflow: hidden; margin-bottom: 30px;'><video style='position: absolute; top: 0; left: 0; width: 100%; height: 100%; border: 1px solid rgba(150&comma;150&comma;150&comma;0.3); border-radius: 8px;' muted controls><source src='https:\/\/ftp3.syscom.mx\/usuarios\/ftp\/landingpage\/hikvision\/colorvu30\/AcuSense-960px.mp4' type='video\/mp4'><\/video><\/div>\n<\/div>\n<div style='display: flex; flex-wrap: wrap; gap: 30px; margin-bottom: 30px;'>\n<div style='flex: 1 1 100%; min-width: 280px;'>\n<h3 style='font-size: 22px; border-bottom: 2px solid currentColor; padding-bottom: 5px; margin-top: 0; color: inherit; opacity: 0.8;'>Audio 2.0<\/h3>\n<h4 style='font-size: 18px; color: inherit; margin-top: 15px; margin-bottom: 10px;'>Voz Clara y M\u00e1s Potente<\/h4>\n<ul style='padding-left: 20px; font-size: 15px; color: inherit;'>\n<li style='margin-bottom: 5px;'>Integra un sistema de altavoces de mayor potencia con Smart PA (Amplificador de Potencia Inteligente)&comma; que ampl\u00eda la cobertura de sonido del altavoz<\/li>\n<li style='margin-bottom: 5px;'>Mejor efecto de advertencia para mejorar la disuasi\u00f3n de intrusos<\/li>\n<li style='margin-bottom: 5px;'>Audio bidireccional optimizado para lograr un efecto de comunicaci\u00f3n m\u00e1s eficiente<\/li>\n<\/ul>\n<h4 style='font-size: 18px; color: inherit; margin-top: 15px; margin-bottom: 10px;'>Calidad de Audio Superior<\/h4>\n<ul style='padding-left: 20px; font-size: 15px; color: inherit;'>\n<li style='margin-bottom: 5px;'>Sistema de reducci\u00f3n de ruido avanzado para una comunicaci\u00f3n m\u00e1s clara<\/li>\n<li style='margin-bottom: 5px;'>Mayor rango de cobertura de audio para una vigilancia m\u00e1s efectiva<\/li>\n<li style='margin-bottom: 5px;'>Integraci\u00f3n perfecta con sistemas de seguridad existentes<\/li>\n<\/ul>\n<\/div>\n<\/div>\n<div style='width: 100%; margin-bottom: 30px;'><img style='width: 100%; height: auto; border: 1px solid rgba(150&comma;150&comma;150&comma;0.3); border-radius: 8px;' src='https:\/\/ftp3.syscom.mx\/usuarios\/ftp\/landingpage\/hikvision\/colorvu30\/audio-top.png' alt='Audio 2.0'><\/div>\n<div style='width: 100%; margin-bottom: 30px;'><img style='width: 100%; height: auto; border: 1px solid rgba(150&comma;150&comma;150&comma;0.3); border-radius: 8px;' src='https:\/\/ftp3.syscom.mx\/usuarios\/ftp\/landingpage\/hikvision\/colorvu30\/audiobottom2.png' alt='Audio 2.0 Adicional'><\/div>\n<\/div>\n","protected":false},"excerpt":{"rendered":"<p>[Dual Light + ColorVu 3.0 + HikAI] Domo IP 4 Megapixel \/ Lente 2.8 mm \/ 30 mts IR + Luz Blanca \/ 2 Microfonos Integrados \/ Exterior IP67 \/ WDR 130 dB \/ ACUSENSE 3.0 \/ Metal \/ NEMA 4X \/ ACUSEARCH<\/p>\n","protected":false},"featured_media":100744,"comment_status":"open","ping_status":"closed","template":"","meta":[],"product_brand":[],"product_cat":[2056],"product_tag":[122,2057,54],"class_list":{"0":"post-100745","1":"product","2":"type-product","3":"status-publish","4":"has-post-thumbnail","6":"product_cat-domo-eyeball-turret","7":"product_tag-camaras-ip-y-nvrs","8":"product_tag-domo-eyeball-turret","9":"product_tag-hikvision","11":"first","12":"instock","13":"sale","14":"shipping-taxable","15":"purchasable","16":"product-type-simple"},"_links":{"self":[{"href":"https:\/\/soydeaqui.ddns.net\/pachuca\/index.php\/wp-json\/wp\/v2\/product\/100745","targetHints":{"allow":["GET"]}}],"collection":[{"href":"https:\/\/soydeaqui.ddns.net\/pachuca\/index.php\/wp-json\/wp\/v2\/product"}],"about":[{"href":"https:\/\/soydeaqui.ddns.net\/pachuca\/index.php\/wp-json\/wp\/v2\/types\/product"}],"replies":[{"embeddable":true,"href":"https:\/\/soydeaqui.ddns.net\/pachuca\/index.php\/wp-json\/wp\/v2\/comments?post=100745"}],"wp:featuredmedia":[{"embeddable":true,"href":"https:\/\/soydeaqui.ddns.net\/pachuca\/index.php\/wp-json\/wp\/v2\/media\/100744"}],"wp:attachment":[{"href":"https:\/\/soydeaqui.ddns.net\/pachuca\/index.php\/wp-json\/wp\/v2\/media?parent=100745"}],"wp:term":[{"taxonomy":"product_brand","embeddable":true,"href":"https:\/\/soydeaqui.ddns.net\/pachuca\/index.php\/wp-json\/wp\/v2\/product_brand?post=100745"},{"taxonomy":"product_cat","embeddable":true,"href":"https:\/\/soydeaqui.ddns.net\/pachuca\/index.php\/wp-json\/wp\/v2\/product_cat?post=100745"},{"taxonomy":"product_tag","embeddable":true,"href":"https:\/\/soydeaqui.ddns.net\/pachuca\/index.php\/wp-json\/wp\/v2\/product_tag?post=100745"}],"curies":[{"name":"wp","href":"https:\/\/api.w.org\/{rel}","templated":true}]}}