{"id":100725,"date":"2026-03-20T11:27:47","date_gmt":"2026-03-20T11:27:47","guid":{"rendered":"https:\/\/soydeaqui.ddns.net\/pachuca\/index.php\/producto\/dvr-8-canales-turbohd-4-canales-ip-5-megapixel-lite-3k-lite-audio-bidireccional-acusense-evista-falsas-alarmas-1-bahia-de-disco-duro-salida-de-video-en-full-hd\/"},"modified":"2026-03-20T11:27:57","modified_gmt":"2026-03-20T11:27:57","slug":"dvr-8-canales-turbohd-4-canales-ip-5-megapixel-lite-3k-lite-audio-bidireccional-acusense-evista-falsas-alarmas-1-bahia-de-disco-duro-salida-de-video-en-full-hd","status":"publish","type":"product","link":"https:\/\/soydeaqui.ddns.net\/pachuca\/index.php\/producto\/dvr-8-canales-turbohd-4-canales-ip-5-megapixel-lite-3k-lite-audio-bidireccional-acusense-evista-falsas-alarmas-1-bahia-de-disco-duro-salida-de-video-en-full-hd\/","title":{"rendered":"DVR 8 Canales TURBOHD + 4 Canales IP \/ 5 Megapixel Lite &#8211; 3K Lite \/ Audio Bidireccional \/ACUSENSE (Evista falsas alarmas) \/ 1 Bah\u00eda de Disco Duro \/ Salida de Video en Full HD"},"content":{"rendered":"<div style='width: 100%; max-width: 1200px; margin: 0 auto; font-family: sans-serif; line-height: 1.6; color: inherit; background-color: transparent;'> <!-- Logos y app --> <\/p>\n<div style='text-align: center; padding: 20px;'> <img style='max-width: 100%; max-height: 6rem; border: 1px solid rgba(150&comma;150&comma;150&comma;0.3); border-radius: 8px;' src='https:\/\/ftp3.syscom.mx\/usuarios\/fotos\/logotipos\/hikvision.png' alt='Logo'> <\/p>\n<h1 style='font-size: 28px; margin: 20px 0 10px; color: inherit;'>Controla y monitorea tus dispositivos de seguridad<\/h1>\n<p style='font-size: 16px; margin-bottom: 20px; color: inherit;'>Descarga la app oficial Hik-Connect y aprovecha al m\u00e1ximo tu producto inteligente<\/p>\n<div style='display: flex; justify-content: center; gap: 15px; flex-wrap: wrap;'> <img style='height: 60px; border: 1px solid rgba(150&comma;150&comma;150&comma;0.3); border-radius: 8px;' src='https:\/\/ftp3.syscom.mx\/usuarios\/ftp\/single_page\/hikvision\/hikconnectlogo.png' alt='Logo 1'> <img style='height: 60px; border: 1px solid rgba(150&comma;150&comma;150&comma;0.3); border-radius: 8px;' src='https:\/\/ftp3.syscom.mx\/usuarios\/ftp\/single_page\/hikvision\/appstoreygoogleplay.png' alt='Logo 2'> <\/div>\n<\/p><\/div>\n<p> <!-- Features --> <\/p>\n<div style='margin: 40px 0;'>\n<h2 style='text-align: center; font-size: 24px; margin-bottom: 30px; color: inherit;'>Beneficios principales<\/h2>\n<div style='display: flex; flex-wrap: wrap; gap: 20px; justify-content: center;'>\n<div style='flex: 1 1 220px; min-width: 200px; text-align: center;'>\n<div style='width: 60px; height: 60px; margin: 0 auto 15px; background-color: #dc3545; border-radius: 50%; display: flex; align-items: center; justify-content: center;'><\/div>\n<h5 style='margin-bottom: 10px; font-size: 18px; color: inherit;'>Control remoto<\/h5>\n<p style='font-size: 14px; color: inherit; opacity: 0.8;'>Controla tus dispositivos desde cualquier lugar<\/p>\n<\/p><\/div>\n<div style='flex: 1 1 220px; min-width: 200px; text-align: center;'>\n<div style='width: 60px; height: 60px; margin: 0 auto 15px; background-color: #dc4697; border-radius: 50%; display: flex; align-items: center; justify-content: center;'><\/div>\n<h5 style='margin-bottom: 10px; font-size: 18px; color: inherit;'>Monitoreo en tiempo real<\/h5>\n<p style='font-size: 14px; color: inherit; opacity: 0.8;'>Visualiza tus dispositivos al instante<\/p>\n<\/p><\/div>\n<div style='flex: 1 1 220px; min-width: 200px; text-align: center;'>\n<div style='width: 60px; height: 60px; margin: 0 auto 15px; background-color: #a153cd; border-radius: 50%; display: flex; align-items: center; justify-content: center;'><\/div>\n<h5 style='margin-bottom: 10px; font-size: 18px; color: inherit;'>Notificaciones<\/h5>\n<p style='font-size: 14px; color: inherit; opacity: 0.8;'>Recibe notificaciones y alertas de los eventos que registra tu dispositivo.<\/p>\n<\/p><\/div>\n<div style='flex: 1 1 220px; min-width: 200px; text-align: center;'>\n<div style='width: 60px; height: 60px; margin: 0 auto 15px; background-color: #6468f2; border-radius: 50%; display: flex; align-items: center; justify-content: center;'><\/div>\n<h5 style='margin-bottom: 10px; font-size: 18px; color: inherit;'>Interfaz de usuario sencilla<\/h5>\n<p style='font-size: 14px; color: inherit; opacity: 0.8;'>Amigable para usuarios finales<\/p>\n<\/p><\/div>\n<\/p><\/div>\n<\/p><\/div>\n<p> <!-- Galer\u00eda de im\u00e1genes --> <\/p>\n<div style='margin: 40px 0;'>\n<div style='display: flex; flex-wrap: wrap; gap: 20px; justify-content: center;'> <img style='width: 100%; max-width: 280px; height: auto; border: 1px solid rgba(150&comma;150&comma;150&comma;0.3); border-radius: 8px;' src='https:\/\/ftp3.syscom.mx\/usuarios\/ftp\/single_page\/hikvision\/interfazHC.jpg' alt='Imagen 1'> <img style='width: 100%; max-width: 280px; height: auto; border: 1px solid rgba(150&comma;150&comma;150&comma;0.3); border-radius: 8px;' src='https:\/\/ftp3.syscom.mx\/usuarios\/ftp\/single_page\/hikvision\/grabacionesHC.jpg' alt='Imagen 2'> <img style='width: 100%; max-width: 280px; height: auto; border: 1px solid rgba(150&comma;150&comma;150&comma;0.3); border-radius: 8px;' src='https:\/\/ftp3.syscom.mx\/usuarios\/ftp\/single_page\/hikvision\/directoHC.jpg' alt='Imagen 3'> <img style='width: 100%; max-width: 280px; height: auto; border: 1px solid rgba(150&comma;150&comma;150&comma;0.3); border-radius: 8px;' src='https:\/\/ftp3.syscom.mx\/usuarios\/ftp\/single_page\/hikvision\/notificaciones2HC.jpg' alt='Imagen 4'> <\/div>\n<\/p><\/div>\n<p> <!-- Cards de caracter\u00edsticas --> <\/p>\n<div style='display: grid; grid-template-columns: repeat(auto-fill&comma; minmax(250px&comma; 1fr)); gap: 20px; margin: 40px 0;'> <!-- Card --> <\/p>\n<div style='background: #ffffff; border: 1px solid rgba(230&comma;230&comma;230&comma;0.8); border-radius: 10px; padding: 24px 20px; text-align: center;'>\n<div style='width: 56px; height: 56px; margin: 0 auto 16px; background: #f2f6ff; border-radius: 50%; display: flex; align-items: center; justify-content: center;'> <img style='width: 60px; height: 60px;' src='https:\/\/cdn-icons-gif.flaticon.com\/19036\/19036565.gif' alt='Icono Resoluci\u00f3n'> <\/div>\n<div style='font-size: 16px; font-weight: 600; color: inherit; margin-bottom: 8px;'>Resoluci\u00f3n 3K<\/div>\n<div style='font-size: 14px; line-height: 1.6; color: inherit; opacity: 0.8;'>Imagen ultra n\u00edtida con mayor nivel de detalle para una identificaci\u00f3n m\u00e1s precisa.<\/div>\n<\/p><\/div>\n<p> <!-- Card --> <\/p>\n<div style='background: #ffffff; border: 1px solid rgba(230&comma;230&comma;230&comma;0.8); border-radius: 10px; padding: 24px 20px; text-align: center;'>\n<div style='width: 56px; height: 56px; margin: 0 auto 16px; background: #f2f6ff; border-radius: 50%; display: flex; align-items: center; justify-content: center;'> <img style='width: 60px; height: 60px;' src='https:\/\/cdn-icons-gif.flaticon.com\/19034\/19034320.gif' alt='Icono Inteligencia Artificial'> <\/div>\n<div style='font-size: 16px; font-weight: 600; color: inherit; margin-bottom: 8px;'>Inteligencia Artificial<\/div>\n<div style='font-size: 14px; line-height: 1.6; color: inherit; opacity: 0.8;'>Distingue personas y veh\u00edculos&comma; reduciendo falsas alarmas y mejorando la eficiencia.<\/div>\n<\/p><\/div>\n<p> <!-- Card --> <\/p>\n<div style='background: #ffffff; border: 1px solid rgba(230&comma;230&comma;230&comma;0.8); border-radius: 10px; padding: 24px 20px; text-align: center;'>\n<div style='width: 56px; height: 56px; margin: 0 auto 16px; background: #f2f6ff; border-radius: 50%; display: flex; align-items: center; justify-content: center;'> <img style='width: 60px; height: 60px;' src='https:\/\/cdn-icons-gif.flaticon.com\/13896\/13896687.gif' alt='Icono Visualizaci\u00f3n Remota'> <\/div>\n<div style='font-size: 16px; font-weight: 600; color: inherit; margin-bottom: 8px;'>Visualizaci\u00f3n Remota<\/div>\n<div style='font-size: 14px; line-height: 1.6; color: inherit; opacity: 0.8;'>Accede a tus c\u00e1maras en tiempo real desde cualquier lugar.<\/div>\n<\/p><\/div>\n<p> <!-- Card --> <\/p>\n<div style='background: #ffffff; border: 1px solid rgba(230&comma;230&comma;230&comma;0.8); border-radius: 10px; padding: 24px 20px; text-align: center;'>\n<div style='width: 56px; height: 56px; margin: 0 auto 16px; background: #f2f6ff; border-radius: 50%; display: flex; align-items: center; justify-content: center;'> <img style='width: 60px; height: 60px;' src='https:\/\/cdn-icons-gif.flaticon.com\/8121\/8121329.gif' alt='Icono Audio Bidireccional'> <\/div>\n<div style='font-size: 16px; font-weight: 600; color: inherit; margin-bottom: 8px;'>Audio Bidireccional<\/div>\n<div style='font-size: 14px; line-height: 1.6; color: inherit; opacity: 0.8;'>Escucha y habla a trav\u00e9s de la c\u00e1mara para una comunicaci\u00f3n inmediata.<\/div>\n<\/p><\/div>\n<p> <!-- Card --> <\/p>\n<div style='background: #ffffff; border: 1px solid rgba(230&comma;230&comma;230&comma;0.8); border-radius: 10px; padding: 24px 20px; text-align: center;'>\n<div style='width: 56px; height: 56px; margin: 0 auto 16px; background: #f2f6ff; border-radius: 50%; display: flex; align-items: center; justify-content: center;'> <img style='width: 60px; height: 60px;' src='https:\/\/cdn-icons-gif.flaticon.com\/19009\/19009399.gif' alt='Icono Almacenamiento'> <\/div>\n<div style='font-size: 16px; font-weight: 600; color: inherit; margin-bottom: 8px;'>Almacenamiento<\/div>\n<div style='font-size: 14px; line-height: 1.6; color: inherit; opacity: 0.8;'>Soporta disco duro de 10 TB (no incluido)<\/div>\n<\/p><\/div>\n<p> <!-- Card --> <\/p>\n<div style='background: #ffffff; border: 1px solid rgba(230&comma;230&comma;230&comma;0.8); border-radius: 10px; padding: 24px 20px; text-align: center;'>\n<div style='width: 56px; height: 56px; margin: 0 auto 16px; background: #f2f6ff; border-radius: 50%; display: flex; align-items: center; justify-content: center;'> <img style='width: 60px; height: 60px;' src='https:\/\/cdn-icons-gif.flaticon.com\/19028\/19028330.gif' alt='Icono Compatibilidad'> <\/div>\n<div style='font-size: 16px; font-weight: 600; color: inherit; margin-bottom: 8px;'>Compatibilidad avanzada<\/div>\n<div style='font-size: 14px; line-height: 1.6; color: inherit; opacity: 0.8;'>Soporta tecnologias AHD\/CVI\/TVI\/CVBS e IP<\/div>\n<\/p><\/div>\n<\/p><\/div>\n<p> <!-- Videos --> <\/p>\n<div style='margin: 40px 0;'>\n<div style='display: flex; flex-wrap: wrap; gap: 20px; justify-content: center;'> <!-- Video 1 --> <\/p>\n<div style='flex: 1 1 280px; max-width: 320px;'>\n<div style='position: relative; padding-bottom: 56.25%; height: 0; overflow: hidden; border-radius: 12px;'>   <\/div>\n<\/p><\/div>\n<p> <!-- Video 2 --> <\/p>\n<div style='flex: 1 1 280px; max-width: 320px;'>\n<div style='position: relative; padding-bottom: 56.25%; height: 0; overflow: hidden; border-radius: 12px;'>   <\/div>\n<\/p><\/div>\n<p> <!-- Video 3 --> <\/p>\n<div style='flex: 1 1 280px; max-width: 320px;'>\n<div style='position: relative; padding-bottom: 56.25%; height: 0; overflow: hidden; border-radius: 12px;'>   <\/div>\n<\/p><\/div>\n<p> <!-- Video 4 --> <\/p>\n<div style='flex: 1 1 280px; max-width: 320px;'>\n<div style='position: relative; padding-bottom: 56.25%; height: 0; overflow: hidden; border-radius: 12px;'>   <\/div>\n<\/p><\/div>\n<\/p><\/div>\n<\/p><\/div>\n<p> <!-- Caracter\u00edsticas principales --> <\/p>\n<div style='margin: 40px 0;'>\n<div style='display: flex; flex-wrap: wrap; gap: 30px;'>\n<div style='flex: 1 1 400px; min-width: 300px;'>\n<div style='border: 1px solid rgba(150&comma;150&comma;150&comma;0.4); border-radius: 8px; overflow: hidden; margin-bottom: 20px;'>\n<div style='padding: 15px; border-bottom: 1px solid rgba(150&comma;150&comma;150&comma;0.2); font-weight: bold; font-size: 18px; color: inherit; background-color: #df001e; color: white; border-bottom: 1px solid #a80000; padding: 12px 15px;'>Caracter\u00edsticas Principales:<\/div>\n<div style='padding: 15px; color: inherit;'>\n<ul style='padding-left: 20px; margin: 0; font-size: 14px; list-style-type: disc;'>\n<li style='margin-bottom: 8px;'><strong>Cantidad de canales:<\/strong> 8 Canales TurboHD + 4 Canales IP<\/li>\n<li style='margin-bottom: 8px;'><strong>Resoluci\u00f3n m\u00e1xima soportada en TurboHD:<\/strong> 3K lite \/ 5MP<\/li>\n<li style='margin-bottom: 8px;'><strong>Compresi\u00f3n de video:<\/strong> H.265+ \/ H.265 \/ H.264<\/li>\n<li style='margin-bottom: 8px;'><strong>Capacidad de almacenamiento:<\/strong> 1 HDD de hasta 10 TB (no incluido)<\/li>\n<li style='margin-bottom: 8px;'><strong>Entradas y salidas de video:<\/strong> Simultaneas HDMI\/VGA 1920 X 1080\/60Hz<\/li>\n<li style='margin-bottom: 8px;'><strong>Acceso remoto P2P:<\/strong> HikConnect \/ HikConnect Teams.<\/li>\n<li style='margin-bottom: 8px;'><strong>Entradas y salidas de audio y de alarmas:<\/strong>\n<ul style='padding-left: 20px; margin: 8px 0;'>\n<li style='margin-bottom: 4px;'><strong>Alarmas:<\/strong> No soportado<\/li>\n<li style='margin-bottom: 4px;'><strong>Audio:<\/strong> Audio por Coaxitron y Audio Bidireccional en todos los canales \/ 1 Canal fisico<\/li>\n<\/ul>\n<\/li>\n<li style='margin-bottom: 8px;'><strong>Inteligencia Artificial AcuSense:<\/strong> Cruce de linea \/ entrada de area \/ movimiento con filtro de humanos y vehiculos.<\/li>\n<\/ul><\/div>\n<\/p><\/div>\n<\/p><\/div>\n<p> <!-- Resoluci\u00f3n y Caracter\u00edsticas F\u00edsicas --> <\/p>\n<div style='flex: 1 1 400px; min-width: 300px;'>\n<div style='border: 1px solid rgba(150&comma;150&comma;150&comma;0.4); border-radius: 8px; overflow: hidden; margin-bottom: 20px;'>\n<div style='padding: 15px; border-bottom: 1px solid rgba(150&comma;150&comma;150&comma;0.2); font-weight: bold; font-size: 18px; color: inherit; background-color: #df001e; color: white; border-bottom: 1px solid #a80000; padding: 12px 15px;'>Resoluci\u00f3n:<\/div>\n<div style='padding: 15px; color: inherit;'>\n<ul style='padding-left: 20px; margin: 0; font-size: 14px; list-style-type: disc;'>\n<li style='margin-bottom: 8px;'><strong>TVI (TURBOHD):<\/strong> 3K \/ 5 MP \/ 4 MP \/ 2 MP.<\/li>\n<li style='margin-bottom: 8px;'><strong>CVI:<\/strong> 5 MP \/ 4 MP \/ 2 MP.<\/li>\n<li style='margin-bottom: 8px;'><strong>AHD:<\/strong> 5 MP \/ 4 MP \/ 2 MP.<\/li>\n<li style='margin-bottom: 8px;'><strong>CVBS (anal\u00f3gico):<\/strong> 1200 TVL.<\/li>\n<li style='margin-bottom: 8px;'><strong>IP:<\/strong> 6 MP \/ 5 MP\/ 4 MP \/ 2 MP<\/li>\n<\/ul><\/div>\n<\/p><\/div>\n<div style='border: 1px solid rgba(150&comma;150&comma;150&comma;0.4); border-radius: 8px; overflow: hidden; margin-bottom: 20px;'>\n<div style='padding: 15px; border-bottom: 1px solid rgba(150&comma;150&comma;150&comma;0.2); font-weight: bold; font-size: 18px; color: inherit; background-color: #df001e; color: white; border-bottom: 1px solid #a80000; padding: 12px 15px;'>Caracter\u00edsticas F\u00edsicas y El\u00e9ctricas:<\/div>\n<div style='padding: 15px; color: inherit;'>\n<ul style='padding-left: 20px; margin: 0; font-size: 14px; list-style-type: disc;'>\n<li style='margin-bottom: 8px;'><strong>Alimentaci\u00f3n:<\/strong> 12 Vcc (fuente incluida).<\/li>\n<li style='margin-bottom: 8px;'><strong>Consumo sin HDD:<\/strong> 18 watts.<\/li>\n<li style='margin-bottom: 8px;'><strong>Temperatura de operaci\u00f3n:<\/strong> -10 \u00baC hasta 55 \u00baC.<\/li>\n<li style='margin-bottom: 8px;'><strong>Dimensiones:<\/strong> 315 x 242 x 45 mm (W \u00d7 D \u00d7 H)<\/li>\n<li style='margin-bottom: 8px;'><strong>Peso:<\/strong> 1.78 Kg sin HDD.<\/li>\n<\/ul><\/div>\n<\/p><\/div>\n<\/p><\/div>\n<\/p><\/div>\n<\/p><\/div>\n<p> <!-- Caracter\u00edsticas Destacadas --> <\/p>\n<div style='margin: 40px 0;'>\n<div style='border: 1px solid rgba(150&comma;150&comma;150&comma;0.4); border-radius: 8px; overflow: hidden;'>\n<div style='padding: 15px; border-bottom: 1px solid rgba(150&comma;150&comma;150&comma;0.2); font-weight: bold; font-size: 18px; color: inherit; background-color: #df001e; color: white; border-bottom: 1px solid #a80000; padding: 12px 15px;'>Caracter\u00edsticas Destacadas:<\/div>\n<div style='padding: 15px; color: inherit;'>\n<ul style='padding-left: 20px; margin: 0; font-size: 14px; list-style-type: disc;'>\n<li style='margin-bottom: 12px;'>Soporta audio de dos vias por coaxitron (UTP o coaxial). Compatible con modelo de c\u00e1maras TURBOHD que soporten audio de dos v\u00edas. Podemos tener una comunicaci\u00f3n desde la App Hik-Connect bidireccional hacia la c\u00e1mara.<\/li>\n<li style='margin-bottom: 12px;'>Soporta 2 canales con tecnologia ACUSENSE&comma; permite filtrar por analitica de cruce de linea o intrusion de area humanos o vehiculos para activar un evento o grabaci\u00f3n&comma; esto nos permite descartar falsas alarmas (grabaciones) cuando exista un movimiento de hojas o movimiento de algun animal&comma; vuelve mas eficiente la grabaci\u00f3n cuando realmente si sea necesario.<\/li>\n<li style='margin-bottom: 12px;'>Soporta en todos los canales con tecnolog\u00eda ACUSENSE Lite&comma; permite filtrar por detecci\u00f3n de movimiento humanos o vehiculos para activar un evento o grabaci\u00f3n&comma; esto nos permite descartar falsas alarmas (grabaciones) cuando exista un movimiento de hojas o movimiento de algun animal&comma; vuelve mas eficiente la grabaci\u00f3n cuando realmente si sea necesario.<\/li>\n<li style='margin-bottom: 12px;'>Soporta apagar canales TURBOHD y poder conventir el DVR en un equipo NVR completo&comma; por cada canal TURBOHD que se apague se puede generar un canal IP adicional. Podemos tener hasta 6 canales IP en total.<\/li>\n<\/ul><\/div>\n<\/p><\/div>\n<\/p><\/div>\n<p> <!-- Tabla comparativa --> <\/p>\n<div style='margin: 40px 0;'>\n<h3 style='color: #df001e; font-size: 24px; font-weight: bold; margin-bottom: 20px; text-align: center; color: #000000; font-family: sans-serif;'>Comparativo 3K Lite vs 3K Est\u00e1ndar<\/h3>\n<div style='overflow-x: auto;'>\n<table style='width: 100%; border-collapse: collapse; border: 2px solid #df001e;'>\n<thead>\n<tr>\n<th style='width: 33%; text-align: center; border: 1px solid #df001e; padding: 8px; background-color: #df001e; color: white;'>Caracter\u00edstica<\/th>\n<th style='width: 33%; text-align: center; border: 1px solid #df001e; padding: 8px; background-color: #df001e; color: white;'>3K Lite (2.5MP)<\/th>\n<th style='width: 33%; text-align: center; border: 1px solid #df001e; padding: 8px; background-color: #df001e; color: white;'>3K Est\u00e1ndar (5MP)<\/th>\n<\/tr>\n<\/thead>\n<tbody>\n<tr>\n<th style='text-align: center; border: 1px solid #df001e; padding: 8px; color: #000000; background-color: white;'>Resoluci\u00f3n<\/th>\n<td style='text-align: center; border: 1px solid #df001e; padding: 8px; color: #000000;'>2560\u00d71440<\/td>\n<td style='text-align: center; border: 1px solid #df001e; padding: 8px; color: #000000;'>2880\u00d71620<\/td>\n<\/tr>\n<tr>\n<th style='text-align: center; border: 1px solid #df001e; padding: 8px; color: #000000; background-color: white;'>Almacenamiento<\/th>\n<td style='text-align: center; border: 1px solid #df001e; padding: 8px; color: #000000;'>Optimizado (+30% duraci\u00f3n)<\/td>\n<td style='text-align: center; border: 1px solid #df001e; padding: 8px; color: #000000;'>Mayor espacio requerido<\/td>\n<\/tr>\n<tr>\n<th style='text-align: center; border: 1px solid #df001e; padding: 8px; color: #000000; background-color: white;'>Uso recomendado<\/th>\n<td style='text-align: center; border: 1px solid #df001e; padding: 8px; color: #000000;'>\u00c1reas medianas\/Interiores<\/td>\n<td style='text-align: center; border: 1px solid #df001e; padding: 8px; color: #000000;'>\u00c1reas extensas\/Exteriores<\/td>\n<\/tr>\n<\/tbody>\n<\/table><\/div>\n<\/p><\/div>\n<p> <!-- Imagen final --> <\/p>\n<div style='margin: 40px 0;'> <img style='width: 100%; height: auto; border: 1px solid rgba(150&comma;150&comma;150&comma;0.3); border-radius: 8px;' src='https:\/\/ftp3.syscom.mx\/usuarios\/jsosa\/HIKVISION\/imagenes\/banners\/solution%20complete.png' alt='Soluci\u00f3n completa'> <\/div>\n<\/p><\/div>\n","protected":false},"excerpt":{"rendered":"<p>DVR 8 Canales TURBOHD + 4 Canales IP \/ 5 Megapixel Lite &#8211; 3K Lite \/ Audio Bidireccional \/ACUSENSE (Evista falsas alarmas) \/ 1 Bah\u00eda de Disco Duro \/ Salida de Video en Full HD<\/p>\n","protected":false},"featured_media":100724,"comment_status":"open","ping_status":"closed","template":"","meta":[],"product_brand":[],"product_cat":[2254],"product_tag":[2255,54,2256],"class_list":{"0":"post-100725","1":"product","2":"type-product","3":"status-publish","4":"has-post-thumbnail","6":"product_cat-videograbadoras-analogicas-turbohd-tvi-ahd-cvi","7":"product_tag-camaras-y-dvrs-hd-turbohd-ahd-hd-tvi","8":"product_tag-hikvision","9":"product_tag-videograbadoras-analogicas-turbohd-tvi-ahd-cvi","11":"first","12":"instock","13":"sale","14":"shipping-taxable","15":"purchasable","16":"product-type-simple"},"_links":{"self":[{"href":"https:\/\/soydeaqui.ddns.net\/pachuca\/index.php\/wp-json\/wp\/v2\/product\/100725","targetHints":{"allow":["GET"]}}],"collection":[{"href":"https:\/\/soydeaqui.ddns.net\/pachuca\/index.php\/wp-json\/wp\/v2\/product"}],"about":[{"href":"https:\/\/soydeaqui.ddns.net\/pachuca\/index.php\/wp-json\/wp\/v2\/types\/product"}],"replies":[{"embeddable":true,"href":"https:\/\/soydeaqui.ddns.net\/pachuca\/index.php\/wp-json\/wp\/v2\/comments?post=100725"}],"wp:featuredmedia":[{"embeddable":true,"href":"https:\/\/soydeaqui.ddns.net\/pachuca\/index.php\/wp-json\/wp\/v2\/media\/100724"}],"wp:attachment":[{"href":"https:\/\/soydeaqui.ddns.net\/pachuca\/index.php\/wp-json\/wp\/v2\/media?parent=100725"}],"wp:term":[{"taxonomy":"product_brand","embeddable":true,"href":"https:\/\/soydeaqui.ddns.net\/pachuca\/index.php\/wp-json\/wp\/v2\/product_brand?post=100725"},{"taxonomy":"product_cat","embeddable":true,"href":"https:\/\/soydeaqui.ddns.net\/pachuca\/index.php\/wp-json\/wp\/v2\/product_cat?post=100725"},{"taxonomy":"product_tag","embeddable":true,"href":"https:\/\/soydeaqui.ddns.net\/pachuca\/index.php\/wp-json\/wp\/v2\/product_tag?post=100725"}],"curies":[{"name":"wp","href":"https:\/\/api.w.org\/{rel}","templated":true}]}}