{"id":100704,"date":"2026-03-20T11:26:46","date_gmt":"2026-03-20T11:26:46","guid":{"rendered":"https:\/\/soydeaqui.ddns.net\/pachuca\/index.php\/producto\/protector-de-rejilla-antivandalismo-golpes-para-sensor-de-humo-haz-reflejado-beam1224-system-sensor\/"},"modified":"2026-03-20T11:26:51","modified_gmt":"2026-03-20T11:26:51","slug":"protector-de-rejilla-antivandalismo-golpes-para-sensor-de-humo-haz-reflejado-beam1224-system-sensor","status":"publish","type":"product","link":"https:\/\/soydeaqui.ddns.net\/pachuca\/index.php\/producto\/protector-de-rejilla-antivandalismo-golpes-para-sensor-de-humo-haz-reflejado-beam1224-system-sensor\/","title":{"rendered":"Protector De Rejilla Antivand\u00e1lismo\/Golpes Para Sensor De Humo Haz Reflejado BEAM1224 System Sensor"},"content":{"rendered":"<div style='width: 100%; max-width: 1200px; margin: 0 auto; font-family: sans-serif; line-height: 1.6; color: inherit;'> <!-- Secci\u00f3n de overview --> <\/p>\n<div style='margin-bottom: 30px;'>\n<p style='font-size: 18px; line-height: 1.6; margin-bottom: 15px;'>El protector Beam Smoke Damage Stopper est\u00e1 dise\u00f1ado para proteger las unidades de sensor vitales de los detectores de humo de tipo haz proyectado en grandes \u00e1reas como gimnasios&comma; almacenes y auditorios. Asegura que estos detectores est\u00e9n a salvo de da\u00f1arse o alinearse incorrectamente.<\/p>\n<\/p><\/div>\n<p> <!-- Secci\u00f3n de caracter\u00edsticas principales --> <\/p>\n<div style='margin-bottom: 30px;'>\n<h3 style='font-size: 22px; border-bottom: 2px solid currentColor; padding-bottom: 5px; margin-top: 0; margin-bottom: 15px; color: inherit; opacity: 0.8;'>Caracter\u00edsticas Principales<\/h3>\n<ul style='padding-left: 20px; font-size: 15px; color: inherit;'>\n<li style='margin-bottom: 8px;'>Ayuda a proteger contra vandalismo y da\u00f1os al equipo electronico.<\/li>\n<li style='margin-bottom: 8px;'>Ayuda a prevenir la desalineaci\u00f3n y las falsas alarmas en detectores de humo tipo haz.<\/li>\n<li style='margin-bottom: 8px;'>Acero revestido de calibre 9.<\/li>\n<li style='margin-bottom: 8px;'>Montaje empotrado.<\/li>\n<li style='margin-bottom: 8px;'>Dise\u00f1ado para proteger tanto el transmisor como el receptor.<\/li>\n<li style='margin-bottom: 8px;'>Instalaci\u00f3n r\u00e1pida y sencilla.<\/li>\n<li style='margin-bottom: 8px;'>Abrazaderas y herrajes de montaje incluidos.<\/li>\n<li style='margin-bottom: 8px;'>Dimensiones: 27&comma;4 cm de alto x 23&comma;5 cm de ancho x 5 cm de profundidad.<\/li>\n<\/ul><\/div>\n<p> <!-- Secci\u00f3n de detalles t\u00e9cnicos --> <\/p>\n<div style='margin-bottom: 30px;'>\n<h3 style='font-size: 22px; border-bottom: 2px solid currentColor; padding-bottom: 5px; margin-top: 0; margin-bottom: 15px; color: inherit; opacity: 0.8;'>Detalles T\u00e9cnicos<\/h3>\n<div style='display: flex; flex-wrap: wrap; gap: 20px;'>\n<div style='flex: 1 1 250px; border: 1px solid rgba(150&comma; 150&comma; 150&comma; 0.4); border-radius: 8px; overflow: hidden; display: flex; flex-direction: column;'>\n<div style='padding: 15px; border-bottom: 1px solid rgba(150&comma; 150&comma; 150&comma; 0.2); font-weight: bold; font-size: 18px; color: inherit;'>Especificaciones<\/div>\n<div style='padding: 15px; color: inherit;'>\n<ul style='padding-left: 20px; margin: 0; font-size: 14px; list-style-type: disc;'>\n<li style='margin-bottom: 5px;'>Construcci\u00f3n de alambre de acero soldado de 9-calibre.<\/li>\n<li style='margin-bottom: 5px;'>Recubrimiento de poli\u00e9ster resistente a la corrosi\u00f3n.<\/li>\n<li style='margin-bottom: 5px;'>Dimensiones del modelo STI-9706: 10.82 in. (275 mm) de alto&comma; 9.32 in. (237 mm) de ancho&comma; 4 in. (120 mm) de profundidad.<\/li>\n<\/ul><\/div>\n<\/p><\/div>\n<div style='flex: 1 1 250px; border: 1px solid rgba(150&comma; 150&comma; 150&comma; 0.4); border-radius: 8px; overflow: hidden; display: flex; flex-direction: column;'>\n<div style='padding: 15px; border-bottom: 1px solid rgba(150&comma; 150&comma; 150&comma; 0.2); font-weight: bold; font-size: 18px; color: inherit;'>Interfaces y Conectividad<\/div>\n<div style='padding: 15px; color: inherit;'>\n<ul style='padding-left: 20px; margin: 0; font-size: 14px; list-style-type: disc;'>\n<li style='margin-bottom: 5px;'>Compatible con detectores de humo de tipo haz proyectado.<\/li>\n<li style='margin-bottom: 5px;'>Apto para instalaciones verticales u horizontales.<\/li>\n<\/ul><\/div>\n<\/p><\/div>\n<\/p><\/div>\n<\/p><\/div>\n<p> <!-- Secci\u00f3n de aplicaciones --> <\/p>\n<div style='margin-bottom: 30px;'>\n<h3 style='font-size: 22px; border-bottom: 2px solid currentColor; padding-bottom: 5px; margin-top: 0; margin-bottom: 15px; color: inherit; opacity: 0.8;'>Aplicaciones y Casos de Uso<\/h3>\n<div style='display: flex; flex-wrap: wrap; gap: 20px;'>\n<div style='flex: 1 1 250px; padding: 15px; border: 1px solid rgba(150&comma; 150&comma; 150&comma; 0.3); border-radius: 6px;'>Protecci\u00f3n de detectores de humo en grandes \u00e1reas industriales.<\/div>\n<div style='flex: 1 1 250px; padding: 15px; border: 1px solid rgba(150&comma; 150&comma; 150&comma; 0.3); border-radius: 6px;'>Instalaci\u00f3n en gimnasios&comma; auditorios y almacenes.<\/div>\n<div style='flex: 1 1 250px; padding: 15px; border: 1px solid rgba(150&comma; 150&comma; 150&comma; 0.3); border-radius: 6px;'>Eficiente para ambientes controlados donde se requiera protecci\u00f3n de transmisores y receptores.<\/div>\n<\/p><\/div>\n<\/p><\/div>\n<p> <!-- Separador final --> <\/p>\n<hr style='border: 0; border-top: 1px solid rgba(150&comma; 150&comma; 150&comma; 0.3); margin: 30px 0;'> <\/div>\n","protected":false},"excerpt":{"rendered":"<p>Protector De Rejilla Antivand\u00e1lismo\/Golpes Para Sensor De Humo Haz Reflejado BEAM1224 System Sensor<\/p>\n","protected":false},"featured_media":100703,"comment_status":"open","ping_status":"closed","template":"","meta":[],"product_brand":[],"product_cat":[416],"product_tag":[417,418,169],"class_list":{"0":"post-100704","1":"product","2":"type-product","3":"status-publish","4":"has-post-thumbnail","6":"product_cat-montajes-y-brackets-para-camaras","7":"product_tag-accesorios-generales","8":"product_tag-montajes-y-brackets-para-camaras","9":"product_tag-sti","11":"first","12":"outofstock","13":"sale","14":"shipping-taxable","15":"purchasable","16":"product-type-simple"},"_links":{"self":[{"href":"https:\/\/soydeaqui.ddns.net\/pachuca\/index.php\/wp-json\/wp\/v2\/product\/100704","targetHints":{"allow":["GET"]}}],"collection":[{"href":"https:\/\/soydeaqui.ddns.net\/pachuca\/index.php\/wp-json\/wp\/v2\/product"}],"about":[{"href":"https:\/\/soydeaqui.ddns.net\/pachuca\/index.php\/wp-json\/wp\/v2\/types\/product"}],"replies":[{"embeddable":true,"href":"https:\/\/soydeaqui.ddns.net\/pachuca\/index.php\/wp-json\/wp\/v2\/comments?post=100704"}],"wp:featuredmedia":[{"embeddable":true,"href":"https:\/\/soydeaqui.ddns.net\/pachuca\/index.php\/wp-json\/wp\/v2\/media\/100703"}],"wp:attachment":[{"href":"https:\/\/soydeaqui.ddns.net\/pachuca\/index.php\/wp-json\/wp\/v2\/media?parent=100704"}],"wp:term":[{"taxonomy":"product_brand","embeddable":true,"href":"https:\/\/soydeaqui.ddns.net\/pachuca\/index.php\/wp-json\/wp\/v2\/product_brand?post=100704"},{"taxonomy":"product_cat","embeddable":true,"href":"https:\/\/soydeaqui.ddns.net\/pachuca\/index.php\/wp-json\/wp\/v2\/product_cat?post=100704"},{"taxonomy":"product_tag","embeddable":true,"href":"https:\/\/soydeaqui.ddns.net\/pachuca\/index.php\/wp-json\/wp\/v2\/product_tag?post=100704"}],"curies":[{"name":"wp","href":"https:\/\/api.w.org\/{rel}","templated":true}]}}