{"id":100702,"date":"2026-03-20T11:26:42","date_gmt":"2026-03-20T11:26:42","guid":{"rendered":"https:\/\/soydeaqui.ddns.net\/pachuca\/index.php\/producto\/soporte-de-montaje-poste-acero-inoxidable-diametro-67-127-mm-compatibilidad-con-ds-tcg406-e\/"},"modified":"2026-03-20T11:26:43","modified_gmt":"2026-03-20T11:26:43","slug":"soporte-de-montaje-poste-acero-inoxidable-diametro-67-127-mm-compatibilidad-con-ds-tcg406-e","status":"publish","type":"product","link":"https:\/\/soydeaqui.ddns.net\/pachuca\/index.php\/producto\/soporte-de-montaje-poste-acero-inoxidable-diametro-67-127-mm-compatibilidad-con-ds-tcg406-e\/","title":{"rendered":"Soporte de Montaje Poste \/ Acero Inoxidable \/ Di\u00e1metro 67-127 mm\/ Compatibilidad con DS-TCG406-E"},"content":{"rendered":"<div style='width: 100%; max-width: 1200px; margin: 0 auto; font-family: sans-serif; line-height: 1.6; color: inherit; background-color: transparent;'>\n<p style='text-align: center; margin: 20px 0;'><img style='width: 100%; max-width: 400px; height: auto; border: 1px solid rgba(150&comma;150&comma;150&comma;0.3); border-radius: 8px;' src='https:\/\/ftp3.syscom.mx\/usuarios\/jsosa\/HIKVISION\/imagenes\/logo\/hikvision%20see%20far.png' alt='Logo Hikvision'><\/p>\n<div style='display: flex; flex-wrap: wrap; gap: 30px; margin-bottom: 30px;'>\n<div style='flex: 1 1 300px; min-width: 280px;'>\n<h3 style='font-size: 22px; border-bottom: 2px solid currentColor; padding-bottom: 5px; margin-top: 0; color: inherit; opacity: 0.8;'>Caracter\u00edsticas Principales:<\/h3>\n<ul style='padding-left: 20px; font-size: 15px; color: inherit;'>\n<li style='margin-bottom: 5px;'>Di\u00e1metro ajustable de 67 mm a 127 mm<\/li>\n<li style='margin-bottom: 5px;'>Fabricada en acero inoxidable SUS304 para una alta resistencia<\/li>\n<li style='margin-bottom: 5px;'>Acabado en color platino<\/li>\n<\/ul><\/div>\n<div style='flex: 1 1 300px; min-width: 280px;'>\n<h3 style='font-size: 22px; border-bottom: 2px solid currentColor; padding-bottom: 5px; margin-top: 0; color: inherit; opacity: 0.8;'>Detalles T\u00e9cnicos:<\/h3>\n<ul style='padding-left: 20px; font-size: 15px; color: inherit;'>\n<li style='margin-bottom: 5px;'>Dimensiones sin empaque: 250 \u00d7 127 \u00d7 167.6 mm (9.84 \u00d7 5 \u00d7 6.6 pulgadas)<\/li>\n<li style='margin-bottom: 5px;'>Dimensiones con empaque: 260 \u00d7 140 \u00d7 90 mm (10.236 \u00d7 5.512 \u00d7 3.543 pulgadas)<\/li>\n<li style='margin-bottom: 5px;'>Peso sin empaque: 1.205 kg (2.66 lb)<\/li>\n<li style='margin-bottom: 5px;'>Peso con empaque: 1.5 kg (3.31 lb)<\/li>\n<li style='margin-bottom: 5px;'>Agujeros de montaje: 4-M8 (0.32 pulgadas)&comma; 4-M4 (0.16 pulgadas)<\/li>\n<\/ul><\/div>\n<\/p><\/div>\n<div style='display: flex; flex-wrap: wrap; gap: 20px; margin-bottom: 30px;'>\n<div style='flex: 1 1 250px; border: 1px solid rgba(150&comma; 150&comma; 150&comma; 0.4); border-radius: 8px; overflow: hidden; display: flex; flex-direction: column;'>\n<div style='padding: 15px; border-bottom: 1px solid rgba(150&comma; 150&comma; 150&comma; 0.2); font-weight: bold; font-size: 18px; color: inherit;'>Compatibilidad:<\/div>\n<div style='padding: 15px; color: inherit;'>\n<ul style='padding-left: 20px; margin: 0; font-size: 14px; list-style-type: disc;'>\n<li style='margin-bottom: 5px;'>\n<pre style='background-color: rgba(240&comma;240&comma;240&comma;0.8); padding: 15px; border-radius: 6px; overflow-x: auto; font-family: monospace; font-size: 14px; color: #1d4e8f; white-space: pre-wrap; word-wrap: break-word; border: 1px solid rgba(150&comma;150&comma;150&comma;0.2);'>DS-TCG406-E<\/pre>\n<\/li>\n<\/ul><\/div>\n<\/p><\/div>\n<\/p><\/div>\n<p style='margin: 20px 0 0;'><img style='width: 100%; height: auto; border: 1px solid rgba(150&comma;150&comma;150&comma;0.3); border-radius: 8px;' src='https:\/\/ftp3.syscom.mx\/usuarios\/jsosa\/HIKVISION\/imagenes\/banners\/solution%20complete.png' alt='Banner final'><\/p>\n<\/p><\/div>\n","protected":false},"excerpt":{"rendered":"<p>Soporte de Montaje Poste \/ Acero Inoxidable \/ Di\u00e1metro 67-127 mm\/ Compatibilidad con DS-TCG406-E<\/p>\n","protected":false},"featured_media":100701,"comment_status":"open","ping_status":"closed","template":"","meta":[],"product_brand":[],"product_cat":[416],"product_tag":[417,54,418],"class_list":{"0":"post-100702","1":"product","2":"type-product","3":"status-publish","4":"has-post-thumbnail","6":"product_cat-montajes-y-brackets-para-camaras","7":"product_tag-accesorios-generales","8":"product_tag-hikvision","9":"product_tag-montajes-y-brackets-para-camaras","11":"first","12":"instock","13":"sale","14":"shipping-taxable","15":"purchasable","16":"product-type-simple"},"_links":{"self":[{"href":"https:\/\/soydeaqui.ddns.net\/pachuca\/index.php\/wp-json\/wp\/v2\/product\/100702","targetHints":{"allow":["GET"]}}],"collection":[{"href":"https:\/\/soydeaqui.ddns.net\/pachuca\/index.php\/wp-json\/wp\/v2\/product"}],"about":[{"href":"https:\/\/soydeaqui.ddns.net\/pachuca\/index.php\/wp-json\/wp\/v2\/types\/product"}],"replies":[{"embeddable":true,"href":"https:\/\/soydeaqui.ddns.net\/pachuca\/index.php\/wp-json\/wp\/v2\/comments?post=100702"}],"wp:featuredmedia":[{"embeddable":true,"href":"https:\/\/soydeaqui.ddns.net\/pachuca\/index.php\/wp-json\/wp\/v2\/media\/100701"}],"wp:attachment":[{"href":"https:\/\/soydeaqui.ddns.net\/pachuca\/index.php\/wp-json\/wp\/v2\/media?parent=100702"}],"wp:term":[{"taxonomy":"product_brand","embeddable":true,"href":"https:\/\/soydeaqui.ddns.net\/pachuca\/index.php\/wp-json\/wp\/v2\/product_brand?post=100702"},{"taxonomy":"product_cat","embeddable":true,"href":"https:\/\/soydeaqui.ddns.net\/pachuca\/index.php\/wp-json\/wp\/v2\/product_cat?post=100702"},{"taxonomy":"product_tag","embeddable":true,"href":"https:\/\/soydeaqui.ddns.net\/pachuca\/index.php\/wp-json\/wp\/v2\/product_tag?post=100702"}],"curies":[{"name":"wp","href":"https:\/\/api.w.org\/{rel}","templated":true}]}}