{"id":100682,"date":"2026-03-20T11:25:45","date_gmt":"2026-03-20T11:25:45","guid":{"rendered":"https:\/\/soydeaqui.ddns.net\/pachuca\/index.php\/producto\/turret-ip-4-megapixel-lente-4-mm-dual-light-40-mts-ir-40-mts-luz-blanca-darkfighter-s-microfono-integrado-exterior-ip67-wdr-130-db-4-analiticos-acusense-deteccion-facial-conteo-d\/"},"modified":"2026-03-20T11:25:53","modified_gmt":"2026-03-20T11:25:53","slug":"turret-ip-4-megapixel-lente-4-mm-dual-light-40-mts-ir-40-mts-luz-blanca-darkfighter-s-microfono-integrado-exterior-ip67-wdr-130-db-4-analiticos-acusense-deteccion-facial-conteo-d","status":"publish","type":"product","link":"https:\/\/soydeaqui.ddns.net\/pachuca\/index.php\/producto\/turret-ip-4-megapixel-lente-4-mm-dual-light-40-mts-ir-40-mts-luz-blanca-darkfighter-s-microfono-integrado-exterior-ip67-wdr-130-db-4-analiticos-acusense-deteccion-facial-conteo-d\/","title":{"rendered":"Turret IP 4 Megapixel \/ Lente 4 mm \/ Dual Light (40 mts IR + 40 mts Luz Blanca \/ DARKFIGHTER S \/ Microfono Integrado \/  Exterior IP67 \/ WDR 130 dB \/  4 Anal\u00edticos: AcuSense, Deteccion Facial, Conteo de Personas por Cruce y Zona"},"content":{"rendered":"<div style='width: 100%; max-width: 1200px; margin: 0 auto; font-family: sans-serif; line-height: 1.6; color: inherit; background-color: transparent;'>\n<div style='display: flex; flex-direction: column; gap: 30px;'> <!-- Imagenes principales --> <\/p>\n<div style='display: flex; flex-wrap: wrap; gap: 30px;'>\n<div style='flex: 1 1 300px; min-width: 280px;'> <img style='width: 100%; height: auto; border: 1px solid rgba(150&comma;150&comma;150&comma;0.3); border-radius: 8px;' src='https:\/\/ftp3.syscom.mx\/usuarios\/ftp\/single_page\/HIKVISION\/DARKFIGHTER.png' alt='Darkfighter Technology'> <\/div>\n<div style='flex: 1 1 300px; min-width: 280px;'> <img style='width: 100%; height: auto; border: 1px solid rgba(150&comma;150&comma;150&comma;0.3); border-radius: 8px;' src='https:\/\/ftp3.syscom.mx\/usuarios\/ftp\/single_page\/HIKVISION\/ICONOS-HEOP-2.png' alt='HEOP Icons'> <\/div>\n<\/p><\/div>\n<p> <!-- Especificaciones --> <\/p>\n<div style='text-align: center;'>\n<h2 style='font-size: 24px; color: inherit; opacity: 0.8; margin: 0;'>Especificaciones<\/h2>\n<\/p><\/div>\n<p> <!-- Secciones de especificaciones --> <\/p>\n<div style='display: flex; flex-wrap: wrap; gap: 20px;'> <!-- Columna 1 --> <\/p>\n<div style='flex: 1 1 300px; min-width: 280px;'>\n<div style='border: 1px solid rgba(150&comma; 150&comma; 150&comma; 0.4); border-radius: 8px; overflow: hidden; display: flex; flex-direction: column;'>\n<div style='padding: 15px; border-bottom: 1px solid rgba(150&comma; 150&comma; 150&comma; 0.2); font-weight: bold; font-size: 18px; background-color: rgba(223&comma; 0&comma; 30&comma; 0.9); color: white;'>Caracter\u00edsticas Principales:<\/div>\n<div style='padding: 15px; color: inherit;'>\n<ul style='padding-left: 20px; margin: 0; font-size: 14px; list-style-type: disc;'>\n<li style='margin-bottom: 5px;'>Resoluci\u00f3n m\u00e1xima: 4 Megapixel (2688 \u00d7 1520).<\/li>\n<li style='margin-bottom: 5px;'>Lente fijo: 4 mm (\u00e1ngulo de apertura 81.1\u00b0).<\/li>\n<li style='margin-bottom: 5px;'>40 m IR.<\/li>\n<li style='margin-bottom: 5px;'>40 m Luz Blanca (tecnolog\u00eda ColorVu).<\/li>\n<li style='margin-bottom: 5px;'>Compresi\u00f3n: H.265 \/ H.264 \/ H.264+ \/ H.265+.<\/li>\n<li style='margin-bottom: 5px;'>BLC&comma; HLC&comma; 3D DNR&comma; Defog&comma; WDR 130 dB.<\/li>\n<li style='margin-bottom: 5px;'>Compatible con plataforma Hik-Connect P2P <a href='https:\/\/appstore.hikvision.com\/' style='color: inherit; text-decoration: underline; opacity: 0.8;'>https:\/\/appstore.hikvision.com\/<\/a><\/li>\n<\/ul><\/div>\n<\/p><\/div>\n<div style='border: 1px solid rgba(150&comma; 150&comma; 150&comma; 0.4); border-radius: 8px; overflow: hidden; display: flex; flex-direction: column; margin-top: 20px;'>\n<div style='padding: 15px; border-bottom: 1px solid rgba(150&comma; 150&comma; 150&comma; 0.2); font-weight: bold; font-size: 18px; background-color: rgba(223&comma; 0&comma; 30&comma; 0.9); color: white;'>Entradas y Salidas de Audio \/ Alarmas \/ Red:<\/div>\n<div style='padding: 15px; color: inherit;'>\n<ul style='padding-left: 20px; margin: 0; font-size: 14px; list-style-type: disc;'>\n<li style='margin-bottom: 5px;'>Entradas de alarma: 1.<\/li>\n<li style='margin-bottom: 5px;'>Salidas de alarma: 1 (max. 12 VDC&comma; 30 mA).<\/li>\n<li style='margin-bottom: 5px;'>Entradas de audio: 1.<\/li>\n<li style='margin-bottom: 5px;'>Salidas de audio: 1.<\/li>\n<li style='margin-bottom: 5px;'>Micr\u00f3fono integrado.<\/li>\n<li style='margin-bottom: 5px;'>Soporta almacenamiento en microSD \/ SDHC \/ SDXC 512 GB (no incluida).<\/li>\n<li style='margin-bottom: 5px;'>1 puerto de red RJ45 (10 \/ 100 Mbps) \/ PoE (802.3 af).<\/li>\n<li style='margin-bottom: 5px;'><strong>Salida de voltaje: 12 VDC&comma; max. 100 mA<\/strong><\/li>\n<\/ul><\/div>\n<\/p><\/div>\n<\/p><\/div>\n<p> <!-- Columna 2 --> <\/p>\n<div style='flex: 1 1 300px; min-width: 280px;'>\n<div style='border: 1px solid rgba(150&comma; 150&comma; 150&comma; 0.4); border-radius: 8px; overflow: hidden; display: flex; flex-direction: column;'>\n<div style='padding: 15px; border-bottom: 1px solid rgba(150&comma; 150&comma; 150&comma; 0.2); font-weight: bold; font-size: 18px; background-color: rgba(223&comma; 0&comma; 30&comma; 0.9); color: white;'>Caracter\u00edsticas F\u00edsicas y El\u00e9ctricas:<\/div>\n<div style='padding: 15px; color: inherit;'>\n<ul style='padding-left: 20px; margin: 0; font-size: 14px; list-style-type: disc;'>\n<li style='margin-bottom: 5px;'>Temperatura de Operaci\u00f3n: -30\u00b0C a 60\u00b0C.<\/li>\n<li style='margin-bottom: 5px;'>Alimentaci\u00f3n: 12Vcc \/ 8 Watts.<\/li>\n<li style='margin-bottom: 5px;'>Soporta PoE: 802.3af \/ 10 Watts.<\/li>\n<li style='margin-bottom: 5px;'>Protecci\u00f3n: Interior \/ Exterior IP67.<\/li>\n<li style='margin-bottom: 5px;'>Fabricado en material de metal.<\/li>\n<li style='margin-bottom: 5px;'>Dimensiones: 127.3 mm \u00d7 96.3 mm.<\/li>\n<li style='margin-bottom: 5px;'>Peso: 550 gramos.<\/li>\n<\/ul><\/div>\n<\/p><\/div>\n<div style='border: 1px solid rgba(150&comma; 150&comma; 150&comma; 0.4); border-radius: 8px; overflow: hidden; display: flex; flex-direction: column; margin-top: 20px;'>\n<div style='padding: 15px; border-bottom: 1px solid rgba(150&comma; 150&comma; 150&comma; 0.2); font-weight: bold; font-size: 18px; background-color: rgba(223&comma; 0&comma; 30&comma; 0.9); color: white;'>Accesorios Opcionales:<\/div>\n<div style='padding: 15px; color: inherit;'>\n<ul style='padding-left: 20px; margin: 0; font-size: 14px; list-style-type: disc;'>\n<li style='margin-bottom: 5px;'>Montaje de poste vertical&comma; modelo: <a href='https:\/\/www.syscom.mx\/producto\/DS-1275ZJ-SUS-HIKVISION-156172.html' style='color: inherit; text-decoration: underline; opacity: 0.8;'>DS-1275ZJ-SUS<\/a><\/li>\n<li style='margin-bottom: 5px;'>Montaje de esquina&comma; modelo: <a href='https:\/\/www.syscom.mx\/producto\/DS-1276ZJ-SUS-HIKVISION-156173.html' style='color: inherit; text-decoration: underline; opacity: 0.8;'>DS-1276ZJ-SUS<\/a><\/li>\n<li style='margin-bottom: 5px;'>Montaje de techo&comma; modelo: <a href='https:\/\/www.syscom.mx\/producto\/DS-1271ZJ-130-TRL-HIKVISION-166331.html' style='color: inherit; text-decoration: underline; opacity: 0.8;'>DS-1271ZJ-130-TRL<\/a><\/li>\n<li style='margin-bottom: 5px;'>Montaje inclinado para techo&comma; modelo: <a href='https:\/\/www.syscom.mx\/producto\/DS-1281ZJ-M-HIKVISION-84935.html' style='color: inherit; text-decoration: underline; opacity: 0.8;'>DS-1281ZJ-M<\/a><\/li>\n<li style='margin-bottom: 5px;'>Montaje de pared para exterior&comma; modelo: <a href='https:\/\/www.syscom.mx\/producto\/DS-1273ZJ-130TRL-HIKVISION-75317.html' style='color: inherit; text-decoration: underline; opacity: 0.8;'>DS-1273ZJ-130TRL<\/a><\/li>\n<li style='margin-bottom: 5px;'>Caja de conexiones&comma; modelo: <a href='https:\/\/www.syscom.mx\/producto\/DS-1280ZJ-DM8-HIKVISION-192344.html' style='color: inherit; text-decoration: underline; opacity: 0.8;'>DS-1280ZJ-DM8<\/a><\/li>\n<\/ul><\/div>\n<\/p><\/div>\n<\/p><\/div>\n<\/p><\/div>\n<p> <!-- Caracter\u00edsticas Destacadas --> <\/p>\n<div style='border: 1px solid rgba(150&comma; 150&comma; 150&comma; 0.4); border-radius: 8px; overflow: hidden;'>\n<div style='padding: 15px; border-bottom: 1px solid rgba(150&comma; 150&comma; 150&comma; 0.2); font-weight: bold; font-size: 18px; background-color: rgba(223&comma; 0&comma; 30&comma; 0.9); color: white;'>Caracter\u00edsticas Destacadas:<\/div>\n<div style='padding: 15px; color: inherit;'>\n<ul style='padding-left: 20px; margin: 0; font-size: 14px; list-style-type: disc;'>\n<li style='margin-bottom: 5px;'>Soporta anal\u00edtico de ACUSENSE para con anal\u00edticos como filtro de humano y veh\u00edculos para eventos inteligentes como cruce de linea&comma; intrusi\u00f3n&comma; entrada y salida de \u00e1rea.<\/li>\n<li style='margin-bottom: 5px;'>Soporta la tecnolog\u00eda Dual Light&comma; podemos tener en la noche la imagen de B\/N con los IR encendidos y cuando detecte movimiento por medio del anal\u00edtico de ACUSENSE (filtro de humanos y veh\u00edculos) encender\u00e1 la luz blanca para poder tener el evento a color&comma; cuando pase el evento se vuelve a colocar la imagen en B\/N.<\/li>\n<li style='margin-bottom: 5px;'>Soporta Detecci\u00f3n de cruce de l\u00ednea&comma; detecci\u00f3n de intrusi\u00f3n&comma; detecci\u00f3n de entrada de regi\u00f3n&comma; detecci\u00f3n de salida de regi\u00f3n (alarma de soporte activada por tipos de objetivos espec\u00edficos (humanos y veh\u00edculos))&comma; detecci\u00f3n de cambio de escena&comma; detecci\u00f3n de excepci\u00f3n de audio&comma; detecci\u00f3n de desenfoque<\/li>\n<\/ul><\/div>\n<\/p><\/div>\n<p> <!-- Secci\u00f3n con imagen y texto --> <\/p>\n<div style='display: flex; flex-wrap: wrap; gap: 30px; align-items: center;'>\n<div style='flex: 1 1 300px; min-width: 280px;'> <img style='width: 100%; height: auto; border: 1px solid rgba(150&comma;150&comma;150&comma;0.3); border-radius: 8px;' src='https:\/\/www.hikvision.com\/content\/dam\/hikvision\/usa\/marketing\/campaign---ipc-ultra-series\/Variable-intelligence-for-various-scenarios.png' alt='Variable Intelligence'> <\/div>\n<div style='flex: 1 1 300px; min-width: 280px;'>\n<p style='margin: 0; font-size: 14px;'> <strong style='font-size: 18px;'>Soporta 4 distintos anal\u00edticos&comma; 1 a la vez<\/strong><br \/> Cambie entre cuatro algoritmos de IA integrados y dedicados para el conteo de personas&comma; protecci\u00f3n perimetral y m\u00e1s. Los usuarios pueden continuar optimizar la precisi\u00f3n de la detecci\u00f3n de objetos en una escena espec\u00edfica a trav\u00e9s del modo de aprendizaje mediante ejemplo de an\u00e1lisis de autoaprendizaje.<\/p>\n<p> 1.-Detecci\u00f3n Facial<br \/> 2.-Conteo de Personas por Cruce de Linea<br \/> 3.-Conteo de Personas por Zona<br \/> 4.-Protecci\u00f3n Perimetral <\/p>\n<\/p><\/div>\n<\/p><\/div>\n<p> <!-- Secci\u00f3n con texto e imagen --> <\/p>\n<div style='display: flex; flex-wrap: wrap; gap: 30px; align-items: center;'>\n<div style='flex: 1 1 300px; min-width: 280px;'>\n<p style='margin: 0; font-size: 14px;'> <strong style='font-size: 18px;'>Aplicaciones de Terceros<\/strong><br \/> Sabemos que los usuarios a menudo necesitan personalizar sus aplicaciones inteligentes para entornos de instalaci\u00f3n \u00fanicos o escenarios que mejoren el negocio. Es por eso que equipamos c\u00e1maras de red seleccionadas de la serie Ultra con la plataforma abierta integrada (HEOP) de HIKVISION. <\/p>\n<\/p><\/div>\n<div style='flex: 1 1 300px; min-width: 280px;'> <img style='width: 100%; height: auto; border: 1px solid rgba(150&comma;150&comma;150&comma;0.3); border-radius: 8px;' src='https:\/\/www.hikvision.com\/content\/dam\/hikvision\/usa\/marketing\/campaign---ipc-ultra-series\/Upload-tailor-made-algorithms.png' alt='Custom Algorithms'> <\/div>\n<\/p><\/div>\n<p> <!-- Video --> <\/p>\n<div style='position: relative; padding-bottom: 56.25%; height: 0; overflow: hidden; margin: 30px 0;'>   <\/div>\n<p> <!-- Tarjetas de escenarios --> <\/p>\n<div style='display: flex; flex-wrap: wrap; gap: 20px;'>\n<div style='flex: 1 1 280px; min-width: 280px;'>\n<div style='border: 1px solid rgba(150&comma; 150&comma; 150&comma; 0.4); border-radius: 8px; overflow: hidden; display: flex; flex-direction: column;'> <img style='width: 100%; height: auto; border-bottom: 1px solid rgba(150&comma;150&comma;150&comma;0.3);' src='https:\/\/ftp3.syscom.mx\/usuarios\/ftp\/single_page\/HIKVISION\/IR-PON-1.png' alt='IR Light On'> <\/p>\n<div style='padding: 15px; color: inherit;'>\n<h5 style='margin-top: 0; margin-bottom: 10px; font-size: 16px;'>Luz IR Encendida<\/h5>\n<p style='margin: 0; font-size: 14px;'>En ausencia de veh\u00edculo o persona&comma; la c\u00e1mara utiliza s\u00f3lo luz IR.<\/p>\n<\/p><\/div>\n<\/p><\/div>\n<\/p><\/div>\n<div style='flex: 1 1 280px; min-width: 280px;'>\n<div style='border: 1px solid rgba(150&comma; 150&comma; 150&comma; 0.4); border-radius: 8px; overflow: hidden; display: flex; flex-direction: column;'> <img style='width: 100%; height: auto; border-bottom: 1px solid rgba(150&comma;150&comma;150&comma;0.3);' src='https:\/\/ftp3.syscom.mx\/usuarios\/ftp\/single_page\/HIKVISION\/LED-ON-1.jpg' alt='White Light On'> <\/p>\n<div style='padding: 15px; color: inherit;'>\n<h5 style='margin-top: 0; margin-bottom: 10px; font-size: 16px;'>Luz LED Encendida<\/h5>\n<p style='margin: 0; font-size: 14px;'>Cuando se detecta un veh\u00edculo o una persona&comma; la luz blanca se activa autom\u00e1ticamente encendido&comma; lo que produce im\u00e1genes en colores vivos con detalles claros.<\/p>\n<\/p><\/div>\n<\/p><\/div>\n<\/p><\/div>\n<div style='flex: 1 1 280px; min-width: 280px;'>\n<div style='border: 1px solid rgba(150&comma; 150&comma; 150&comma; 0.4); border-radius: 8px; overflow: hidden; display: flex; flex-direction: column;'> <img style='width: 100%; height: auto; border-bottom: 1px solid rgba(150&comma;150&comma;150&comma;0.3);' src='https:\/\/ftp3.syscom.mx\/usuarios\/ftp\/single_page\/HIKVISION\/IR-PON-2.png' alt='IR Light On Again'> <\/p>\n<div style='padding: 15px; color: inherit;'>\n<h5 style='margin-top: 0; margin-bottom: 10px; font-size: 16px;'>Luz IR Encendida<\/h5>\n<p style='margin: 0; font-size: 14px;'>Una vez que el veh\u00edculo o la persona sale&comma; las c\u00e1maras vuelven a la luz IR autom\u00e1ticamente.<\/p>\n<\/p><\/div>\n<\/p><\/div>\n<\/p><\/div>\n<\/p><\/div>\n<\/p><\/div>\n<\/p><\/div>\n","protected":false},"excerpt":{"rendered":"<p>Turret IP 4 Megapixel \/ Lente 4 mm \/ Dual Light (40 mts IR + 40 mts Luz Blanca \/ DARKFIGHTER S \/ Microfono Integrado \/  Exterior IP67 \/ WDR 130 dB \/  4 Anal\u00edticos: AcuSense, Deteccion Facial, Conteo de Personas por Cruce y Zona<\/p>\n","protected":false},"featured_media":100681,"comment_status":"open","ping_status":"closed","template":"","meta":[],"product_brand":[],"product_cat":[2056],"product_tag":[122,2057,54],"class_list":{"0":"post-100682","1":"product","2":"type-product","3":"status-publish","4":"has-post-thumbnail","6":"product_cat-domo-eyeball-turret","7":"product_tag-camaras-ip-y-nvrs","8":"product_tag-domo-eyeball-turret","9":"product_tag-hikvision","11":"first","12":"outofstock","13":"sale","14":"shipping-taxable","15":"purchasable","16":"product-type-simple"},"_links":{"self":[{"href":"https:\/\/soydeaqui.ddns.net\/pachuca\/index.php\/wp-json\/wp\/v2\/product\/100682","targetHints":{"allow":["GET"]}}],"collection":[{"href":"https:\/\/soydeaqui.ddns.net\/pachuca\/index.php\/wp-json\/wp\/v2\/product"}],"about":[{"href":"https:\/\/soydeaqui.ddns.net\/pachuca\/index.php\/wp-json\/wp\/v2\/types\/product"}],"replies":[{"embeddable":true,"href":"https:\/\/soydeaqui.ddns.net\/pachuca\/index.php\/wp-json\/wp\/v2\/comments?post=100682"}],"wp:featuredmedia":[{"embeddable":true,"href":"https:\/\/soydeaqui.ddns.net\/pachuca\/index.php\/wp-json\/wp\/v2\/media\/100681"}],"wp:attachment":[{"href":"https:\/\/soydeaqui.ddns.net\/pachuca\/index.php\/wp-json\/wp\/v2\/media?parent=100682"}],"wp:term":[{"taxonomy":"product_brand","embeddable":true,"href":"https:\/\/soydeaqui.ddns.net\/pachuca\/index.php\/wp-json\/wp\/v2\/product_brand?post=100682"},{"taxonomy":"product_cat","embeddable":true,"href":"https:\/\/soydeaqui.ddns.net\/pachuca\/index.php\/wp-json\/wp\/v2\/product_cat?post=100682"},{"taxonomy":"product_tag","embeddable":true,"href":"https:\/\/soydeaqui.ddns.net\/pachuca\/index.php\/wp-json\/wp\/v2\/product_tag?post=100682"}],"curies":[{"name":"wp","href":"https:\/\/api.w.org\/{rel}","templated":true}]}}