{"id":100675,"date":"2026-03-20T11:25:25","date_gmt":"2026-03-20T11:25:25","guid":{"rendered":"https:\/\/soydeaqui.ddns.net\/pachuca\/index.php\/producto\/camara-multi-sensor-ptrz-8mp-x-4-ch-con-inteligencia-artificial-lente-motorizado-4-38-a-9-33-mm-wdr-120db-proteccion-ip66-ik10-nema4x\/"},"modified":"2026-03-20T11:25:36","modified_gmt":"2026-03-20T11:25:36","slug":"camara-multi-sensor-ptrz-8mp-x-4-ch-con-inteligencia-artificial-lente-motorizado-4-38-a-9-33-mm-wdr-120db-proteccion-ip66-ik10-nema4x","status":"publish","type":"product","link":"https:\/\/soydeaqui.ddns.net\/pachuca\/index.php\/producto\/camara-multi-sensor-ptrz-8mp-x-4-ch-con-inteligencia-artificial-lente-motorizado-4-38-a-9-33-mm-wdr-120db-proteccion-ip66-ik10-nema4x\/","title":{"rendered":"Camara Multi sensor PTRZ 8MP x 4 CH con Inteligencia Artificial \/ Lente Motorizado 4.38 a 9.33 mm \/ WDR 120dB \/ Protecci\u00f3n IP66 \/ IK10 \/ NEMA4X"},"content":{"rendered":"<div style='width: 100%; max-width: 1200px; margin: 0 auto; font-family: sans-serif; line-height: 1.6; color: inherit; background-color: transparent;'> <!-- Secci\u00f3n de contenido con flex\/grid --> <\/p>\n<div style='display: flex; flex-wrap: wrap; gap: 30px; margin-bottom: 30px;'>\n<div style='flex: 1 1 300px; min-width: 280px;'>\n<h3 style='font-size: 22px; border-bottom: 2px solid currentColor; padding-bottom: 5px; margin-top: 0; color: inherit; opacity: 0.8;'>H.265 + WiseStream II<\/h3>\n<p style='text-align: justify; font-size: 15px; color: inherit;'>Mediante WiseStream II&comma; la tecnolog\u00eda de compresi\u00f3n de v\u00eddeo de Hanwha Techwin&comma; la serie Wisenet X reduce el almacenamiento de datos hasta un 99% en comparaci\u00f3n con la actual tecnolog\u00eda H.264&comma; cuando se combina con la compresi\u00f3n H.265. Los costes del sistema se reducen enormemente sin comprometer la calidad de las im\u00e1genes.<\/p>\n<\/p><\/div>\n<div style='flex: 1 1 300px; min-width: 280px;'> <img style='width: 100%; height: auto; border: 1px solid rgba(150&comma;150&comma;150&comma;0.3); border-radius: 8px;' src='https:\/\/ftp3.syscom.mx\/usuarios\/imendez\/Hanwha\/Serie%20X\/GIF\/WiseStream.gif' alt=''> <\/div>\n<\/p><\/div>\n<div style='display: flex; flex-wrap: wrap; gap: 30px; margin-bottom: 30px;'>\n<div style='flex: 1 1 300px; min-width: 280px;'>\n<h3 style='font-size: 22px; border-bottom: 2px solid currentColor; padding-bottom: 5px; margin-top: 0; color: inherit; opacity: 0.8;'>An\u00e1lisis de v\u00eddeo basado en Deep Learning<\/h3>\n<p style='font-size: 15px; color: inherit;'>Las c\u00e1maras Wisenet AI que utilizan algoritmos AI filtran los movimientos irrelevantes causados por cambios ambientales como agitar \u00e1rboles&comma; sombras o animales. Mientras que las c\u00e1maras convencionales detectan el movimiento en funci\u00f3n de sus p\u00edxeles y generan eventos incluso si los usuarios desean ignorarlo&comma; las c\u00e1maras Wisenet AI basadas en Deep Learning generan alarmas de eventos solo para personas y veh\u00edculos&comma; reduciendo las falsas alarmas para una operaci\u00f3n m\u00e1s eficiente<\/p>\n<\/p><\/div>\n<div style='flex: 1 1 300px; min-width: 280px;'> <img style='width: 100%; height: auto; border: 1px solid rgba(150&comma;150&comma;150&comma;0.3); border-radius: 8px;' src='https:\/\/ftp3.syscom.mx\/usuarios\/gmagos\/Hanwha\/fotos\/feature_1-min2.gif' alt=''> <\/div>\n<\/p><\/div>\n<div style='display: flex; flex-wrap: wrap; gap: 30px; margin-bottom: 30px;'>\n<div style='flex: 1 1 300px; min-width: 280px;'> <img style='width: 100%; height: auto; border: 1px solid rgba(150&comma;150&comma;150&comma;0.3); border-radius: 8px;' src='https:\/\/ftp3.syscom.mx\/usuarios\/fotos\/TNB9000\/188256-captura_de_pantalla_2020-06-10_a_la(s)_17.42.10.png' alt=''> <\/div>\n<div style='flex: 1 1 300px; min-width: 280px;'>\n<h3 style='font-size: 22px; border-bottom: 2px solid currentColor; padding-bottom: 5px; margin-top: 0; color: inherit; opacity: 0.8;'>BestShots<\/h3>\n<p style='font-size: 15px; color: inherit;'>Los metadatos que incluyen el atributo (personas: edad&comma; sexo&comma; colores de la ropa de arriba \/ abajo&comma; usar anteojos&comma; veh\u00edculo: tipos&comma; colores) se env\u00edan al servidor de fondo y se utilizan para extraer informaci\u00f3n sobre situaciones espec\u00edficas&comma; lo que reduce significativamente el tiempo para buscar todo el video. Las c\u00e1maras con AI de la serie Wisenet P est\u00e1n equipadas con la funci\u00f3n BestShot para la reidentificaci\u00f3n que garantiza que solo las im\u00e1genes m\u00e1s adecuadas de los objetos clasificados se env\u00eden al servidor de fondo.<\/p>\n<\/p><\/div>\n<\/p><\/div>\n<p> <!-- Secci\u00f3n de cards con especificaciones --> <\/p>\n<div style='display: flex; flex-wrap: wrap; gap: 20px; margin-bottom: 30px;'>\n<div style='flex: 1 1 250px; border: 1px solid rgba(150&comma; 150&comma; 150&comma; 0.4); border-radius: 8px; overflow: hidden; display: flex; flex-direction: column;'>\n<div style='padding: 15px; border-bottom: 1px solid rgba(150&comma; 150&comma; 150&comma; 0.2); font-weight: bold; font-size: 18px; color: inherit;'>Video<\/div>\n<div style='padding: 15px; color: inherit;'>\n<ul style='padding-left: 20px; margin: 0; font-size: 14px; list-style-type: disc;'>\n<li style='margin-bottom: 5px;'><strong>Compresi\u00f3n:<\/strong> H.265 &#038; WiseStream II \/ H.264 \/ MJPEG<\/li>\n<li style='margin-bottom: 5px;'><strong>Resoluci\u00f3n:<\/strong> 8MP (4K) x 4 canales<\/li>\n<li style='margin-bottom: 5px;'><strong>Sensor:<\/strong> 1\/2.8&#8242; CMOS x 4 Canales<\/li>\n<li style='margin-bottom: 5px;'><strong>Iluminaci\u00f3n M\u00ednima:<\/strong> Color: 0.07Lux&comma; BW: 0 Lux (IR encendido)<\/li>\n<li style='margin-bottom: 5px;'><strong>Lente:<\/strong> Motorizado de 4.38 a 9.33 mm<\/li>\n<\/ul>\n<div style='margin-top: 15px;'> <strong>Almacenamiento:<\/strong> <\/p>\n<ul style='padding-left: 20px; margin: 0; font-size: 14px; list-style-type: disc;'>\n<li style='margin-bottom: 5px;'>Espacio para memoria micro SD: 2 con capacidad para 512GB (hasta 1TB)<\/li>\n<\/ul><\/div>\n<div style='margin-top: 15px;'> <strong>Funciones:<\/strong> <\/p>\n<ul style='padding-left: 20px; margin: 0; font-size: 14px; list-style-type: disc;'>\n<li style='margin-bottom: 5px;'>Compensaci\u00f3n de luz: WDR hasta 120dB&comma; BLC<\/li>\n<li style='margin-bottom: 5px;'>Enfoque simple<\/li>\n<\/ul><\/div>\n<\/p><\/div>\n<\/p><\/div>\n<div style='flex: 1 1 250px; border: 1px solid rgba(150&comma; 150&comma; 150&comma; 0.4); border-radius: 8px; overflow: hidden; display: flex; flex-direction: column;'>\n<div style='padding: 15px; border-bottom: 1px solid rgba(150&comma; 150&comma; 150&comma; 0.2); font-weight: bold; font-size: 18px; color: inherit;'>Interfaces<\/div>\n<div style='padding: 15px; color: inherit;'>\n<ul style='padding-left: 20px; margin: 0; font-size: 14px; list-style-type: disc;'>\n<li style='margin-bottom: 5px;'>1 Puerto Ethernet RJ45 10\/100 Base-T<\/li>\n<li style='margin-bottom: 5px;'>Memoria interna: 8GB Memoria RAM&comma; 8GB eMMC<\/li>\n<li style='margin-bottom: 5px;'>Soporta Entrada y salida de audio con adaptador opcional SPM-4210<\/li>\n<li style='margin-bottom: 5px;'>Entradas \/ Salidas de Alarma (opcional con adaptador SPM-4210 I\/O Box)<\/li>\n<\/ul><\/div>\n<div style='padding: 15px; border-top: 1px solid rgba(150&comma; 150&comma; 150&comma; 0.2); margin-top: 15px; font-weight: bold; font-size: 18px; color: inherit;'>Caracter\u00edsticas F\u00edsicas y El\u00e9ctricas<\/div>\n<div style='padding: 15px; color: inherit;'>\n<ul style='padding-left: 20px; margin: 0; font-size: 14px; list-style-type: disc;'>\n<li style='margin-bottom: 5px;'>Temperatura de Operaci\u00f3n: -40 a 55\u00b0C<\/li>\n<li style='margin-bottom: 5px;'>Certificaci\u00f3n: IP66&comma; IK10&comma; NEMA4X<\/li>\n<li style='margin-bottom: 5px;'>Alimentaci\u00f3n: PoE+ 802.3at&comma; HPoE 802.3bt<\/li>\n<li style='margin-bottom: 5px;'>Consumo: PoE+ 25.5 W Max&comma; PoE++ 41.0W<\/li>\n<li style='margin-bottom: 5px;'>Dimensiones: \u00d8312.7 x 145.9 mm<\/li>\n<li style='margin-bottom: 5px;'>Peso: 4&comma;400 Kg<\/li>\n<\/ul><\/div>\n<div style='padding: 15px; border-top: 1px solid rgba(150&comma; 150&comma; 150&comma; 0.2); margin-top: 15px; font-weight: bold; font-size: 18px; color: inherit;'>Accesorios Opcionales<\/div>\n<div style='padding: 15px; color: inherit;'>\n<ul style='padding-left: 20px; margin: 0; font-size: 14px; list-style-type: disc;'>\n<li style='margin-bottom: 5px;'>Adaptador para montaje: SBP-315HMW<\/li>\n<li style='margin-bottom: 5px;'>Brazo montaje de pared: SBP-400WMW&comma; SBP-250WMW&comma; SBP-300WMW<\/li>\n<li style='margin-bottom: 5px;'>Montaje de poste: SBP-300PMW2<\/li>\n<\/ul><\/div>\n<\/p><\/div>\n<div style='flex: 1 1 250px; border: 1px solid rgba(150&comma; 150&comma; 150&comma; 0.4); border-radius: 8px; overflow: hidden; display: flex; flex-direction: column;'>\n<div style='padding: 15px; border-bottom: 1px solid rgba(150&comma; 150&comma; 150&comma; 0.2); font-weight: bold; font-size: 18px; color: inherit;'>An\u00e1lisis de eventos con base en el motor de IA<\/div>\n<div style='padding: 15px; color: inherit;'>\n<ul style='padding-left: 20px; margin: 0; font-size: 14px; list-style-type: disc;'>\n<li style='margin-bottom: 5px;'>Detecci\u00f3n de objetos<\/li>\n<li style='margin-bottom: 5px;'>Merodeo<\/li>\n<li style='margin-bottom: 5px;'>Detecci\u00f3n de direcci\u00f3n<\/li>\n<li style='margin-bottom: 5px;'>Cruce de l\u00ednea virtual<\/li>\n<li style='margin-bottom: 5px;'>Entrada \/ Salida de area<\/li>\n<\/ul><\/div>\n<div style='padding: 15px; border-top: 1px solid rgba(150&comma; 150&comma; 150&comma; 0.2); margin-top: 15px; font-weight: bold; font-size: 18px; color: inherit;'>Clasificaci\u00f3n de objetos<\/div>\n<div style='padding: 15px; color: inherit;'>\n<ul style='padding-left: 20px; margin: 0; font-size: 14px; list-style-type: disc;'>\n<li style='margin-bottom: 5px;'>Persona\/Rostro<\/li>\n<li style='margin-bottom: 5px;'>Veh\u00edculo<\/li>\n<li style='margin-bottom: 5px;'>BestShot<\/li>\n<\/ul><\/div>\n<div style='padding: 15px; border-top: 1px solid rgba(150&comma; 150&comma; 150&comma; 0.2); margin-top: 15px; font-weight: bold; font-size: 18px; color: inherit;'>An\u00e1lisis de eventos<\/div>\n<div style='padding: 15px; color: inherit;'>\n<ul style='padding-left: 20px; margin: 0; font-size: 14px; list-style-type: disc;'>\n<li style='margin-bottom: 5px;'>Detecci\u00f3n de Desenfoque<\/li>\n<li style='margin-bottom: 5px;'>Detecci\u00f3n de Audio<\/li>\n<li style='margin-bottom: 5px;'>Detecci\u00f3n de Movimiento<\/li>\n<li style='margin-bottom: 5px;'>Sabotaje<\/li>\n<li style='margin-bottom: 5px;'>Clasificaci\u00f3n de sonidos<\/li>\n<\/ul><\/div>\n<\/p><\/div>\n<\/p><\/div>\n<p> <!-- Secci\u00f3n de caracter\u00edsticas adicionales --> <\/p>\n<div style='display: flex; flex-wrap: wrap; gap: 20px; margin-bottom: 30px; justify-content: center;'>\n<div style='flex: 1 1 200px; border-left: 5px solid #F37934; border-radius: 5px; overflow: hidden; box-shadow: 2px 2px 10px rgba(150&comma;150&comma;150&comma;0.3);'>\n<div style='padding: 15px; font-weight: bold; font-size: 16px; color: inherit;'>H.265 &#038; WiseStream II<\/div>\n<\/p><\/div>\n<div style='flex: 1 1 200px; border-left: 5px solid #F37934; border-radius: 5px; overflow: hidden; box-shadow: 2px 2px 10px rgba(150&comma;150&comma;150&comma;0.3);'>\n<div style='padding: 15px; font-weight: bold; font-size: 16px; color: inherit;'>Anal\u00edticos de Audio<\/div>\n<\/p><\/div>\n<div style='flex: 1 1 200px; border-left: 5px solid #F37934; border-radius: 5px; overflow: hidden; box-shadow: 2px 2px 10px rgba(150&comma;150&comma;150&comma;0.3);'>\n<div style='padding: 15px; font-weight: bold; font-size: 16px; color: inherit;'>Resoluci\u00f3n 8K<\/div>\n<\/p><\/div>\n<\/p><\/div>\n<p> <!-- Secci\u00f3n de videos --> <\/p>\n<div style='display: flex; flex-wrap: wrap; gap: 30px; margin-bottom: 30px; justify-content: center;'>\n<div style='flex: 1 1 300px; min-width: 280px;'>\n<div style='position: relative; padding-bottom: 56.25%; height: 0; overflow: hidden;'>   <\/div>\n<\/p><\/div>\n<div style='flex: 1 1 300px; min-width: 280px;'>\n<div style='position: relative; padding-bottom: 56.25%; height: 0; overflow: hidden;'>   <\/div>\n<\/p><\/div>\n<div style='flex: 1 1 300px; min-width: 280px;'>\n<div style='position: relative; padding-bottom: 56.25%; height: 0; overflow: hidden;'>   <\/div>\n<\/p><\/div>\n<\/p><\/div>\n<p> <!-- Secci\u00f3n de caracter\u00edsticas adicionales 2 --> <\/p>\n<div style='display: flex; flex-wrap: wrap; gap: 20px; margin-bottom: 30px; justify-content: center;'>\n<div style='flex: 1 1 200px; border-left: 5px solid #F37934; border-radius: 5px; overflow: hidden; box-shadow: 2px 2px 10px rgba(150&comma;150&comma;150&comma;0.3);'>\n<div style='padding: 15px; font-weight: bold; font-size: 16px; color: inherit;'>Anal\u00edticos basados en IA<\/div>\n<\/p><\/div>\n<div style='flex: 1 1 200px; border-left: 5px solid #F37934; border-radius: 5px; overflow: hidden; box-shadow: 2px 2px 10px rgba(150&comma;150&comma;150&comma;0.3);'>\n<div style='padding: 15px; font-weight: bold; font-size: 16px; color: inherit;'>Detecci\u00f3n de Rostros<\/div>\n<\/p><\/div>\n<div style='flex: 1 1 200px; border-left: 5px solid #F37934; border-radius: 5px; overflow: hidden; box-shadow: 2px 2px 10px rgba(150&comma;150&comma;150&comma;0.3);'>\n<div style='padding: 15px; font-weight: bold; font-size: 16px; color: inherit;'>Funci\u00f3n Handover<\/div>\n<\/p><\/div>\n<\/p><\/div>\n<p> <!-- Secci\u00f3n de video adicional --> <\/p>\n<div style='display: flex; flex-wrap: wrap; gap: 30px; margin-bottom: 30px; justify-content: center;'>\n<div style='flex: 1 1 300px; min-width: 280px;'>\n<div style='position: relative; padding-bottom: 56.25%; height: 0; overflow: hidden;'>   <\/div>\n<\/p><\/div>\n<div style='flex: 1 1 300px; min-width: 280px;'>\n<div style='position: relative; padding-bottom: 56.25%; height: 0; overflow: hidden;'>   <\/div>\n<\/p><\/div>\n<div style='flex: 1 1 300px; min-width: 280px;'>\n<div style='position: relative; padding-bottom: 56.25%; height: 0; overflow: hidden;'>   <\/div>\n<\/p><\/div>\n<\/p><\/div>\n<p> <!-- Enlace a soporte --> <\/p>\n<div style='text-align: center; margin: 30px 0;'> <a href='http:\/\/soporte.syscom.mx\/videovigilancia\/hanwha-lista-de-tips-tecnicos' target='_blank' rel='noopener' style='color: inherit; text-decoration: none;'> <img style='width: 432px; border: 1px solid rgba(150&comma;150&comma;150&comma;0.3); border-radius: 8px;' src='https:\/\/ftp3.syscom.mx\/usuarios\/gmagos\/Hanwha\/fotos\/basede1.png' alt=''> <\/a> <\/div>\n<\/p><\/div>\n","protected":false},"excerpt":{"rendered":"<p>Camara Multi sensor PTRZ 8MP x 4 CH con Inteligencia Artificial \/ Lente Motorizado 4.38 a 9.33 mm \/ WDR 120dB \/ Protecci\u00f3n IP66 \/ IK10 \/ NEMA4X<\/p>\n","protected":false},"featured_media":100674,"comment_status":"open","ping_status":"closed","template":"","meta":[],"product_brand":[],"product_cat":[2248],"product_tag":[122,2249,1055],"class_list":{"0":"post-100675","1":"product","2":"type-product","3":"status-publish","4":"has-post-thumbnail","6":"product_cat-fisheye-y-hemisfericas","7":"product_tag-camaras-ip-y-nvrs","8":"product_tag-fisheye-y-hemisfericas","9":"product_tag-hanwha-vision","11":"first","12":"outofstock","13":"sale","14":"shipping-taxable","15":"purchasable","16":"product-type-simple"},"_links":{"self":[{"href":"https:\/\/soydeaqui.ddns.net\/pachuca\/index.php\/wp-json\/wp\/v2\/product\/100675","targetHints":{"allow":["GET"]}}],"collection":[{"href":"https:\/\/soydeaqui.ddns.net\/pachuca\/index.php\/wp-json\/wp\/v2\/product"}],"about":[{"href":"https:\/\/soydeaqui.ddns.net\/pachuca\/index.php\/wp-json\/wp\/v2\/types\/product"}],"replies":[{"embeddable":true,"href":"https:\/\/soydeaqui.ddns.net\/pachuca\/index.php\/wp-json\/wp\/v2\/comments?post=100675"}],"wp:featuredmedia":[{"embeddable":true,"href":"https:\/\/soydeaqui.ddns.net\/pachuca\/index.php\/wp-json\/wp\/v2\/media\/100674"}],"wp:attachment":[{"href":"https:\/\/soydeaqui.ddns.net\/pachuca\/index.php\/wp-json\/wp\/v2\/media?parent=100675"}],"wp:term":[{"taxonomy":"product_brand","embeddable":true,"href":"https:\/\/soydeaqui.ddns.net\/pachuca\/index.php\/wp-json\/wp\/v2\/product_brand?post=100675"},{"taxonomy":"product_cat","embeddable":true,"href":"https:\/\/soydeaqui.ddns.net\/pachuca\/index.php\/wp-json\/wp\/v2\/product_cat?post=100675"},{"taxonomy":"product_tag","embeddable":true,"href":"https:\/\/soydeaqui.ddns.net\/pachuca\/index.php\/wp-json\/wp\/v2\/product_tag?post=100675"}],"curies":[{"name":"wp","href":"https:\/\/api.w.org\/{rel}","templated":true}]}}