{"id":100667,"date":"2026-03-20T11:25:07","date_gmt":"2026-03-20T11:25:07","guid":{"rendered":"https:\/\/soydeaqui.ddns.net\/pachuca\/index.php\/producto\/domo-ip-8-megapixel-lente-mot-2-7-a-13-5-mm-dual-light-40-mts-ir-40-mts-luz-blanca-darkfighter-s-exterior-ip67-ik10-wdr-130-db-4-analiticos-acusense-deteccion-facial-conteo-de-p\/"},"modified":"2026-03-20T11:25:08","modified_gmt":"2026-03-20T11:25:08","slug":"domo-ip-8-megapixel-lente-mot-2-7-a-13-5-mm-dual-light-40-mts-ir-40-mts-luz-blanca-darkfighter-s-exterior-ip67-ik10-wdr-130-db-4-analiticos-acusense-deteccion-facial-conteo-de-p","status":"publish","type":"product","link":"https:\/\/soydeaqui.ddns.net\/pachuca\/index.php\/producto\/domo-ip-8-megapixel-lente-mot-2-7-a-13-5-mm-dual-light-40-mts-ir-40-mts-luz-blanca-darkfighter-s-exterior-ip67-ik10-wdr-130-db-4-analiticos-acusense-deteccion-facial-conteo-de-p\/","title":{"rendered":"Domo IP 8 Megapixel \/ Lente Mot. 2.7 a 13.5 mm \/ Dual Light (40 mts IR + 40 mts Luz Blanca ) \/ Darkfighter S \/ Exterior IP67  \/ IK10 \/WDR 130 dB \/ 4 Anal\u00edticos: AcuSense, Deteccion Facial, Conteo de Personas por Cruce y Zona"},"content":{"rendered":"<div style='width: 100%; max-width: 1200px; margin: 0 auto; font-family: sans-serif; line-height: 1.6; color: inherit; background-color: transparent;'> <!-- Im\u00e1genes principales --> <\/p>\n<div style='display: flex; flex-wrap: wrap; gap: 30px; margin-bottom: 30px;'>\n<div style='flex: 1 1 100%;'> <img style='width: 100%; height: auto; border: 1px solid rgba(150&comma;150&comma;150&comma;0.3); border-radius: 8px;' src='https:\/\/ftp3.syscom.mx\/usuarios\/ftp\/single_page\/HIKVISION\/DARKFIGHTER.png' alt=''> <\/div>\n<div style='flex: 1 1 100%;'> <img style='width: 100%; height: auto; border: 1px solid rgba(150&comma;150&comma;150&comma;0.3); border-radius: 8px;' src='https:\/\/ftp3.syscom.mx\/usuarios\/ftp\/single_page\/HIKVISION\/ICONOS-HEOP-2.png' alt=''> <\/div>\n<\/p><\/div>\n<p> <!-- Secci\u00f3n de especificaciones --> <\/p>\n<div style='display: flex; flex-wrap: wrap; gap: 30px; margin-bottom: 30px;'>\n<div style='flex: 1 1 100%;'>\n<h1 style='font-size: 28px; color: inherit; margin: 0 0 30px 0; text-align: center; border-bottom: 2px solid currentColor; padding-bottom: 10px;'>Especificaciones<\/h1>\n<\/p><\/div>\n<p> <!-- Columna 1 --> <\/p>\n<div style='flex: 1 1 300px; min-width: 280px;'>\n<div style='border: 1px solid rgba(150&comma; 150&comma; 150&comma; 0.4); border-radius: 8px; overflow: hidden; margin-bottom: 20px;'>\n<div style='padding: 15px; background-color: #df001e; font-weight: bold; font-size: 18px; color: white;'>Caracter\u00edsticas Principales:<\/div>\n<div style='padding: 15px; color: inherit;'>\n<ul style='padding-left: 20px; margin: 0; font-size: 14px; list-style-type: disc;'>\n<li style='margin-bottom: 5px;'><span style='color: inherit; font-family: verdana&comma; geneva&comma; sans-serif;'>Resoluci\u00f3n m\u00e1xima: 8 Megapixel (3840 \u00d7 2160).<\/span><\/li>\n<li style='margin-bottom: 5px;'><span style='color: inherit; font-family: verdana&comma; geneva&comma; sans-serif;'>Iluminaci\u00f3n m\u00ednima: color 0.001 Lux @ (F1.4&comma; AGC ON)<\/span><\/li>\n<li style='margin-bottom: 5px;'><span style='color: inherit; font-family: verdana&comma; geneva&comma; sans-serif;'>D\u00eda \/ Noche Real (filtro ICR).<\/span><\/li>\n<li style='margin-bottom: 5px;'><span style='color: inherit; font-family: verdana&comma; geneva&comma; sans-serif;'>Lente motorizado 2.7 a 13.5 mm (112.3\u00b0).<\/span><\/li>\n<li style='margin-bottom: 5px;'><span style='color: inherit; font-family: verdana&comma; geneva&comma; sans-serif;'>Distancia de infrarrojo: 40 mts Smart IR.<\/span><\/li>\n<li style='margin-bottom: 5px;'><span style='color: inherit; font-family: verdana&comma; geneva&comma; sans-serif;'>Funciones normales: WDR Real 130 dB \/ ROI \/ BLC \/ HLC \/ 3D DNR.<\/span><\/li>\n<li style='margin-bottom: 5px;'><span style='color: inherit; font-family: verdana&comma; geneva&comma; sans-serif;'>Funciones avanzadas: Detecci\u00f3n de Rostros \/ Intrusi\u00f3n de \u00e1rea \/ Cruce de l\u00ednea.<\/span><\/li>\n<li style='margin-bottom: 5px;'><span style='color: inherit; font-family: verdana&comma; geneva&comma; sans-serif;'>Compresi\u00f3n: H.265+ \/ H.265 \/ H.264+ \/ H.264.<\/span><\/li>\n<li style='margin-bottom: 5px;'><span style='color: inherit; font-family: verdana&comma; geneva&comma; sans-serif;'>Compatible con la plataforma de Hik-Connect.<\/span><\/li>\n<\/ul><\/div>\n<\/p><\/div>\n<div style='border: 1px solid rgba(150&comma; 150&comma; 150&comma; 0.4); border-radius: 8px; overflow: hidden;'>\n<div style='padding: 15px; background-color: #df001e; font-weight: bold; font-size: 18px; color: white;'>Entradas y Salidas de Audio \/ Alarmas \/ Red:<\/div>\n<div style='padding: 15px; color: inherit;'>\n<ul style='padding-left: 20px; margin: 0; font-size: 14px; list-style-type: disc;'>\n<li style='margin-bottom: 5px;'><span style='color: inherit; font-family: verdana&comma; geneva&comma; sans-serif;'>Entradas de alarma: 2.<\/span><\/li>\n<li style='margin-bottom: 5px;'><span style='color: inherit; font-family: verdana&comma; geneva&comma; sans-serif;'>Salidas de alarma: 2 (max. 24 VDC&comma; 1 A).<\/span><\/li>\n<li style='margin-bottom: 5px;'><span style='color: inherit; font-family: verdana&comma; geneva&comma; sans-serif;'>Entradas de audio: 1.<\/span><\/li>\n<li style='margin-bottom: 5px;'><span style='color: inherit; font-family: verdana&comma; geneva&comma; sans-serif;'>Salidas de audio: 1. <\/span><\/li>\n<li style='margin-bottom: 5px;'><span style='color: inherit; font-family: verdana&comma; geneva&comma; sans-serif;'>Puerto de red: 1 (10 \/ 100 Mbps \/ PoE 802.3at).<\/span><\/li>\n<li style='margin-bottom: 5px;'><span style='color: inherit; font-family: verdana&comma; geneva&comma; sans-serif;'>Almacenamiento micro SD de hasta 512 GB \/ ANR (Automatic Network Recovery).<\/span><\/li>\n<\/ul><\/div>\n<\/p><\/div>\n<\/p><\/div>\n<p> <!-- Columna 2 --> <\/p>\n<div style='flex: 1 1 300px; min-width: 280px;'>\n<div style='border: 1px solid rgba(150&comma; 150&comma; 150&comma; 0.4); border-radius: 8px; overflow: hidden; margin-bottom: 20px;'>\n<div style='padding: 15px; background-color: #df001e; font-weight: bold; font-size: 18px; color: white;'>Caracter\u00edsticas F\u00edsicas y El\u00e9ctricas:<\/div>\n<div style='padding: 15px; color: inherit;'>\n<ul style='padding-left: 20px; margin: 0; font-size: 14px; list-style-type: disc;'>\n<li style='margin-bottom: 5px;'><span style='color: inherit; font-family: verdana&comma; geneva&comma; sans-serif;'>Alimentaci\u00f3n: 12Vcc \/ PoE 802.3 at \/ 18 W.<\/span><\/li>\n<li style='margin-bottom: 5px;'><span style='color: inherit; font-family: verdana&comma; geneva&comma; sans-serif;'>Temperatura de operaci\u00f3n: -30\u00b0C a 60\u00b0C \/ Humedad al 95% m\u00e1ximo.<\/span><\/li>\n<li style='margin-bottom: 5px;'><span style='color: inherit; font-family: verdana&comma; geneva&comma; sans-serif;'>Uso en exterior IP67.<\/span><\/li>\n<li style='margin-bottom: 5px;'><span style='color: inherit; font-family: verdana&comma; geneva&comma; sans-serif;'>Dimensiones: 244 mm \u00d7 174 mm \u00d7 173 mm.<\/span><\/li>\n<li style='margin-bottom: 5px;'><span style='color: inherit; font-family: verdana&comma; geneva&comma; sans-serif;'>Peso: 850 gramos.<\/span><\/li>\n<\/ul><\/div>\n<\/p><\/div>\n<div style='border: 1px solid rgba(150&comma; 150&comma; 150&comma; 0.4); border-radius: 8px; overflow: hidden;'>\n<div style='padding: 15px; background-color: #df001e; font-weight: bold; font-size: 18px; color: white;'>Accesorios Opcionales:<\/div>\n<div style='padding: 15px; color: inherit;'>\n<ul style='padding-left: 20px; margin: 0; font-size: 14px; list-style-type: disc;'>\n<li style='margin-bottom: 5px; text-align: left;'><span style='font-size: 14pt; color: inherit; font-family: verdana&comma; geneva&comma; sans-serif;'><strong>Consulte la ficha t\u00e9cnica para validar los accesorios compatibles&comma; de clic <a href='https:\/\/ftp3.syscom.mx\/usuarios\/ftp\/single_page\/HIKVISION\/Specsheet\/DS-2CD3787G3T-LIZSU%28Y%29_Datasheet_20250422.pdf?_gl=1*2gvhhy*_gcl_au*OTM0ODI3OTk3LjE3NTEzODI3ODc.' target='_blank' rel='noopener'>Aqu\u00ed<\/a><\/strong><\/span><\/li>\n<\/ul><\/div>\n<\/p><\/div>\n<\/p><\/div>\n<\/p><\/div>\n<p> <!-- Caracter\u00edsticas Destacadas --> <\/p>\n<div style='border: 1px solid rgba(150&comma; 150&comma; 150&comma; 0.4); border-radius: 8px; overflow: hidden; margin-bottom: 30px;'>\n<div style='padding: 15px; background-color: #df001e; font-weight: bold; font-size: 18px; color: white;'>Caracter\u00edsticas Destacadas:<\/div>\n<div style='padding: 15px; color: inherit;'>\n<ul style='padding-left: 20px; margin: 0; font-size: 14px; list-style-type: disc;'>\n<li style='margin-bottom: 5px;'><span style='color: inherit; font-family: verdana&comma; geneva&comma; sans-serif;'>Soporta anal\u00edtico de ACUSENSE para con anal\u00edticos como filtro de humano y veh\u00edculos para eventos inteligentes como cruce de l\u00ednea&comma; intrusi\u00f3n&comma; entrada y salida de \u00e1rea.<\/span><\/li>\n<li style='margin-bottom: 5px;'><span style='color: inherit; font-family: verdana&comma; geneva&comma; sans-serif;'>Soporta la tecnolog\u00eda Dual Light&comma; podemos tener en la noche la imagen de B\/N con los IR encendidos y cuando detecte movimiento por medio del anal\u00edtico de ACUSENSE (filtro de humanos y veh\u00edculos) encender\u00e1 la luz blanca para poder tener el evento a color&comma; cuando pase el evento se vuelve a colocar la imagen en B\/N.<\/span><\/li>\n<li style='margin-bottom: 5px;'><span style='color: inherit; font-family: verdana&comma; geneva&comma; sans-serif;'>Soporta Detecci\u00f3n de cruce de l\u00ednea&comma; detecci\u00f3n de intrusi\u00f3n&comma; detecci\u00f3n de entrada de regi\u00f3n&comma; detecci\u00f3n de salida de regi\u00f3n (alarma de soporte activada por tipos de objetivos espec\u00edficos (humanos y veh\u00edculos))&comma; detecci\u00f3n de cambio de escena&comma; detecci\u00f3n de excepci\u00f3n de audio&comma; detecci\u00f3n de desenfoque.<\/span><\/li>\n<\/ul><\/div>\n<\/p><\/div>\n<p> <!-- Separador --> <\/p>\n<hr style='border: 0; border-top: 1px solid rgba(150&comma; 150&comma; 150&comma; 0.3); margin: 30px 0;'> <!-- Secci\u00f3n con imagen y texto --> <\/p>\n<div style='display: flex; flex-wrap: wrap; gap: 30px; margin-bottom: 30px;'>\n<div style='flex: 1 1 100%;'> <img style='width: 100%; height: auto; border: 1px solid rgba(150&comma;150&comma;150&comma;0.3); border-radius: 8px;' src='https:\/\/www.hikvision.com\/content\/dam\/hikvision\/usa\/marketing\/campaign---ipc-ultra-series\/Variable-intelligence-for-various-scenarios.png' alt=''> <\/div>\n<div style='flex: 1 1 100%;'>\n<p style='margin: 0;'><span style='font-family: verdana&comma; geneva&comma; sans-serif;'><span style='font-size: 14pt;'><strong><span style='font-size: 18pt;'>Soporta 4 distintos anal\u00edticos&comma; 1 a la vez<\/span><br \/><\/strong><\/span>Cambie entre cuatro algoritmos de IA integrados y dedicados para el conteo de personas&comma; protecci\u00f3n perimetral y m\u00e1s. Los usuarios pueden continuar optimizar la precisi\u00f3n de la detecci\u00f3n de objetos en una escena espec\u00edfica a trav\u00e9s del modo de aprendizaje mediante ejemplo de an\u00e1lisis de autoaprendizaje.<\/p>\n<p><span style='font-family: verdana&comma; geneva&comma; sans-serif;'>1.-Detecci\u00f3n Facial<\/span><br \/><span style='font-family: verdana&comma; geneva&comma; sans-serif;'>2.-Conteo de Personas por Cruce de Linea<\/span><br \/><span style='font-family: verdana&comma; geneva&comma; sans-serif;'>3.-Conteo de Personas por Zona<\/span><br \/><span style='font-family: verdana&comma; geneva&comma; sans-serif;'>4.-Protecci\u00f3n Perimetral<\/span><\/p>\n<\/p><\/div>\n<\/p><\/div>\n<p> <!-- Secci\u00f3n aplicaciones de terceros --> <\/p>\n<div style='display: flex; flex-wrap: wrap; gap: 30px; margin-bottom: 30px;'>\n<div style='flex: 1 1 100%;'>\n<p style='margin: 0;'><span style='font-size: 18pt; font-family: verdana&comma; geneva&comma; sans-serif;'><strong>Aplicaciones de Terceros<\/strong><\/span><br \/><span style='font-family: verdana&comma; geneva&comma; sans-serif;'>Sabemos que los usuarios a menudo necesitan personalizar sus aplicaciones inteligentes para entornos de instalaci\u00f3n \u00fanicos o escenarios que mejoren el negocio. Es por eso que equipamos c\u00e1maras de red seleccionadas de la serie Ultra con la plataforma abierta integrada (HEOP) de HIKVISION.<\/span><\/p>\n<\/p><\/div>\n<div style='flex: 1 1 100%;'> <img style='width: 100%; height: auto; border: 1px solid rgba(150&comma;150&comma;150&comma;0.3); border-radius: 8px;' src='https:\/\/www.hikvision.com\/content\/dam\/hikvision\/usa\/marketing\/campaign---ipc-ultra-series\/Upload-tailor-made-algorithms.png' alt=''> <\/div>\n<\/p><\/div>\n<p> <!-- Video de YouTube --> <\/p>\n<div style='position: relative; padding-bottom: 56.25%; height: 0; overflow: hidden; margin-bottom: 30px;'>   <\/div>\n<p> <!-- Tarjetas de im\u00e1genes adicionales --> <\/p>\n<div style='display: flex; flex-wrap: wrap; gap: 20px; margin-bottom: 30px;'>\n<div style='flex: 1 1 calc(33.333% - 13.3px); min-width: 280px;'> <img style='width: 100%; height: auto; border: 1px solid rgba(150&comma;150&comma;150&comma;0.3); border-radius: 8px;' src='https:\/\/ftp3.syscom.mx\/usuarios\/ftp\/single_page\/HIKVISION\/IR-PON-1.png' alt=''> <\/p>\n<div style='padding: 15px; border-top: 5px solid #df001e; color: inherit;'>\n<h5 style='margin-top: 0; margin-bottom: 10px; font-size: 18px; color: inherit;'>Luz IR Encendida<\/h5>\n<p style='margin: 0;'>En ausencia de veh\u00edculo o persona&comma; la c\u00e1mara utiliza s\u00f3lo luz IR.<\/p>\n<\/p><\/div>\n<\/p><\/div>\n<div style='flex: 1 1 calc(33.333% - 13.3px); min-width: 280px;'> <img style='width: 100%; height: auto; border: 1px solid rgba(150&comma;150&comma;150&comma;0.3); border-radius: 8px;' src='https:\/\/ftp3.syscom.mx\/usuarios\/ftp\/single_page\/HIKVISION\/LED-ON-1.jpg' alt=''> <\/p>\n<div style='padding: 15px; border-top: 5px solid #df001e; color: inherit;'>\n<h5 style='margin-top: 0; margin-bottom: 10px; font-size: 18px; color: inherit;'>Luz LED Encendida<\/h5>\n<p style='margin: 0;'>Cuando se detecta un veh\u00edculo o una persona&comma; la luz blanca se activa autom\u00e1ticamente encendido&comma; lo que produce im\u00e1genes en colores vivos con detalles claros.<\/p>\n<\/p><\/div>\n<\/p><\/div>\n<div style='flex: 1 1 calc(33.333% - 13.3px); min-width: 280px;'> <img style='width: 100%; height: auto; border: 1px solid rgba(150&comma;150&comma;150&comma;0.3); border-radius: 8px;' src='https:\/\/ftp3.syscom.mx\/usuarios\/ftp\/single_page\/HIKVISION\/IR-PON-2.png' alt=''> <\/p>\n<div style='padding: 15px; border-top: 5px solid #df001e; color: inherit;'>\n<h5 style='margin-top: 0; margin-bottom: 10px; font-size: 18px; color: inherit;'>Luz IR Encendida<\/h5>\n<p style='margin: 0;'>Una vez que el veh\u00edculo o la persona sale&comma; las c\u00e1maras vuelven a la luz IR autom\u00e1ticamente.<\/p>\n<\/p><\/div>\n<\/p><\/div>\n<\/p><\/div>\n<\/p><\/div>\n","protected":false},"excerpt":{"rendered":"<p>Domo IP 8 Megapixel \/ Lente Mot. 2.7 a 13.5 mm \/ Dual Light (40 mts IR + 40 mts Luz Blanca ) \/ Darkfighter S \/ Exterior IP67  \/ IK10 \/WDR 130 dB \/ 4 Anal\u00edticos: AcuSense, Deteccion Facial, Conteo de Personas por Cruce y Zona<\/p>\n","protected":false},"featured_media":100666,"comment_status":"open","ping_status":"closed","template":"","meta":[],"product_brand":[],"product_cat":[2056],"product_tag":[122,2057,54],"class_list":{"0":"post-100667","1":"product","2":"type-product","3":"status-publish","4":"has-post-thumbnail","6":"product_cat-domo-eyeball-turret","7":"product_tag-camaras-ip-y-nvrs","8":"product_tag-domo-eyeball-turret","9":"product_tag-hikvision","11":"first","12":"instock","13":"sale","14":"shipping-taxable","15":"purchasable","16":"product-type-simple"},"_links":{"self":[{"href":"https:\/\/soydeaqui.ddns.net\/pachuca\/index.php\/wp-json\/wp\/v2\/product\/100667","targetHints":{"allow":["GET"]}}],"collection":[{"href":"https:\/\/soydeaqui.ddns.net\/pachuca\/index.php\/wp-json\/wp\/v2\/product"}],"about":[{"href":"https:\/\/soydeaqui.ddns.net\/pachuca\/index.php\/wp-json\/wp\/v2\/types\/product"}],"replies":[{"embeddable":true,"href":"https:\/\/soydeaqui.ddns.net\/pachuca\/index.php\/wp-json\/wp\/v2\/comments?post=100667"}],"wp:featuredmedia":[{"embeddable":true,"href":"https:\/\/soydeaqui.ddns.net\/pachuca\/index.php\/wp-json\/wp\/v2\/media\/100666"}],"wp:attachment":[{"href":"https:\/\/soydeaqui.ddns.net\/pachuca\/index.php\/wp-json\/wp\/v2\/media?parent=100667"}],"wp:term":[{"taxonomy":"product_brand","embeddable":true,"href":"https:\/\/soydeaqui.ddns.net\/pachuca\/index.php\/wp-json\/wp\/v2\/product_brand?post=100667"},{"taxonomy":"product_cat","embeddable":true,"href":"https:\/\/soydeaqui.ddns.net\/pachuca\/index.php\/wp-json\/wp\/v2\/product_cat?post=100667"},{"taxonomy":"product_tag","embeddable":true,"href":"https:\/\/soydeaqui.ddns.net\/pachuca\/index.php\/wp-json\/wp\/v2\/product_tag?post=100667"}],"curies":[{"name":"wp","href":"https:\/\/api.w.org\/{rel}","templated":true}]}}