{"id":100641,"date":"2026-03-20T11:23:54","date_gmt":"2026-03-20T11:23:54","guid":{"rendered":"https:\/\/soydeaqui.ddns.net\/pachuca\/index.php\/producto\/camara-de-red-tipo-domo-ai-zoom-optico-42x-4k-hd-30fps-140db-super-wdr-control-ptz-inteligente-ir-300m-ip66-ik10\/"},"modified":"2026-03-20T11:24:20","modified_gmt":"2026-03-20T11:24:20","slug":"camara-de-red-tipo-domo-ai-zoom-optico-42x-4k-hd-30fps-140db-super-wdr-control-ptz-inteligente-ir-300m-ip66-ik10","status":"publish","type":"product","link":"https:\/\/soydeaqui.ddns.net\/pachuca\/index.php\/producto\/camara-de-red-tipo-domo-ai-zoom-optico-42x-4k-hd-30fps-140db-super-wdr-control-ptz-inteligente-ir-300m-ip66-ik10\/","title":{"rendered":"C\u00e1mara de Red Tipo Domo AI Zoom \u00d3ptico 42X \/ 4K HD 30fps \/ 140dB Super WDR \/ Control PTZ Inteligente \/ IR 300m \/ IP66 IK10"},"content":{"rendered":"<div style='width: 100%; max-width: 1200px; margin: 0 auto; font-family: sans-serif; line-height: 1.6; color: inherit; background-color: transparent;'>\n<div style='width: 100%; margin-bottom: 30px;'> <img style='width: 100%; height: auto; border: 1px solid rgba(150&comma;150&comma;150&comma;0.3); border-radius: 8px;' src='https:\/\/ftp3.syscom.mx\/usuarios\/fotos\/MSC2941X30TPE\/240185-img1.png' alt=''> <\/div>\n<div style='display: flex; flex-wrap: wrap; gap: 30px; margin-bottom: 30px;'>\n<div style='flex: 1 1 300px; min-width: 280px;'>\n<div style='position: relative; padding-bottom: 56.25%; height: 0; overflow: hidden; margin-bottom: 30px;'>   <\/div>\n<\/p><\/div>\n<div style='flex: 1 1 300px; min-width: 280px;'>\n<div style='position: relative; padding-bottom: 56.25%; height: 0; overflow: hidden; margin-bottom: 30px;'>   <\/div>\n<\/p><\/div>\n<div style='flex: 1 1 300px; min-width: 280px;'>\n<div style='position: relative; padding-bottom: 56.25%; height: 0; overflow: hidden; margin-bottom: 30px;'>   <\/div>\n<\/p><\/div>\n<\/p><\/div>\n<div style='position: relative; width: 100%; min-height: 400px; background: url(https:\/\/ftp3.syscom.mx\/usuarios\/fotos\/MSC5366X12PE\/240173-img2.jpg) center center \/ cover no-repeat; margin-bottom: 30px;'>\n<div style='position: relative; z-index: 2; padding: 2rem; display: flex; align-items: center;'>\n<div style='max-width: 50%;'>\n<h3 style='font-size: 22px; border-bottom: 2px solid currentColor; padding-bottom: 5px; margin-top: 0; color: inherit; opacity: 0.8;'>La IA potencia la seguridad<\/h3>\n<p style='color: inherit;'>La c\u00e1mara Milesight AI con algoritmos de IA de aprendizaje profundo puede filtrar objetos de forma inteligente para centrarse en la detecci\u00f3n de personas y veh\u00edculos&comma; adapt\u00e1ndose a diversas situaciones para ayudar a mejorar la eficiencia y la seguridad del monitoreo.<\/p>\n<\/p><\/div>\n<\/p><\/div>\n<\/p><\/div>\n<div style='margin-bottom: 30px;'>\n<h3 style='font-size: 22px; border-bottom: 2px solid currentColor; padding-bottom: 5px; margin-top: 0; color: inherit; opacity: 0.8;'>Tareas flexibles de panor\u00e1mica&comma; inclinaci\u00f3n y zoom<\/h3>\n<p style='color: inherit;'>La c\u00e1mara PTZ Milesight ofrece rotaci\u00f3n r\u00e1pida y precisa de 360\u00b0 y 95\u00b0 de inclinaci\u00f3n para supervisar una amplia gama de territorio. El usuario puede configurar f\u00e1cilmente hasta 300 posiciones predefinidas&comma; hasta 8 rutas de patrullaje y un m\u00e1ximo de 4 patrones de rutas de operaci\u00f3n manual. Adem\u00e1s&comma; puede programar tareas PTZ espec\u00edficas por fecha y hora.<\/p>\n<div style='width: 100%; margin-top: 20px;'> <img style='width: 100%; height: auto; border: 1px solid rgba(150&comma;150&comma;150&comma;0.3); border-radius: 8px;' src='https:\/\/ftp3.syscom.mx\/usuarios\/fotos\/MSC2941X30TPE\/240185-img6.png' alt='C\u00e1mara Milesight'> <\/div>\n<\/p><\/div>\n<div style='position: relative; width: 100%; min-height: 500px; background: url(https:\/\/ftp3.syscom.mx\/usuarios\/fotos\/MSC5366X12PE\/240173-img4-1.jpg) center center \/ cover no-repeat; margin-bottom: 30px;'>\n<div style='position: relative; z-index: 2; padding: 2rem; display: flex; align-items: center; justify-content: space-between;'>\n<div style='max-width: 45%;'>\n<h3 style='font-size: 22px; border-bottom: 2px solid currentColor; padding-bottom: 5px; margin-top: 0; color: inherit; opacity: 0.8;'>Limpiaparabrisas inteligente con sensor de lluvia (opcional)<\/h3>\n<p style='color: inherit;'>El sensor de lluvia detecta la lluvia y permite un control m\u00e1s inteligente del limpiaparabrisas. La velocidad y la frecuencia del limpiaparabrisas se ajustan autom\u00e1ticamente seg\u00fan la lluvia. Gracias al sensor de lluvia inteligente&comma; Milesight AI Speed \u200b\u200bDome limpia el agua de lluvia autom\u00e1ticamente&comma; ofreciendo im\u00e1genes n\u00edtidas incluso en d\u00edas lluviosos.<\/p>\n<\/p><\/div>\n<div style='max-width: 45%;'> <img style='width: 100%; height: auto; border: 1px solid rgba(150&comma;150&comma;150&comma;0.3); border-radius: 8px;' src='https:\/\/ftp3.syscom.mx\/usuarios\/fotos\/MSC2941X30TPE\/240185-smart-rain-sensing-wiper.png' alt='Smart IR II'> <\/div>\n<\/p><\/div>\n<\/p><\/div>\n<div style='position: relative; width: 100%; min-height: 400px; background: url(https:\/\/ftp3.syscom.mx\/usuarios\/fotos\/MSC2941X30TPE\/240185-optical-zoom.png) center center \/ cover no-repeat; margin-bottom: 30px;'>\n<div style='position: relative; z-index: 2; padding: 2rem; display: flex; align-items: center; justify-content: flex-end;'>\n<div style='max-width: 50%; text-align: right;'>\n<h3 style='font-size: 22px; border-bottom: 2px solid currentColor; padding-bottom: 5px; margin-top: 0; color: inherit; opacity: 0.8;'>Zoom \u00f3ptico 25X\/30X<\/h3>\n<p style='color: inherit;'>El zoom \u00f3ptico 25X\/30X puede acercar objetos distantes manteniendo la claridad y brindando video de alta calidad en toda la imagen ampliada.<\/p>\n<\/p><\/div>\n<\/p><\/div>\n<\/p><\/div>\n<div style='display: flex; flex-wrap: wrap; gap: 30px; margin-bottom: 30px;'>\n<div style='flex: 1 1 300px; min-width: 280px;'>\n<h3 style='font-size: 22px; border-bottom: 2px solid currentColor; padding-bottom: 5px; margin-top: 0; color: inherit; opacity: 0.8;'>Seguimiento autom\u00e1tico PTZ<\/h3>\n<p style='color: inherit;'>Al crear un modelo 3D dentro del rango de monitoreo&comma; las c\u00e1maras PTZ de Milesight marcan y rastrean el objeto despu\u00e9s de la detecci\u00f3n y selecci\u00f3n del objetivo para garantizar que el objeto mantenga una proporci\u00f3n fija para obtener excelentes vistas de seguimiento controlando autom\u00e1ticamente la direcci\u00f3n y el nivel de zoom.<\/p>\n<\/p><\/div>\n<div style='flex: 1 1 300px; min-width: 280px;'> <img style='width: 100%; height: auto; border: 1px solid rgba(150&comma;150&comma;150&comma;0.3); border-radius: 8px;' src='https:\/\/ftp3.syscom.mx\/usuarios\/fotos\/MSC2941X30TPE\/240185-auto-tracking.png' alt=''> <\/div>\n<\/p><\/div>\n<div style='position: relative; width: 100%; min-height: 500px; background: url(https:\/\/ftp3.syscom.mx\/usuarios\/fotos\/MSC5361X12PE\/240177-7bg.png) center center \/ cover no-repeat; margin-bottom: 30px;'>\n<div style='position: relative; z-index: 2; padding: 2rem; display: flex; align-items: center; justify-content: space-between;'>\n<div style='max-width: 45%;'> <img style='width: 100%; height: auto; border: 1px solid rgba(150&comma;150&comma;150&comma;0.3); border-radius: 8px;' src='https:\/\/ftp3.syscom.mx\/usuarios\/fotos\/MSC5361X12PE\/240177-3d-positioning.png' alt='PTZ Auto Tracking'> <\/div>\n<div style='max-width: 45%;'>\n<h3 style='font-size: 22px; border-bottom: 2px solid currentColor; padding-bottom: 5px; margin-top: 0; color: inherit; opacity: 0.8;'>Posicionamiento 3D<\/h3>\n<p style='color: inherit;'>Gracias a un sistema operativo integral&comma; las c\u00e1maras PTZ Milesight se controlan f\u00e1cilmente. Para monitorear la regi\u00f3n de inter\u00e9s con m\u00e1s detalle&comma; los operadores pueden ajustar el \u00e1ngulo de visi\u00f3n y el zoom de las c\u00e1maras con solo usar el rat\u00f3n.<\/p>\n<\/p><\/div>\n<\/p><\/div>\n<\/p><\/div>\n<div style='position: relative; width: 100%; min-height: 500px; background: url(https:\/\/ftp3.syscom.mx\/usuarios\/fotos\/MSC5361X12PE\/240177-6bg.png) center center \/ cover no-repeat; margin-bottom: 30px; padding: 4rem 1rem;'>\n<div style='position: relative; z-index: 2; display: flex; flex-direction: column; align-items: center; text-align: center;'>\n<h3 style='font-size: 22px; border-bottom: 2px solid currentColor; padding-bottom: 5px; margin-top: 0; color: inherit; opacity: 0.8;'>M\u00e1scara de privacidad PTZ<\/h3>\n<p style='color: inherit; max-width: 800px;'>Al adoptar funciones de anonimizaci\u00f3n y limitaci\u00f3n para una mayor protecci\u00f3n de la privacidad&comma; Milesight admite m\u00e1scara de privacidad 3D en todas las c\u00e1maras Al PTZ con su sistema de coordenadas&comma; que mantiene el \u00e1rea especificada enmascarada para que no se pueda monitorear mediante operaciones manuales&comma; sin importar c\u00f3mo se muevan&comma; inclinen o acerquen las c\u00e1maras.<\/p>\n<div style='width: 100%; max-width: 1038px; margin-top: 20px;'> <img style='width: 100%; height: auto; border: 1px solid rgba(150&comma;150&comma;150&comma;0.3); border-radius: 8px;' src='https:\/\/ftp3.syscom.mx\/usuarios\/fotos\/MSC2941X30TPE\/240185-ptz-privacy-mask.png' alt=''> <\/div>\n<\/p><\/div>\n<\/p><\/div>\n<div style='margin-bottom: 30px;'>\n<h3 style='font-size: 22px; border-bottom: 2px solid currentColor; padding-bottom: 5px; margin-top: 0; color: inherit; opacity: 0.8;'>Calidad de imagen superior<\/h3>\n<p style='color: inherit;'>Gracias a sus avanzados algoritmos de procesamiento de imagen y al sensor SONY STARVIS&comma; logra un excelente rendimiento de imagen&comma; incluso en condiciones de iluminaci\u00f3n dif\u00edciles. Sus caracter\u00edsticas de 0&comma;005 lux en condiciones de luz ultrabaja&comma; Super WDR Pro de 140 dB y alta velocidad de fotogramas de 90 fps la hacen ideal para diversas situaciones especiales.<\/p>\n<div style='width: 100%; margin-top: 20px;'> <img style='width: 100%; height: auto; border: 1px solid rgba(150&comma;150&comma;150&comma;0.3); border-radius: 8px;' src='https:\/\/ftp3.syscom.mx\/usuarios\/fotos\/MSC2941X30TPE\/240185-intento1.gif' alt='C\u00e1mara Milesight'> <\/div>\n<\/p><\/div>\n<div style='position: relative; width: 100%; min-height: 400px; background: url(https:\/\/ftp3.syscom.mx\/usuarios\/fotos\/MSC2941X30TPE\/240185-ip66-ik10.jpg) center center \/ cover no-repeat; margin-bottom: 30px;'>\n<div style='position: relative; z-index: 2; padding: 2rem; display: flex; align-items: center;'>\n<div style='max-width: 50%;'>\n<h3 style='font-size: 22px; border-bottom: 2px solid currentColor; padding-bottom: 5px; margin-top: 0; color: inherit; opacity: 0.8;'>IP66 e IK10 (opcional para IK10)<\/h3>\n<p style='color: inherit;'>Equipada con protecci\u00f3n contra la intemperie con clasificaci\u00f3n IP66 l\u00edder en la industria y protecci\u00f3n contra vandalismo con clasificaci\u00f3n IK10&comma; la c\u00e1mara est\u00e1 bien protegida contra impactos adversos para garantizar un rendimiento s\u00f3lido.<\/p>\n<p style='color: inherit;'>*IK10 es opcional para versiones sin limpiaparabrisas.<\/p>\n<\/p><\/div>\n<\/p><\/div>\n<\/p><\/div>\n<div style='margin-bottom: 30px;'>\n<h3 style='font-size: 22px; border-bottom: 2px solid currentColor; padding-bottom: 5px; margin-top: 0; color: inherit; opacity: 0.8;'>F\u00e1cil implementaci\u00f3n y estructura compacta<\/h3>\n<p style='color: inherit;'>Para satisfacer las diferentes necesidades de los clientes&comma; la c\u00e1mara domo de alta velocidad AI 25X\/30X ofrece una amplia selecci\u00f3n de lentes con enfoque autom\u00e1tico. Adem\u00e1s&comma; el limpiaparabrisas inteligente con sensor de lluvia y el ventilador integrado garantizan un rendimiento robusto&comma; mientras que la caja de conexiones integrada facilita su instalaci\u00f3n&comma; incluso en entornos complejos.<\/p>\n<div style='width: 100%; margin-top: 20px;'> <img style='width: 100%; height: auto; border: 1px solid rgba(150&comma;150&comma;150&comma;0.3); border-radius: 8px;' src='https:\/\/ftp3.syscom.mx\/usuarios\/fotos\/MSC2941X30TPE\/240185-img5.png' alt='C\u00e1mara Milesight'> <\/div>\n<\/p><\/div>\n<div style='display: flex; flex-wrap: wrap; gap: 30px; margin-bottom: 30px;'>\n<div style='flex: 1 1 300px; min-width: 280px;'> <img style='width: 100%; height: auto; border: 1px solid rgba(150&comma;150&comma;150&comma;0.3); border-radius: 8px;' src='https:\/\/ftp3.syscom.mx\/usuarios\/fotos\/MSC2941X30TPE\/240185-optional2.png' alt=''> <\/div>\n<div style='flex: 1 1 300px; min-width: 280px;'>\n<h3 style='font-size: 22px; border-bottom: 2px solid currentColor; padding-bottom: 5px; margin-top: 0; color: inherit; opacity: 0.8;'>Varios accesorios opcionales<\/h3>\n<p style='color: inherit;'>Hay varios accesorios disponibles para satisfacer diferentes necesidades de instalaci\u00f3n&comma; como montaje colgante o montaje en pared&comma; logrando una instalaci\u00f3n sin complicaciones para proyectos de tr\u00e1fico.<\/p>\n<\/p><\/div>\n<\/p><\/div>\n<\/p><\/div>\n","protected":false},"excerpt":{"rendered":"<p>C\u00e1mara de Red Tipo Domo AI Zoom \u00d3ptico 42X \/ 4K HD 30fps \/ 140dB Super WDR \/ Control PTZ Inteligente \/ IR 300m \/ IP66 IK10<\/p>\n","protected":false},"featured_media":100640,"comment_status":"open","ping_status":"closed","template":"","meta":[],"product_brand":[],"product_cat":[2056],"product_tag":[122,2057,1455],"class_list":{"0":"post-100641","1":"product","2":"type-product","3":"status-publish","4":"has-post-thumbnail","6":"product_cat-domo-eyeball-turret","7":"product_tag-camaras-ip-y-nvrs","8":"product_tag-domo-eyeball-turret","9":"product_tag-milesight","11":"first","12":"outofstock","13":"sale","14":"shipping-taxable","15":"purchasable","16":"product-type-simple"},"_links":{"self":[{"href":"https:\/\/soydeaqui.ddns.net\/pachuca\/index.php\/wp-json\/wp\/v2\/product\/100641","targetHints":{"allow":["GET"]}}],"collection":[{"href":"https:\/\/soydeaqui.ddns.net\/pachuca\/index.php\/wp-json\/wp\/v2\/product"}],"about":[{"href":"https:\/\/soydeaqui.ddns.net\/pachuca\/index.php\/wp-json\/wp\/v2\/types\/product"}],"replies":[{"embeddable":true,"href":"https:\/\/soydeaqui.ddns.net\/pachuca\/index.php\/wp-json\/wp\/v2\/comments?post=100641"}],"wp:featuredmedia":[{"embeddable":true,"href":"https:\/\/soydeaqui.ddns.net\/pachuca\/index.php\/wp-json\/wp\/v2\/media\/100640"}],"wp:attachment":[{"href":"https:\/\/soydeaqui.ddns.net\/pachuca\/index.php\/wp-json\/wp\/v2\/media?parent=100641"}],"wp:term":[{"taxonomy":"product_brand","embeddable":true,"href":"https:\/\/soydeaqui.ddns.net\/pachuca\/index.php\/wp-json\/wp\/v2\/product_brand?post=100641"},{"taxonomy":"product_cat","embeddable":true,"href":"https:\/\/soydeaqui.ddns.net\/pachuca\/index.php\/wp-json\/wp\/v2\/product_cat?post=100641"},{"taxonomy":"product_tag","embeddable":true,"href":"https:\/\/soydeaqui.ddns.net\/pachuca\/index.php\/wp-json\/wp\/v2\/product_tag?post=100641"}],"curies":[{"name":"wp","href":"https:\/\/api.w.org\/{rel}","templated":true}]}}