{"id":100626,"date":"2026-03-20T11:23:17","date_gmt":"2026-03-20T11:23:17","guid":{"rendered":"https:\/\/soydeaqui.ddns.net\/pachuca\/index.php\/producto\/camara-bullet-plus-de-red-2mp-ai-4x-enfoque-automatico-ir-inteligente-wdr-140db-tarjeta-microsd-hasta-256gb-ip67-ik10-analisis-de-video-ai-compresion-h-265\/"},"modified":"2026-03-20T11:23:33","modified_gmt":"2026-03-20T11:23:33","slug":"camara-bullet-plus-de-red-2mp-ai-4x-enfoque-automatico-ir-inteligente-wdr-140db-tarjeta-microsd-hasta-256gb-ip67-ik10-analisis-de-video-ai-compresion-h-265","status":"publish","type":"product","link":"https:\/\/soydeaqui.ddns.net\/pachuca\/index.php\/producto\/camara-bullet-plus-de-red-2mp-ai-4x-enfoque-automatico-ir-inteligente-wdr-140db-tarjeta-microsd-hasta-256gb-ip67-ik10-analisis-de-video-ai-compresion-h-265\/","title":{"rendered":"C\u00e1mara Bullet Plus de Red 2MP \/ AI 4X \/ Enfoque Autom\u00e1tico \/ IR Inteligente \/ WDR 140dB \/ Tarjeta MicroSD hasta 256GB \/ IP67 \/ IK10 \/ An\u00e1lisis de Video AI \/ Compresi\u00f3n H.265+"},"content":{"rendered":"<div style='width: 100%; max-width: 1200px; margin: 0 auto; font-family: sans-serif; line-height: 1.6; color: inherit; background-color: transparent;'>\n<div style='width: 100%; margin-bottom: 30px;'> <img style='width: 100%; height: auto; border: 1px solid rgba(150&comma;150&comma;150&comma;0.3); border-radius: 8px;' src='https:\/\/ftp3.syscom.mx\/usuarios\/fotos\/MSC5366X12PE\/240173-img1.png' alt=''> <\/div>\n<div style='position: relative; width: 100%; min-height: 400px; margin-bottom: 30px;'>\n<div style='position: absolute; top: 0; left: 0; width: 100%; height: 100%; background-image: url('https:\/\/ftp3.syscom.mx\/usuarios\/fotos\/MSC5366X12PE\/240173-img2.jpg'); background-size: cover; background-position: center; z-index: 1;'><\/div>\n<div style='position: relative; z-index: 2; padding: 2rem; display: flex; align-items: center; height: 100%;'>\n<div style='max-width: 50%;'>\n<h2 style='font-size: 24px; margin-top: 0; color: inherit;'>La IA potencia la seguridad<\/h2>\n<p style='color: inherit;'>La c\u00e1mara Milesight AI con algoritmos de IA de aprendizaje profundo puede filtrar objetos de forma inteligente para centrarse en la detecci\u00f3n de personas y veh\u00edculos&comma; adapt\u00e1ndose a diversas situaciones para ayudar a mejorar la eficiencia y la seguridad del monitoreo.<\/p>\n<\/p><\/div>\n<\/p><\/div>\n<\/p><\/div>\n<div style='position: relative; width: 100%; min-height: 400px; margin-bottom: 30px;'>\n<div style='position: absolute; top: 0; left: 0; width: 100%; height: 100%; background-image: url('https:\/\/ftp3.syscom.mx\/usuarios\/fotos\/MSC5366X12PE\/240173-img3.jpg'); background-size: cover; background-position: center; z-index: 1;'><\/div>\n<div style='position: relative; z-index: 2; padding: 2rem; display: flex; align-items: center; justify-content: flex-end; height: 100%;'>\n<div style='max-width: 50%; text-align: right;'>\n<h2 style='font-size: 24px; margin-top: 0; color: inherit;'>Zoom \u00f3ptico 4X\/12X<\/h2>\n<p style='color: inherit;'>El zoom \u00f3ptico 4X\/12X puede acercar objetos distantes manteniendo la claridad y brindando video de alta calidad en toda la imagen.<\/p>\n<\/p><\/div>\n<\/p><\/div>\n<\/p><\/div>\n<div style='display: flex; flex-wrap: wrap; gap: 30px; margin-bottom: 30px;'>\n<div style='flex: 1 1 300px; min-width: 280px;'>\n<h3 style='font-size: 22px; border-bottom: 2px solid currentColor; padding-bottom: 5px; margin-top: 0; color: inherit; opacity: 0.8;'>S\u00faper WDR de 140 dB<\/h3>\n<p style='color: inherit;'>Grabe mayores detalles de la escena con reproducci\u00f3n de color real incluso en condiciones extremas de contraluz y alto contraste.<\/p>\n<\/p><\/div>\n<div style='flex: 1 1 300px; min-width: 280px;'> <img style='width: 100%; height: auto; border: 1px solid rgba(150&comma;150&comma;150&comma;0.3); border-radius: 8px;' src='https:\/\/ftp3.syscom.mx\/usuarios\/fotos\/MSC5366X12PE\/240173-140-super-wdr.png' alt='S\u00faper WDR de 140 dB'> <\/div>\n<\/p><\/div>\n<div style='position: relative; width: 100%; min-height: 400px; margin-bottom: 30px;'>\n<div style='position: absolute; top: 0; left: 0; width: 100%; height: 100%; background-image: url('https:\/\/ftp3.syscom.mx\/usuarios\/fotos\/MSC5366X12PE\/240173-90fps-high-frame-rate.jpg'); background-size: cover; background-position: center; z-index: 1;'><\/div>\n<div style='position: relative; z-index: 2; padding: 2rem; display: flex; align-items: center; justify-content: flex-end; height: 100%;'>\n<div style='max-width: 50%; text-align: right;'>\n<h2 style='font-size: 24px; margin-top: 0; color: inherit;'>Alta velocidad de cuadros de 90 fps<\/h2>\n<p style='color: inherit;'>Con una velocidad de cuadros l\u00edder en la industria que alcanza los 90 fps&comma; la c\u00e1mara de red Milesight puede capturar im\u00e1genes f\u00e1cilmente sin latencia a pesar del movimiento de alta velocidad.<\/p>\n<\/p><\/div>\n<\/p><\/div>\n<\/p><\/div>\n<div style='position: relative; width: 100%; min-height: 500px; margin-bottom: 30px;'>\n<div style='position: absolute; top: 0; left: 0; width: 100%; height: 100%; background-image: url('https:\/\/ftp3.syscom.mx\/usuarios\/fotos\/MSC5366X12PE\/240173-img4-1.jpg'); background-size: cover; background-position: center; z-index: 1;'><\/div>\n<div style='position: relative; z-index: 2; padding: 2rem; display: flex; align-items: center; justify-content: space-between; height: 100%;'>\n<div style='max-width: 50%;'>\n<h2 style='font-size: 24px; margin-top: 0; color: inherit;'>Tecnolog\u00eda Smart IR II<\/h2>\n<p style='color: inherit;'>La tecnolog\u00eda de LED IR se ha mejorado para ofrecer v\u00eddeos con un alcance de hasta 180 m&comma; lo que mejora la claridad y calidad de imagen. Adem\u00e1s&comma; el brillo de las luces de cruce y de carretera se puede ajustar manual o autom\u00e1ticamente seg\u00fan el zoom.<\/p>\n<\/p><\/div>\n<div style='max-width: 45%;'> <img style='width: 100%; height: auto; border-radius: 12px;' src='https:\/\/ftp3.syscom.mx\/usuarios\/fotos\/MSC5366X12PE\/240173-img4-2.png' alt='Smart IR II'> <\/div>\n<\/p><\/div>\n<\/p><\/div>\n<div style='background-color: transparent; margin-bottom: 30px;'>\n<div style='width: 100%; max-width: 800px; margin: 0 auto; padding: 20px;'>\n<h2 style='font-size: 24px; text-align: center; margin-top: 0; color: inherit;'>Sensor de luz de estrella de 1\/1&comma;8&#8242; y luz ultrabaja de 0&comma;002 lux<\/h2>\n<p style='text-align: center; color: inherit;'>La serie de c\u00e1maras Milesight AI&comma; con sensor Sony STARVIS Starlight de primera categor\u00eda&comma; puede proporcionar im\u00e1genes en color detalladas en condiciones de luz baja e infrarroja cercana hasta 0&comma;002 Lux (color) y 0 Lux (blanco y negro)&comma; sin iluminaci\u00f3n adicional.<\/p>\n<\/p><\/div>\n<div style='width: 100%;'> <img style='width: 100%; height: auto; border: 1px solid rgba(150&comma;150&comma;150&comma;0.3); border-radius: 8px;' src='https:\/\/ftp3.syscom.mx\/usuarios\/fotos\/MSC5366X12PE\/240173-starlight-sensor-lux-light.png' alt='Sensor de luz de estrella'> <\/div>\n<\/p><\/div>\n<div style='display: flex; flex-wrap: wrap; gap: 30px; margin-bottom: 30px;'>\n<div style='flex: 1 1 300px; min-width: 280px;'> <img style='width: 100%; height: auto; border: 1px solid rgba(150&comma;150&comma;150&comma;0.3); border-radius: 8px;' src='https:\/\/ftp3.syscom.mx\/usuarios\/fotos\/MSC5366X12PE\/240173-4k-view.jpg' alt='Experiencia de visualizaci\u00f3n de video 4K'> <\/div>\n<div style='flex: 1 1 300px; min-width: 280px;'>\n<h3 style='font-size: 22px; border-bottom: 2px solid currentColor; padding-bottom: 5px; margin-top: 0; color: inherit; opacity: 0.8;'>Experiencia de visualizaci\u00f3n de video 4K<\/h3>\n<p style='color: inherit;'>Al ofrecer una resoluci\u00f3n 4K (3840*2160&comma; efectivamente cuatro veces m\u00e1s que Full HD)&comma; es posible proporcionar a los usuarios una experiencia de visualizaci\u00f3n de video de ultra alta definici\u00f3n.<\/p>\n<\/p><\/div>\n<\/p><\/div>\n<div style='background-color: rgba(0&comma;0&comma;0&comma;0.9); color: white; text-align: center; padding: 30px; margin-bottom: 30px;'>\n<div style='max-width: 800px; margin: 0 auto;'>\n<h2 style='font-size: 24px; font-weight: bold; margin-top: 0; color: inherit;'>IP67 y IK10<\/h2>\n<p style='color: inherit;'>Equipada con resistencia a la intemperie con clasificaci\u00f3n IP67 l\u00edder en la industria y resistencia al vandalismo con clasificaci\u00f3n IK10&comma; la c\u00e1mara est\u00e1 bien protegida contra impactos adversos para garantizar un rendimiento s\u00f3lido.<\/p>\n<p> <img style='width: 90%; max-width: 800px; height: auto; border: 1px solid rgba(150&comma;150&comma;150&comma;0.3); border-radius: 8px; margin-top: 20px;' src='https:\/\/ftp3.syscom.mx\/usuarios\/fotos\/MSC5366X12PE\/240173-wather-proof-vandal-proof.jpg' alt='IP67 y IK10'> <\/div>\n<\/p><\/div>\n<div style='display: flex; flex-wrap: wrap; gap: 30px; margin-bottom: 30px;'>\n<div style='flex: 1 1 300px; min-width: 280px;'>\n<h3 style='font-size: 22px; border-bottom: 2px solid currentColor; padding-bottom: 5px; margin-top: 0; color: inherit; opacity: 0.8;'>Soporte de gesti\u00f3n de cables integrado<\/h3>\n<p style='color: inherit;'>En la base se encuentran la interfaz de alimentaci\u00f3n&comma; el puerto PoE y otras interfaces. Gracias a la gesti\u00f3n de cables integrada&comma; la instalaci\u00f3n es muy sencilla.<\/p>\n<\/p><\/div>\n<div style='flex: 1 1 300px; min-width: 280px;'> <img style='width: 100%; height: auto; border: 1px solid rgba(150&comma;150&comma;150&comma;0.3); border-radius: 8px;' src='https:\/\/ftp3.syscom.mx\/usuarios\/fotos\/MSC5366X12PE\/240173-integrate-cable-management-bracket.png' alt='Soporte de gesti\u00f3n de cables integrado'> <\/div>\n<\/p><\/div>\n<div style='background-color: transparent; margin-bottom: 30px;'>\n<div style='width: 100%; max-width: 800px; margin: 0 auto; padding: 20px;'>\n<h2 style='font-size: 24px; text-align: center; margin-top: 0; color: inherit;'>Caja de conexiones integrada<\/h2>\n<p style='color: inherit;'>A: El dise\u00f1o creativo tipo concha minimiza las dificultades de instalaci\u00f3n y ampl\u00eda el espacio&comma; facilitando la conexi\u00f3n de cables.<\/p>\n<p style='color: inherit;'>B: El dise\u00f1o redondo de la caja de conexiones oculta los cables en su interior&comma; d\u00e1ndole una apariencia m\u00e1s ordenada y clara.<\/p>\n<\/p><\/div>\n<div style='width: 100%;'> <img style='width: 100%; height: auto; border: 1px solid rgba(150&comma;150&comma;150&comma;0.3); border-radius: 8px;' src='https:\/\/ftp3.syscom.mx\/usuarios\/fotos\/MSC5366X12PE\/240173-integrated-junction-box.jpg' alt='Caja de conexiones integrada'> <\/div>\n<\/p><\/div>\n<div style='position: relative; width: 100%; min-height: 400px; margin-bottom: 30px;'>\n<div style='position: absolute; top: 0; left: 0; width: 100%; height: 100%; background-image: url('https:\/\/ftp3.syscom.mx\/usuarios\/fotos\/MSC5366X12PE\/240173-sip-support.jpg'); background-size: cover; background-position: center; z-index: 1;'><\/div>\n<div style='position: relative; z-index: 2; padding: 2rem; display: flex; align-items: center; height: 100%;'>\n<div style='max-width: 50%;'>\n<h2 style='font-size: 24px; margin-top: 0; color: inherit;'>Soporte SIP\/VoIP<\/h2>\n<p style='color: inherit;'>La c\u00e1mara de red Milesight cuenta con funci\u00f3n SIP\/VoIP l\u00edder en la industria y transmisi\u00f3n de video para tel\u00e9fonos m\u00f3viles y videotel\u00e9fonos.<\/p>\n<\/p><\/div>\n<\/p><\/div>\n<\/p><\/div>\n<\/p><\/div>\n","protected":false},"excerpt":{"rendered":"<p>C\u00e1mara Bullet Plus de Red 2MP \/ AI 4X \/ Enfoque Autom\u00e1tico \/ IR Inteligente \/ WDR 140dB \/ Tarjeta MicroSD hasta 256GB \/ IP67 \/ IK10 \/ An\u00e1lisis de Video AI \/ Compresi\u00f3n H.265+<\/p>\n","protected":false},"featured_media":100625,"comment_status":"open","ping_status":"closed","template":"","meta":[],"product_brand":[],"product_cat":[438],"product_tag":[439,122,1455],"class_list":{"0":"post-100626","1":"product","2":"type-product","3":"status-publish","4":"has-post-thumbnail","6":"product_cat-bala","7":"product_tag-bala","8":"product_tag-camaras-ip-y-nvrs","9":"product_tag-milesight","11":"first","12":"outofstock","13":"sale","14":"shipping-taxable","15":"purchasable","16":"product-type-simple"},"_links":{"self":[{"href":"https:\/\/soydeaqui.ddns.net\/pachuca\/index.php\/wp-json\/wp\/v2\/product\/100626","targetHints":{"allow":["GET"]}}],"collection":[{"href":"https:\/\/soydeaqui.ddns.net\/pachuca\/index.php\/wp-json\/wp\/v2\/product"}],"about":[{"href":"https:\/\/soydeaqui.ddns.net\/pachuca\/index.php\/wp-json\/wp\/v2\/types\/product"}],"replies":[{"embeddable":true,"href":"https:\/\/soydeaqui.ddns.net\/pachuca\/index.php\/wp-json\/wp\/v2\/comments?post=100626"}],"wp:featuredmedia":[{"embeddable":true,"href":"https:\/\/soydeaqui.ddns.net\/pachuca\/index.php\/wp-json\/wp\/v2\/media\/100625"}],"wp:attachment":[{"href":"https:\/\/soydeaqui.ddns.net\/pachuca\/index.php\/wp-json\/wp\/v2\/media?parent=100626"}],"wp:term":[{"taxonomy":"product_brand","embeddable":true,"href":"https:\/\/soydeaqui.ddns.net\/pachuca\/index.php\/wp-json\/wp\/v2\/product_brand?post=100626"},{"taxonomy":"product_cat","embeddable":true,"href":"https:\/\/soydeaqui.ddns.net\/pachuca\/index.php\/wp-json\/wp\/v2\/product_cat?post=100626"},{"taxonomy":"product_tag","embeddable":true,"href":"https:\/\/soydeaqui.ddns.net\/pachuca\/index.php\/wp-json\/wp\/v2\/product_tag?post=100626"}],"curies":[{"name":"wp","href":"https:\/\/api.w.org\/{rel}","templated":true}]}}