{"id":100616,"date":"2026-03-20T11:22:40","date_gmt":"2026-03-20T11:22:40","guid":{"rendered":"https:\/\/soydeaqui.ddns.net\/pachuca\/index.php\/producto\/camara-de-red-bullet-ptz-12x-zoom-optico-12x-smart-ir-ii-alta-tasa-de-cuadros-100fps-super-wdr-pro-3-en-1-proteccion-ip66-integracion-onvif\/"},"modified":"2026-03-20T11:22:40","modified_gmt":"2026-03-20T11:22:40","slug":"camara-de-red-bullet-ptz-12x-zoom-optico-12x-smart-ir-ii-alta-tasa-de-cuadros-100fps-super-wdr-pro-3-en-1-proteccion-ip66-integracion-onvif","status":"publish","type":"product","link":"https:\/\/soydeaqui.ddns.net\/pachuca\/index.php\/producto\/camara-de-red-bullet-ptz-12x-zoom-optico-12x-smart-ir-ii-alta-tasa-de-cuadros-100fps-super-wdr-pro-3-en-1-proteccion-ip66-integracion-onvif\/","title":{"rendered":"C\u00e1mara de Red Bullet PTZ 12X \/ Zoom \u00d3ptico 12X \/ Smart IR II \/ Alta Tasa de Cuadros 100fps  \/ Super WDR Pro 3 en 1 \/ Protecci\u00f3n IP66 \/ Integraci\u00f3n Onvif"},"content":{"rendered":"<div style='width: 100%; max-width: 1200px; margin: 0 auto; font-family: sans-serif; line-height: 1.6; color: inherit; background-color: transparent;'> <!-- Imagen principal --> <\/p>\n<div style='width: 100%; margin-bottom: 30px;'> <img style='width: 100%; height: auto; border: 1px solid rgba(150&comma;150&comma;150&comma;0.3); border-radius: 8px;' src='https:\/\/ftp3.syscom.mx\/usuarios\/fotos\/MSC2967X12RPE\/240198-captura_de_pantalla_2025-05-05_103411.png' alt='Captura de pantalla'> <\/div>\n<p> <!-- Videos de YouTube --> <\/p>\n<div style='display: flex; flex-wrap: wrap; gap: 20px; margin-bottom: 30px;'>\n<div style='flex: 1 1 300px; min-width: 280px;'>\n<div style='position: relative; padding-bottom: 56.25%; height: 0; overflow: hidden;'>   <\/div>\n<\/p><\/div>\n<div style='flex: 1 1 300px; min-width: 280px;'>\n<div style='position: relative; padding-bottom: 56.25%; height: 0; overflow: hidden;'>   <\/div>\n<\/p><\/div>\n<div style='flex: 1 1 300px; min-width: 280px;'>\n<div style='position: relative; padding-bottom: 56.25%; height: 0; overflow: hidden;'>   <\/div>\n<\/p><\/div>\n<\/p><\/div>\n<p> <!-- Secci\u00f3n con fondo de imagen y texto encima --> <\/p>\n<div style='position: relative; margin-bottom: 30px;'>\n<div style='position: absolute; top: 0; left: 0; width: 100%; height: 100%; background-image: url('https:\/\/ftp3.syscom.mx\/usuarios\/fotos\/MSC5366X12PE\/240173-img2.jpg'); background-size: cover; background-position: center; z-index: 1;'><\/div>\n<div style='position: relative; z-index: 2; padding: 2rem; display: flex; align-items: center; min-height: 400px;'>\n<div style='max-width: 50%;'>\n<h3 style='font-size: 24px; margin-top: 0; margin-bottom: 15px; color: inherit;'>La IA potencia la seguridad<\/h3>\n<p style='font-size: 15px; color: inherit;'>La c\u00e1mara Milesight AI con algoritmos de IA de aprendizaje profundo puede filtrar objetos de forma inteligente para centrarse en la detecci\u00f3n de personas y veh\u00edculos&comma; adapt\u00e1ndose a diversas situaciones para ayudar a mejorar la eficiencia y la seguridad del monitoreo.<\/p>\n<\/p><\/div>\n<\/p><\/div>\n<\/p><\/div>\n<p> <!-- Secci\u00f3n de texto con imagen --> <\/p>\n<div style='margin-bottom: 30px;'>\n<div style='text-align: center; padding: 1rem; background-color: rgba(255&comma;255&comma;255&comma;0.9); color: inherit;'>\n<h3 style='font-size: 22px; margin-top: 0; margin-bottom: 15px; color: inherit;'>Tareas flexibles de panor\u00e1mica&comma; inclinaci\u00f3n y zoom<\/h3>\n<p style='font-size: 15px; color: inherit;'>La c\u00e1mara PTZ Milesight ofrece rotaci\u00f3n r\u00e1pida y precisa de 360\u00b0 y 75\u00b0 de inclinaci\u00f3n para supervisar una amplia gama de territorio. El usuario puede configurar f\u00e1cilmente hasta 300 posiciones predefinidas&comma; hasta 8 rutas de patrullaje y un m\u00e1ximo de 4 patrones de rutas de operaci\u00f3n manual. Adem\u00e1s&comma; puede programar tareas PTZ espec\u00edficas por fecha y hora.<\/p>\n<\/p><\/div>\n<div style='margin-top: 20px; text-align: center;'> <img style='width: 90%; max-width: 1170px; border: 1px solid rgba(150&comma;150&comma;150&comma;0.3); border-radius: 8px;' src='https:\/\/ftp3.syscom.mx\/usuarios\/fotos\/MSC2967X12RPE\/240198-flexible-pan-tilt-and-zoom-tasks.jpg' alt='C\u00e1mara Milesight'> <\/div>\n<\/p><\/div>\n<p> <!-- Secci\u00f3n de imagen y texto --> <\/p>\n<div style='display: flex; flex-wrap: wrap; align-items: center; margin-bottom: 30px;'>\n<div style='flex: 1 1 300px; min-width: 280px; margin-bottom: 20px;'> <img style='width: 100%; height: auto; border: 1px solid rgba(150&comma;150&comma;150&comma;0.3); border-radius: 8px;' src='https:\/\/ftp3.syscom.mx\/usuarios\/fotos\/MSC2967X12RPE\/240198-intelligent-white-led.png' alt='LED blanco inteligente'> <\/div>\n<div style='flex: 1 1 300px; min-width: 280px;'>\n<h3 style='font-size: 22px; margin-top: 0; margin-bottom: 15px; color: inherit;'>LED blanco inteligente<\/h3>\n<p style='font-size: 15px; color: inherit;'>Con un \u00e1ngulo de visi\u00f3n de 15\u00b0&comma; el LED blanco puede utilizarse como fuente de luz complementaria y se\u00f1al de advertencia por la noche. Su brillo se puede ajustar seg\u00fan el nivel de zoom para satisfacer las necesidades del proyecto.<\/p>\n<\/p><\/div>\n<\/p><\/div>\n<p> <!-- Secci\u00f3n con fondo de imagen y texto encima con imagen adicional --> <\/p>\n<div style='position: relative; margin-bottom: 30px;'>\n<div style='position: absolute; top: 0; left: 0; width: 100%; height: 100%; background-image: url('https:\/\/ftp3.syscom.mx\/usuarios\/fotos\/MSC5361X12PE\/240177-6bg.png'); background-size: cover; background-position: center; z-index: 1; min-height: 400px;'><\/div>\n<div style='position: relative; z-index: 2; padding: 2rem; display: flex; align-items: center; justify-content: space-between; min-height: 400px;'>\n<div style='max-width: 50%;'>\n<h3 style='font-size: 22px; margin-top: 0; margin-bottom: 15px; color: inherit;'>Seguimiento autom\u00e1tico PTZ<\/h3>\n<p style='font-size: 15px; color: inherit;'>Al crear un modelo 3D dentro del rango de monitoreo&comma; las c\u00e1maras PTZ de Milesight marcan y rastrean el objeto despu\u00e9s de la detecci\u00f3n y selecci\u00f3n del objetivo para garantizar que el objeto mantenga una proporci\u00f3n fija para obtener excelentes vistas de seguimiento controlando autom\u00e1ticamente la direcci\u00f3n y el nivel de zoom.<\/p>\n<\/p><\/div>\n<div style='max-width: 45%;'> <img style='width: 100%; height: auto; border: 1px solid rgba(150&comma;150&comma;150&comma;0.3); border-radius: 8px;' src='https:\/\/ftp3.syscom.mx\/usuarios\/fotos\/MSC2967X12RPE\/240198-ptz-auto-tracking.png' alt='Seguimiento autom\u00e1tico PTZ'> <\/div>\n<\/p><\/div>\n<\/p><\/div>\n<p> <!-- Secci\u00f3n con imagen y texto&comma; texto centrado --> <\/p>\n<div style='position: relative; margin-bottom: 30px;'>\n<div style='position: absolute; top: 0; left: 0; width: 100%; height: 100%; background-image: url('https:\/\/ftp3.syscom.mx\/usuarios\/fotos\/MSC5361X12PE\/240177-7bg.png'); background-size: cover; background-position: center; z-index: 1; min-height: 440px;'><\/div>\n<div style='position: relative; z-index: 2; padding: 4rem 2rem; display: flex; align-items: center; justify-content: space-between; flex-wrap: wrap;'>\n<div style='flex: 1 1 300px; min-width: 280px; margin-bottom: 20px;'> <img style='width: 100%; height: auto; border: 1px solid rgba(150&comma;150&comma;150&comma;0.3); border-radius: 8px;' src='https:\/\/ftp3.syscom.mx\/usuarios\/fotos\/MSC5361X12PE\/240177-3d-positioning.png' alt='Posicionamiento 3D'> <\/div>\n<div style='flex: 1 1 300px; min-width: 280px;'>\n<h3 style='font-size: 22px; margin-top: 0; margin-bottom: 15px; color: inherit;'>Posicionamiento 3D<\/h3>\n<p style='font-size: 15px; color: inherit;'>Gracias a un sistema operativo integral&comma; las c\u00e1maras PTZ Milesight se controlan f\u00e1cilmente. Para monitorear la regi\u00f3n de inter\u00e9s con m\u00e1s detalle&comma; los operadores pueden ajustar el \u00e1ngulo de visi\u00f3n y el zoom de las c\u00e1maras con solo usar el rat\u00f3n.<\/p>\n<\/p><\/div>\n<\/p><\/div>\n<\/p><\/div>\n<p> <!-- Secci\u00f3n con fondo de imagen y texto encima con imagen adicional --> <\/p>\n<div style='position: relative; margin-bottom: 30px;'>\n<div style='position: absolute; top: 0; left: 0; width: 100%; height: 100%; background-image: url('https:\/\/ftp3.syscom.mx\/usuarios\/fotos\/MSC5366X12PE\/240173-img4-1.jpg'); background-size: cover; background-position: center; z-index: 1; min-height: 430px;'><\/div>\n<div style='position: relative; z-index: 2; padding: 2rem; display: flex; align-items: center; justify-content: space-between; min-height: 430px;'>\n<div style='max-width: 49%;'>\n<h3 style='font-size: 22px; margin-top: 0; margin-bottom: 15px; color: inherit;'>Calidad de imagen superior<\/h3>\n<p style='font-size: 15px; color: inherit;'>Gracias a sus avanzados algoritmos de procesamiento de imagen y al sensor SONY STARVIS&comma; logra un excelente rendimiento de imagen&comma; incluso en condiciones de iluminaci\u00f3n dif\u00edciles. Sus caracter\u00edsticas de 0&comma;005 lux en condiciones de luz ultrabaja&comma; Super WDR Pro de 140 dB y alta velocidad de fotogramas de 90 fps la hacen ideal para diversas circunstancias especiales.<\/p>\n<\/p><\/div>\n<div style='max-width: 50%;'> <img style='width: 100%; height: auto; border: 1px solid rgba(150&comma;150&comma;150&comma;0.3); border-radius: 8px;' src='https:\/\/ftp3.syscom.mx\/usuarios\/fotos\/MSC5361X12PE\/240177-intento1.gif' alt='Calidad de imagen superior'> <\/div>\n<\/p><\/div>\n<\/p><\/div>\n<p> <!-- Secci\u00f3n de texto con imagen --> <\/p>\n<div style='margin-bottom: 30px;'>\n<div style='text-align: center; padding: 1rem; background-color: rgba(255&comma;255&comma;255&comma;0.9); color: inherit;'>\n<h3 style='font-size: 22px; margin-top: 0; margin-bottom: 15px; color: inherit;'>F\u00e1cil implementaci\u00f3n y estructura compacta<\/h3>\n<p style='font-size: 15px; color: inherit;'>Para mejorar la claridad visual&comma; la c\u00e1mara de red bala PTZ Milesight AI 12X incorpora un lente de enfoque autom\u00e1tico de 12X y una innovadora tecnolog\u00eda de desempa\u00f1ado que combina un ventilador inteligente con los algoritmos correspondientes. Adem\u00e1s&comma; la caja de conexiones integrada y las m\u00faltiples interfaces de la c\u00e1mara facilitan su instalaci\u00f3n&comma; incluso en entornos complejos.<\/p>\n<\/p><\/div>\n<div style='margin-top: 20px; text-align: center;'> <img style='width: 90%; max-width: 1336px; border: 1px solid rgba(150&comma;150&comma;150&comma;0.3); border-radius: 8px;' src='https:\/\/ftp3.syscom.mx\/usuarios\/fotos\/MSC2967X12RPE\/240198-easy-deployment-and-compact-structure.png' alt='C\u00e1mara Milesight'> <\/div>\n<\/p><\/div>\n<p> <!-- Secci\u00f3n de instalaci\u00f3n --> <\/p>\n<div style='position: relative; margin-bottom: 30px;'>\n<div style='position: absolute; top: 0; left: 0; width: 100%; height: 100%; background-image: url('https:\/\/ftp3.syscom.mx\/usuarios\/fotos\/MSC5361X12PE\/240177-8bg.png'); background-size: cover; background-position: center; z-index: 1; min-height: 410px;'><\/div>\n<div style='position: relative; z-index: 2; padding: 2rem; display: flex; flex-direction: column; align-items: center; text-align: center;'>\n<h3 style='font-size: 22px; margin-top: 0; margin-bottom: 15px; color: inherit;'>Varios modos de instalaci\u00f3n<\/h3>\n<p style='max-width: 800px; margin-bottom: 20px; font-size: 15px; color: inherit;'>Con dos modos de instalaci\u00f3n: montaje en pared y montaje en pedestal&comma; la c\u00e1mara bala PTZ Milesight satisface con creces las necesidades de instalaci\u00f3n de diferentes escenarios de aplicaci\u00f3n. Sus innovadores modos permiten optimizar la calidad seg\u00fan las necesidades del cliente&comma; lo que la convierte en una opci\u00f3n inigualable.<\/p>\n<div style='display: flex; flex-wrap: wrap; justify-content: center; gap: 20px;'>\n<div style='flex: 1 1 300px; min-width: 280px;'> <img style='width: 100%; height: auto; border: 1px solid rgba(150&comma;150&comma;150&comma;0.3); border-radius: 8px;' src='https:\/\/ftp3.syscom.mx\/usuarios\/fotos\/MSC2967X12RPE\/240198-various-installation-modes-pedestal-mount.png' alt='Pedestal Mount'> <\/div>\n<div style='flex: 1 1 300px; min-width: 280px;'> <img style='width: 100%; height: auto; border: 1px solid rgba(150&comma;150&comma;150&comma;0.3); border-radius: 8px;' src='https:\/\/ftp3.syscom.mx\/usuarios\/fotos\/MSC2967X12RPE\/240198-various-installation-modes-wall-mount.png' alt='Wall Mount'> <\/div>\n<\/p><\/div>\n<\/p><\/div>\n<\/p><\/div>\n<p> <!-- Secci\u00f3n con fondo de imagen y texto encima con imagen adicional --> <\/p>\n<div style='position: relative; margin-bottom: 30px;'>\n<div style='position: absolute; top: 0; left: 0; width: 100%; height: 100%; background-image: url('https:\/\/ftp3.syscom.mx\/usuarios\/fotos\/MSC2967X12RPE\/240198-10bg.png'); background-size: cover; background-position: center; z-index: 1; min-height: 375px;'><\/div>\n<div style='position: relative; z-index: 2; padding: 2rem; display: flex; align-items: center; justify-content: space-between; min-height: 375px;'>\n<div style='max-width: 49%;'>\n<h3 style='font-size: 22px; margin-top: 0; margin-bottom: 15px; color: inherit;'>Soporte SIP\/VoIP<\/h3>\n<p style='font-size: 15px; color: inherit;'>La c\u00e1mara de red Milesight cuenta con funci\u00f3n SIP\/VoIP l\u00edder en la industria y transmisi\u00f3n de video para tel\u00e9fonos m\u00f3viles y videotel\u00e9fonos.<\/p>\n<\/p><\/div>\n<div style='max-width: 50%;'> <img style='width: 100%; height: auto; border: 1px solid rgba(150&comma;150&comma;150&comma;0.3); border-radius: 8px;' src='https:\/\/ftp3.syscom.mx\/usuarios\/fotos\/MSC2967X12RPE\/240198-sip-voip-support.png' alt='Soporte SIP\/VoIP'> <\/div>\n<\/p><\/div>\n<\/p><\/div>\n<\/p><\/div>\n","protected":false},"excerpt":{"rendered":"<p>C\u00e1mara de Red Bullet PTZ 12X \/ Zoom \u00d3ptico 12X \/ Smart IR II \/ Alta Tasa de Cuadros 100fps  \/ Super WDR Pro 3 en 1 \/ Protecci\u00f3n IP66 \/ Integraci\u00f3n Onvif<\/p>\n","protected":false},"featured_media":100615,"comment_status":"open","ping_status":"closed","template":"","meta":[],"product_brand":[],"product_cat":[438],"product_tag":[439,122,1455],"class_list":{"0":"post-100616","1":"product","2":"type-product","3":"status-publish","4":"has-post-thumbnail","6":"product_cat-bala","7":"product_tag-bala","8":"product_tag-camaras-ip-y-nvrs","9":"product_tag-milesight","11":"first","12":"outofstock","13":"sale","14":"shipping-taxable","15":"purchasable","16":"product-type-simple"},"_links":{"self":[{"href":"https:\/\/soydeaqui.ddns.net\/pachuca\/index.php\/wp-json\/wp\/v2\/product\/100616","targetHints":{"allow":["GET"]}}],"collection":[{"href":"https:\/\/soydeaqui.ddns.net\/pachuca\/index.php\/wp-json\/wp\/v2\/product"}],"about":[{"href":"https:\/\/soydeaqui.ddns.net\/pachuca\/index.php\/wp-json\/wp\/v2\/types\/product"}],"replies":[{"embeddable":true,"href":"https:\/\/soydeaqui.ddns.net\/pachuca\/index.php\/wp-json\/wp\/v2\/comments?post=100616"}],"wp:featuredmedia":[{"embeddable":true,"href":"https:\/\/soydeaqui.ddns.net\/pachuca\/index.php\/wp-json\/wp\/v2\/media\/100615"}],"wp:attachment":[{"href":"https:\/\/soydeaqui.ddns.net\/pachuca\/index.php\/wp-json\/wp\/v2\/media?parent=100616"}],"wp:term":[{"taxonomy":"product_brand","embeddable":true,"href":"https:\/\/soydeaqui.ddns.net\/pachuca\/index.php\/wp-json\/wp\/v2\/product_brand?post=100616"},{"taxonomy":"product_cat","embeddable":true,"href":"https:\/\/soydeaqui.ddns.net\/pachuca\/index.php\/wp-json\/wp\/v2\/product_cat?post=100616"},{"taxonomy":"product_tag","embeddable":true,"href":"https:\/\/soydeaqui.ddns.net\/pachuca\/index.php\/wp-json\/wp\/v2\/product_tag?post=100616"}],"curies":[{"name":"wp","href":"https:\/\/api.w.org\/{rel}","templated":true}]}}