{"id":10061,"date":"2026-03-18T07:30:35","date_gmt":"2026-03-18T07:30:35","guid":{"rendered":"https:\/\/soydeaqui.ddns.net\/pachuca\/index.php\/producto\/bobina-de-cable-utp-305-metros-1000-pies-de-cobre-tx6000-pannet-reelex-rojo-categora-6-mejorado-23-awg-pvc-cm-de-4-pares\/"},"modified":"2026-03-18T07:30:36","modified_gmt":"2026-03-18T07:30:36","slug":"bobina-de-cable-utp-305-metros-1000-pies-de-cobre-tx6000-pannet-reelex-rojo-categora-6-mejorado-23-awg-pvc-cm-de-4-pares","status":"publish","type":"product","link":"https:\/\/soydeaqui.ddns.net\/pachuca\/index.php\/producto\/bobina-de-cable-utp-305-metros-1000-pies-de-cobre-tx6000-pannet-reelex-rojo-categora-6-mejorado-23-awg-pvc-cm-de-4-pares\/","title":{"rendered":"Bobina de Cable UTP 305 Metros (1000 Pies) de Cobre, TX6000? PanNet, Reelex, Rojo, Categor?a 6 Mejorado (23 AWG), PVC (CM), de 4 Pares"},"content":{"rendered":"<div style='width: 100%; max-width: 1200px; margin: 0 auto; font-family: sans-serif; line-height: 1.6; color: inherit; background-color: transparent;'> <!-- Secci\u00f3n de descripci\u00f3n --> <\/p>\n<div style='margin-bottom: 30px; font-size: 15px; color: inherit;'>\n<p style='margin-top: 0; margin-bottom: 15px;'>Los sistemas de cableado de cobre Panduit \u2122 TX6000\u2122 U\/UTP est\u00e1n dise\u00f1ados para un rendimiento \u00f3ptimo de la red&comma; flexibilidad de dise\u00f1o y confiabilidad para proteger las inversiones de la red en el futuro. Cada sistema proporciona a los usuarios una garant\u00eda de espacio libre que exceder\u00e1 los est\u00e1ndares ANSI\/TIA-568-2.D Categor\u00eda 6 e ISO 11801 Edici\u00f3n 2.1 Clase E para los siguientes par\u00e1metros el\u00e9ctricos clave: p\u00e9rdida de inserci\u00f3n (IL)&comma; diafon\u00eda de extremo cercano (NEXT)&comma; Power Sum NEXT&comma; ACR-N&comma; Power Sum ACR-N&comma; ACR-F&comma; Power Sum ACR-F y p\u00e9rdida de retorno.<\/p>\n<p style='margin-bottom: 15px;'>Tiene marcas de longitud del cable descendentes&comma; lo que facilita la identificaci\u00f3n del cable restante&comma; reduciendo el tiempo de instalaci\u00f3n y desperdicio de cable.<\/p>\n<p style='margin-bottom: 15px;'>Cuenta con una cinta divisioria que separa los pares trenzados para proporcionar un rendimiento robusto. Con una atenuaci\u00f3n reducida&comma; maximiza la cantidad de se\u00f1al que llega al receptor al igual que el ancho de banda.<\/p>\n<\/p><\/div>\n<p> <!-- Secci\u00f3n de aplicaciones --> <\/p>\n<div style='margin-bottom: 30px;'>\n<h3 style='font-size: 22px; border-bottom: 2px solid currentColor; padding-bottom: 5px; margin-top: 0; margin-bottom: 15px; color: inherit; opacity: 0.8;'>Aplicaciones<\/h3>\n<ul style='padding-left: 20px; font-size: 15px; color: inherit;'>\n<li style='margin-bottom: 5px;'>Redes Voz\/Datos\/Video de Alta Velocidad<\/li>\n<li style='margin-bottom: 5px;'>Instalaciones CCTV IP Megapixel&comma; TurboHD(TVI)<\/li>\n<li style='margin-bottom: 5px;'>Redes inal\u00e1mbricas<\/li>\n<li style='margin-bottom: 5px;'>Aplicaciones Power over Ethernet IEEE 802.3af y 802.3at<\/li>\n<\/ul><\/div>\n<p> <!-- Secci\u00f3n de especificaciones --> <\/p>\n<div style='margin-bottom: 30px;'>\n<h3 style='font-size: 22px; border-bottom: 2px solid currentColor; padding-bottom: 5px; margin-top: 0; margin-bottom: 15px; color: inherit; opacity: 0.8;'>Informaci\u00f3n t\u00e9cnica<\/h3>\n<ul style='padding-left: 20px; font-size: 15px; color: inherit;'>\n<li style='margin-bottom: 5px;'><strong>Rendimiento el\u00e9ctrico:<\/strong> Rendimiento certificado hasta 100 metros<\/li>\n<li style='margin-bottom: 5px;'><strong>Color:<\/strong> Rojo<\/li>\n<li style='margin-bottom: 5px;'><strong>Conductor:<\/strong> Cobre s\u00f3lido 23 AWG aislado con pol\u00edmero HDPE<\/li>\n<li style='margin-bottom: 5px;'><strong>Recubrimiento:<\/strong> PVC<\/li>\n<li style='margin-bottom: 5px;'><strong>Clasificaci\u00f3n de flama:<\/strong> UL 1685<\/li>\n<li style='margin-bottom: 5px;'><strong>Di\u00e1metro:<\/strong> 5.6 mm (0.222&#8242;) nominal<\/li>\n<li style='margin-bottom: 5px;'><strong>Peso:<\/strong> 11 kg\/305m (26 lbs.\/1000 ft.)<\/li>\n<li style='margin-bottom: 5px;'><strong>Tensi\u00f3n de instalaci\u00f3n:<\/strong> 110N (25lbf) m\u00e1ximo<\/li>\n<li style='margin-bottom: 5px;'><strong>Clasificaci\u00f3n de temperatura:<\/strong> 0 a 50\u00b0C (32\u00b0F a 122\u00b0F) en instalaci\u00f3n; -20\u00b0 a 60\u00b0C (14\u00b0 a 140\u00b0F) en operaci\u00f3n<\/li>\n<li style='margin-bottom: 5px;'><strong>Frecuencia:<\/strong> 250 Mhz<\/li>\n<\/ul><\/div>\n<p> <!-- Secci\u00f3n de normas --> <\/p>\n<div style='margin-bottom: 30px;'>\n<h3 style='font-size: 22px; border-bottom: 2px solid currentColor; padding-bottom: 5px; margin-top: 0; margin-bottom: 15px; color: inherit; opacity: 0.8;'>Cumple con<\/h3>\n<ul style='padding-left: 20px; font-size: 15px; color: inherit;'>\n<li style='margin-bottom: 5px;'>UL 1685&comma; ANSI\/TIA-568-C.2&comma; ISO 11801<\/li>\n<\/ul><\/div>\n<p> <!-- Separador --> <\/p>\n<hr style='border: 0; border-top: 1px solid rgba(150&comma; 150&comma; 150&comma; 0.3); margin: 30px 0;'> <\/div>\n","protected":false},"excerpt":{"rendered":"<p>Bobina de Cable UTP 305 Metros (1000 Pies) de Cobre, TX6000? PanNet, Reelex, Rojo, Categor?a 6 Mejorado (23 AWG), PVC (CM), de 4 Pares<\/p>\n","protected":false},"featured_media":10060,"comment_status":"open","ping_status":"closed","template":"","meta":[],"product_brand":[],"product_cat":[576],"product_tag":[488,577,445],"class_list":{"0":"post-10061","1":"product","2":"type-product","3":"status-publish","4":"has-post-thumbnail","6":"product_cat-categoria-6","7":"product_tag-cables-y-conectores","8":"product_tag-categoria-6","9":"product_tag-panduit","11":"first","12":"outofstock","13":"sale","14":"shipping-taxable","15":"purchasable","16":"product-type-simple"},"_links":{"self":[{"href":"https:\/\/soydeaqui.ddns.net\/pachuca\/index.php\/wp-json\/wp\/v2\/product\/10061","targetHints":{"allow":["GET"]}}],"collection":[{"href":"https:\/\/soydeaqui.ddns.net\/pachuca\/index.php\/wp-json\/wp\/v2\/product"}],"about":[{"href":"https:\/\/soydeaqui.ddns.net\/pachuca\/index.php\/wp-json\/wp\/v2\/types\/product"}],"replies":[{"embeddable":true,"href":"https:\/\/soydeaqui.ddns.net\/pachuca\/index.php\/wp-json\/wp\/v2\/comments?post=10061"}],"wp:featuredmedia":[{"embeddable":true,"href":"https:\/\/soydeaqui.ddns.net\/pachuca\/index.php\/wp-json\/wp\/v2\/media\/10060"}],"wp:attachment":[{"href":"https:\/\/soydeaqui.ddns.net\/pachuca\/index.php\/wp-json\/wp\/v2\/media?parent=10061"}],"wp:term":[{"taxonomy":"product_brand","embeddable":true,"href":"https:\/\/soydeaqui.ddns.net\/pachuca\/index.php\/wp-json\/wp\/v2\/product_brand?post=10061"},{"taxonomy":"product_cat","embeddable":true,"href":"https:\/\/soydeaqui.ddns.net\/pachuca\/index.php\/wp-json\/wp\/v2\/product_cat?post=10061"},{"taxonomy":"product_tag","embeddable":true,"href":"https:\/\/soydeaqui.ddns.net\/pachuca\/index.php\/wp-json\/wp\/v2\/product_tag?post=10061"}],"curies":[{"name":"wp","href":"https:\/\/api.w.org\/{rel}","templated":true}]}}