{"id":100607,"date":"2026-03-20T11:22:15","date_gmt":"2026-03-20T11:22:15","guid":{"rendered":"https:\/\/soydeaqui.ddns.net\/pachuca\/index.php\/producto\/frente-de-calle-antivandalico-ik10-incluye-montaje-administracion-100-en-la-nube-notificacion-a-app-llamada-telefonica-android-sip-onvif-reconocimiento-facial-qr-y-pin-para-visitas\/"},"modified":"2026-03-20T11:22:24","modified_gmt":"2026-03-20T11:22:24","slug":"frente-de-calle-antivandalico-ik10-incluye-montaje-administracion-100-en-la-nube-notificacion-a-app-llamada-telefonica-android-sip-onvif-reconocimiento-facial-qr-y-pin-para-visitas","status":"publish","type":"product","link":"https:\/\/soydeaqui.ddns.net\/pachuca\/index.php\/producto\/frente-de-calle-antivandalico-ik10-incluye-montaje-administracion-100-en-la-nube-notificacion-a-app-llamada-telefonica-android-sip-onvif-reconocimiento-facial-qr-y-pin-para-visitas\/","title":{"rendered":"Frente de Calle Antivand\u00e1lico IK10 \/ Incluye montaje \/ Administraci\u00f3n 100% en la Nube \/ Notificaci\u00f3n a APP \/ Llamada Telef\u00f3nica \/ ANDROID \/ SIP \/ ONVIF \/Reconocimiento Facial \/ QR y PIN para Visitas \/ IP66 \/ Bluetooth \/ NFC"},"content":{"rendered":"<div style='width: 100%; max-width: 1200px; margin: 0 auto; font-family: sans-serif; line-height: 1.6; color: inherit; background-color: transparent;'> <!-- Banner --> <\/p>\n<div style='background: linear-gradient(55deg&comma; #CCD0FA 0%&comma; #0212AA 100%); border-bottom: 6px solid #0212AA; border-left: 6px solid #CCD0FA; border-right: 6px solid #0212AA; padding: 20px; margin-bottom: 30px;'> <img style='width: 100%; max-width: 450px; height: auto; border: 1px solid rgba(150&comma;150&comma;150&comma;0.3); border-radius: 8px; margin-bottom: 8px; margin-left: auto; margin-right: auto; display: block;' src='https:\/\/shop.domo-supply.com\/img\/m\/126.jpg' alt=''> <\/p>\n<h2 style='color: darkslategray; font-size: 24px; margin: 0;'> <span style='font-family: Franklin Gothic; font-weight: normal;'>Frente de Calle Antivand\u00e1lico IK10 \/ Administraci\u00f3n 100% en la Nube \/ Notificaci\u00f3n a APP \/ Llamada Telef\u00f3nica \/ ANDROID \/ SIP \/ ONVIF \/ Reconocimiento Facial \/ QR y PIN para Visitas desde la APP \/ IP66 \/ Bluetooth \/ NFC \/ Montaje en pared incluido<\/span> <\/h2>\n<\/p><\/div>\n<p> <!-- Videos --> <\/p>\n<div style='display: flex; flex-wrap: wrap; gap: 20px; margin-bottom: 30px;'>\n<div style='flex: 1 1 300px; min-width: 280px;'>\n<div style='position: relative; padding-bottom: 56.25%; height: 0; overflow: hidden;'>   <\/div>\n<\/p><\/div>\n<div style='flex: 1 1 300px; min-width: 280px;'>\n<div style='position: relative; padding-bottom: 56.25%; height: 0; overflow: hidden;'>   <\/div>\n<\/p><\/div>\n<div style='flex: 1 1 300px; min-width: 280px;'>\n<div style='position: relative; padding-bottom: 56.25%; height: 0; overflow: hidden;'>   <\/div>\n<\/p><\/div>\n<\/p><\/div>\n<p> <!-- Secciones de contenido --> <\/p>\n<div style='display: flex; flex-direction: column; gap: 30px;'> <!-- Gesti\u00f3n 100% en la nube --> <\/p>\n<div style='border: 1px solid rgba(150&comma;150&comma;150&comma;0.4); border-radius: 8px; overflow: hidden;'>\n<div style='padding: 15px; background-color: #282739; color: white; font-weight: bold; font-size: 18px;'> Gesti\u00f3n 100% en la nube <\/div>\n<div style='padding: 15px;'>\n<div style='display: flex; flex-wrap: wrap; gap: 20px;'>\n<div style='flex: 1 1 300px; min-width: 280px;'>\n<h3 style='font-size: 20px; margin-top: 0; color: inherit;'>Gesti\u00f3n 100% en la nube<\/h3>\n<p style='font-size: 14px; color: inherit;'> Akuvox Cloud es una plataforma en la nube que permite la gesti\u00f3n y configuraci\u00f3n de los equipos Akuvox para sistemas de videportero y control de acceso facilitando la instalaci\u00f3n y administraci\u00f3n. <\/p>\n<p style='font-size: 14px; color: inherit;'> La APP Smart Plus para Android y iOS permite la comunicaci\u00f3n de los usuarios con sus visitas&comma; gesti\u00f3n de pases temporales para visitantes&comma; control de acceso de las puertas&comma; gesti\u00f3n de sus propias credenciales de acceso&comma; transmisi\u00f3n en vivo de video entre muchas funciones m\u00e1s. <\/p>\n<\/p><\/div>\n<div style='flex: 1 1 300px; min-width: 280px;'> <img style='width: 100%; height: auto; border: 1px solid rgba(150&comma;150&comma;150&comma;0.3); border-radius: 8px;' src='https:\/\/ftp3.syscom.mx\/usuarios\/hsanchez\/Akuvox\/APP%20y%20CLOUD.png' alt='APP y CLOUD'> <\/div>\n<\/p><\/div>\n<\/p><\/div>\n<\/p><\/div>\n<p> <!-- \u00bfQu\u00e9 es Akuvox? --> <\/p>\n<div style='border: 1px solid rgba(150&comma;150&comma;150&comma;0.4); border-radius: 8px; overflow: hidden;'>\n<div style='padding: 15px; background-color: #282739; color: white; font-weight: bold; font-size: 18px;'> \u00bfQu\u00e9 es Akuvox? <\/div>\n<div style='padding: 15px;'>\n<div style='display: flex; flex-wrap: wrap; gap: 20px;'>\n<div style='flex: 1 1 300px; min-width: 280px;'>\n<h3 style='font-size: 20px; margin-top: 0; color: inherit;'>Pionero de Smart Intercom<\/h3>\n<p style='font-size: 14px; color: inherit;'> Akuvox es una marca l\u00edder mundial de productos y soluciones Smart Intercom&comma; ofreciendo el poder de las tecnolog\u00edas para mejorar la vida de las personas con una mejor comunicaci\u00f3n&comma; mayor seguridad y mayor comodidad. <\/p>\n<p style='font-size: 14px; color: inherit;'> Al abarcar la inteligencia artificial&comma; SIP&comma; Android&comma; la nube&comma; la seguridad y otras tecnolog\u00edas avanzadas&comma; impulsamos continuamente cambios innovadores en la industria y ofrecemos de manera creativa una cartera inigualable de productos y soluciones de intercomunicaci\u00f3n inteligente. <\/p>\n<\/p><\/div>\n<div style='flex: 1 1 300px; min-width: 280px;'> <img style='width: 100%; height: auto; border: 1px solid rgba(150&comma;150&comma;150&comma;0.3); border-radius: 8px;' src='https:\/\/ftp3.syscom.mx\/usuarios\/hsanchez\/Akuvox\/Akuvox%20logo%20%28blue%29-20180329.png' alt='Logo Akuvox'> <\/div>\n<\/p><\/div>\n<\/p><\/div>\n<\/p><\/div>\n<p> <!-- Escenario de aplicaci\u00f3n --> <\/p>\n<div style='border: 1px solid rgba(150&comma;150&comma;150&comma;0.4); border-radius: 8px; overflow: hidden;'>\n<div style='padding: 15px; background-color: #282739; color: white; font-weight: bold; font-size: 18px;'> Escenario de aplicaci\u00f3n <\/div>\n<div style='padding: 15px;'>\n<div style='display: flex; flex-wrap: wrap; gap: 20px;'>\n<div style='flex: 1 1 300px; min-width: 280px;'>\n<h3 style='font-size: 20px; margin-top: 0; color: inherit;'>Uso multiapartamento&comma; residencial o corporativo<\/h3>\n<ul style='padding-left: 20px; font-size: 14px; color: inherit; list-style-type: disc;'>\n<li style='margin-bottom: 5px;'><strong>Videoportero<\/strong> para oficinas con los sistemas IP PBX en sitio o alojados<\/li>\n<li style='margin-bottom: 5px;'><strong>Configuraci\u00f3n y gesti\u00f3n de entrada remota<\/strong> a trav\u00e9s de Internet<\/li>\n<li style='margin-bottom: 5px;'><strong>Intercomunicador para apartamentos o pisos<\/strong> con control de acceso<\/li>\n<li style='margin-bottom: 5px;'><strong>Informaci\u00f3n comercial o una experiencia de bienvenida<\/strong> para los invitados.<\/li>\n<\/ul><\/div>\n<div style='flex: 1 1 300px; min-width: 280px;'> <img style='width: 100%; height: auto; border: 1px solid rgba(150&comma;150&comma;150&comma;0.3); border-radius: 8px;' src='https:\/\/ftp3.syscom.mx\/usuarios\/hsanchez\/Akuvox\/aplicacion.jpg' alt='Escenario de aplicaci\u00f3n'> <\/div>\n<\/p><\/div>\n<\/p><\/div>\n<\/p><\/div>\n<p> <!-- Caracter\u00edsticas f\u00edsicas y el\u00e9ctricas --> <\/p>\n<div style='border: 1px solid rgba(150&comma;150&comma;150&comma;0.4); border-radius: 8px; overflow: hidden;'>\n<div style='padding: 15px; background-color: #282739; color: white; font-weight: bold; font-size: 18px;'> Caracter\u00edsticas f\u00edsicas y el\u00e9ctricas de X915SKIT <\/div>\n<div style='padding: 15px;'>\n<div style='display: flex; flex-wrap: wrap; gap: 20px;'>\n<div style='flex: 1 1 300px; min-width: 280px;'>\n<h3 style='font-size: 20px; margin-top: 0; color: inherit;'>Caracter\u00edsticas principales:<\/h3>\n<ul style='padding-left: 20px; font-size: 14px; color: inherit; list-style-type: disc;'>\n<li style='margin-bottom: 5px;'>Panel frontal: Acero inoxidable de grado 316<\/li>\n<li style='margin-bottom: 5px;'>Pantalla: LCD IPS de 8 pulgadas<\/li>\n<li style='margin-bottom: 5px;'>C\u00e1mara principal: 5 megap\u00edxeles&comma; con Starlight<\/li>\n<li style='margin-bottom: 5px;'>Sensor de luz: Compatible<\/li>\n<li style='margin-bottom: 5px;'>Sensor de movimiento: Compatible<\/li>\n<li style='margin-bottom: 5px;'>Puerto Wiegand: Compatible<\/li>\n<li style='margin-bottom: 5px;'>Puerto RS485: Compatible<\/li>\n<li style='margin-bottom: 5px;'>Salida de l\u00ednea: Compatible<\/li>\n<li style='margin-bottom: 5px;'>Lector de tarjetas RF: 13&comma;56 MHz y 125 kHz&comma; NFC<\/li>\n<li style='margin-bottom: 5px;'>Salidas de rel\u00e9: 3<\/li>\n<li style='margin-bottom: 5px;'>Entradas para bot\u00f3n de salida: 3<\/li>\n<li style='margin-bottom: 5px;'>BLE: Compatible<\/li>\n<li style='margin-bottom: 5px;'>Micr\u00f3fonos: 2<\/li>\n<li style='margin-bottom: 5px;'>Altavoces: 2<\/li>\n<li style='margin-bottom: 5px;'>Alarma antimanipulaci\u00f3n: Compatible<\/li>\n<li style='margin-bottom: 5px;'>Reinicio: 1<\/li>\n<li style='margin-bottom: 5px;'>Puerto Ethernet: 1 RJ45&comma; 10\/100 Mbps adaptable<\/li>\n<li style='margin-bottom: 5px;'>Alimentaci\u00f3n por Ethernet 802.3at<\/li>\n<li style='margin-bottom: 5px;'>Clasificaci\u00f3n IP: IP66<\/li>\n<li style='margin-bottom: 5px;'>Clasificaci\u00f3n IK: IK10<\/li>\n<li style='margin-bottom: 5px;'>Instalaci\u00f3n: Empotrada y en pared<\/li>\n<li style='margin-bottom: 5px;'>Dimensiones: 350 x 130 x 37&comma;9 mm<\/li>\n<li style='margin-bottom: 5px;'>Humedad de funcionamiento: 10-90 %<\/li>\n<li style='margin-bottom: 5px;'>Temperatura de funcionamiento: -40 \u00b0C a +60 \u00b0C<\/li>\n<li style='margin-bottom: 5px;'>Temperatura de almacenamiento: -40 \u00b0C a +70 \u00b0C<\/li>\n<\/ul><\/div>\n<div style='flex: 1 1 300px; min-width: 280px;'>\n<h3 style='font-size: 20px; margin-top: 0; color: inherit;'>Audio<\/h3>\n<ul style='padding-left: 20px; font-size: 14px; color: inherit; list-style-type: disc;'>\n<li style='margin-bottom: 5px;'>SIP v1 (RFC2543)&comma; SIP v2 (RFC3261)<\/li>\n<li style='margin-bottom: 5px;'>C\u00f3dec de audio de banda estrecha: G.711a&comma; G.711\u03bc<\/li>\n<li style='margin-bottom: 5px;'>C\u00f3dec de audio de banda ancha: G.722<\/li>\n<li style='margin-bottom: 5px;'>DTMF: DTMF en banda&comma; fuera de banda (RFC2833)<\/li>\n<li style='margin-bottom: 5px;'>Informaci\u00f3n SIP<\/li>\n<li style='margin-bottom: 5px;'>Cancelaci\u00f3n de eco<\/li>\n<li style='margin-bottom: 5px;'>Detecci\u00f3n de activaci\u00f3n por voz<\/li>\n<li style='margin-bottom: 5px;'>Generador de ruido de confort<\/li>\n<\/ul>\n<h3 style='font-size: 20px; margin-top: 20px; color: inherit;'>Video<\/h3>\n<ul style='padding-left: 20px; font-size: 14px; color: inherit; list-style-type: disc;'>\n<li style='margin-bottom: 5px;'>Sensor: 1\/2.7\u201d&comma; CMOS para la c\u00e1mara principal<\/li>\n<li style='margin-bottom: 5px;'>P\u00edxeles: CIF&comma; QCIF&comma; VGA&comma; 4CIF&comma; 720p&comma; 1080p<\/li>\n<li style='margin-bottom: 5px;'>C\u00f3dec de v\u00eddeo: H.264<\/li>\n<li style='margin-bottom: 5px;'>Tecnolog\u00eda de v\u00eddeo: HDR<\/li>\n<li style='margin-bottom: 5px;'>Resoluci\u00f3n de v\u00eddeo: hasta 1920&#215;1080<\/li>\n<li style='margin-bottom: 5px;'>Velocidad m\u00e1xima de transferencia de imagen: 1080p \u2013 30 fps<\/li>\n<li style='margin-bottom: 5px;'>\u00c1ngulo de visi\u00f3n: 120\u00b0 (H) \/ 67\u00b0 (V)<\/li>\n<li style='margin-bottom: 5px;'>Compatible con componentes de v\u00eddeo de terceros&comma; como NVR<\/li>\n<\/ul>\n<h3 style='font-size: 20px; margin-top: 20px; color: inherit;'>Protocolo y redes<\/h3>\n<ul style='padding-left: 20px; font-size: 14px; color: inherit; list-style-type: disc;'>\n<li style='margin-bottom: 5px;'>Protocolos compatibles: IPv4&comma; HTTP&comma; HTTPS&comma; FTP&comma; DNS&comma; NTP&comma; RTSP&comma; RTP&comma; TCP&comma; UDP&comma; ICMP&comma; DHCP&comma; ARP<\/li>\n<\/ul>\n<h3 style='font-size: 20px; margin-top: 20px; color: inherit;'>Caracter\u00edsticas de videoportero<\/h3>\n<ul style='padding-left: 20px; font-size: 14px; color: inherit; list-style-type: disc;'>\n<li style='margin-bottom: 5px;'>Android OS for any 3rd party software or customization<\/li>\n<li style='margin-bottom: 5px;'>Relays controlled individually by DTMF tones<\/li>\n<li style='margin-bottom: 5px;'>Multi-way Unlock: Face&comma; Card&comma; PIN&comma; BLE &#038; QR code<\/li>\n<li style='margin-bottom: 5px;'>Camera permanently operational<\/li>\n<li style='margin-bottom: 5px;'>Auto-night mode with LED illumination<\/li>\n<li style='margin-bottom: 5px;'>White balance: auto<\/li>\n<li style='margin-bottom: 5px;'>Minimum illumination: 0.1LUX<\/li>\n<\/ul>\n<h3 style='font-size: 20px; margin-top: 20px; color: inherit;'>Implementaci\u00f3n y mantenimiento:<\/h3>\n<ul style='padding-left: 20px; font-size: 14px; color: inherit; list-style-type: disc;'>\n<li style='margin-bottom: 5px;'>Aprovisionamiento autom\u00e1tico<\/li>\n<li style='margin-bottom: 5px;'>Portal de administraci\u00f3n web<\/li>\n<li style='margin-bottom: 5px;'>Volcado de paquetes basado en web<\/li>\n<li style='margin-bottom: 5px;'>Copia de seguridad\/restauraci\u00f3n de la configuraci\u00f3n<\/li>\n<li style='margin-bottom: 5px;'>Exportaci\u00f3n del registro de entradas<\/li>\n<li style='margin-bottom: 5px;'>Exportaci\u00f3n\/importaci\u00f3n de la tabla de acceso<\/li>\n<li style='margin-bottom: 5px;'>Actualizaci\u00f3n del firmware<\/li>\n<li style='margin-bottom: 5px;'>Registros del sistema (incluidos los registros de acceso)<\/li>\n<\/ul><\/div>\n<\/p><\/div>\n<\/p><\/div>\n<\/p><\/div>\n<p> <!-- \u00bfPor qu\u00e9 elegir Akuvox? --> <\/p>\n<div style='border: 1px solid rgba(150&comma;150&comma;150&comma;0.4); border-radius: 8px; overflow: hidden;'>\n<div style='padding: 15px; background-color: #282739; color: white; font-weight: bold; font-size: 18px;'> \u00bfPor qu\u00e9 elegir Akuvox? <\/div>\n<div style='padding: 15px;'>\n<div style='display: flex; flex-wrap: wrap; gap: 20px;'>\n<div style='flex: 1 1 300px; min-width: 280px;'>\n<h3 style='font-size: 20px; margin-top: 0; color: inherit;'>Akuvox<\/h3>\n<p style='font-size: 14px; color: inherit;'> Akuvox es la soluci\u00f3n ideal para su fraccionamiento&comma; edificio de apartamentos o edificios corporativos&comma; gracias a su gesti\u00f3n 100% en la nube ofrece una f\u00e1cil instalaci\u00f3n y administraci\u00f3n desde cualquier parte del mundo. Nunca ha sido tan f\u00e1cil y seguro gestionar el acceso a los residentes&comma; empleados o visitantes gracias a que es un dispositivo muy amigable junto con la App Smart Plus para iOS o Android. <\/p>\n<p style='font-size: 14px; color: inherit;'> Brindar la mejor soluci\u00f3n es posible con Akuvox gracias a su tecnolog\u00eda innovadora&comma; lleva al siguiente nivel tus instalaciones&comma; aumenta la plusval\u00eda y disminuye los costos de operaci\u00f3n gracias a Akuvox. <\/p>\n<\/p><\/div>\n<div style='flex: 1 1 300px; min-width: 280px;'> <img style='width: 100%; height: auto; border: 1px solid rgba(150&comma;150&comma;150&comma;0.3); border-radius: 8px;' src='https:\/\/ftp3.syscom.mx\/usuarios\/hsanchez\/Akuvox\/edificio.jpg' alt='Edificio con Akuvox'> <\/div>\n<\/p><\/div>\n<\/p><\/div>\n<\/p><\/div>\n<p> <!-- Caracter\u00edsticas principales --> <\/p>\n<div style='border: 1px solid rgba(150&comma;150&comma;150&comma;0.4); border-radius: 8px; overflow: hidden;'>\n<div style='padding: 15px; background-color: #282739; color: white; font-weight: bold; font-size: 18px;'> Caracter\u00edsticas principales del frente de calle X915SKIT <\/div>\n<div style='padding: 15px;'>\n<ul style='padding-left: 20px; font-size: 14px; color: inherit; list-style-type: disc;'>\n<li style='margin-bottom: 5px;'>Doble c\u00e1mara (Reconocimiento facial y videoportero)<\/li>\n<li style='margin-bottom: 5px;'>Lector de c\u00f3digos QR y PIN temporal para visitas generados desde la APP Smart Plus<\/li>\n<li style='margin-bottom: 5px;'>Lector RFID (Tarjetas Prox EM 125 KHz y Mifare Classic 13.56 MHz)<\/li>\n<li style='margin-bottom: 5px;'>NFC<\/li>\n<li style='margin-bottom: 5px;'>Bluetooth<\/li>\n<li style='margin-bottom: 5px;'>Pantalla touch de pulgadas<\/li>\n<li style='margin-bottom: 5px;'>Altavoz con excelente volumen<\/li>\n<li style='margin-bottom: 5px;'>Control de 3 puertas independientes<\/li>\n<li style='margin-bottom: 5px;'>Cumple con estandar SIP<\/li>\n<li style='margin-bottom: 5px;'>Cumple con estandar ONVIF<\/li>\n<li style='margin-bottom: 5px;'>Compatible con APP Smart Plus en Android o iOS<\/li>\n<li style='margin-bottom: 5px;'>Compatible con monitores de la marca Akuvox<\/li>\n<li style='margin-bottom: 5px;'>Compatible con la estaci\u00f3n de guardia Akuvox modelo <a href='https:\/\/www.syscom.mx\/producto\/VPR49G-AKUVOX-207514.html' style='color: inherit; text-decoration: underline;'>VPR49G<\/a><\/li>\n<li style='margin-bottom: 5px;'>Alimentaci\u00f3n 24 VCC o POE 802.3 af<\/li>\n<li style='margin-bottom: 5px;'>Wiegand<\/li>\n<li style='margin-bottom: 5px;'>Protecci\u00f3n IP66 y IK10<\/li>\n<li style='margin-bottom: 5px;'>Llamada a monitor Akuvox&comma; APP Smart Plus y llamada telef\u00f3nica (Servidor SIP interconstruido Akuvox)<\/li>\n<li style='margin-bottom: 5px;'>Sistema operativo Android<\/li>\n<li style='margin-bottom: 5px;'>Incluye montaje en pared<\/li>\n<\/ul><\/div>\n<\/p><\/div>\n<p> <!-- Funciones de la App Smart Plus --> <\/p>\n<div style='border: 1px solid rgba(150&comma;150&comma;150&comma;0.4); border-radius: 8px; overflow: hidden;'>\n<div style='padding: 15px; background-color: #282739; color: white; font-weight: bold; font-size: 18px;'> Funciones de la App Smart Plus para Android \/ iOS <\/div>\n<div style='padding: 15px;'>\n<div style='display: flex; flex-wrap: wrap; gap: 20px;'>\n<div style='flex: 1 1 300px; min-width: 280px;'>\n<div style='position: relative; padding-bottom: 56.25%; height: 0; overflow: hidden;'>   <\/div>\n<\/p><\/div>\n<div style='flex: 1 1 300px; min-width: 280px;'>\n<div style='position: relative; padding-bottom: 56.25%; height: 0; overflow: hidden;'>   <\/div>\n<\/p><\/div>\n<div style='flex: 1 1 300px; min-width: 280px;'>\n<div style='position: relative; padding-bottom: 56.25%; height: 0; overflow: hidden;'>   <\/div>\n<\/p><\/div>\n<div style='flex: 1 1 300px; min-width: 280px;'>\n<div style='position: relative; padding-bottom: 56.25%; height: 0; overflow: hidden;'>   <\/div>\n<\/p><\/div>\n<\/p><\/div>\n<\/p><\/div>\n<\/p><\/div>\n<p> <!-- Informaci\u00f3n adicional --> <\/p>\n<div style='border: 1px solid rgba(150&comma;150&comma;150&comma;0.4); border-radius: 8px; overflow: hidden;'>\n<div style='padding: 15px; background-color: #282739; color: white; font-weight: bold; font-size: 18px;'> \u00bfTe interesa obtener m\u00e1s informaci\u00f3n? <\/div>\n<div style='padding: 15px;'>\n<ul style='padding-left: 20px; font-size: 14px; color: inherit; list-style-type: disc;'>\n<li style='margin-bottom: 5px;'>Para ver el curso grabado <a href='https:\/\/www.youtube.com\/watch?v=gFl2_DX557w' style='color: inherit; text-decoration: underline;'>click aqu\u00ed<\/a><\/li>\n<li style='margin-bottom: 5px;'>Para consultar una gu\u00eda de configuraciones <a href='https:\/\/soporte.syscom.mx\/es\/articles\/8202185-guia-akuvox-solucion-para-fraccionamientos-y-edificios-de-apartamentos' style='color: inherit; text-decoration: underline;'>click aqu\u00ed<\/a><\/li>\n<\/ul><\/div>\n<\/p><\/div>\n<p> <!-- Notas --> <\/p>\n<div style='border: 1px solid rgba(150&comma;150&comma;150&comma;0.4); border-radius: 8px; overflow: hidden;'>\n<div style='padding: 15px; background-color: #282739; color: white; font-weight: bold; font-size: 18px;'> Notas <\/div>\n<div style='padding: 15px;'>\n<ul style='padding-left: 20px; font-size: 14px; color: inherit; list-style-type: disc;'>\n<li style='margin-bottom: 5px;'>Requiere licencia de uso de APP&comma; se adquiere directamente en el portal de la Nube<\/li>\n<li style='margin-bottom: 5px;'>X915SKIT Incluye montaje en pared<\/li>\n<\/ul><\/div>\n<\/p><\/div>\n<p> <!-- Requisitos de instalaci\u00f3n --> <\/p>\n<div style='border: 1px solid rgba(150&comma;150&comma;150&comma;0.4); border-radius: 8px; overflow: hidden;'>\n<div style='padding: 15px; background-color: #282739; color: white; font-weight: bold; font-size: 18px;'> \u00bfQu\u00e9 necesito para instalar dispositivos Akuvox? <\/div>\n<div style='padding: 15px;'>\n<ul style='padding-left: 20px; font-size: 14px; color: inherit; list-style-type: disc;'>\n<li style='margin-bottom: 5px;'> <strong>Cuenta de instalador en Akuvox Cloud<\/strong> para configuraci\u00f3n y administraci\u00f3n de los equipos y licencias. <a href='https:\/\/soporte.syscom.mx\/es\/articles\/6957756-crear-cuenta-de-instalador-akuvox-cloud' style='color: inherit; text-decoration: underline;'>Click aqu\u00ed para obtener una cuenta.<\/a> <\/li>\n<li style='margin-bottom: 5px;'> <strong>Acceso a la red IP:<\/strong> Los equipos Akuvox funcionan en redes IP&comma; por lo que necesitar\u00e1s una red con acceso a internet y suficiente capacidad para manejar el tr\u00e1fico de datos. <\/li>\n<li style='margin-bottom: 5px;'> <strong>Fuente de alimentaci\u00f3n:<\/strong> Verifica el tipo de alimentaci\u00f3n que requiere el dispositivo. Muchos equipos Akuvox se alimentan a trav\u00e9s de <strong>Power over Ethernet (PoE).<\/strong> <\/li>\n<\/ul><\/div>\n<\/p><\/div>\n<\/p><\/div>\n<\/p><\/div>\n","protected":false},"excerpt":{"rendered":"<p>Frente de Calle Antivand\u00e1lico IK10 \/ Incluye montaje \/ Administraci\u00f3n 100% en la Nube \/ Notificaci\u00f3n a APP \/ Llamada Telef\u00f3nica \/ ANDROID \/ SIP \/ ONVIF \/Reconocimiento Facial \/ QR y PIN para Visitas \/ IP66 \/ Bluetooth \/ NFC<\/p>\n","protected":false},"featured_media":100606,"comment_status":"open","ping_status":"closed","template":"","meta":[],"product_brand":[],"product_cat":[2271],"product_tag":[786,557,428],"class_list":{"0":"post-100607","1":"product","2":"type-product","3":"status-publish","4":"has-post-thumbnail","6":"product_cat-videoporteros-ip-doorbell-videoporteros-e-interfonos","7":"product_tag-akuvox","8":"product_tag-videoporteros-e-interfonos","9":"product_tag-videoporteros-ip-doorbell","11":"first","12":"outofstock","13":"sale","14":"shipping-taxable","15":"purchasable","16":"product-type-simple"},"_links":{"self":[{"href":"https:\/\/soydeaqui.ddns.net\/pachuca\/index.php\/wp-json\/wp\/v2\/product\/100607","targetHints":{"allow":["GET"]}}],"collection":[{"href":"https:\/\/soydeaqui.ddns.net\/pachuca\/index.php\/wp-json\/wp\/v2\/product"}],"about":[{"href":"https:\/\/soydeaqui.ddns.net\/pachuca\/index.php\/wp-json\/wp\/v2\/types\/product"}],"replies":[{"embeddable":true,"href":"https:\/\/soydeaqui.ddns.net\/pachuca\/index.php\/wp-json\/wp\/v2\/comments?post=100607"}],"wp:featuredmedia":[{"embeddable":true,"href":"https:\/\/soydeaqui.ddns.net\/pachuca\/index.php\/wp-json\/wp\/v2\/media\/100606"}],"wp:attachment":[{"href":"https:\/\/soydeaqui.ddns.net\/pachuca\/index.php\/wp-json\/wp\/v2\/media?parent=100607"}],"wp:term":[{"taxonomy":"product_brand","embeddable":true,"href":"https:\/\/soydeaqui.ddns.net\/pachuca\/index.php\/wp-json\/wp\/v2\/product_brand?post=100607"},{"taxonomy":"product_cat","embeddable":true,"href":"https:\/\/soydeaqui.ddns.net\/pachuca\/index.php\/wp-json\/wp\/v2\/product_cat?post=100607"},{"taxonomy":"product_tag","embeddable":true,"href":"https:\/\/soydeaqui.ddns.net\/pachuca\/index.php\/wp-json\/wp\/v2\/product_tag?post=100607"}],"curies":[{"name":"wp","href":"https:\/\/api.w.org\/{rel}","templated":true}]}}