{"id":100601,"date":"2026-03-20T11:21:59","date_gmt":"2026-03-20T11:21:59","guid":{"rendered":"https:\/\/soydeaqui.ddns.net\/pachuca\/index.php\/producto\/cargador-mini-ganrobot-30w-serie-uno-1-usb-c-de-carga-rapida-tecnologia-gan-ii-multiprotocolo-pd-qc-scp-fca-carga-inteligente-pantalla-led-zapato-magnetico-extraible-thermal-guard-colo-2\/"},"modified":"2026-03-20T11:22:07","modified_gmt":"2026-03-20T11:22:07","slug":"cargador-mini-ganrobot-30w-serie-uno-1-usb-c-de-carga-rapida-tecnologia-gan-ii-multiprotocolo-pd-qc-scp-fca-carga-inteligente-pantalla-led-zapato-magnetico-extraible-thermal-guard-colo-2","status":"publish","type":"product","link":"https:\/\/soydeaqui.ddns.net\/pachuca\/index.php\/producto\/cargador-mini-ganrobot-30w-serie-uno-1-usb-c-de-carga-rapida-tecnologia-gan-ii-multiprotocolo-pd-qc-scp-fca-carga-inteligente-pantalla-led-zapato-magnetico-extraible-thermal-guard-colo-2\/","title":{"rendered":"Cargador Mini GaNRobot 30W serie UNO | 1 USB-C de Carga R\u00e1pida | Tecnolog\u00eda GaN II | Multiprotocolo PD\/QC\/SCP\/FCA | Carga Inteligente | Pantalla LED | Zapato Magn\u00e9tico Extra\u00edble | Thermal Guard | Color Negro."},"content":{"rendered":"<div style='width: 100%; max-width: 1200px; margin: 0 auto; font-family: sans-serif; line-height: 1.6; color: inherit; background-color: transparent;'> <!-- Im\u00e1genes del producto --> <\/p>\n<div style='display: grid; grid-template-columns: repeat(auto-fill&comma; minmax(280px&comma; 1fr)); gap: 20px; margin-bottom: 30px;'> <img style='width: 100%; height: auto; border: 1px solid rgba(150&comma;150&comma;150&comma;0.3); border-radius: 8px;' src='http:\/\/ftp3.syscom.mx\/usuarios\/hallende\/UGREEN2\/Cargadores\/15550\/15550-20.jpg' alt=''> <img style='width: 100%; height: auto; border: 1px solid rgba(150&comma;150&comma;150&comma;0.3); border-radius: 8px;' src='http:\/\/ftp3.syscom.mx\/usuarios\/hallende\/UGREEN2\/Cargadores\/15550\/15550-21.jpg' alt=''> <img style='width: 100%; height: auto; border: 1px solid rgba(150&comma;150&comma;150&comma;0.3); border-radius: 8px;' src='http:\/\/ftp3.syscom.mx\/usuarios\/hallende\/UGREEN2\/Cargadores\/15550\/15550-22.jpg' alt=''> <img style='width: 100%; height: auto; border: 1px solid rgba(150&comma;150&comma;150&comma;0.3); border-radius: 8px;' src='http:\/\/ftp3.syscom.mx\/usuarios\/hallende\/UGREEN2\/Cargadores\/15550\/15550-23.jpg' alt=''> <img style='width: 100%; height: auto; border: 1px solid rgba(150&comma;150&comma;150&comma;0.3); border-radius: 8px;' src='http:\/\/ftp3.syscom.mx\/usuarios\/hallende\/UGREEN2\/Cargadores\/15550\/15550-24.jpg' alt=''> <img style='width: 100%; height: auto; border: 1px solid rgba(150&comma;150&comma;150&comma;0.3); border-radius: 8px;' src='http:\/\/ftp3.syscom.mx\/usuarios\/hallende\/UGREEN2\/Cargadores\/15550\/15550-25a.jpg' alt=''> <img style='width: 100%; height: auto; border: 1px solid rgba(150&comma;150&comma;150&comma;0.3); border-radius: 8px;' src='http:\/\/ftp3.syscom.mx\/usuarios\/hallende\/UGREEN2\/Cargadores\/15550\/15550-26.jpg' alt=''> <\/div>\n<p> <!-- Secci\u00f3n de caracter\u00edsticas principales --> <\/p>\n<div style='display: flex; flex-wrap: wrap; gap: 30px; margin-bottom: 30px;'>\n<div style='flex: 1 1 300px; min-width: 280px;'>\n<h3 style='font-size: 22px; border-bottom: 2px solid currentColor; padding-bottom: 5px; margin-top: 0; color: inherit; opacity: 0.8;'>Caracter\u00edsticas Principales<\/h3>\n<ul style='padding-left: 20px; font-size: 15px; color: inherit;'>\n<li style='margin-bottom: 5px;'>Dise\u00f1o en forma de robot con colores llamativos para uso en escritorio<\/li>\n<li style='margin-bottom: 5px;'>30W de potencia m\u00e1xima con tecnolog\u00eda GaNFast<\/li>\n<li style='margin-bottom: 5px;'>Carga iPhone 16 Pro Max al 51% en 30 minutos<\/li>\n<li style='margin-bottom: 5px;'>Pantalla LED para visualizaci\u00f3n del estado de carga<\/li>\n<li style='margin-bottom: 5px;'>Im\u00e1n integrado para fijaci\u00f3n en superficies met\u00e1licas<\/li>\n<li style='margin-bottom: 5px;'>Eficiencia energ\u00e9tica del 95% con menor generaci\u00f3n de calor<\/li>\n<li style='margin-bottom: 5px;'>Protecci\u00f3n t\u00e9rmica Thermal Guard con detecci\u00f3n en milisegundos<\/li>\n<li style='margin-bottom: 5px;'>Compatibilidad con m\u00faltiples dispositivos USB-C<\/li>\n<li style='margin-bottom: 5px;'>Soporte para protocolos PD\/QC\/SCP\/FCA<\/li>\n<\/ul><\/div>\n<\/p><\/div>\n<p> <!-- Secci\u00f3n de especificaciones t\u00e9cnicas --> <\/p>\n<div style='display: flex; flex-wrap: wrap; gap: 20px; margin-bottom: 30px;'>\n<div style='flex: 1 1 250px; border: 1px solid rgba(150&comma; 150&comma; 150&comma; 0.4); border-radius: 8px; overflow: hidden; display: flex; flex-direction: column;'>\n<div style='padding: 15px; border-bottom: 1px solid rgba(150&comma; 150&comma; 150&comma; 0.2); font-weight: bold; font-size: 18px; color: inherit;'>Especificaciones T\u00e9cnicas<\/div>\n<div style='padding: 15px; color: inherit;'>\n<ul style='padding-left: 20px; margin: 0; font-size: 14px; list-style-type: disc;'>\n<li style='margin-bottom: 5px;'><strong>Potencia m\u00e1xima:<\/strong> 30W<\/li>\n<li style='margin-bottom: 5px;'><strong>Tecnolog\u00eda:<\/strong> GaNFast<\/li>\n<li style='margin-bottom: 5px;'><strong>Eficiencia:<\/strong> 95%<\/li>\n<li style='margin-bottom: 5px;'><strong>Protecci\u00f3n:<\/strong> Thermal Guard con detecci\u00f3n de temperatura<\/li>\n<li style='margin-bottom: 5px;'><strong>Protocolos soportados:<\/strong> PD\/QC\/SCP\/FCA<\/li>\n<li style='margin-bottom: 5px;'><strong>Visualizaci\u00f3n:<\/strong> Pantalla LED inteligente<\/li>\n<li style='margin-bottom: 5px;'><strong>Fijaci\u00f3n:<\/strong> Im\u00e1n integrado para superficies met\u00e1licas<\/li>\n<\/ul><\/div>\n<\/p><\/div>\n<p> <!-- Compatibilidad --> <\/p>\n<div style='flex: 1 1 250px; border: 1px solid rgba(150&comma; 150&comma; 150&comma; 0.4); border-radius: 8px; overflow: hidden; display: flex; flex-direction: column;'>\n<div style='padding: 15px; border-bottom: 1px solid rgba(150&comma; 150&comma; 150&comma; 0.2); font-weight: bold; font-size: 18px; color: inherit;'>Compatibilidad<\/div>\n<div style='padding: 15px; color: inherit;'>\n<ul style='padding-left: 20px; margin: 0; font-size: 14px; list-style-type: disc;'>\n<li style='margin-bottom: 5px;'>iPhone 8-16 series<\/li>\n<li style='margin-bottom: 5px;'>iPhone 16 Pro Max (carga al 51% en 30 min)<\/li>\n<li style='margin-bottom: 5px;'>Galaxy S23\/S22\/S21\/S20\/S20+\/S20 Ultra<\/li>\n<li style='margin-bottom: 5px;'>Galaxy S10\/S10+\/S9\/S8<\/li>\n<li style='margin-bottom: 5px;'>Note 9\/10<\/li>\n<li style='margin-bottom: 5px;'>Xiaomi Mi 8\/8 SE\/Mi 9\/9 Pro\/9 SE\/10 Pro\/11\/11 Pro<\/li>\n<li style='margin-bottom: 5px;'>Huawei Mate 10\/20\/30\/40\/series<\/li>\n<li style='margin-bottom: 5px;'>Huawei P10\/20\/30\/40\/50 series<\/li>\n<li style='margin-bottom: 5px;'>Huawei Nova 2-9 series<\/li>\n<li style='margin-bottom: 5px;'>iPad Pro 10.5\/11\/12.9<\/li>\n<li style='margin-bottom: 5px;'>iPad Air 3<\/li>\n<li style='margin-bottom: 5px;'>iPad mini<\/li>\n<li style='margin-bottom: 5px;'>MacBook (modelos con puerto USB-C)<\/li>\n<\/ul><\/div>\n<\/p><\/div>\n<p> <!-- Protecci\u00f3n y seguridad --> <\/p>\n<div style='flex: 1 1 250px; border: 1px solid rgba(150&comma; 150&comma; 150&comma; 0.4); border-radius: 8px; overflow: hidden; display: flex; flex-direction: column;'>\n<div style='padding: 15px; border-bottom: 1px solid rgba(150&comma; 150&comma; 150&comma; 0.2); font-weight: bold; font-size: 18px; color: inherit;'>Protecci\u00f3n y Seguridad<\/div>\n<div style='padding: 15px; color: inherit;'>\n<ul style='padding-left: 20px; margin: 0; font-size: 14px; list-style-type: disc;'>\n<li style='margin-bottom: 5px;'>Protecci\u00f3n contra sobrecalentamiento<\/li>\n<li style='margin-bottom: 5px;'>Protecci\u00f3n contra sobrecarga<\/li>\n<li style='margin-bottom: 5px;'>Protecci\u00f3n contra sobre corriente<\/li>\n<li style='margin-bottom: 5px;'>Detecci\u00f3n inteligente de temperatura<\/li>\n<li style='margin-bottom: 5px;'>Distribuci\u00f3n inteligente de corriente<\/li>\n<li style='margin-bottom: 5px;'>Protecci\u00f3n para prolongar la vida \u00fatil de la bater\u00eda<\/li>\n<\/ul><\/div>\n<\/p><\/div>\n<\/p><\/div>\n<p> <!-- Secci\u00f3n de funcionamiento --> <\/p>\n<div style='display: flex; flex-wrap: wrap; gap: 30px; margin-bottom: 30px;'>\n<div style='flex: 1 1 300px; min-width: 280px;'>\n<h3 style='font-size: 22px; border-bottom: 2px solid currentColor; padding-bottom: 5px; margin-top: 0; color: inherit; opacity: 0.8;'>Funcionamiento<\/h3>\n<ul style='padding-left: 20px; font-size: 15px; color: inherit;'>\n<li style='margin-bottom: 5px;'>Carga r\u00e1pida mediante tecnolog\u00eda GaNFast que mejora la eficiencia energ\u00e9tica al 95%<\/li>\n<li style='margin-bottom: 5px;'>Pantalla LED que muestra el estado de carga en tiempo real con expresiones animadas<\/li>\n<li style='margin-bottom: 5px;'>Sistema Thermal Guard que monitorea continuamente la temperatura para evitar sobrecalentamiento<\/li>\n<li style='margin-bottom: 5px;'>Im\u00e1n integrado que permite fijarlo en superficies met\u00e1licas como refrigeradores o laptops<\/li>\n<li style='margin-bottom: 5px;'>Soporte para m\u00faltiples protocolos de carga r\u00e1pida: PD&comma; QC&comma; SCP y FCA<\/li>\n<\/ul><\/div>\n<\/p><\/div>\n<p> <!-- Separador --> <\/p>\n<hr style='border: 0; border-top: 1px solid rgba(150&comma; 150&comma; 150&comma; 0.3); margin: 30px 0;'> <\/div>\n","protected":false},"excerpt":{"rendered":"<p>Cargador Mini GaNRobot 30W serie UNO | 1 USB-C de Carga R\u00e1pida | Tecnolog\u00eda GaN II | Multiprotocolo PD\/QC\/SCP\/FCA | Carga Inteligente | Pantalla LED | Zapato Magn\u00e9tico Extra\u00edble | Thermal Guard | Color Negro.<\/p>\n","protected":false},"featured_media":100600,"comment_status":"open","ping_status":"closed","template":"","meta":[],"product_brand":[],"product_cat":[1235],"product_tag":[417,1236,650],"class_list":{"0":"post-100601","1":"product","2":"type-product","3":"status-publish","4":"has-post-thumbnail","6":"product_cat-accesorios-para-computadora-y-smartphones","7":"product_tag-accesorios-generales","8":"product_tag-accesorios-para-computadora-y-smartphones","9":"product_tag-ugreen","11":"first","12":"outofstock","13":"sale","14":"shipping-taxable","15":"purchasable","16":"product-type-simple"},"_links":{"self":[{"href":"https:\/\/soydeaqui.ddns.net\/pachuca\/index.php\/wp-json\/wp\/v2\/product\/100601","targetHints":{"allow":["GET"]}}],"collection":[{"href":"https:\/\/soydeaqui.ddns.net\/pachuca\/index.php\/wp-json\/wp\/v2\/product"}],"about":[{"href":"https:\/\/soydeaqui.ddns.net\/pachuca\/index.php\/wp-json\/wp\/v2\/types\/product"}],"replies":[{"embeddable":true,"href":"https:\/\/soydeaqui.ddns.net\/pachuca\/index.php\/wp-json\/wp\/v2\/comments?post=100601"}],"wp:featuredmedia":[{"embeddable":true,"href":"https:\/\/soydeaqui.ddns.net\/pachuca\/index.php\/wp-json\/wp\/v2\/media\/100600"}],"wp:attachment":[{"href":"https:\/\/soydeaqui.ddns.net\/pachuca\/index.php\/wp-json\/wp\/v2\/media?parent=100601"}],"wp:term":[{"taxonomy":"product_brand","embeddable":true,"href":"https:\/\/soydeaqui.ddns.net\/pachuca\/index.php\/wp-json\/wp\/v2\/product_brand?post=100601"},{"taxonomy":"product_cat","embeddable":true,"href":"https:\/\/soydeaqui.ddns.net\/pachuca\/index.php\/wp-json\/wp\/v2\/product_cat?post=100601"},{"taxonomy":"product_tag","embeddable":true,"href":"https:\/\/soydeaqui.ddns.net\/pachuca\/index.php\/wp-json\/wp\/v2\/product_tag?post=100601"}],"curies":[{"name":"wp","href":"https:\/\/api.w.org\/{rel}","templated":true}]}}