{"id":100592,"date":"2026-03-20T11:21:33","date_gmt":"2026-03-20T11:21:33","guid":{"rendered":"https:\/\/soydeaqui.ddns.net\/pachuca\/index.php\/producto\/servidor-para-hik-central-professional-incluye-licencias-de-32-camaras-y-4-puertas-intel-core-i7-12700-64-bits-alto-desempeno-diseno-compacto-crecimiento-hasta-256-canales-2\/"},"modified":"2026-03-20T11:21:38","modified_gmt":"2026-03-20T11:21:38","slug":"servidor-para-hik-central-professional-incluye-licencias-de-32-camaras-y-4-puertas-intel-core-i7-12700-64-bits-alto-desempeno-diseno-compacto-crecimiento-hasta-256-canales-2","status":"publish","type":"product","link":"https:\/\/soydeaqui.ddns.net\/pachuca\/index.php\/producto\/servidor-para-hik-central-professional-incluye-licencias-de-32-camaras-y-4-puertas-intel-core-i7-12700-64-bits-alto-desempeno-diseno-compacto-crecimiento-hasta-256-canales-2\/","title":{"rendered":"Servidor para Hik-Central Professional \/ Incluye Licencias de 32 C\u00e1maras y 4 Puertas \/ Intel\u00ae Core\u2122 i7-12700 \/ 64 Bits \/ Alto Desempe\u00f1o \/ Dise\u00f1o Compacto \/ Crecimiento hasta 256 Canales"},"content":{"rendered":"<div style=\"width: 100%; max-width: 1200px; margin: 0 auto; font-family: sans-serif; line-height: 1.6; color: inherit; background-color: transparent;\"><!-- Logo --> <\/p>\n<div style=\"text-align: center; margin: 30px 0;\"><img decoding=\"async\" style=\"width: 45%; height: auto; border: 1px solid rgba(150&comma;150&comma;150&comma;0.3); border-radius: 8px;\" src=\"https:\/\/ftp3.syscom.mx\/usuarios\/jsosa\/HIKVISION\/imagenes\/logo\/hikvision%20see%20far.png\" alt=\"Logo Hikvision\" \/><\/div>\n<p> <!-- Grid principal --> <\/p>\n<div style=\"display: flex; flex-wrap: wrap; gap: 30px; margin-bottom: 30px;\"><!-- Caracter\u00edsticas Principales --> <\/p>\n<div style=\"flex: 1 1 300px; min-width: 280px;\">\n<div style=\"border: 1px solid rgba(150&comma;150&comma;150&comma;0.4); border-radius: 8px; overflow: hidden; display: flex; flex-direction: column;\">\n<div style=\"padding: 15px; border-bottom: 1px solid rgba(150&comma;150&comma;150&comma;0.2); font-weight: bold; font-size: 18px; color: white; background-color: #df001e;\">Caracter&iacute;sticas Principales<\/div>\n<div style=\"padding: 15px; color: inherit;\">\n<ul style=\"padding-left: 20px; margin: 0; font-size: 14px; list-style-type: disc;\">\n<li style=\"margin-bottom: 5px;\"><span style=\"font-family: verdana&comma; geneva&comma; sans-serif;\">Procesador: Intel&reg; Core i7-12700.<\/span><\/li>\n<li style=\"margin-bottom: 5px;\"><span style=\"font-family: verdana&comma; geneva&comma; sans-serif;\">Sistema operativo: Microsoft&reg; Windows 10 Multilenguaje (64-bit)<\/span><\/li>\n<li style=\"margin-bottom: 5px;\"><span style=\"font-family: verdana&comma; geneva&comma; sans-serif;\">Memoria: 2 &times; 8 GB 3200MT\/s UDIMM.<\/span><\/li>\n<li style=\"margin-bottom: 5px;\"><span style=\"font-family: verdana&comma; geneva&comma; sans-serif;\">Almacenamiento: 1TB M.2 SSD.<\/span><\/li>\n<li style=\"margin-bottom: 5px;\"><span style=\"font-family: verdana&comma; geneva&comma; sans-serif;\">Tarjeta Gr&aacute;fica: UHD Graphics 770 (Integrada en el CPU).<\/span><\/li>\n<li style=\"margin-bottom: 5px;\"><span style=\"font-family: verdana&comma; geneva&comma; sans-serif;\">Se puede tener crecimiento hasta 256 canales (incluye 32 canales de video y 4 puertas) y m&oacute;dulos adicionales (ver hoja de especificaciones).<\/span><\/li>\n<li style=\"margin-bottom: 5px;\"><span style=\"font-family: verdana&comma; geneva&comma; sans-serif;\">El crecimiento es con licencias de HikCentral Professional<\/span>\n<ul style=\"padding-left: 20px; margin: 8px 0; font-size: 14px; list-style-type: circle;\">\n<li style=\"margin-bottom: 5px;\"><span style=\"font-family: verdana&comma; geneva&comma; sans-serif;\">VIDEO: <strong>HCPVSS\/1C<\/strong><\/span><\/li>\n<li style=\"margin-bottom: 5px;\"><span style=\"font-family: verdana&comma; geneva&comma; sans-serif;\">ACCESO: <strong>HCACS\/1D<\/strong><\/span><\/li>\n<\/ul>\n<\/li>\n<li style=\"margin-bottom: 5px;\"><span style=\"font-family: verdana&comma; geneva&comma; sans-serif;\">Soporta m&oacute;dulo de SmartWall (VideoWall)<\/span><\/li>\n<\/ul><\/div>\n<\/p><\/div>\n<\/p><\/div>\n<p> <!-- Caracter\u00edsticas F\u00edsicas y El\u00e9ctricas --> <\/p>\n<div style=\"flex: 1 1 300px; min-width: 280px;\">\n<div style=\"border: 1px solid rgba(150&comma;150&comma;150&comma;0.4); border-radius: 8px; overflow: hidden; display: flex; flex-direction: column;\">\n<div style=\"padding: 15px; border-bottom: 1px solid rgba(150&comma;150&comma;150&comma;0.2); font-weight: bold; font-size: 18px; color: white; background-color: #df001e;\">Caracter&iacute;sticas F&iacute;sicas y El&eacute;ctricas<\/div>\n<div style=\"padding: 15px; color: inherit;\">\n<ul style=\"padding-left: 20px; margin: 0; font-size: 14px; list-style-type: disc;\">\n<li style=\"margin-bottom: 5px;\"><span style=\"font-family: verdana&comma; geneva&comma; sans-serif;\">9 Puertos USB:<\/span>\n<ul style=\"padding-left: 20px; margin: 8px 0; font-size: 14px; list-style-type: circle;\">\n<li style=\"margin-bottom: 5px;\"><span style=\"font-family: verdana&comma; geneva&comma; sans-serif;\">1 &times; USB Type-C 3.1 Gen 2.<\/span><\/li>\n<li style=\"margin-bottom: 5px;\"><span style=\"font-family: verdana&comma; geneva&comma; sans-serif;\">4 &times; USB 3.0 (1 Front&comma; 4 Rear).<\/span><\/li>\n<li style=\"margin-bottom: 5px;\"><span style=\"font-family: verdana&comma; geneva&comma; sans-serif;\">4 &times; USB 2.0.<\/span><\/li>\n<\/ul>\n<\/li>\n<li style=\"margin-bottom: 5px;\"><span style=\"font-family: verdana&comma; geneva&comma; sans-serif;\">1 Puerto RJ45 10\/100\/100.<\/span><\/li>\n<li style=\"margin-bottom: 5px;\"><span style=\"font-family: verdana&comma; geneva&comma; sans-serif;\">3 Puertos DisplayPort.<\/span><\/li>\n<li style=\"margin-bottom: 5px;\"><span style=\"font-family: verdana&comma; geneva&comma; sans-serif;\">1 Puerto HDMI.<\/span><\/li>\n<li style=\"margin-bottom: 5px;\"><span style=\"font-family: verdana&comma; geneva&comma; sans-serif;\">Alimentaci&oacute;n: 100 a 240 VCA.<\/span><\/li>\n<li style=\"margin-bottom: 5px;\"><span style=\"font-family: verdana&comma; geneva&comma; sans-serif;\">Consumo: 300 W.<\/span><\/li>\n<li style=\"margin-bottom: 5px;\"><span style=\"font-family: verdana&comma; geneva&comma; sans-serif;\">Dimensiones: 29 cm x 9.26 cm x 29.2 cm<\/span><\/li>\n<li style=\"margin-bottom: 5px;\"><span style=\"font-family: verdana&comma; geneva&comma; sans-serif;\">Peso: 5.63 kg.<\/span><\/li>\n<\/ul><\/div>\n<\/p><\/div>\n<\/p><\/div>\n<\/p><\/div>\n<p> <!-- Caracter\u00edsticas Destacadas --> <\/p>\n<div style=\"margin-bottom: 30px;\">\n<div style=\"border: 1px solid rgba(150&comma;150&comma;150&comma;0.4); border-radius: 8px; overflow: hidden; display: flex; flex-direction: column;\">\n<div style=\"padding: 15px; border-bottom: 1px solid rgba(150&comma;150&comma;150&comma;0.2); font-weight: bold; font-size: 18px; color: white; background-color: #df001e;\">Caracter&iacute;sticas Destacadas<\/div>\n<div style=\"padding: 15px; color: inherit;\">\n<ul style=\"padding-left: 20px; margin: 0; font-size: 14px; list-style-type: disc;\">\n<li style=\"margin-bottom: 5px;\"><span style=\"font-family: verdana&comma; geneva&comma; sans-serif;\">La estaci&oacute;n de trabajo combina funciones potentes con un dise&ntilde;o compacto&comma; que puede utilizarse como servidor y cliente al mismo tiempo.<\/span><\/li>\n<li style=\"margin-bottom: 5px;\"><span style=\"font-family: verdana&comma; geneva&comma; sans-serif;\">4 salidas de video independientes para una gesti&oacute;n eficiente.<\/span><\/li>\n<li style=\"margin-bottom: 5px;\"><span style=\"font-family: verdana&comma; geneva&comma; sans-serif;\">La GPU integrada admite una gran capacidad de decodificaci&oacute;n.<\/span><\/li>\n<li style=\"margin-bottom: 5px;\"><span style=\"font-family: verdana&comma; geneva&comma; sans-serif;\">Software y Hardware todo en uno&comma; no requiere activaci&oacute;n&comma; f&aacute;cil entrega y servicio confiable.<\/span><\/li>\n<li style=\"margin-bottom: 5px;\"><span style=\"font-family: verdana&comma; geneva&comma; sans-serif;\">Compatibilidad garantizada: Probada por un equipo de pruebas profesional para garantizar un funcionamiento estable.<\/span><\/li>\n<\/ul><\/div>\n<\/p><\/div>\n<\/p><\/div>\n<p> <!-- Bloque de Gran Capacidad --> <\/p>\n<div style=\"margin: 30px 0; text-align: center;\">\n<div style=\"display: inline-block; border-left: 15px solid #ff0000; border-top: 5px solid #ff0000; border-radius: 5px; padding: 10px 20px;\"><span style=\"font-size: 24pt; font-weight: bold; font-family: verdana&comma; geneva&comma; sans-serif;\">Gran Capacidad<\/span><\/div>\n<\/p><\/div>\n<p> <!-- Imagen 1 --> <\/p>\n<div style=\"margin: 30px 0;\"><img decoding=\"async\" style=\"width: 100%; height: auto; border: 1px solid rgba(150&comma;150&comma;150&comma;0.3); border-radius: 8px;\" src=\"https:\/\/ftp3.syscom.mx\/usuarios\/yalvarado\/hikvision\/WORKSTATION\/WS2.png\" alt=\"Estaci&oacute;n de trabajo Hikvision\" \/><\/div>\n<p> <!-- Bloque de F\u00e1cil de Usar --> <\/p>\n<div style=\"margin: 30px 0; text-align: center;\">\n<div style=\"display: inline-block; border-right: 15px solid #ff0000; border-top: 5px solid #ff0000; border-radius: 5px; padding: 10px 20px;\"><span style=\"font-size: 24pt; font-weight: bold; font-family: verdana&comma; geneva&comma; sans-serif; text-align: right;\">F&aacute;cil de usar<\/span><\/div>\n<\/p><\/div>\n<p> <!-- Imagen 2 --> <\/p>\n<div style=\"margin: 30px 0;\"><img decoding=\"async\" style=\"width: 100%; height: auto; border: 1px solid rgba(150&comma;150&comma;150&comma;0.3); border-radius: 8px;\" src=\"https:\/\/ftp3.syscom.mx\/usuarios\/yalvarado\/hikvision\/WORKSTATION\/1-8-2025%205-05-55%20PM.png\" alt=\"Interfaz Hikvision\" \/><\/div>\n<p> <!-- Banner final --> <\/p>\n<div style=\"text-align: center; margin: 30px 0;\"><img decoding=\"async\" style=\"width: 100%; height: auto; border: 1px solid rgba(150&comma;150&comma;150&comma;0.3); border-radius: 8px;\" src=\"https:\/\/ftp3.syscom.mx\/usuarios\/jsosa\/HIKVISION\/imagenes\/banners\/solution%20complete.png\" alt=\"Soluci&oacute;n completa Hikvision\" \/><\/div>\n<\/p><\/div>\n","protected":false},"excerpt":{"rendered":"<p>Servidor para Hik-Central Professional \/ Incluye Licencias de 32 C\u00e1maras y 4 Puertas \/ Intel\u00ae Core\u2122 i7-12700 \/ 64 Bits \/ Alto Desempe\u00f1o \/ Dise\u00f1o Compacto \/ Crecimiento hasta 256 Canales<\/p>\n","protected":false},"featured_media":100591,"comment_status":"open","ping_status":"closed","template":"","meta":[],"product_brand":[],"product_cat":[2236],"product_tag":[54,2065,2237],"class_list":{"0":"post-100592","1":"product","2":"type-product","3":"status-publish","4":"has-post-thumbnail","6":"product_cat-servidores-de-aplicacion","7":"product_tag-hikvision","8":"product_tag-servidores-almacenamiento","9":"product_tag-servidores-de-aplicacion","11":"first","12":"outofstock","13":"sale","14":"shipping-taxable","15":"purchasable","16":"product-type-simple"},"_links":{"self":[{"href":"https:\/\/soydeaqui.ddns.net\/pachuca\/index.php\/wp-json\/wp\/v2\/product\/100592","targetHints":{"allow":["GET"]}}],"collection":[{"href":"https:\/\/soydeaqui.ddns.net\/pachuca\/index.php\/wp-json\/wp\/v2\/product"}],"about":[{"href":"https:\/\/soydeaqui.ddns.net\/pachuca\/index.php\/wp-json\/wp\/v2\/types\/product"}],"replies":[{"embeddable":true,"href":"https:\/\/soydeaqui.ddns.net\/pachuca\/index.php\/wp-json\/wp\/v2\/comments?post=100592"}],"wp:featuredmedia":[{"embeddable":true,"href":"https:\/\/soydeaqui.ddns.net\/pachuca\/index.php\/wp-json\/wp\/v2\/media\/100591"}],"wp:attachment":[{"href":"https:\/\/soydeaqui.ddns.net\/pachuca\/index.php\/wp-json\/wp\/v2\/media?parent=100592"}],"wp:term":[{"taxonomy":"product_brand","embeddable":true,"href":"https:\/\/soydeaqui.ddns.net\/pachuca\/index.php\/wp-json\/wp\/v2\/product_brand?post=100592"},{"taxonomy":"product_cat","embeddable":true,"href":"https:\/\/soydeaqui.ddns.net\/pachuca\/index.php\/wp-json\/wp\/v2\/product_cat?post=100592"},{"taxonomy":"product_tag","embeddable":true,"href":"https:\/\/soydeaqui.ddns.net\/pachuca\/index.php\/wp-json\/wp\/v2\/product_tag?post=100592"}],"curies":[{"name":"wp","href":"https:\/\/api.w.org\/{rel}","templated":true}]}}