{"id":100564,"date":"2026-03-20T11:20:08","date_gmt":"2026-03-20T11:20:08","guid":{"rendered":"https:\/\/soydeaqui.ddns.net\/pachuca\/index.php\/producto\/camara-de-red-panoramica-ai-360-ojo-de-pez-8-12mp-ultra-alta-resolucion-h-265-descompresion-microfono-y-audio-i-o-almacenamiento-256gb-cumplimiento-ndaa-proteccion-ip67-e-ik10\/"},"modified":"2026-03-20T11:20:38","modified_gmt":"2026-03-20T11:20:38","slug":"camara-de-red-panoramica-ai-360-ojo-de-pez-8-12mp-ultra-alta-resolucion-h-265-descompresion-microfono-y-audio-i-o-almacenamiento-256gb-cumplimiento-ndaa-proteccion-ip67-e-ik10","status":"publish","type":"product","link":"https:\/\/soydeaqui.ddns.net\/pachuca\/index.php\/producto\/camara-de-red-panoramica-ai-360-ojo-de-pez-8-12mp-ultra-alta-resolucion-h-265-descompresion-microfono-y-audio-i-o-almacenamiento-256gb-cumplimiento-ndaa-proteccion-ip67-e-ik10\/","title":{"rendered":"C\u00e1mara de Red Panor\u00e1mica AI 360\u00b0 Ojo de Pez \/ 8\/12MP Ultra Alta Resoluci\u00f3n \/ H.265+ Descompresi\u00f3n \/ Micr\u00f3fono y Audio I\/O \/ Almacenamiento 256GB \/ Cumplimiento NDAA \/ Protecci\u00f3n IP67 e IK10"},"content":{"rendered":"<div style='width: 100%; max-width: 1200px; margin: 0 auto; font-family: sans-serif; line-height: 1.6; color: inherit; background-color: transparent;'>\n<div style='width: 100%; margin-bottom: 30px;'> <img style='width: 100%; height: auto; border: 1px solid rgba(150&comma;150&comma;150&comma;0.3); border-radius: 8px;' src='https:\/\/ftp3.syscom.mx\/usuarios\/fotos\/MSC9674PA\/240232-img1.png' alt=''> <\/div>\n<div style='width: 100%; margin-bottom: 30px;'>\n<h2 style='font-size: 24px; color: inherit; text-align: center;'>Experimente vistas de 360\u00b0 con la c\u00e1mara ojo de pez<\/h2>\n<\/p><\/div>\n<div style='display: flex; flex-wrap: wrap; gap: 30px; margin-bottom: 30px;'>\n<div style='flex: 1 1 450px; min-width: 300px;'>\n<div style='position: relative; padding-bottom: 56.25%; height: 0; overflow: hidden; margin-bottom: 30px;'>   <\/div>\n<\/p><\/div>\n<div style='flex: 1 1 450px; min-width: 300px;'>\n<div style='position: relative; padding-bottom: 56.25%; height: 0; overflow: hidden; margin-bottom: 30px;'>   <\/div>\n<\/p><\/div>\n<\/p><\/div>\n<div style='position: relative; width: 100%; min-height: 400px; margin-bottom: 30px; background-image: url(https:\/\/ftp3.syscom.mx\/usuarios\/fotos\/MSC5366X12PE\/240173-img2.jpg); background-size: cover; background-position: center; color: inherit; border-radius: 8px; overflow: hidden;'>\n<div style='position: absolute; top: 0; left: 0; width: 100%; height: 100%; background-color: rgba(0&comma;0&comma;0&comma;0.5); z-index: 1;'><\/div>\n<div style='position: relative; z-index: 2; padding: 2rem; display: flex; align-items: center; width: 100%; height: 100%;'>\n<div style='max-width: 50%;'>\n<h2 style='font-size: 24px; margin-top: 0; margin-bottom: 15px; color: inherit;'>Aprendizaje profundo de inteligencia artificial Genius<\/h2>\n<p style='margin-bottom: 0; color: inherit;'>Equipado con un conjunto de funciones inteligentes de \u00faltima generaci\u00f3n como IA Video Analytics&comma; People Counting&comma; Heat Map y People Flow Analytics&comma; ofrece soluciones de vigilancia m\u00e1s potentes y precisas para ayudar a mejorar la eficiencia y la seguridad del monitoreo.<\/p>\n<\/p><\/div>\n<\/p><\/div>\n<\/p><\/div>\n<div style='width: 100%; margin-bottom: 30px; padding: 15px; background-color: rgba(150&comma;150&comma;150&comma;0.05); border-radius: 8px;'>\n<div style='width: 100%; margin-bottom: 20px;'>\n<h2 style='font-size: 24px; color: inherit; text-align: center;'>Vista panor\u00e1mica de 360\u00b0<\/h2>\n<p style='color: inherit; text-align: center;'>Ofrece una experiencia panor\u00e1mica equivalente a la de m\u00e1s de 4 c\u00e1maras de red convencionales&comma; pero con mayor eficiencia. Proporciona una visi\u00f3n envolvente de 360\u00b0 sin puntos ciegos.<\/p>\n<\/p><\/div>\n<div style='width: 100%;'> <img style='width: 100%; height: auto; border: 1px solid rgba(150&comma;150&comma;150&comma;0.3); border-radius: 8px;' src='https:\/\/ftp3.syscom.mx\/usuarios\/fotos\/MSC9674PA\/240232-fisheye-360-panoramic-view.png' alt='C\u00e1mara Milesight'> <\/div>\n<\/p><\/div>\n<div style='display: flex; flex-wrap: wrap; gap: 30px; margin-bottom: 30px;'>\n<div style='flex: 1 1 450px; min-width: 300px;'> <img style='width: 100%; height: auto; border: 1px solid rgba(150&comma;150&comma;150&comma;0.3); border-radius: 8px;' src='https:\/\/ftp3.syscom.mx\/usuarios\/fotos\/MSC8165PE\/240222-4k-ultra-high-definition.png' alt=''> <\/div>\n<div style='flex: 1 1 450px; min-width: 300px;'>\n<h2 style='font-size: 24px; margin-top: 0; margin-bottom: 15px; color: inherit;'>Ultra alta definici\u00f3n de 12 MP<\/h2>\n<p style='color: inherit;'>Cuenta con una ultra alta definici\u00f3n de 12 MP que restaura las im\u00e1genes con mayor precisi\u00f3n para garantizar una calidad excepcional. Gracias a su lente ultra gran angular de 360\u00b0&comma; la c\u00e1mara monitorea toda la escena sin perder ning\u00fan detalle.<\/p>\n<\/p><\/div>\n<\/p><\/div>\n<div style='width: 100%; margin-bottom: 30px; padding: 15px; background-color: rgba(150&comma;150&comma;150&comma;0.05); border-radius: 8px;'>\n<div style='width: 100%; margin-bottom: 20px;'>\n<h2 style='font-size: 24px; color: inherit; text-align: center;'>Mapa de calor avanzado<\/h2>\n<p style='color: inherit; text-align: center;'>La funci\u00f3n de mapa de calor de Milesight va m\u00e1s all\u00e1 de la seguridad&comma; ya que puede analizar el movimiento de los clientes para revelar informaci\u00f3n para una mejor gesti\u00f3n empresarial con resultados de an\u00e1lisis estad\u00edstico intuitivos y precisos en patrones de tiempo o espacio seg\u00fan sea necesario.<\/p>\n<\/p><\/div>\n<div style='width: 100%;'> <img style='width: 100%; height: auto; border: 1px solid rgba(150&comma;150&comma;150&comma;0.3); border-radius: 8px;' src='https:\/\/ftp3.syscom.mx\/usuarios\/fotos\/MSC9674PA\/240232-fisheye-heat-map.png' alt='C\u00e1mara Milesight'> <\/div>\n<\/p><\/div>\n<div style='position: relative; width: 100%; min-height: 400px; margin-bottom: 30px; background-image: url(https:\/\/ftp3.syscom.mx\/usuarios\/fotos\/MSC9674PA\/240232-5bg.png); background-size: cover; background-position: center; color: inherit; border-radius: 8px; overflow: hidden;'>\n<div style='position: absolute; top: 0; left: 0; width: 100%; height: 100%; background-color: rgba(0&comma;0&comma;0&comma;0.5); z-index: 1;'><\/div>\n<div style='position: relative; z-index: 2; padding: 2rem; display: flex; flex-wrap: wrap; align-items: center; justify-content: space-between; width: 100%;'>\n<div style='flex: 1 1 400px; max-width: 50%; margin-bottom: 20px;'>\n<h2 style='font-size: 24px; margin-top: 0; margin-bottom: 15px; color: inherit;'>An\u00e1lisis del flujo de personas<\/h2>\n<p style='color: inherit; margin-bottom: 0;'>La funci\u00f3n de an\u00e1lisis de flujo de personas de Milesight puede analizar hasta 6 direcciones diferentes de flujo de personas bas\u00e1ndose en el seguimiento en tiempo real para la planificaci\u00f3n del espacio y la toma de decisiones comerciales.<\/p>\n<\/p><\/div>\n<div style='flex: 1 1 400px; max-width: 45%;'> <img style='width: 100%; height: auto; border-radius: 12px;' src='https:\/\/ftp3.syscom.mx\/usuarios\/fotos\/MSC9674PA\/240232-people-flow-analytics.png' alt='Smart IR II'> <\/div>\n<\/p><\/div>\n<\/p><\/div>\n<div style='display: flex; flex-wrap: wrap; gap: 30px; margin-bottom: 30px;'>\n<div style='flex: 1 1 450px; min-width: 300px;'> <img style='width: 100%; height: auto; border: 1px solid rgba(150&comma;150&comma;150&comma;0.3); border-radius: 8px;' src='https:\/\/ftp3.syscom.mx\/usuarios\/fotos\/MSC9674PA\/240232-fisheye-auto-tracking.png' alt=''> <\/div>\n<div style='flex: 1 1 450px; min-width: 300px;'>\n<h2 style='font-size: 24px; margin-top: 0; margin-bottom: 15px; color: inherit;'>Seguimiento autom\u00e1tico de ojo de pez<\/h2>\n<p style='color: inherit;'>Con el Seguimiento Autom\u00e1tico de Ojo de Pez&comma; la C\u00e1mara Ojo de Pez Milesight permite el seguimiento autom\u00e1tico de objetos en movimiento en la Vista Panor\u00e1mica de 360\u00b0. Esto garantiza una seguridad integral mediante el movimiento horizontal&comma; vertical y zoom digital en \u00e1reas espec\u00edficas para evitar perder detalles.<\/p>\n<\/p><\/div>\n<\/p><\/div>\n<div style='position: relative; width: 100%; min-height: 440px; margin-bottom: 30px; background-image: url(https:\/\/ftp3.syscom.mx\/usuarios\/fotos\/MSC9674PA\/240232-7bg.png); background-size: cover; background-position: center; color: inherit; border-radius: 8px; overflow: hidden;'>\n<div style='position: absolute; top: 0; left: 0; width: 100%; height: 100%; background-color: rgba(0&comma;0&comma;0&comma;0.5); z-index: 1;'><\/div>\n<div style='position: relative; z-index: 2; padding: 4rem 2rem; display: flex; flex-wrap: wrap; align-items: center; justify-content: space-between; width: 100%;'>\n<div style='flex: 1 1 400px; max-width: 40%; margin-bottom: 20px;'> <img style='width: 100%; height: auto; border-radius: 12px;' src='https:\/\/ftp3.syscom.mx\/usuarios\/fotos\/MSC9674PA\/240232-two-kinds-of-conpatible-modes.png' alt='Posicionamiento 3D'> <\/div>\n<div style='flex: 1 1 400px; max-width: 50%;'>\n<h2 style='font-size: 24px; margin-top: 0; margin-bottom: 15px; color: inherit;'>Dos tipos de modos compatibles<\/h2>\n<p style='color: inherit; font-size: 16px; line-height: 1.6;'>El modo de transmisi\u00f3n agrupada combina todos los canales en uno para facilitar la compatibilidad con NVR o VMS. El modo multicanal env\u00eda cada canal original por separado&comma; lo que permite modificaciones individuales.<\/p>\n<\/p><\/div>\n<\/p><\/div>\n<\/p><\/div>\n<div style='width: 100%; margin-bottom: 30px; padding: 15px; background-color: rgba(150&comma;150&comma;150&comma;0.05); border-radius: 8px;'>\n<div style='width: 100%; margin-bottom: 20px;'>\n<h2 style='font-size: 24px; color: inherit; text-align: center;'>Potente capacidad de decodificaci\u00f3n<\/h2>\n<p style='color: inherit; text-align: center;'>La c\u00e1mara de red ojo de pez con IA cuenta con potentes capacidades de decodificaci\u00f3n y ofrece un alto rendimiento en cada canal. Admite hasta 25 fps a 12 MP con 1000 fps y hasta 30 fps a 3 MP por canal con 4R.<\/p>\n<\/p><\/div>\n<div style='width: 100%;'> <img style='width: 100%; height: auto; border: 1px solid rgba(150&comma;150&comma;150&comma;0.3); border-radius: 8px;' src='https:\/\/ftp3.syscom.mx\/usuarios\/fotos\/MSC9674PA\/240232-decoding-capacity.png' alt='C\u00e1mara Milesight'> <\/div>\n<\/p><\/div>\n<div style='width: 100%; margin-bottom: 30px; padding: 15px; background-color: rgba(150&comma;150&comma;150&comma;0.05); border-radius: 8px;'>\n<div style='width: 100%; margin-bottom: 20px;'>\n<h2 style='font-size: 24px; color: inherit; text-align: center;'>Impresionante habilidad de deformaci\u00f3n<\/h2>\n<p style='color: inherit; text-align: center;'>Utiliza un chipset superior para una excelente capacidad de correcci\u00f3n de distorsi\u00f3n&comma; que puede convertir la vista de ojo de pez original en varios modos de visualizaci\u00f3n (1O&comma; 1P&comma; 2P&comma; 4R&comma; 1O3R&comma; 1P1R&comma; 1P4R&comma; 1P6R&comma; 9R) para satisfacer diferentes requisitos de visualizaci\u00f3n manteniendo una alta calidad de imagen.<\/p>\n<\/p><\/div>\n<div style='width: 100%;'> <img style='width: 100%; height: auto; border: 1px solid rgba(150&comma;150&comma;150&comma;0.3); border-radius: 8px;' src='https:\/\/ftp3.syscom.mx\/usuarios\/fotos\/MSC9674PA\/240232-dewarping-ability.png' alt='C\u00e1mara Milesight'> <\/div>\n<\/p><\/div>\n<div style='position: relative; width: 100%; min-height: 430px; margin-bottom: 30px; background-image: url(https:\/\/ftp3.syscom.mx\/usuarios\/fotos\/MSC9674PA\/240232-ir.png); background-size: cover; background-position: center; color: inherit; border-radius: 8px; overflow: hidden;'>\n<div style='position: absolute; top: 0; left: 0; width: 100%; height: 100%; background-color: rgba(0&comma;0&comma;0&comma;0.5); z-index: 1;'><\/div>\n<div style='position: relative; z-index: 2; padding: 2rem; display: flex; align-items: center; justify-content: center; width: 100%; height: 100%;'>\n<div style='max-width: 1000px;'>\n<h2 style='font-size: 28px; margin-top: 0; margin-bottom: 15px; color: inherit;'>Rendimiento IR revolucionario<\/h2>\n<p style='color: inherit; font-size: 16px; line-height: 1.6;'>Con dos LED IR con \u00e1ngulos que permiten una cobertura IR de 180\u00b0&comma; el dise\u00f1o IR tambi\u00e9n incluye LED IR con intensidad de iluminaci\u00f3n ajustable para garantizar el rendimiento IR. Adem\u00e1s&comma; la separaci\u00f3n de los LED IR y la lente evita eficazmente el reflejo IR&comma; logrando as\u00ed el mejor efecto.<\/p>\n<\/p><\/div>\n<\/p><\/div>\n<\/p><\/div>\n<div style='display: flex; flex-wrap: wrap; gap: 30px; margin-bottom: 30px;'>\n<div style='flex: 1 1 450px; min-width: 300px;'> <img style='width: 100%; height: auto; border: 1px solid rgba(150&comma;150&comma;150&comma;0.3); border-radius: 8px;' src='https:\/\/ftp3.syscom.mx\/usuarios\/fotos\/MSC9674PA\/240232-intento1.gif' alt=''> <\/div>\n<div style='flex: 1 1 450px; min-width: 300px;'>\n<h2 style='font-size: 24px; margin-top: 0; margin-bottom: 15px; color: inherit;'>Calidad de imagen superior<\/h2>\n<p style='color: inherit;'>Gracias a sus avanzados algoritmos de procesamiento de imagen y al sensor SONY STARVIS&comma; logra un excelente rendimiento de imagen&comma; incluso en condiciones de iluminaci\u00f3n dif\u00edciles. Sus caracter\u00edsticas de 0&comma;009 Lux en condiciones de luz ultrabaja y Super WDR de 120 dB la hacen ideal para diversas circunstancias especiales.<\/p>\n<\/p><\/div>\n<\/p><\/div>\n<div style='width: 100%; margin-bottom: 30px; padding: 30px 15px; background-color: #000000; color: inherit; border-radius: 8px;'>\n<div style='width: 100%; margin-bottom: 20px;'>\n<h2 style='font-size: 24px; color: inherit; text-align: center;'>IP67 y IK10<\/h2>\n<p style='color: inherit; text-align: center;'>Equipada con resistencia a la intemperie con clasificaci\u00f3n IP67 l\u00edder en la industria y resistencia al vandalismo con clasificaci\u00f3n IK10&comma; la c\u00e1mara est\u00e1 bien protegida contra impactos adversos para garantizar un rendimiento s\u00f3lido.<\/p>\n<\/p><\/div>\n<div style='width: 100%;'> <img style='width: 100%; height: auto; border: 1px solid rgba(150&comma;150&comma;150&comma;0.3); border-radius: 8px;' src='https:\/\/ftp3.syscom.mx\/usuarios\/fotos\/MSC9674PA\/240232-wather-proof-vandal-proof.png' alt='C\u00e1mara Milesight'> <\/div>\n<\/p><\/div>\n<div style='width: 100%; margin-bottom: 30px; padding: 30px 15px; background-color: #27487a; color: inherit; border-radius: 8px;'>\n<div style='width: 100%; margin-bottom: 20px;'>\n<h2 style='font-size: 24px; color: inherit; text-align: center;'>Dise\u00f1o delicado y exquisito<\/h2>\n<p style='color: inherit; text-align: center;'>El dise\u00f1o sin tornillos y el cable multiinterfaz mantienen una apariencia ordenada. La placa de alimentaci\u00f3n reemplaza los cables tradicionales&comma; liberando espacio interior y transformando la c\u00e1mara en una obra maestra de vigilancia&comma; tanto interna como externa.<\/p>\n<\/p><\/div>\n<div style='width: 100%;'> <img style='width: 100%; height: auto; border: 1px solid rgba(150&comma;150&comma;150&comma;0.3); border-radius: 8px;' src='https:\/\/ftp3.syscom.mx\/usuarios\/fotos\/MSC9674PA\/240232-exqusite-design.png' alt='C\u00e1mara Milesight'> <\/div>\n<\/p><\/div>\n<div style='width: 100%; margin-bottom: 30px; padding: 30px 15px; background-color: #f5f5f5; color: inherit; border-radius: 8px;'>\n<div style='width: 100%; margin-bottom: 20px;'>\n<h2 style='font-size: 24px; color: inherit; text-align: center;'>Varios accesorios para una f\u00e1cil instalaci\u00f3n<\/h2>\n<p style='color: inherit; text-align: center;'>La caja de conexiones (A75) facilita la conexi\u00f3n y ocultaci\u00f3n de cables&comma; mientras que el soporte colgante (A76) se utiliza para instalaciones en techo o verticales y el soporte de pared (A72) es para instalaciones en paredes o parapetos.<\/p>\n<\/p><\/div>\n<div style='width: 100%;'> <img style='width: 100%; height: auto; border: 1px solid rgba(150&comma;150&comma;150&comma;0.3); border-radius: 8px;' src='https:\/\/ftp3.syscom.mx\/usuarios\/fotos\/MSC9674PA\/240232-various-installation.png' alt='C\u00e1mara Milesight'> <\/div>\n<\/p><\/div>\n<\/p><\/div>\n","protected":false},"excerpt":{"rendered":"<p>C\u00e1mara de Red Panor\u00e1mica AI 360\u00b0 Ojo de Pez \/ 8\/12MP Ultra Alta Resoluci\u00f3n \/ H.265+ Descompresi\u00f3n \/ Micr\u00f3fono y Audio I\/O \/ Almacenamiento 256GB \/ Cumplimiento NDAA \/ Protecci\u00f3n IP67 e IK10<\/p>\n","protected":false},"featured_media":100563,"comment_status":"open","ping_status":"closed","template":"","meta":[],"product_brand":[],"product_cat":[2248],"product_tag":[122,2249,1455],"class_list":{"0":"post-100564","1":"product","2":"type-product","3":"status-publish","4":"has-post-thumbnail","6":"product_cat-fisheye-y-hemisfericas","7":"product_tag-camaras-ip-y-nvrs","8":"product_tag-fisheye-y-hemisfericas","9":"product_tag-milesight","11":"first","12":"outofstock","13":"sale","14":"shipping-taxable","15":"purchasable","16":"product-type-simple"},"_links":{"self":[{"href":"https:\/\/soydeaqui.ddns.net\/pachuca\/index.php\/wp-json\/wp\/v2\/product\/100564","targetHints":{"allow":["GET"]}}],"collection":[{"href":"https:\/\/soydeaqui.ddns.net\/pachuca\/index.php\/wp-json\/wp\/v2\/product"}],"about":[{"href":"https:\/\/soydeaqui.ddns.net\/pachuca\/index.php\/wp-json\/wp\/v2\/types\/product"}],"replies":[{"embeddable":true,"href":"https:\/\/soydeaqui.ddns.net\/pachuca\/index.php\/wp-json\/wp\/v2\/comments?post=100564"}],"wp:featuredmedia":[{"embeddable":true,"href":"https:\/\/soydeaqui.ddns.net\/pachuca\/index.php\/wp-json\/wp\/v2\/media\/100563"}],"wp:attachment":[{"href":"https:\/\/soydeaqui.ddns.net\/pachuca\/index.php\/wp-json\/wp\/v2\/media?parent=100564"}],"wp:term":[{"taxonomy":"product_brand","embeddable":true,"href":"https:\/\/soydeaqui.ddns.net\/pachuca\/index.php\/wp-json\/wp\/v2\/product_brand?post=100564"},{"taxonomy":"product_cat","embeddable":true,"href":"https:\/\/soydeaqui.ddns.net\/pachuca\/index.php\/wp-json\/wp\/v2\/product_cat?post=100564"},{"taxonomy":"product_tag","embeddable":true,"href":"https:\/\/soydeaqui.ddns.net\/pachuca\/index.php\/wp-json\/wp\/v2\/product_tag?post=100564"}],"curies":[{"name":"wp","href":"https:\/\/api.w.org\/{rel}","templated":true}]}}