{"id":100560,"date":"2026-03-20T11:19:58","date_gmt":"2026-03-20T11:19:58","guid":{"rendered":"https:\/\/soydeaqui.ddns.net\/pachuca\/index.php\/producto\/camara-ptz-con-radar-triple-camara-integrada-deteccion-de-intrusion-por-radar-rango-de-deteccion-500-m-32x-zoom-optico-ip67\/"},"modified":"2026-03-20T11:20:00","modified_gmt":"2026-03-20T11:20:00","slug":"camara-ptz-con-radar-triple-camara-integrada-deteccion-de-intrusion-por-radar-rango-de-deteccion-500-m-32x-zoom-optico-ip67","status":"publish","type":"product","link":"https:\/\/soydeaqui.ddns.net\/pachuca\/index.php\/producto\/camara-ptz-con-radar-triple-camara-integrada-deteccion-de-intrusion-por-radar-rango-de-deteccion-500-m-32x-zoom-optico-ip67\/","title":{"rendered":"C\u00e1mara PTZ con Radar Triple C\u00e1mara Integrada \/ Detecci\u00f3n de Intrusi\u00f3n por Radar \/ Rango de Detecci\u00f3n 500 m \/ 32x Zoom \u00d3ptico \/ IP67"},"content":{"rendered":"<div style='width: 100%; max-width: 1200px; margin: 0 auto; font-family: sans-serif; line-height: 1.6; color: inherit; background-color: transparent;'>\n<p style='text-align: center;'><img style='width: 45%; height: auto; border: 1px solid rgba(150&comma;150&comma;150&comma;0.3); border-radius: 8px;' src='https:\/\/ftp3.syscom.mx\/usuarios\/jsosa\/HIKVISION\/imagenes\/logo\/hikvision%20see%20far.png' alt='Logo Hikvision See Far'><\/p>\n<h1 style='font-size: 24px; color: #232a6f; text-align: center; margin: 30px 0;'>Especif\u00edcaciones<\/h1>\n<p> <!-- Secci\u00f3n de cards con caracter\u00edsticas --> <\/p>\n<div style='display: flex; flex-wrap: wrap; gap: 30px; margin-bottom: 30px;'>\n<div style='flex: 1 1 300px; min-width: 280px;'>\n<div style='border: 1px solid rgba(150&comma; 150&comma; 150&comma; 0.4); border-radius: 8px; overflow: hidden; display: flex; flex-direction: column;'>\n<div style='padding: 15px; background: #df001e; border-bottom: 1px solid #a80000; font-weight: bold; font-size: 18px; color: #ffffff;'>Caracter\u00edsticas Principales:<\/div>\n<div style='padding: 15px; color: inherit;'>\n<h3 style='font-size: 16px; border-bottom: 2px solid currentColor; padding-bottom: 5px; margin-top: 0; margin-bottom: 10px; color: inherit; opacity: 0.8;'>Lente de C\u00e1mara Panor\u00e1mica<\/h3>\n<ul style='padding-left: 20px; font-size: 14px; color: inherit; list-style-type: disc;'>\n<li style='margin-bottom: 5px;'><strong>Tipo:<\/strong> C\u00e1mara fija de visi\u00f3n general<\/li>\n<li style='margin-bottom: 5px;'><strong>Distancia focal:<\/strong> 6 mm (lente fijo)<\/li>\n<li style='margin-bottom: 5px;'><strong>Campo de visi\u00f3n (FOV):<\/strong> 58\u00b0 &#8211; \u00c1ngulo amplio para cobertura general<\/li>\n<li style='margin-bottom: 5px;'><strong>Zoom \u00f3ptico:<\/strong> No tiene &#8211; Es una c\u00e1mara fija<\/li>\n<li style='margin-bottom: 5px;'><strong>Apertura:<\/strong> F1.6 &#8211; Buena captaci\u00f3n de luz<\/li>\n<li style='margin-bottom: 5px;'><strong>Sensor:<\/strong> 1\/1.8\u2033 CMOS progresivo<\/li>\n<li style='margin-bottom: 5px;'><strong>Resoluci\u00f3n:<\/strong> 2560 \u00d7 1440 (2K)<\/li>\n<li style='margin-bottom: 5px;'><strong>Funci\u00f3n principal:<\/strong> Proporcionar una vista panor\u00e1mica general para monitorizaci\u00f3n de \u00e1rea amplia<\/li>\n<\/ul>\n<h3 style='font-size: 16px; border-bottom: 2px solid currentColor; padding-bottom: 5px; margin-top: 20px; margin-bottom: 10px; color: inherit; opacity: 0.8;'>Lente de C\u00e1mara Panor\u00e1mica 2<\/h3>\n<ul style='padding-left: 20px; font-size: 14px; color: inherit; list-style-type: disc;'>\n<li style='margin-bottom: 5px;'><strong>Tipo:<\/strong> C\u00e1mara con zoom moderado<\/li>\n<li style='margin-bottom: 5px;'><strong>Distancia focal:<\/strong> 10 mm a 50 mm &#8211; Zoom \u00f3ptico 5\u00d7<\/li>\n<li style='margin-bottom: 5px;'><strong>Campo de visi\u00f3n (FOV):<\/strong> 40\u00b0 a 9\u00b0 &#8211; De \u00e1ngulo medio a teleobjetivo suave<\/li>\n<li style='margin-bottom: 5px;'><strong>Zoom \u00f3ptico:<\/strong> 5\u00d7 &#8211; Capacidad de acercamiento intermedio<\/li>\n<li style='margin-bottom: 5px;'><strong>Velocidad de zoom:<\/strong> Aproximadamente 1.8 segundos<\/li>\n<li style='margin-bottom: 5px;'><strong>Apertura:<\/strong> F1.4 &#8211; Excelente rendimiento en baja luz<\/li>\n<li style='margin-bottom: 5px;'><strong>Sensor:<\/strong> 1\/1.8\u2033 CMOS progresivo<\/li>\n<li style='margin-bottom: 5px;'><strong>Resoluci\u00f3n:<\/strong> 2560 \u00d7 1440 (2K)<\/li>\n<li style='margin-bottom: 5px;'><strong>Funci\u00f3n principal:<\/strong> Zoom intermedio para seguimiento y observaci\u00f3n de objetivos a media distancia<\/li>\n<\/ul>\n<h3 style='font-size: 16px; border-bottom: 2px solid currentColor; padding-bottom: 5px; margin-top: 20px; margin-bottom: 10px; color: inherit; opacity: 0.8;'>Lente de C\u00e1mara de Detalle<\/h3>\n<ul style='padding-left: 20px; font-size: 14px; color: inherit; list-style-type: disc;'>\n<li style='margin-bottom: 5px;'><strong>Tipo:<\/strong> Identificaci\u00f3n y seguimiento detallado de objetivos a larga distancia<\/li>\n<li style='margin-bottom: 5px;'><strong>Distancia focal:<\/strong> 6 mm a 192 mm &#8211; Zoom \u00f3ptico 32\u00d7<\/li>\n<li style='margin-bottom: 5px;'><strong>Campo de visi\u00f3n (FOV):<\/strong> 60.2\u00b0 a 2.3\u00b0 &#8211; De gran angular a ultra teleobjetivo<\/li>\n<li style='margin-bottom: 5px;'><strong>Zoom \u00f3ptico:<\/strong> 32\u00d7 + 16\u00d7 digital = Zoom total de 512\u00d7<\/li>\n<li style='margin-bottom: 5px;'><strong>Velocidad de zoom:<\/strong> Aproximadamente 5.6 segundos<\/li>\n<li style='margin-bottom: 5px;'><strong>Apertura:<\/strong> F1.2 &#8211; M\u00e1xima captaci\u00f3n de luz para condiciones extremas<\/li>\n<li style='margin-bottom: 5px;'><strong>Sensor:<\/strong> 1\/1.8\u2033 CMOS progresivo<\/li>\n<li style='margin-bottom: 5px;'><strong>Resoluci\u00f3n:<\/strong> 2560 \u00d7 1440 (2K)<\/li>\n<li style='margin-bottom: 5px;'><strong>Funci\u00f3n principal:<\/strong> Identificaci\u00f3n y seguimiento detallado de objetivos a larga distancia<\/li>\n<\/ul><\/div>\n<\/p><\/div>\n<\/p><\/div>\n<div style='flex: 1 1 300px; min-width: 280px;'>\n<div style='border: 1px solid rgba(150&comma; 150&comma; 150&comma; 0.4); border-radius: 8px; overflow: hidden; display: flex; flex-direction: column;'>\n<div style='padding: 15px; background: #df001e; border-bottom: 1px solid #a80000; font-weight: bold; font-size: 18px; color: #ffffff;'>Caracter\u00edsticas F\u00edsicas y El\u00e9ctricas:<\/div>\n<div style='padding: 15px; color: inherit;'>\n<ul style='padding-left: 20px; font-size: 14px; color: inherit; list-style-type: disc;'>\n<li style='margin-bottom: 5px;'><strong>Alimentaci\u00f3n:<\/strong> 36 VCD 90 W<\/li>\n<li style='margin-bottom: 5px;'><strong>Temperatura de operaci\u00f3n:<\/strong> -40\u00b0C a 70\u00b0C \/ Humedad al 95% m\u00e1ximo<\/li>\n<li style='margin-bottom: 5px;'><strong>Uso en exterior:<\/strong> IP67<\/li>\n<li style='margin-bottom: 5px;'><strong>Protecci\u00f3n:<\/strong> Contra sobretensiones y voltajes transistorios<\/li>\n<li style='margin-bottom: 5px;'><strong>Dimensiones:<\/strong> 391 x 530 mm<\/li>\n<li style='margin-bottom: 5px;'><strong>Peso:<\/strong> 16 Kgs<\/li>\n<li style='margin-bottom: 5px;'><strong>No compatible con PoE<\/strong> y requiere alimentaci\u00f3n independiente de 36VDC debido a su alto consumo energ\u00e9tico<\/li>\n<li style='margin-bottom: 5px;'><strong>No incluye fuente de alimentaci\u00f3n<\/strong>&comma; se recomienda usar EUV-150S036ST-KW02<\/li>\n<\/ul><\/div>\n<\/p><\/div>\n<\/p><\/div>\n<\/p><\/div>\n<p> <!-- Secci\u00f3n de interfaces y procesamiento --> <\/p>\n<div style='display: flex; flex-wrap: wrap; gap: 30px; margin-bottom: 30px;'>\n<div style='flex: 1 1 300px; min-width: 280px;'>\n<div style='border: 1px solid rgba(150&comma; 150&comma; 150&comma; 0.4); border-radius: 8px; overflow: hidden; display: flex; flex-direction: column;'>\n<div style='padding: 15px; background: #df001e; border-bottom: 1px solid #a80000; font-weight: bold; font-size: 18px; color: #ffffff;'>Interfaces Entradas y Salidas:<\/div>\n<div style='padding: 15px; color: inherit;'>\n<ul style='padding-left: 20px; font-size: 14px; color: inherit; list-style-type: disc;'>\n<li style='margin-bottom: 5px;'><strong>Paneo:<\/strong> 360\u00b0<\/li>\n<li style='margin-bottom: 5px;'><strong>Tildeo:<\/strong> -20\u00b0 a 90\u00ba (auto flip)<\/li>\n<li style='margin-bottom: 5px;'><strong>Preset \/ Patrol \/ Pattern:<\/strong> 300 \/ 8 \/ 4<\/li>\n<li style='margin-bottom: 5px;'><strong>Reducci\u00f3n de falsas alarmas:<\/strong> ACUSENSE<\/li>\n<li style='margin-bottom: 5px;'><strong>Funci\u00f3n de PARK ACTION:<\/strong> Acci\u00f3n de estacionamiento<\/li>\n<li style='margin-bottom: 5px;'><strong>Soporta tareas calendarizadas<\/strong><\/li>\n<li style='margin-bottom: 5px;'><strong>Entradas de alarma:<\/strong> 7<\/li>\n<li style='margin-bottom: 5px;'><strong>Salidas de alarma:<\/strong> 2<\/li>\n<li style='margin-bottom: 5px;'><strong>Entradas de audio:<\/strong> 1<\/li>\n<li style='margin-bottom: 5px;'><strong>Salidas de audio:<\/strong> 1<\/li>\n<li style='margin-bottom: 5px;'><strong>Puerto Ethernet:<\/strong> RJ45 solamente para datos (1000 M adaptativo)<\/li>\n<li style='margin-bottom: 5px;'><strong>Almacenamiento:<\/strong> micro SD de hasta 256 GB<\/li>\n<\/ul><\/div>\n<\/p><\/div>\n<\/p><\/div>\n<div style='flex: 1 1 300px; min-width: 280px;'>\n<div style='border: 1px solid rgba(150&comma; 150&comma; 150&comma; 0.4); border-radius: 8px; overflow: hidden; display: flex; flex-direction: column;'>\n<div style='padding: 15px; background: #df001e; border-bottom: 1px solid #a80000; font-weight: bold; font-size: 18px; color: #ffffff;'>Funci\u00f3n de Grabaci\u00f3n y Visualizaci\u00f3n:<\/div>\n<div style='padding: 15px; color: inherit;'>\n<ul style='padding-left: 20px; font-size: 14px; color: inherit; list-style-type: disc;'>\n<li style='margin-bottom: 5px;'>Detecci\u00f3n de movimiento multizona<\/li>\n<li style='margin-bottom: 5px;'>Zoom digital en visualizaci\u00f3n y grabaci\u00f3n<\/li>\n<li style='margin-bottom: 5px;'>Detecci\u00f3n de cruce de l\u00ednea&comma; intrusi\u00f3n&comma; entrada\/salida de regi\u00f3n<\/li>\n<li style='margin-bottom: 5px;'>Admite eventos inteligentes y la c\u00e1mara panor\u00e1mica activa el \u00e1rea configurada. Al detectar un objetivo&comma; se conecta la c\u00e1mara de detalle para seguirlo y activar la alarma<\/li>\n<\/ul><\/div>\n<\/p><\/div>\n<div style='margin-top: 20px; border: 1px solid rgba(150&comma; 150&comma; 150&comma; 0.4); border-radius: 8px; overflow: hidden; display: flex; flex-direction: column;'>\n<div style='padding: 15px; background: #df001e; border-bottom: 1px solid #a80000; font-weight: bold; font-size: 18px; color: #ffffff;'>Capacidad de Procesamiento y Funciones de red:<\/div>\n<div style='padding: 15px; color: inherit;'>\n<ul style='padding-left: 20px; font-size: 14px; color: inherit; list-style-type: disc;'>\n<li style='margin-bottom: 5px;'><a style='color: #0d6efd; text-decoration: none;' href='https:\/\/ftp3.syscom.mx\/usuarios\/alexh\/Hikvision\/Specsheet\/DS-2DF8C842IXG1-ELWY_Datasheet_20250313%20.pdf' target='_blank' rel='noopener'>Consulte la ficha t\u00e9cnica para validar los accesorios compatibles<\/a><\/li>\n<\/ul><\/div>\n<\/p><\/div>\n<\/p><\/div>\n<\/p><\/div>\n<p> <!-- Secci\u00f3n de caracter\u00edsticas destacadas --> <\/p>\n<div style='display: flex; flex-wrap: wrap; gap: 30px; margin-bottom: 30px;'>\n<div style='flex: 1 1 100%;'>\n<div style='border: 1px solid rgba(150&comma; 150&comma; 150&comma; 0.4); border-radius: 8px; overflow: hidden; display: flex; flex-direction: column;'>\n<div style='padding: 15px; background: #df001e; border-bottom: 1px solid #a80000; font-weight: bold; font-size: 18px; color: #ffffff;'>Caracter\u00edsticas destacadas:<\/div>\n<div style='padding: 15px; color: inherit;'>\n<h3 style='font-size: 16px; border-bottom: 2px solid currentColor; padding-bottom: 5px; margin-top: 0; margin-bottom: 10px; color: inherit; opacity: 0.8;'>Tecnolog\u00eda Radar de Array en Fase con Detecci\u00f3n Multiobjetivo<\/h3>\n<ul style='padding-left: 20px; font-size: 14px; color: inherit; list-style-type: disc;'>\n<li style='margin-bottom: 5px;'>Detecci\u00f3n simult\u00e1nea de hasta 128 objetivos<\/li>\n<li style='margin-bottom: 5px;'>Alcance de 500 metros para personas y veh\u00edculos<\/li>\n<li style='margin-bottom: 5px;'>Precisi\u00f3n extrema: 1m en distancia&comma; 0.06 m\/s en velocidad&comma; 0.8\u00b0 en \u00e1ngulo<\/li>\n<li style='margin-bottom: 5px;'>Doble haz radar: 15\u00b0 (largo alcance) y 50\u00b0 (corto alcance)<\/li>\n<li style='margin-bottom: 5px;'>Filtrado inteligente de falsas alarmas mediante verificaci\u00f3n de video<\/li>\n<\/ul>\n<h3 style='font-size: 16px; border-bottom: 2px solid currentColor; padding-bottom: 5px; margin-top: 20px; margin-bottom: 10px; color: inherit; opacity: 0.8;'>Configuraci\u00f3n Triple C\u00e1mara Integrada<\/h3>\n<ul style='padding-left: 20px; font-size: 14px; color: inherit; list-style-type: disc;'>\n<li style='margin-bottom: 5px;'>Panor\u00e1mica 1: Lente fija 6mm&comma; 58\u00b0 FOV para vigilancia general<\/li>\n<li style='margin-bottom: 5px;'>Panor\u00e1mica 2: Zoom 5x \u00f3ptico (10-50mm) para seguimiento intermedio<\/li>\n<li style='margin-bottom: 5px;'>C\u00e1mara Detalle: Zoom 32x \u00f3ptico + 16x digital (6-192mm) para identificaci\u00f3n<\/li>\n<li style='margin-bottom: 5px;'>Todos los sensores CMOS 1\/1.8&#8242; con resoluci\u00f3n 2K (2560 \u00d7 1440)<\/li>\n<li style='margin-bottom: 5px;'>Transici\u00f3n autom\u00e1tica entre c\u00e1maras guiada por radar<\/li>\n<\/ul>\n<h3 style='font-size: 16px; border-bottom: 2px solid currentColor; padding-bottom: 5px; margin-top: 20px; margin-bottom: 10px; color: inherit; opacity: 0.8;'>Alta resistencia y durabilidad<\/h3>\n<ul style='padding-left: 20px; font-size: 14px; color: inherit; list-style-type: disc;'>\n<li style='margin-bottom: 5px;'>Protecci\u00f3n IP67 (resistente al agua y polvo)&comma; IK10 (antivand\u00e1lica)&comma; y protecci\u00f3n el\u00e9ctrica de 6000V contra sobretensiones y transitorios<\/li>\n<li style='margin-bottom: 5px;'>Construcci\u00f3n robusta con limpiador autom\u00e1tico (wiper) y calefactor interno<\/li>\n<\/ul><\/div>\n<\/p><\/div>\n<\/p><\/div>\n<\/p><\/div>\n<p> <!-- Imagen final --> <\/p>\n<p><img style='width: 100%; height: auto; border: 1px solid rgba(150&comma;150&comma;150&comma;0.3); border-radius: 8px;' src='https:\/\/ftp3.syscom.mx\/usuarios\/jsosa\/HIKVISION\/imagenes\/banners\/solution%20complete.png' alt='Soluci\u00f3n completa'><\/p>\n<\/p><\/div>\n","protected":false},"excerpt":{"rendered":"<p>C\u00e1mara PTZ con Radar Triple C\u00e1mara Integrada \/ Detecci\u00f3n de Intrusi\u00f3n por Radar \/ Rango de Detecci\u00f3n 500 m \/ 32x Zoom \u00d3ptico \/ IP67<\/p>\n","protected":false},"featured_media":100559,"comment_status":"open","ping_status":"closed","template":"","meta":[],"product_brand":[],"product_cat":[1224],"product_tag":[122,54,1225],"class_list":{"0":"post-100560","1":"product","2":"type-product","3":"status-publish","4":"has-post-thumbnail","6":"product_cat-ptz","7":"product_tag-camaras-ip-y-nvrs","8":"product_tag-hikvision","9":"product_tag-ptz","11":"first","12":"outofstock","13":"sale","14":"shipping-taxable","15":"purchasable","16":"product-type-simple"},"_links":{"self":[{"href":"https:\/\/soydeaqui.ddns.net\/pachuca\/index.php\/wp-json\/wp\/v2\/product\/100560","targetHints":{"allow":["GET"]}}],"collection":[{"href":"https:\/\/soydeaqui.ddns.net\/pachuca\/index.php\/wp-json\/wp\/v2\/product"}],"about":[{"href":"https:\/\/soydeaqui.ddns.net\/pachuca\/index.php\/wp-json\/wp\/v2\/types\/product"}],"replies":[{"embeddable":true,"href":"https:\/\/soydeaqui.ddns.net\/pachuca\/index.php\/wp-json\/wp\/v2\/comments?post=100560"}],"wp:featuredmedia":[{"embeddable":true,"href":"https:\/\/soydeaqui.ddns.net\/pachuca\/index.php\/wp-json\/wp\/v2\/media\/100559"}],"wp:attachment":[{"href":"https:\/\/soydeaqui.ddns.net\/pachuca\/index.php\/wp-json\/wp\/v2\/media?parent=100560"}],"wp:term":[{"taxonomy":"product_brand","embeddable":true,"href":"https:\/\/soydeaqui.ddns.net\/pachuca\/index.php\/wp-json\/wp\/v2\/product_brand?post=100560"},{"taxonomy":"product_cat","embeddable":true,"href":"https:\/\/soydeaqui.ddns.net\/pachuca\/index.php\/wp-json\/wp\/v2\/product_cat?post=100560"},{"taxonomy":"product_tag","embeddable":true,"href":"https:\/\/soydeaqui.ddns.net\/pachuca\/index.php\/wp-json\/wp\/v2\/product_tag?post=100560"}],"curies":[{"name":"wp","href":"https:\/\/api.w.org\/{rel}","templated":true}]}}