{"id":100553,"date":"2026-03-20T11:19:35","date_gmt":"2026-03-20T11:19:35","guid":{"rendered":"https:\/\/soydeaqui.ddns.net\/pachuca\/index.php\/producto\/camara-bullet-ai-road-traffic-pro-starlight-smart-ir-ii-4k-lente-4x-y-12x-anpr-y-algoritmo-lpr-ai-super-wdr-120db-ip67-vandal-proof-ik10-poe-y-dc-12v\/"},"modified":"2026-03-20T11:19:52","modified_gmt":"2026-03-20T11:19:52","slug":"camara-bullet-ai-road-traffic-pro-starlight-smart-ir-ii-4k-lente-4x-y-12x-anpr-y-algoritmo-lpr-ai-super-wdr-120db-ip67-vandal-proof-ik10-poe-y-dc-12v","status":"publish","type":"product","link":"https:\/\/soydeaqui.ddns.net\/pachuca\/index.php\/producto\/camara-bullet-ai-road-traffic-pro-starlight-smart-ir-ii-4k-lente-4x-y-12x-anpr-y-algoritmo-lpr-ai-super-wdr-120db-ip67-vandal-proof-ik10-poe-y-dc-12v\/","title":{"rendered":"C\u00e1mara Bullet AI Road Traffic Pro \/ Starlight \/ Smart IR II \/ 4K \/ Lente 4X y 12X \/ ANPR y Algoritmo LPR AI \/ Super WDR 120dB \/ IP67 \/ Vandal-proof IK10 \/ PoE y DC 12V"},"content":{"rendered":"<div style='width: 100%; max-width: 1200px; margin: 0 auto; font-family: sans-serif; line-height: 1.6; color: inherit; background-color: transparent;'> <!-- Acordion con imagen --> <\/p>\n<div style='width: 100%;'>\n<div style='width: 100%;'> <img style='width: 100%; height: auto; border: 1px solid rgba(150&comma;150&comma;150&comma;0.3); border-radius: 8px;' src='https:\/\/ftp3.syscom.mx\/usuarios\/fotos\/TS4466X4RPE\/240252-img1.png' alt='C\u00e1mara Milesight'> <\/div>\n<\/p><\/div>\n<p> <!-- T\u00edtulo principal --> <\/p>\n<div style='width: 100%; max-width: 800px; margin: 0 auto; text-align: center; margin-top: 2rem; margin-bottom: 2rem;'>\n<h2 style='font-size: 24px; font-weight: 600; color: inherit;'>Presentamos Milesight Intelligent Traffic<\/h2>\n<\/p><\/div>\n<p> <!-- Videos --> <\/p>\n<div style='display: flex; flex-wrap: wrap; gap: 20px; margin-bottom: 30px;'>\n<div style='flex: 1 1 300px; min-width: 280px;'>\n<div style='position: relative; padding-bottom: 56.25%; height: 0; overflow: hidden;'>   <\/div>\n<\/p><\/div>\n<div style='flex: 1 1 300px; min-width: 280px;'>\n<div style='position: relative; padding-bottom: 56.25%; height: 0; overflow: hidden;'>   <\/div>\n<\/p><\/div>\n<div style='flex: 1 1 300px; min-width: 280px;'>\n<div style='position: relative; padding-bottom: 56.25%; height: 0; overflow: hidden;'>   <\/div>\n<\/p><\/div>\n<\/p><\/div>\n<p> <!-- Detecci\u00f3n de infracciones de tr\u00e1fico --> <\/p>\n<div style='background-color: #ededed; color: inherit; padding: 2rem 1rem; margin-bottom: 30px; border-radius: 8px;'>\n<div style='width: 100%; max-width: 1000px; margin: 0 auto;'>\n<div style='width: 100%; text-align: center; margin-bottom: 20px;'>\n<h2 style='font-size: 22px; border-bottom: 2px solid currentColor; padding-bottom: 5px; margin-top: 0; color: inherit; opacity: 0.8;'>Detecci\u00f3n de infracciones de tr\u00e1fico<\/h2>\n<\/p><\/div>\n<div style='width: 100%; text-align: center; margin-bottom: 20px;'>\n<p style='font-size: 15px; color: inherit;'>Detecta y alerta con precisi\u00f3n sobre eventos de infracci\u00f3n como detecci\u00f3n de veh\u00edculos sin matr\u00edcula&comma; detecci\u00f3n de carril espec\u00edfico&comma; detecci\u00f3n de conducci\u00f3n en reversa&comma; detecci\u00f3n de lista negra\/blanca y detecci\u00f3n de eventos de veh\u00edculos para la gesti\u00f3n del tr\u00e1fico vial de misi\u00f3n cr\u00edtica.<\/p>\n<\/p><\/div>\n<div style='width: 100%;'> <img style='width: 100%; height: auto; border: 1px solid rgba(150&comma;150&comma;150&comma;0.3); border-radius: 8px;' src='https:\/\/ftp3.syscom.mx\/usuarios\/fotos\/TS4466X4RPE\/240252-traffic-violation-detection.png' alt='C\u00e1mara Milesight'> <\/div>\n<\/p><\/div>\n<\/p><\/div>\n<p> <!-- Estad\u00edsticas de flujo de tr\u00e1fico --> <\/p>\n<div style='background-color: #ffffff; color: inherit; padding: 2rem 1rem; margin-bottom: 30px; border-radius: 8px;'>\n<div style='width: 100%; max-width: 1000px; margin: 0 auto;'>\n<div style='width: 100%; text-align: center; margin-bottom: 20px;'>\n<h2 style='font-size: 22px; border-bottom: 2px solid currentColor; padding-bottom: 5px; margin-top: 0; color: inherit; opacity: 0.8;'>Estad\u00edsticas de flujo de tr\u00e1fico<\/h2>\n<\/p><\/div>\n<div style='width: 100%; text-align: center; margin-bottom: 20px;'>\n<p style='font-size: 15px; color: inherit;'>El resultado del conteo de veh\u00edculos basado en el tipo de veh\u00edculo y varias caracter\u00edsticas del veh\u00edculo se puede mostrar de manera intuitiva en la vista en vivo de la c\u00e1mara y la c\u00e1mara tambi\u00e9n puede generar informes \u00fatiles para mejorar a\u00fan m\u00e1s las capacidades de gesti\u00f3n del tr\u00e1fico.<\/p>\n<\/p><\/div>\n<div style='width: 100%;'> <img style='width: 100%; height: auto; border: 1px solid rgba(150&comma;150&comma;150&comma;0.3); border-radius: 8px;' src='https:\/\/ftp3.syscom.mx\/usuarios\/fotos\/TS4466X4RPE\/240252-traffic-flow-statistics.png' alt='C\u00e1mara Milesight'> <\/div>\n<\/p><\/div>\n<\/p><\/div>\n<p> <!-- Conexi\u00f3n de la c\u00e1mara de evidencia --> <\/p>\n<div style='position: relative; background-image: url(https:\/\/ftp3.syscom.mx\/usuarios\/fotos\/TS4466X4RPE\/240252-evidence-camera-linkage-background.png); background-size: cover; background-position: center; min-height: 400px; color: white; margin-bottom: 30px;'>\n<div style='position: absolute; top: 0; left: 0; right: 0; bottom: 0; background-color: rgba(0&comma;0&comma;0&comma;0.5); z-index: 1;'><\/div>\n<div style='position: relative; z-index: 2; width: 100%; max-width: 1200px; margin: 0 auto; padding: 2rem;'>\n<div style='display: flex; flex-wrap: wrap; align-items: center; justify-content: space-between; gap: 20px;'>\n<div style='flex: 1 1 400px; min-width: 280px;'>\n<h2 style='font-size: 22px; border-bottom: 2px solid currentColor; padding-bottom: 5px; margin-top: 0; color: inherit; opacity: 0.8;'>Conexi\u00f3n de la c\u00e1mara de evidencia<\/h2>\n<p style='font-size: 15px; color: inherit;'>Adem\u00e1s del reconocimiento de caracter\u00edsticas del veh\u00edculo y matr\u00edculas&comma; la C\u00e1mara de Tr\u00e1fico con IA Milesight se conecta con cualquier c\u00e1mara est\u00e1ndar para capturar evidencia. Gracias a la sincronizaci\u00f3n fluida entre la c\u00e1mara y la c\u00e1mara est\u00e1ndar&comma; los usuarios pueden proporcionar f\u00e1cilmente evidencia s\u00f3lida y convincente&comma; incluyendo resultados de LPR e instant\u00e1neas generales.<\/p>\n<\/p><\/div>\n<div style='flex: 1 1 400px; min-width: 280px;'> <img style='width: 100%; height: auto; border-radius: 12px;' src='https:\/\/ftp3.syscom.mx\/usuarios\/fotos\/TS4466X4RPE\/240252-evidence-camera-linkage.png' alt='Smart IR II'> <\/div>\n<\/p><\/div>\n<\/p><\/div>\n<\/p><\/div>\n<p> <!-- B\u00fasqueda inteligente de LPR --> <\/p>\n<div style='background-color: #ffffff; color: inherit; padding: 2rem 1rem; margin-bottom: 30px; border-radius: 8px;'>\n<div style='width: 100%; max-width: 1000px; margin: 0 auto;'>\n<div style='width: 100%; text-align: center; margin-bottom: 20px;'>\n<h2 style='font-size: 22px; border-bottom: 2px solid currentColor; padding-bottom: 5px; margin-top: 0; color: inherit; opacity: 0.8;'>B\u00fasqueda inteligente de LPR<\/h2>\n<\/p><\/div>\n<div style='width: 100%; text-align: center; margin-bottom: 20px;'>\n<p style='font-size: 15px; color: inherit;'>Se pueden encontrar videos relevantes r\u00e1pidamente buscando solo una parte de las caracter\u00edsticas del veh\u00edculo sospechoso&comma; como la marca&comma; el tipo y el color&comma; el color y el n\u00famero de matr\u00edcula&comma; la direcci\u00f3n&comma; etc.&comma; lo que garantiza una investigaci\u00f3n eficiente de los eventos y un monitoreo inteligente del tr\u00e1fico vial. Tambi\u00e9n admite la exportaci\u00f3n manual y autom\u00e1tica para una gesti\u00f3n sencilla.<\/p>\n<\/p><\/div>\n<div style='width: 100%;'> <img style='width: 100%; height: auto; border: 1px solid rgba(150&comma;150&comma;150&comma;0.3); border-radius: 8px;' src='https:\/\/ftp3.syscom.mx\/usuarios\/fotos\/TS4466X4RPE\/240252-lpr-smart-search-1.png' alt='C\u00e1mara Milesight'> <\/div>\n<\/p><\/div>\n<\/p><\/div>\n<p> <!-- Gesti\u00f3n de datos de placas --> <\/p>\n<div style='background-color: #ededed; color: inherit; padding: 2rem 1rem; margin-bottom: 30px; border-radius: 8px;'>\n<div style='width: 100%; max-width: 1000px; margin: 0 auto;'>\n<div style='width: 100%; text-align: center; margin-bottom: 20px;'>\n<h2 style='font-size: 22px; border-bottom: 2px solid currentColor; padding-bottom: 5px; margin-top: 0; color: inherit; opacity: 0.8;'>Gesti\u00f3n de datos de placas<\/h2>\n<\/p><\/div>\n<div style='width: 100%; text-align: center; margin-bottom: 20px;'>\n<p style='font-size: 15px; color: inherit;'>Una serie de opciones para garantizar la potente gesti\u00f3n de datos de placas y la implementaci\u00f3n flexible de los sistemas de tr\u00e1fico Milesight.<\/p>\n<\/p><\/div>\n<div style='display: flex; flex-wrap: wrap; gap: 20px; align-items: flex-start;'>\n<div style='flex: 1 1 250px; border: 1px solid rgba(150&comma; 150&comma; 150&comma; 0.4); border-radius: 8px; overflow: hidden; display: flex; flex-direction: column;'>\n<div style='padding: 15px; border-bottom: 1px solid rgba(150&comma; 150&comma; 150&comma; 0.2); font-weight: bold; font-size: 18px; color: inherit;'>Gesti\u00f3n de placas en el borde<\/div>\n<div style='padding: 15px; color: inherit;'>\n<p style='font-size: 14px; margin: 0;'>La gesti\u00f3n independiente de listas blancas y negras permite una r\u00e1pida implementaci\u00f3n del control de barreras.<\/p>\n<\/p><\/div>\n<\/p><\/div>\n<div style='flex: 1 1 250px; border: 1px solid rgba(150&comma; 150&comma; 150&comma; 0.4); border-radius: 8px; overflow: hidden; display: flex; flex-direction: column;'>\n<div style='padding: 15px; border-bottom: 1px solid rgba(150&comma; 150&comma; 150&comma; 0.2); font-weight: bold; font-size: 18px; color: inherit;'>Integraci\u00f3n de back-ends de Milesight<\/div>\n<div style='padding: 15px; color: inherit;'>\n<p style='font-size: 14px; margin: 0;'>Trabaje bien con los back-end propios de Milesight&comma; incluidos NVR&comma; CMS y VMS Enterprise&comma; para soluciones de tr\u00e1fico cerradas.<\/p>\n<\/p><\/div>\n<\/p><\/div>\n<div style='flex: 1 1 250px; border: 1px solid rgba(150&comma; 150&comma; 150&comma; 0.4); border-radius: 8px; overflow: hidden; display: flex; flex-direction: column;'>\n<div style='padding: 15px; border-bottom: 1px solid rgba(150&comma; 150&comma; 150&comma; 0.2); font-weight: bold; font-size: 18px; color: inherit;'>Integraci\u00f3n de VMS de terceros<\/div>\n<div style='padding: 15px; color: inherit;'>\n<p style='font-size: 14px; margin: 0;'>Interfaces CGI\/API&comma; protocolos como TCP y HTTP facilitan la integraci\u00f3n con VMS y plataformas de terceros.<\/p>\n<\/p><\/div>\n<\/p><\/div>\n<\/p><\/div>\n<\/p><\/div>\n<\/p><\/div>\n<p> <!-- Algoritmo LPR inteligente impulsado por IA --> <\/p>\n<div style='position: relative; background-image: url(https:\/\/ftp3.syscom.mx\/usuarios\/fotos\/TS4466X4RPE\/240252-intelligent-ai-powered-lpr-algorithm.jpg); background-size: cover; background-position: center; min-height: 400px; color: white; margin-bottom: 30px;'>\n<div style='position: absolute; top: 0; left: 0; right: 0; bottom: 0; background-color: rgba(0&comma;0&comma;0&comma;0.5); z-index: 1;'><\/div>\n<div style='position: relative; z-index: 2; width: 100%; max-width: 1000px; margin: 0 auto; padding: 2rem;'>\n<div style='width: 100%; max-width: 500px;'>\n<h2 style='font-size: 22px; border-bottom: 2px solid currentColor; padding-bottom: 5px; margin-top: 0; color: inherit; opacity: 0.8;'>Algoritmo LPR inteligente impulsado por IA<\/h2>\n<p style='font-size: 15px; color: inherit;'>Basada en un algoritmo de IA&comma; la funci\u00f3n LPR proporciona datos de valor a\u00f1adido mediante un modelo de aprendizaje profundo preentrenado y algoritmos que se entrenan continuamente de forma autom\u00e1tica. La c\u00e1mara Milesight AI Road Traffic Pro Bullet Plus no solo reconoce matr\u00edculas de veh\u00edculos en tiempo real&comma; sino que tambi\u00e9n identifica diversas caracter\u00edsticas del veh\u00edculo&comma; como el tipo&comma; la marca&comma; el color&comma; etc.&comma; generando informaci\u00f3n fiable sobre el tr\u00e1fico para mejorar la seguridad y la movilidad.<\/p>\n<\/p><\/div>\n<\/p><\/div>\n<\/p><\/div>\n<p> <!-- Sensor Starlight --> <\/p>\n<div style='background-color: transparent; color: inherit; padding: 1rem 1rem; margin-bottom: 30px;'>\n<div style='display: flex; flex-wrap: wrap; gap: 30px; align-items: center;'>\n<div style='flex: 1 1 300px; min-width: 280px;'> <img style='width: 100%; height: auto; border: 1px solid rgba(150&comma;150&comma;150&comma;0.3); border-radius: 8px;' src='https:\/\/ftp3.syscom.mx\/usuarios\/fotos\/TS4466X4RPE\/240252-starlight-sensor-2.png' alt='Sensor Starlight'> <\/div>\n<div style='flex: 2 1 400px; min-width: 280px;'>\n<h3 style='font-size: 22px; border-bottom: 2px solid currentColor; padding-bottom: 5px; margin-top: 0; color: inherit; opacity: 0.8;'>Sensor Starlight de 1\/1&comma;8&#8242; y luz ultrabaja de 0&comma;002 lux<\/h3>\n<p style='font-size: 15px; color: inherit;'>La c\u00e1mara Milesight AI Road Traffic Pro Bullet Plus&comma; con sensor STARVIS Starlight de primera categor\u00eda&comma; puede proporcionar im\u00e1genes claras y detalladas en condiciones de luz baja e infrarroja cercana hasta 0&comma;002 Lux (color) y 0 Lux (blanco y negro)&comma; lo que garantiza un buen rendimiento para el monitoreo del tr\u00e1fico las 24 horas&comma; los 7 d\u00edas de la semana.<\/p>\n<\/p><\/div>\n<\/p><\/div>\n<\/p><\/div>\n<p> <!-- Alta velocidad de cuadros de 90 fps --> <\/p>\n<div style='background-color: transparent; color: inherit; padding: 1rem 1rem; margin-bottom: 30px;'>\n<div style='display: flex; flex-wrap: wrap; gap: 30px; align-items: center;'>\n<div style='flex: 2 1 400px; min-width: 280px;'>\n<h3 style='font-size: 22px; border-bottom: 2px solid currentColor; padding-bottom: 5px; margin-top: 0; color: inherit; opacity: 0.8;'>Alta velocidad de cuadros de 90 fps<\/h3>\n<p style='font-size: 15px; color: inherit;'>Con una velocidad de cuadros l\u00edder en la industria que alcanza los 90 fps&comma; la c\u00e1mara Milesight AI Road Traffic Pro Bullet Plus puede capturar f\u00e1cilmente im\u00e1genes de veh\u00edculos y placas sin latencia a pesar del movimiento de alta velocidad.<\/p>\n<\/p><\/div>\n<div style='flex: 1 1 300px; min-width: 280px;'> <img style='width: 100%; height: auto; border: 1px solid rgba(150&comma;150&comma;150&comma;0.3); border-radius: 8px;' src='https:\/\/ftp3.syscom.mx\/usuarios\/fotos\/TS4466X4RPE\/240252-90fps.png' alt='Alta velocidad de cuadros'> <\/div>\n<\/p><\/div>\n<\/p><\/div>\n<p> <!-- Zoom \u00f3ptico 4X\/12X --> <\/p>\n<div style='position: relative; background-image: url(https:\/\/ftp3.syscom.mx\/usuarios\/fotos\/TS4466X4RPE\/240252-4x-12x-optical-zoom.jpg); background-size: cover; background-position: center; min-height: 400px; color: white; margin-bottom: 30px;'>\n<div style='position: absolute; top: 0; left: 0; right: 0; bottom: 0; background-color: rgba(0&comma;0&comma;0&comma;0.5); z-index: 1;'><\/div>\n<div style='position: relative; z-index: 2; width: 100%; max-width: 1000px; margin: 0 auto; padding: 2rem;'>\n<div style='width: 100%; max-width: 500px;'>\n<h2 style='font-size: 22px; border-bottom: 2px solid currentColor; padding-bottom: 5px; margin-top: 0; color: inherit; opacity: 0.8;'>Zoom \u00f3ptico 4X\/12X<\/h2>\n<p style='font-size: 15px; color: inherit;'>El zoom \u00f3ptico 4X\/12X puede acercar veh\u00edculos distantes manteniendo la claridad y brindando video de alta calidad en toda la imagen.<\/p>\n<\/p><\/div>\n<\/p><\/div>\n<\/p><\/div>\n<p> <!-- IP67 y IK10 --> <\/p>\n<div style='background-color: #1a1a1a; color: inherit; padding: 2rem 1rem; margin-bottom: 30px; border-radius: 8px;'>\n<div style='width: 100%; max-width: 1000px; margin: 0 auto;'>\n<div style='width: 100%; text-align: center; margin-bottom: 20px;'>\n<h2 style='font-size: 22px; border-bottom: 2px solid currentColor; padding-bottom: 5px; margin-top: 0; color: inherit; opacity: 0.8;'>IP67 y IK10<\/h2>\n<\/p><\/div>\n<div style='width: 100%; text-align: center; margin-bottom: 20px;'>\n<p style='font-size: 15px; color: inherit;'>Equipada con resistencia a la intemperie con clasificaci\u00f3n IP67 l\u00edder en la industria y resistencia al vandalismo con clasificaci\u00f3n LK10&comma; la c\u00e1mara est\u00e1 bien protegida contra impactos adversos para garantizar un rendimiento s\u00f3lido.<\/p>\n<\/p><\/div>\n<div style='width: 100%;'> <img style='width: 100%; height: auto; border: 1px solid rgba(150&comma;150&comma;150&comma;0.3); border-radius: 8px;' src='https:\/\/ftp3.syscom.mx\/usuarios\/fotos\/TS4466X4RPE\/240252-ip67-ik10.jpg' alt='C\u00e1mara Milesight'> <\/div>\n<\/p><\/div>\n<\/p><\/div>\n<p> <!-- Interfaces vers\u00e1tiles --> <\/p>\n<div style='background-color: transparent; color: inherit; padding: 1rem 1rem; margin-bottom: 30px;'>\n<div style='display: flex; flex-wrap: wrap; gap: 30px; align-items: center;'>\n<div style='flex: 1 1 300px; min-width: 280px;'> <img style='width: 100%; height: auto; border: 1px solid rgba(150&comma;150&comma;150&comma;0.3); border-radius: 8px;' src='https:\/\/ftp3.syscom.mx\/usuarios\/fotos\/TS4466X4RPE\/240252-versatile-interfaces.png' alt='Interfaces vers\u00e1tiles'> <\/div>\n<div style='flex: 2 1 400px; min-width: 280px;'>\n<h3 style='font-size: 22px; border-bottom: 2px solid currentColor; padding-bottom: 5px; margin-top: 0; color: inherit; opacity: 0.8;'>Interfaces vers\u00e1tiles<\/h3>\n<p style='font-size: 15px; color: inherit;'>Disponemos de un amplio conjunto de interfaces&comma; como DC&comma; E\/S de audio y E\/S de alarma&comma; para ofrecer m\u00e1s opciones que facilitan la gesti\u00f3n y satisfacen diversas necesidades. Por ejemplo&comma; la interfaz de alarma permite una f\u00e1cil integraci\u00f3n con los sistemas de control de sem\u00e1foros&comma; garantizando un funcionamiento fluido y compatibilidad.<\/p>\n<\/p><\/div>\n<\/p><\/div>\n<\/p><\/div>\n<p> <!-- Soporte SIP\/VoIP --> <\/p>\n<div style='position: relative; background-image: url(https:\/\/ftp3.syscom.mx\/usuarios\/fotos\/TS4466X4RPE\/240252-sip-voip.jpg); background-size: cover; background-position: center; min-height: 400px; color: white; margin-bottom: 30px;'>\n<div style='position: absolute; top: 0; left: 0; right: 0; bottom: 0; background-color: rgba(0&comma;0&comma;0&comma;0.5); z-index: 1;'><\/div>\n<div style='position: relative; z-index: 2; width: 100%; max-width: 1000px; margin: 0 auto; padding: 2rem;'>\n<div style='width: 100%; max-width: 500px;'>\n<h2 style='font-size: 22px; border-bottom: 2px solid currentColor; padding-bottom: 5px; margin-top: 0; color: inherit; opacity: 0.8;'>Soporte SIP\/VoIP<\/h2>\n<p style='font-size: 15px; color: inherit;'>La c\u00e1mara Milesight AI cuenta con una funci\u00f3n SIP\/VoIP l\u00edder en la industria y transmisi\u00f3n de video para tel\u00e9fonos m\u00f3viles y videotel\u00e9fonos.<\/p>\n<\/p><\/div>\n<\/p><\/div>\n<\/p><\/div>\n<\/p><\/div>\n","protected":false},"excerpt":{"rendered":"<p>C\u00e1mara Bullet AI Road Traffic Pro \/ Starlight \/ Smart IR II \/ 4K \/ Lente 4X y 12X \/ ANPR y Algoritmo LPR AI \/ Super WDR 120dB \/ IP67 \/ Vandal-proof IK10 \/ PoE y DC 12V<\/p>\n","protected":false},"featured_media":100552,"comment_status":"open","ping_status":"closed","template":"","meta":[],"product_brand":[],"product_cat":[438],"product_tag":[439,122,1455],"class_list":{"0":"post-100553","1":"product","2":"type-product","3":"status-publish","4":"has-post-thumbnail","6":"product_cat-bala","7":"product_tag-bala","8":"product_tag-camaras-ip-y-nvrs","9":"product_tag-milesight","11":"first","12":"outofstock","13":"sale","14":"shipping-taxable","15":"purchasable","16":"product-type-simple"},"_links":{"self":[{"href":"https:\/\/soydeaqui.ddns.net\/pachuca\/index.php\/wp-json\/wp\/v2\/product\/100553","targetHints":{"allow":["GET"]}}],"collection":[{"href":"https:\/\/soydeaqui.ddns.net\/pachuca\/index.php\/wp-json\/wp\/v2\/product"}],"about":[{"href":"https:\/\/soydeaqui.ddns.net\/pachuca\/index.php\/wp-json\/wp\/v2\/types\/product"}],"replies":[{"embeddable":true,"href":"https:\/\/soydeaqui.ddns.net\/pachuca\/index.php\/wp-json\/wp\/v2\/comments?post=100553"}],"wp:featuredmedia":[{"embeddable":true,"href":"https:\/\/soydeaqui.ddns.net\/pachuca\/index.php\/wp-json\/wp\/v2\/media\/100552"}],"wp:attachment":[{"href":"https:\/\/soydeaqui.ddns.net\/pachuca\/index.php\/wp-json\/wp\/v2\/media?parent=100553"}],"wp:term":[{"taxonomy":"product_brand","embeddable":true,"href":"https:\/\/soydeaqui.ddns.net\/pachuca\/index.php\/wp-json\/wp\/v2\/product_brand?post=100553"},{"taxonomy":"product_cat","embeddable":true,"href":"https:\/\/soydeaqui.ddns.net\/pachuca\/index.php\/wp-json\/wp\/v2\/product_cat?post=100553"},{"taxonomy":"product_tag","embeddable":true,"href":"https:\/\/soydeaqui.ddns.net\/pachuca\/index.php\/wp-json\/wp\/v2\/product_tag?post=100553"}],"curies":[{"name":"wp","href":"https:\/\/api.w.org\/{rel}","templated":true}]}}