{"id":100543,"date":"2026-03-20T11:19:01","date_gmt":"2026-03-20T11:19:01","guid":{"rendered":"https:\/\/soydeaqui.ddns.net\/pachuca\/index.php\/producto\/camara-de-trafico-ai-starlight-sensor-smart-ir-ii-resolucion-4k-lente-838mm-af-radar-3d-h-265-deteccion-ia-ip67-proteccion-4kv-9w-16w-rango-40c-a-60c\/"},"modified":"2026-03-20T11:19:01","modified_gmt":"2026-03-20T11:19:01","slug":"camara-de-trafico-ai-starlight-sensor-smart-ir-ii-resolucion-4k-lente-838mm-af-radar-3d-h-265-deteccion-ia-ip67-proteccion-4kv-9w-16w-rango-40c-a-60c","status":"publish","type":"product","link":"https:\/\/soydeaqui.ddns.net\/pachuca\/index.php\/producto\/camara-de-trafico-ai-starlight-sensor-smart-ir-ii-resolucion-4k-lente-838mm-af-radar-3d-h-265-deteccion-ia-ip67-proteccion-4kv-9w-16w-rango-40c-a-60c\/","title":{"rendered":"C\u00e1mara de Tr\u00e1fico AI \/ Starlight Sensor \/ Smart IR II \/ Resoluci\u00f3n 4K \/ Lente 8~38mm AF \/ Radar 3D \/ H.265+ \/ Detecci\u00f3n IA \/ IP67 \/ Protecci\u00f3n 4KV \/ 9W &#8211; 16W \/ Rango -40\u00b0C a 60\u00b0C"},"content":{"rendered":"<div style='width: 100%; max-width: 1200px; margin: 0 auto; font-family: sans-serif; line-height: 1.6; color: inherit; background-color: transparent;'> <!-- Imagen principal --> <\/p>\n<div style='width: 100%; margin-bottom: 30px;'> <img style='width: 100%; height: auto; border: 1px solid rgba(150&comma;150&comma;150&comma;0.3); border-radius: 8px;' src='https:\/\/ftp3.syscom.mx\/usuarios\/fotos\/TS4466X4RVPE\/240292-captura_de_pantalla_2025-05-06_163632.png' alt='Captura de pantalla'> <\/div>\n<p> <!-- T\u00edtulo --> <\/p>\n<div style='text-align: center; margin: 30px 0;'>\n<h2 style='font-size: 24px; color: inherit; margin: 0;'>Presentamos Milesight Intelligent Traffic<\/h2>\n<\/p><\/div>\n<p> <!-- Videos --> <\/p>\n<div style='display: flex; flex-wrap: wrap; gap: 20px; margin-bottom: 30px;'>\n<div style='flex: 1 1 300px; min-width: 280px;'>\n<div style='position: relative; padding-bottom: 56.25%; height: 0; overflow: hidden;'>   <\/div>\n<\/p><\/div>\n<div style='flex: 1 1 300px; min-width: 280px;'>\n<div style='position: relative; padding-bottom: 56.25%; height: 0; overflow: hidden;'>   <\/div>\n<\/p><\/div>\n<div style='flex: 1 1 300px; min-width: 280px;'>\n<div style='position: relative; padding-bottom: 56.25%; height: 0; overflow: hidden;'>   <\/div>\n<\/p><\/div>\n<\/p><\/div>\n<p> <!-- Detecci\u00f3n de infracciones de tr\u00e1fico --> <\/p>\n<div style='background-color: #ededed; color: inherit; padding: 1rem 1rem; margin-bottom: 30px;'>\n<div style='max-width: 800px; margin: 0 auto;'>\n<h2 style='font-size: 22px; border-bottom: 2px solid currentColor; padding-bottom: 5px; margin-top: 0; color: inherit; opacity: 0.8;'>Detecci\u00f3n de infracciones de tr\u00e1fico<\/h2>\n<p style='margin-top: 15px;'>Detecta y alerta con precisi\u00f3n sobre eventos de infracci\u00f3n como detecci\u00f3n de veh\u00edculos sin matr\u00edcula&comma; detecci\u00f3n de carril espec\u00edfico&comma; detecci\u00f3n de conducci\u00f3n en reversa&comma; detecci\u00f3n de lista negra\/blanca y detecci\u00f3n de eventos de veh\u00edculos para la gesti\u00f3n del tr\u00e1fico vial de misi\u00f3n cr\u00edtica.<\/p>\n<p> <img style='width: 100%; height: auto; border: 1px solid rgba(150&comma;150&comma;150&comma;0.3); border-radius: 8px; margin-top: 20px;' src='https:\/\/ftp3.syscom.mx\/usuarios\/fotos\/TS4466X4RVPE\/240292-traffic-violation-detection_(1).png' alt='Detecci\u00f3n de infracciones de tr\u00e1fico'> <\/div>\n<\/p><\/div>\n<p> <!-- Estad\u00edsticas de flujo de tr\u00e1fico --> <\/p>\n<div style='background-color: rgba(255&comma;255&comma;255&comma;0.05); color: inherit; padding: 1rem 1rem; margin-bottom: 30px;'>\n<div style='max-width: 800px; margin: 0 auto;'>\n<h2 style='font-size: 22px; border-bottom: 2px solid currentColor; padding-bottom: 5px; margin-top: 0; color: inherit; opacity: 0.8;'>Estad\u00edsticas de flujo de tr\u00e1fico<\/h2>\n<p style='margin-top: 15px;'>El resultado del conteo de veh\u00edculos basado en el tipo de veh\u00edculo y varias caracter\u00edsticas del veh\u00edculo se puede mostrar de manera intuitiva en la vista en vivo de la c\u00e1mara y la c\u00e1mara tambi\u00e9n puede generar informes \u00fatiles para mejorar a\u00fan m\u00e1s las capacidades de gesti\u00f3n del tr\u00e1fico.<\/p>\n<p> <img style='width: 100%; height: auto; border: 1px solid rgba(150&comma;150&comma;150&comma;0.3); border-radius: 8px; margin-top: 20px;' src='https:\/\/ftp3.syscom.mx\/usuarios\/fotos\/TS4466X4RPE\/240252-traffic-flow-statistics.png' alt='Estad\u00edsticas de flujo de tr\u00e1fico'> <\/div>\n<\/p><\/div>\n<p> <!-- Conexi\u00f3n de la c\u00e1mara de evidencia --> <\/p>\n<div style='position: relative; background-image: url(https:\/\/ftp3.syscom.mx\/usuarios\/fotos\/TS4466X4RPE\/240252-evidence-camera-linkage-background.png); background-size: cover; background-position: center; min-height: 400px; color: inherit; padding: 2rem; margin-bottom: 30px;'>\n<div style='position: relative; z-index: 2; display: flex; flex-wrap: wrap; gap: 30px; align-items: center;'>\n<div style='flex: 1 1 300px; min-width: 280px; max-width: 50%;'>\n<h2 style='font-size: 22px; border-bottom: 2px solid currentColor; padding-bottom: 5px; margin-top: 0; color: inherit; opacity: 0.8;'>Conexi\u00f3n de la c\u00e1mara de evidencia<\/h2>\n<p style='margin-top: 15px;'>Adem\u00e1s del reconocimiento de caracter\u00edsticas del veh\u00edculo y matr\u00edculas&comma; la C\u00e1mara de Tr\u00e1fico con IA Milesight se conecta con cualquier c\u00e1mara est\u00e1ndar para capturar evidencia. Gracias a la sincronizaci\u00f3n fluida entre la c\u00e1mara y la c\u00e1mara est\u00e1ndar&comma; los usuarios pueden proporcionar f\u00e1cilmente evidencia s\u00f3lida y convincente&comma; incluyendo resultados de LPR e instant\u00e1neas generales.<\/p>\n<\/p><\/div>\n<div style='flex: 1 1 300px; min-width: 280px; max-width: 45%;'> <img style='width: 100%; height: auto; border: 1px solid rgba(150&comma;150&comma;150&comma;0.3); border-radius: 8px;' src='https:\/\/ftp3.syscom.mx\/usuarios\/fotos\/TS4466X4RPE\/240252-evidence-camera-linkage.png' alt='Smart IR II'> <\/div>\n<\/p><\/div>\n<\/p><\/div>\n<p> <!-- B\u00fasqueda inteligente de LPR --> <\/p>\n<div style='background-color: rgba(255&comma;255&comma;255&comma;0.05); color: inherit; padding: 1rem 1rem; margin-bottom: 30px;'>\n<div style='max-width: 800px; margin: 0 auto;'>\n<h2 style='font-size: 22px; border-bottom: 2px solid currentColor; padding-bottom: 5px; margin-top: 0; color: inherit; opacity: 0.8;'>B\u00fasqueda inteligente de LPR<\/h2>\n<p style='margin-top: 15px;'>Se pueden encontrar videos relevantes r\u00e1pidamente buscando solo una parte de las caracter\u00edsticas del veh\u00edculo sospechoso&comma; como la marca&comma; el tipo y el color&comma; el color y el n\u00famero de matr\u00edcula&comma; la direcci\u00f3n&comma; etc.&comma; lo que garantiza una investigaci\u00f3n eficiente de los eventos y un monitoreo inteligente del tr\u00e1fico vial. Tambi\u00e9n admite la exportaci\u00f3n manual y autom\u00e1tica para una gesti\u00f3n sencilla.<\/p>\n<p> <img style='width: 100%; height: auto; border: 1px solid rgba(150&comma;150&comma;150&comma;0.3); border-radius: 8px; margin-top: 20px;' src='https:\/\/ftp3.syscom.mx\/usuarios\/fotos\/TS4466X4RPE\/240252-lpr-smart-search-1.png' alt='B\u00fasqueda inteligente de LPR'> <\/div>\n<\/p><\/div>\n<p> <!-- Gesti\u00f3n de datos de placas --> <\/p>\n<div style='background-color: #000cb2; color: inherit; padding: 1rem 1rem; margin-bottom: 30px;'>\n<div style='max-width: 1000px; margin: 0 auto;'>\n<h2 style='font-size: 22px; border-bottom: 2px solid currentColor; padding-bottom: 5px; margin-top: 0; color: inherit; opacity: 0.8;'>Gesti\u00f3n de datos de placas<\/h2>\n<p style='margin-top: 15px;'>Una serie de opciones para garantizar la potente gesti\u00f3n de datos de placas y la implementaci\u00f3n flexible de los sistemas de tr\u00e1fico Milesight.<\/p>\n<div style='display: flex; flex-wrap: wrap; gap: 20px; margin-top: 25px;'>\n<div style='flex: 1 1 250px; min-width: 280px; background-color: rgba(255&comma;255&comma;255&comma;0.1); border-radius: 8px; padding: 15px;'>\n<h5 style='font-size: 16px; font-weight: bold; margin-top: 0; margin-bottom: 10px; color: inherit;'>Gesti\u00f3n de placas en el borde<\/h5>\n<p style='margin: 0;'>La gesti\u00f3n independiente de listas blancas y negras permite una r\u00e1pida implementaci\u00f3n del control de barreras.<\/p>\n<\/p><\/div>\n<div style='flex: 1 1 250px; min-width: 280px; background-color: rgba(255&comma;255&comma;255&comma;0.1); border-radius: 8px; padding: 15px;'>\n<h5 style='font-size: 16px; font-weight: bold; margin-top: 0; margin-bottom: 10px; color: inherit;'>Integraci\u00f3n de back-ends de Milesight<\/h5>\n<p style='margin: 0;'>Trabaje bien con los back-end propios de Milesight&comma; incluidos NVR&comma; CMS y VMS Enterprise&comma; para soluciones de tr\u00e1fico cerradas.<\/p>\n<\/p><\/div>\n<div style='flex: 1 1 250px; min-width: 280px; background-color: rgba(255&comma;255&comma;255&comma;0.1); border-radius: 8px; padding: 15px;'>\n<h5 style='font-size: 16px; font-weight: bold; margin-top: 0; margin-bottom: 10px; color: inherit;'>Integraci\u00f3n de VMS de terceros<\/h5>\n<p style='margin: 0;'>Interfaces CGI\/API&comma; protocolos como TCP y HTTP facilitan la integraci\u00f3n con VMS y plataformas de terceros.<\/p>\n<\/p><\/div>\n<\/p><\/div>\n<p> <img style='width: 100%; height: auto; border: 1px solid rgba(150&comma;150&comma;150&comma;0.3); border-radius: 8px; margin-top: 25px;' src='https:\/\/ftp3.syscom.mx\/usuarios\/fotos\/TS4466X4RPE\/240252-plate-data-management.png' alt='Gesti\u00f3n de placas'> <\/div>\n<\/p><\/div>\n<p> <!-- Tecnolog\u00eda avanzada de radar 3D --> <\/p>\n<div style='display: flex; flex-wrap: wrap; gap: 30px; margin-bottom: 30px;'>\n<div style='flex: 1 1 300px; min-width: 280px;'>\n<h2 style='font-size: 22px; border-bottom: 2px solid currentColor; padding-bottom: 5px; margin-top: 0; color: inherit; opacity: 0.8;'>Tecnolog\u00eda avanzada de radar 3D<\/h2>\n<p style='margin-top: 15px;'>El radar 3D&comma; la IA y el LPR se combinan de forma innovadora en una sola c\u00e1mara que no solo permite identificar veh\u00edculos y leer matr\u00edculas con precisi\u00f3n&comma; sino que tambi\u00e9n proporciona datos adicionales en tiempo real sobre la velocidad y la direcci\u00f3n del veh\u00edculo. Adem\u00e1s&comma; la alta adaptabilidad ambiental del m\u00f3dulo de radar ofrece datos detectados con precisi\u00f3n en cualquier condici\u00f3n clim\u00e1tica.<\/p>\n<\/p><\/div>\n<div style='flex: 1 1 300px; min-width: 280px;'> <img style='width: 100%; height: auto; border: 1px solid rgba(150&comma;150&comma;150&comma;0.3); border-radius: 8px;' src='https:\/\/ftp3.syscom.mx\/usuarios\/fotos\/TS4466X4RVPE\/240292-3d-radar-technology.png' alt='Tecnolog\u00eda avanzada de radar 3D'> <\/div>\n<\/p><\/div>\n<p> <!-- Algoritmo LPR inteligente impulsado por IA --> <\/p>\n<div style='position: relative; background-image: url(https:\/\/ftp3.syscom.mx\/usuarios\/fotos\/TS4466X4RVPE\/240292-intelligent-ai-powered-lpr-algorithm.png); background-size: cover; background-position: center; min-height: 400px; color: inherit; padding: 2rem; margin-bottom: 30px;'>\n<div style='position: relative; z-index: 2;'>\n<div style='max-width: 600px;'>\n<h2 style='font-size: 22px; border-bottom: 2px solid currentColor; padding-bottom: 5px; margin-top: 0; color: inherit; opacity: 0.8;'>Algoritmo LPR inteligente impulsado por IA<\/h2>\n<p style='margin-top: 15px;'>Basada en un algoritmo de IA&comma; la funci\u00f3n LPR proporciona datos de valor a\u00f1adido mediante un modelo de aprendizaje profundo preentrenado y algoritmos que se entrenan continuamente de forma autom\u00e1tica. La c\u00e1mara Milesight AI Road Traffic Pro Bullet Plus no solo reconoce matr\u00edculas de veh\u00edculos en tiempo real&comma; sino que tambi\u00e9n identifica diversas caracter\u00edsticas del veh\u00edculo&comma; como el tipo&comma; la marca&comma; el color&comma; etc.&comma; generando informaci\u00f3n fiable sobre el tr\u00e1fico para mejorar la seguridad y la movilidad.<\/p>\n<\/p><\/div>\n<\/p><\/div>\n<\/p><\/div>\n<p> <!-- Calidad de imagen superior --> <\/p>\n<div style='display: flex; flex-wrap: wrap; gap: 30px; margin-bottom: 30px;'>\n<div style='flex: 1 1 300px; min-width: 280px;'>\n<h2 style='font-size: 22px; border-bottom: 2px solid currentColor; padding-bottom: 5px; margin-top: 0; color: inherit; opacity: 0.8;'>Calidad de imagen superior<\/h2>\n<p style='margin-top: 15px;'>Milesight utiliza el sensor Sony de 1\/2&#8242; de alta sensibilidad&comma; cuya capacidad es aproximadamente el doble que la de los sensores convencionales. Su alta sensibilidad est\u00e1 dise\u00f1ada para capturar im\u00e1genes n\u00edtidas y saturadas incluso en entornos de oscuridad total. La c\u00e1mara Milesight AI Road Traffic Radar Pro Bullet Plus cuenta con una alta velocidad de fotogramas de 90 fps que ofrece im\u00e1genes de calidad sin latencia&comma; incluso en movimiento a alta velocidad.<\/p>\n<\/p><\/div>\n<div style='flex: 1 1 300px; min-width: 280px;'> <img style='width: 100%; height: auto; border: 1px solid rgba(150&comma;150&comma;150&comma;0.3); border-radius: 8px;' src='https:\/\/ftp3.syscom.mx\/usuarios\/fotos\/TS4466X4RVPE\/240292-intento1.gif' alt='Calidad de imagen superior'> <\/div>\n<\/p><\/div>\n<p> <!-- F\u00e1cil implementaci\u00f3n y estructura compacta --> <\/p>\n<div style='background-color: rgba(255&comma;255&comma;255&comma;0.05); color: inherit; padding: 1rem 1rem; margin-bottom: 30px;'>\n<div style='max-width: 800px; margin: 0 auto;'>\n<h2 style='font-size: 22px; border-bottom: 2px solid currentColor; padding-bottom: 5px; margin-top: 0; color: inherit; opacity: 0.8;'>F\u00e1cil implementaci\u00f3n y estructura compacta<\/h2>\n<p style='margin-top: 15px;'>Como c\u00e1mara de radar 3D todo en uno&comma; el m\u00f3dulo de radar est\u00e1 integrado directamente en la c\u00e1mara&comma; lo que facilita su instalaci\u00f3n. La caja de conexiones integrada&comma; de excelente dise\u00f1o&comma; y las interfaces vers\u00e1tiles garantizan una instalaci\u00f3n eficiente.<\/p>\n<p> <img style='width: 100%; height: auto; border: 1px solid rgba(150&comma;150&comma;150&comma;0.3); border-radius: 8px; margin-top: 20px;' src='https:\/\/ftp3.syscom.mx\/usuarios\/fotos\/TS4466X4RVPE\/240292-structure-design.png' alt='F\u00e1cil implementaci\u00f3n y estructura compacta'> <\/div>\n<\/p><\/div>\n<\/p><\/div>\n","protected":false},"excerpt":{"rendered":"<p>C\u00e1mara de Tr\u00e1fico AI \/ Starlight Sensor \/ Smart IR II \/ Resoluci\u00f3n 4K \/ Lente 8~38mm AF \/ Radar 3D \/ H.265+ \/ Detecci\u00f3n IA \/ IP67 \/ Protecci\u00f3n 4KV \/ 9W &#8211; 16W \/ Rango -40\u00b0C a 60\u00b0C<\/p>\n","protected":false},"featured_media":100542,"comment_status":"open","ping_status":"closed","template":"","meta":[],"product_brand":[],"product_cat":[438],"product_tag":[439,122,1455],"class_list":{"0":"post-100543","1":"product","2":"type-product","3":"status-publish","4":"has-post-thumbnail","6":"product_cat-bala","7":"product_tag-bala","8":"product_tag-camaras-ip-y-nvrs","9":"product_tag-milesight","11":"first","12":"outofstock","13":"sale","14":"shipping-taxable","15":"purchasable","16":"product-type-simple"},"_links":{"self":[{"href":"https:\/\/soydeaqui.ddns.net\/pachuca\/index.php\/wp-json\/wp\/v2\/product\/100543","targetHints":{"allow":["GET"]}}],"collection":[{"href":"https:\/\/soydeaqui.ddns.net\/pachuca\/index.php\/wp-json\/wp\/v2\/product"}],"about":[{"href":"https:\/\/soydeaqui.ddns.net\/pachuca\/index.php\/wp-json\/wp\/v2\/types\/product"}],"replies":[{"embeddable":true,"href":"https:\/\/soydeaqui.ddns.net\/pachuca\/index.php\/wp-json\/wp\/v2\/comments?post=100543"}],"wp:featuredmedia":[{"embeddable":true,"href":"https:\/\/soydeaqui.ddns.net\/pachuca\/index.php\/wp-json\/wp\/v2\/media\/100542"}],"wp:attachment":[{"href":"https:\/\/soydeaqui.ddns.net\/pachuca\/index.php\/wp-json\/wp\/v2\/media?parent=100543"}],"wp:term":[{"taxonomy":"product_brand","embeddable":true,"href":"https:\/\/soydeaqui.ddns.net\/pachuca\/index.php\/wp-json\/wp\/v2\/product_brand?post=100543"},{"taxonomy":"product_cat","embeddable":true,"href":"https:\/\/soydeaqui.ddns.net\/pachuca\/index.php\/wp-json\/wp\/v2\/product_cat?post=100543"},{"taxonomy":"product_tag","embeddable":true,"href":"https:\/\/soydeaqui.ddns.net\/pachuca\/index.php\/wp-json\/wp\/v2\/product_tag?post=100543"}],"curies":[{"name":"wp","href":"https:\/\/api.w.org\/{rel}","templated":true}]}}